{"id":234076,"date":"2021-06-02T03:16:22","date_gmt":"2021-06-02T07:16:22","guid":{"rendered":"https:\/\/atlantisuniversity.edu\/health\/"},"modified":"2024-06-11T17:51:26","modified_gmt":"2024-06-11T21:51:26","slug":"salud","status":"publish","type":"page","link":"https:\/\/atlantisuniversity.edu\/es\/salud\/","title":{"rendered":"Salud"},"content":{"rendered":"\t\t<div data-elementor-type=\"wp-page\" data-elementor-id=\"234076\" class=\"elementor elementor-234076 elementor-20\" data-elementor-post-type=\"page\">\n\t\t\t\t<div class=\"elementor-element elementor-element-66f87dc e-flex e-con-boxed e-con e-parent\" data-id=\"66f87dc\" data-element_type=\"container\" data-settings=\"{&quot;background_background&quot;:&quot;classic&quot;}\">\n\t\t\t\t\t<div class=\"e-con-inner\">\n\t\t\t\t<div class=\"elementor-element elementor-element-6f14592 elementor-widget elementor-widget-heading\" data-id=\"6f14592\" data-element_type=\"widget\" data-widget_type=\"heading.default\">\n\t\t\t\t<div class=\"elementor-widget-container\">\n\t\t\t\t\t<h1 class=\"elementor-heading-title elementor-size-default\">Salud<\/h1>\t\t\t\t<\/div>\n\t\t\t\t<\/div>\n\t\t\t\t\t<\/div>\n\t\t\t\t<\/div>\n\t\t<div class=\"elementor-element elementor-element-270eaba e-flex e-con-boxed e-con e-parent\" data-id=\"270eaba\" data-element_type=\"container\" data-settings=\"{&quot;background_background&quot;:&quot;classic&quot;}\">\n\t\t\t\t\t<div class=\"e-con-inner\">\n\t\t<div class=\"elementor-element elementor-element-93bd5a5 e-flex e-con-boxed e-con e-child\" data-id=\"93bd5a5\" data-element_type=\"container\">\n\t\t\t\t\t<div class=\"e-con-inner\">\n\t\t\t\t<div class=\"elementor-element elementor-element-f206868 elementor-widget elementor-widget-heading\" data-id=\"f206868\" data-element_type=\"widget\" data-widget_type=\"heading.default\">\n\t\t\t\t<div class=\"elementor-widget-container\">\n\t\t\t\t\t<h2 class=\"elementor-heading-title elementor-size-default\">\u00bfCuidar De\nLos Dem\u00e1s\nEs Tu\nSuperpoder?\n\u00a1Esto Es Para Ti!<\/h2>\t\t\t\t<\/div>\n\t\t\t\t<\/div>\n\t\t\t\t\t<\/div>\n\t\t\t\t<\/div>\n\t\t<div class=\"elementor-element elementor-element-921f93e e-flex e-con-boxed e-con e-child\" data-id=\"921f93e\" data-element_type=\"container\">\n\t\t\t\t\t<div class=\"e-con-inner\">\n\t\t\t\t<div class=\"elementor-element elementor-element-d190956 elementor-widget elementor-widget-text-editor\" data-id=\"d190956\" data-element_type=\"widget\" data-widget_type=\"text-editor.default\">\n\t\t\t\t<div class=\"elementor-widget-container\">\n\t\t\t\t\t\t\t\t\t<p>Todos estamos de acuerdo en que trabajar en el cuidado de la salud requiere personas con un compromiso, determinaci\u00f3n y amabilidad incre\u00edbles. Eso nos suena mucho a un superh\u00e9roe. Tal vez no usen capas sobre sus uniformes, pero ciertamente se comportan como superh\u00e9roes donde cuenta. \u00bfTe suena? Sigue leyendo.<\/p><p>\u00a0<\/p><p>Con nuestro programa de salud, te prepararemos con los m\u00e1s altos valores y est\u00e1ndares de educaci\u00f3n en salud para convertirte en un futuro gerente o l\u00edder dentro de cualquier organizaci\u00f3n de atenci\u00f3n de salud.<\/p><p>\u00a0<\/p><p>\u00bfNecesitas ayuda? Sabemos que no existe un solo enfoque para el desarrollo de la carrera de Salud. Por eso, trabajaremos estrechamente contigo para ayudarte a definir tus objetivos y encontrar una carrera que te guste.<\/p>\t\t\t\t\t\t\t\t<\/div>\n\t\t\t\t<\/div>\n\t\t\t\t<div class=\"elementor-element elementor-element-a7e1e7c elementor-widget elementor-widget-button\" data-id=\"a7e1e7c\" data-element_type=\"widget\" data-widget_type=\"button.default\">\n\t\t\t\t<div class=\"elementor-widget-container\">\n\t\t\t\t\t\t\t\t\t<div class=\"elementor-button-wrapper\">\n\t\t\t\t\t<a class=\"elementor-button elementor-button-link elementor-size-sm\" href=\"https:\/\/atlantisuniversity.edu\/apply-now-atlantis-esp\/\">\n\t\t\t\t\t\t<span class=\"elementor-button-content-wrapper\">\n\t\t\t\t\t\t<span class=\"elementor-button-icon\">\n\t\t\t\t<svg aria-hidden=\"true\" class=\"e-font-icon-svg e-fas-chevron-circle-right\" viewBox=\"0 0 512 512\" xmlns=\"http:\/\/www.w3.org\/2000\/svg\"><path d=\"M256 8c137 0 248 111 248 248S393 504 256 504 8 393 8 256 119 8 256 8zm113.9 231L234.4 103.5c-9.4-9.4-24.6-9.4-33.9 0l-17 17c-9.4 9.4-9.4 24.6 0 33.9L285.1 256 183.5 357.6c-9.4 9.4-9.4 24.6 0 33.9l17 17c9.4 9.4 24.6 9.4 33.9 0L369.9 273c9.4-9.4 9.4-24.6 0-34z\"><\/path><\/svg>\t\t\t<\/span>\n\t\t\t\t\t\t\t\t\t<span class=\"elementor-button-text\">APLICA AHORA<\/span>\n\t\t\t\t\t<\/span>\n\t\t\t\t\t<\/a>\n\t\t\t\t<\/div>\n\t\t\t\t\t\t\t\t<\/div>\n\t\t\t\t<\/div>\n\t\t\t\t\t<\/div>\n\t\t\t\t<\/div>\n\t\t\t\t\t<\/div>\n\t\t\t\t<\/div>\n\t\t<div class=\"elementor-element elementor-element-727122a e-flex e-con-boxed e-con e-parent\" data-id=\"727122a\" data-element_type=\"container\" data-settings=\"{&quot;background_background&quot;:&quot;classic&quot;}\">\n\t\t\t\t\t<div class=\"e-con-inner\">\n\t\t\t\t<div class=\"elementor-element elementor-element-84e45c3 elementor-widget__width-inherit elementor-widget elementor-widget-heading\" data-id=\"84e45c3\" data-element_type=\"widget\" data-widget_type=\"heading.default\">\n\t\t\t\t<div class=\"elementor-widget-container\">\n\t\t\t\t\t<h2 class=\"elementor-heading-title elementor-size-default\">Programas De Salud<\/h2>\t\t\t\t<\/div>\n\t\t\t\t<\/div>\n\t\t<a class=\"elementor-element elementor-element-ae1b98b e-con-full plygon e-flex e-con e-child\" data-id=\"ae1b98b\" data-element_type=\"container\" data-settings=\"{&quot;background_background&quot;:&quot;classic&quot;}\" href=\"https:\/\/atlantisuniversity.edu\/es\/program\/maestria-en-gestion-sanitaria\/\">\n\t\t\t\t<div class=\"elementor-element elementor-element-bc98d12 elementor-widget__width-initial elementor-widget elementor-widget-heading\" data-id=\"bc98d12\" data-element_type=\"widget\" data-widget_type=\"heading.default\">\n\t\t\t\t<div class=\"elementor-widget-container\">\n\t\t\t\t\t<h4 class=\"elementor-heading-title elementor-size-default\">MAESTR\u00cdA EN ADMINISTRACI\u00d3N DE SERVICIOS DE SALUD<\/h4>\t\t\t\t<\/div>\n\t\t\t\t<\/div>\n\t\t\t\t<div class=\"elementor-element elementor-element-c98d3bb icon-plygon elementor-widget__width-initial elementor-view-default elementor-widget elementor-widget-icon\" data-id=\"c98d3bb\" data-element_type=\"widget\" data-widget_type=\"icon.default\">\n\t\t\t\t<div class=\"elementor-widget-container\">\n\t\t\t\t\t\t\t<div class=\"elementor-icon-wrapper\">\n\t\t\t<div class=\"elementor-icon\">\n\t\t\t<svg aria-hidden=\"true\" class=\"e-font-icon-svg e-fas-chevron-circle-right\" viewBox=\"0 0 512 512\" xmlns=\"http:\/\/www.w3.org\/2000\/svg\"><path d=\"M256 8c137 0 248 111 248 248S393 504 256 504 8 393 8 256 119 8 256 8zm113.9 231L234.4 103.5c-9.4-9.4-24.6-9.4-33.9 0l-17 17c-9.4 9.4-9.4 24.6 0 33.9L285.1 256 183.5 357.6c-9.4 9.4-9.4 24.6 0 33.9l17 17c9.4 9.4 24.6 9.4 33.9 0L369.9 273c9.4-9.4 9.4-24.6 0-34z\"><\/path><\/svg>\t\t\t<\/div>\n\t\t<\/div>\n\t\t\t\t\t\t<\/div>\n\t\t\t\t<\/div>\n\t\t\t\t<\/a>\n\t\t<a class=\"elementor-element elementor-element-4f6f047 e-con-full plygon e-flex e-con e-child\" data-id=\"4f6f047\" data-element_type=\"container\" data-settings=\"{&quot;background_background&quot;:&quot;classic&quot;}\" href=\"https:\/\/atlantisuniversity.edu\/es\/program\/maestria-en-enfermeria-msn\/\">\n\t\t\t\t<div class=\"elementor-element elementor-element-19c05b3 elementor-widget__width-initial elementor-widget elementor-widget-heading\" data-id=\"19c05b3\" data-element_type=\"widget\" data-widget_type=\"heading.default\">\n\t\t\t\t<div class=\"elementor-widget-container\">\n\t\t\t\t\t<h4 class=\"elementor-heading-title elementor-size-default\">MAESTR\u00cdA\nEN ENFERMER\u00cdA (MSN)<\/h4>\t\t\t\t<\/div>\n\t\t\t\t<\/div>\n\t\t\t\t<div class=\"elementor-element elementor-element-63fb0a6 icon-plygon elementor-widget__width-initial elementor-view-default elementor-widget elementor-widget-icon\" data-id=\"63fb0a6\" data-element_type=\"widget\" data-widget_type=\"icon.default\">\n\t\t\t\t<div class=\"elementor-widget-container\">\n\t\t\t\t\t\t\t<div class=\"elementor-icon-wrapper\">\n\t\t\t<div class=\"elementor-icon\">\n\t\t\t<svg aria-hidden=\"true\" class=\"e-font-icon-svg e-fas-chevron-circle-right\" viewBox=\"0 0 512 512\" xmlns=\"http:\/\/www.w3.org\/2000\/svg\"><path d=\"M256 8c137 0 248 111 248 248S393 504 256 504 8 393 8 256 119 8 256 8zm113.9 231L234.4 103.5c-9.4-9.4-24.6-9.4-33.9 0l-17 17c-9.4 9.4-9.4 24.6 0 33.9L285.1 256 183.5 357.6c-9.4 9.4-9.4 24.6 0 33.9l17 17c9.4 9.4 24.6 9.4 33.9 0L369.9 273c9.4-9.4 9.4-24.6 0-34z\"><\/path><\/svg>\t\t\t<\/div>\n\t\t<\/div>\n\t\t\t\t\t\t<\/div>\n\t\t\t\t<\/div>\n\t\t\t\t<\/a>\n\t\t<a class=\"elementor-element elementor-element-3705009 e-con-full plygon e-flex e-con e-child\" data-id=\"3705009\" data-element_type=\"container\" data-settings=\"{&quot;background_background&quot;:&quot;classic&quot;}\" href=\"https:\/\/atlantisuniversity.edu\/es\/program\/licenciatura-en-enfermeria-rn-to-bsn\/\">\n\t\t\t\t<div class=\"elementor-element elementor-element-01fa32a elementor-widget__width-initial elementor-widget elementor-widget-heading\" data-id=\"01fa32a\" data-element_type=\"widget\" data-widget_type=\"heading.default\">\n\t\t\t\t<div class=\"elementor-widget-container\">\n\t\t\t\t\t<h4 class=\"elementor-heading-title elementor-size-default\">LICENCIATURA EN\nENFERMER\u00cdA (RN TO BSN)<\/h4>\t\t\t\t<\/div>\n\t\t\t\t<\/div>\n\t\t\t\t<div class=\"elementor-element elementor-element-39a0c21 icon-plygon elementor-widget__width-initial elementor-view-default elementor-widget elementor-widget-icon\" data-id=\"39a0c21\" data-element_type=\"widget\" data-widget_type=\"icon.default\">\n\t\t\t\t<div class=\"elementor-widget-container\">\n\t\t\t\t\t\t\t<div class=\"elementor-icon-wrapper\">\n\t\t\t<div class=\"elementor-icon\">\n\t\t\t<svg aria-hidden=\"true\" class=\"e-font-icon-svg e-fas-chevron-circle-right\" viewBox=\"0 0 512 512\" xmlns=\"http:\/\/www.w3.org\/2000\/svg\"><path d=\"M256 8c137 0 248 111 248 248S393 504 256 504 8 393 8 256 119 8 256 8zm113.9 231L234.4 103.5c-9.4-9.4-24.6-9.4-33.9 0l-17 17c-9.4 9.4-9.4 24.6 0 33.9L285.1 256 183.5 357.6c-9.4 9.4-9.4 24.6 0 33.9l17 17c9.4 9.4 24.6 9.4 33.9 0L369.9 273c9.4-9.4 9.4-24.6 0-34z\"><\/path><\/svg>\t\t\t<\/div>\n\t\t<\/div>\n\t\t\t\t\t\t<\/div>\n\t\t\t\t<\/div>\n\t\t\t\t<\/a>\n\t\t\t\t\t<\/div>\n\t\t\t\t<\/div>\n\t\t<div class=\"elementor-element elementor-element-39093e8 e-flex e-con-boxed e-con e-parent\" data-id=\"39093e8\" data-element_type=\"container\" data-settings=\"{&quot;background_background&quot;:&quot;classic&quot;}\">\n\t\t\t\t\t<div class=\"e-con-inner\">\n\t\t\t\t<div class=\"elementor-element elementor-element-4ef73da elementor-widget elementor-widget-heading\" data-id=\"4ef73da\" data-element_type=\"widget\" data-widget_type=\"heading.default\">\n\t\t\t\t<div class=\"elementor-widget-container\">\n\t\t\t\t\t<h2 class=\"elementor-heading-title elementor-size-default\">Eres un\nnon-conformist?<\/h2>\t\t\t\t<\/div>\n\t\t\t\t<\/div>\n\t\t\t\t<div class=\"elementor-element elementor-element-190c76d elementor-widget elementor-widget-shortcode\" data-id=\"190c76d\" data-element_type=\"widget\" data-widget_type=\"shortcode.default\">\n\t\t\t\t<div class=\"elementor-widget-container\">\n\t\t\t\t\t\t\t<div class=\"elementor-shortcode\"><!-- HFCM by 99 Robots - Snippet # 29: Website From -->\n<script>\r\ndocument.addEventListener(\"DOMContentLoaded\", function() {\r\n    var newUrl = \"https:\/\/forms.zohopublic.com\/atlantisuniversity\/form\/ContactUsWebSite\/formperma\/uhGYk2HJ7SlCotP9aSLUgrNFXgl9HfMUuSYL7bd7YEY\";\r\n    var queryParams = window.location.search.substring(1);\r\n    if (queryParams) {\r\n        console.info(queryParams)\r\n        newUrl = \"https:\/\/forms.zohopublic.com\/atlantisuniversity\/form\/ContactUsWebSite\/formperma\/uhGYk2HJ7SlCotP9aSLUgrNFXgl9HfMUuSYL7bd7YEY?\" + queryParams;\r\n    }\r\n    var iframe = document.createElement(\"iframe\");\r\n    iframe.src = newUrl;\r\n    iframe.width = \"99%\";\r\n    iframe.height = \"950\";\r\n    iframe.frameBorder = \"0\";\r\n    iframe.style.border = \"none\";\r\n    document.getElementById(\"zoho-form-container\").appendChild(iframe);\r\n});\r\n<\/script>\n<!-- \/end HFCM by 99 Robots -->\n<\/div>\n\t\t\t\t\t\t<\/div>\n\t\t\t\t<\/div>\n\t\t\t\t\t<\/div>\n\t\t\t\t<\/div>\n\t\t\t\t<\/div>\n\t\t","protected":false},"excerpt":{"rendered":"<p>Salud \u00bfCuidar De Los Dem\u00e1s Es Tu Superpoder? \u00a1Esto Es Para Ti! Todos estamos de acuerdo en que trabajar en el cuidado de la salud requiere personas con un compromiso, determinaci\u00f3n y amabilidad incre\u00edbles. Eso nos suena mucho a un superh\u00e9roe. Tal vez no usen capas sobre sus uniformes, pero ciertamente se comportan como superh\u00e9roes [&hellip;]<\/p>\n","protected":false},"author":2,"featured_media":0,"parent":0,"menu_order":0,"comment_status":"closed","ping_status":"closed","template":"","meta":{"_acf_changed":false,"_et_pb_use_builder":"on","_et_pb_old_content":"","_et_gb_content_width":"","footnotes":""},"class_list":["post-234076","page","type-page","status-publish","hentry"],"acf":[],"_links":{"self":[{"href":"https:\/\/atlantisuniversity.edu\/es\/wp-json\/wp\/v2\/pages\/234076"}],"collection":[{"href":"https:\/\/atlantisuniversity.edu\/es\/wp-json\/wp\/v2\/pages"}],"about":[{"href":"https:\/\/atlantisuniversity.edu\/es\/wp-json\/wp\/v2\/types\/page"}],"author":[{"embeddable":true,"href":"https:\/\/atlantisuniversity.edu\/es\/wp-json\/wp\/v2\/users\/2"}],"replies":[{"embeddable":true,"href":"https:\/\/atlantisuniversity.edu\/es\/wp-json\/wp\/v2\/comments?post=234076"}],"version-history":[{"count":0,"href":"https:\/\/atlantisuniversity.edu\/es\/wp-json\/wp\/v2\/pages\/234076\/revisions"}],"wp:attachment":[{"href":"https:\/\/atlantisuniversity.edu\/es\/wp-json\/wp\/v2\/media?parent=234076"}],"curies":[{"name":"wp","href":"https:\/\/api.w.org\/{rel}","templated":true}]}}