{"id":234078,"date":"2021-06-02T03:15:56","date_gmt":"2021-06-02T07:15:56","guid":{"rendered":"https:\/\/atlantisuniversity.edu\/computer-science\/"},"modified":"2024-06-11T17:33:35","modified_gmt":"2024-06-11T21:33:35","slug":"ciencias-informaticas","status":"publish","type":"page","link":"https:\/\/atlantisuniversity.edu\/es\/ciencias-informaticas\/","title":{"rendered":"Ciencias Inform\u00e1ticas"},"content":{"rendered":"\t\t<div data-elementor-type=\"wp-page\" data-elementor-id=\"234078\" class=\"elementor elementor-234078 elementor-18\" data-elementor-post-type=\"page\">\n\t\t\t\t<div class=\"elementor-element elementor-element-45f403f e-flex e-con-boxed e-con e-parent\" data-id=\"45f403f\" data-element_type=\"container\" data-settings=\"{&quot;background_background&quot;:&quot;classic&quot;}\">\n\t\t\t\t\t<div class=\"e-con-inner\">\n\t\t\t\t<div class=\"elementor-element elementor-element-faa878d elementor-widget elementor-widget-heading\" data-id=\"faa878d\" data-element_type=\"widget\" data-widget_type=\"heading.default\">\n\t\t\t\t<div class=\"elementor-widget-container\">\n\t\t\t\t\t<h1 class=\"elementor-heading-title elementor-size-default\">Ciencias<br \/> Inform\u00e1ticas y<br \/> tecnolog\u00eda<\/h1>\t\t\t\t<\/div>\n\t\t\t\t<\/div>\n\t\t\t\t\t<\/div>\n\t\t\t\t<\/div>\n\t\t<div class=\"elementor-element elementor-element-f6fefa1 e-flex e-con-boxed e-con e-parent\" data-id=\"f6fefa1\" data-element_type=\"container\" data-settings=\"{&quot;background_background&quot;:&quot;classic&quot;}\">\n\t\t\t\t\t<div class=\"e-con-inner\">\n\t\t<div class=\"elementor-element elementor-element-943da2c e-flex e-con-boxed e-con e-child\" data-id=\"943da2c\" data-element_type=\"container\">\n\t\t\t\t\t<div class=\"e-con-inner\">\n\t\t\t\t<div class=\"elementor-element elementor-element-b78a27a elementor-widget elementor-widget-heading\" data-id=\"b78a27a\" data-element_type=\"widget\" data-widget_type=\"heading.default\">\n\t\t\t\t<div class=\"elementor-widget-container\">\n\t\t\t\t\t<h2 class=\"elementor-heading-title elementor-size-default\">S\u00e9\nParte\nDe La\nRevoluci\u00f3n\nTecnol\u00f3gica<\/h2>\t\t\t\t<\/div>\n\t\t\t\t<\/div>\n\t\t\t\t\t<\/div>\n\t\t\t\t<\/div>\n\t\t<div class=\"elementor-element elementor-element-5b34c2f e-flex e-con-boxed e-con e-child\" data-id=\"5b34c2f\" data-element_type=\"container\">\n\t\t\t\t\t<div class=\"e-con-inner\">\n\t\t\t\t<div class=\"elementor-element elementor-element-2096179 elementor-widget elementor-widget-text-editor\" data-id=\"2096179\" data-element_type=\"widget\" data-widget_type=\"text-editor.default\">\n\t\t\t\t<div class=\"elementor-widget-container\">\n\t\t\t\t\t\t\t\t\t<p>La revoluci\u00f3n tecnol\u00f3gica no solo est\u00e1 cambiando lo que hacemos y c\u00f3mo lo hacemos, tambi\u00e9n nos est\u00e1 cambiando a nosotros. Nuestros trabajos, negocios y la manera en la que operamos como sociedad est\u00e1n siendo transformados por la tecnolog\u00eda.<\/p><p>\u00a0<\/p><p>Algunas industrias se modificar\u00e1n m\u00e1s r\u00e1pido que otras, pero todas eventualmente cambiar\u00e1n. As\u00ed que prep\u00e1rate para encontrar un puesto de TI en muy poco tiempo. \u00bfQu\u00e9 tan r\u00e1pido es eso?<\/p><p>\u00a0<\/p><p>Este programa te ense\u00f1ar\u00e1 las habilidades t\u00e9cnicas y de liderazgo que necesitar\u00e1s para desarrollar y administrar las \u00faltimas innovaciones tecnol\u00f3gicas.<\/p><p>\u00a0<\/p><p>\u00bfNecesitas ayuda? Sabemos que no existe un solo enfoque para el desarrollo de la carrera tecnol\u00f3gica. Por eso trabajaremos estrechamente contigo para ayudarte a definir tus objetivos y encontrar una carrera que te guste.<\/p>\t\t\t\t\t\t\t\t<\/div>\n\t\t\t\t<\/div>\n\t\t\t\t<div class=\"elementor-element elementor-element-2e6bd4a elementor-widget elementor-widget-button\" data-id=\"2e6bd4a\" data-element_type=\"widget\" data-widget_type=\"button.default\">\n\t\t\t\t<div class=\"elementor-widget-container\">\n\t\t\t\t\t\t\t\t\t<div class=\"elementor-button-wrapper\">\n\t\t\t\t\t<a class=\"elementor-button elementor-button-link elementor-size-sm\" href=\"https:\/\/atlantisuniversity.edu\/apply-now-atlantis-esp\/\">\n\t\t\t\t\t\t<span class=\"elementor-button-content-wrapper\">\n\t\t\t\t\t\t<span class=\"elementor-button-icon\">\n\t\t\t\t<svg aria-hidden=\"true\" class=\"e-font-icon-svg e-fas-chevron-circle-right\" viewBox=\"0 0 512 512\" xmlns=\"http:\/\/www.w3.org\/2000\/svg\"><path d=\"M256 8c137 0 248 111 248 248S393 504 256 504 8 393 8 256 119 8 256 8zm113.9 231L234.4 103.5c-9.4-9.4-24.6-9.4-33.9 0l-17 17c-9.4 9.4-9.4 24.6 0 33.9L285.1 256 183.5 357.6c-9.4 9.4-9.4 24.6 0 33.9l17 17c9.4 9.4 24.6 9.4 33.9 0L369.9 273c9.4-9.4 9.4-24.6 0-34z\"><\/path><\/svg>\t\t\t<\/span>\n\t\t\t\t\t\t\t\t\t<span class=\"elementor-button-text\">APLICA AHORA<\/span>\n\t\t\t\t\t<\/span>\n\t\t\t\t\t<\/a>\n\t\t\t\t<\/div>\n\t\t\t\t\t\t\t\t<\/div>\n\t\t\t\t<\/div>\n\t\t\t\t\t<\/div>\n\t\t\t\t<\/div>\n\t\t\t\t\t<\/div>\n\t\t\t\t<\/div>\n\t\t<div class=\"elementor-element elementor-element-ab87758 e-flex e-con-boxed e-con e-parent\" data-id=\"ab87758\" data-element_type=\"container\" data-settings=\"{&quot;background_background&quot;:&quot;classic&quot;}\">\n\t\t\t\t\t<div class=\"e-con-inner\">\n\t\t\t\t<div class=\"elementor-element elementor-element-0458867 elementor-widget__width-inherit elementor-widget elementor-widget-heading\" data-id=\"0458867\" data-element_type=\"widget\" data-widget_type=\"heading.default\">\n\t\t\t\t<div class=\"elementor-widget-container\">\n\t\t\t\t\t<h2 class=\"elementor-heading-title elementor-size-default\">Programas En Tecnolog\u00eda<\/h2>\t\t\t\t<\/div>\n\t\t\t\t<\/div>\n\t\t<a class=\"elementor-element elementor-element-2731c91 e-con-full plygon e-flex e-con e-child\" data-id=\"2731c91\" data-element_type=\"container\" data-settings=\"{&quot;background_background&quot;:&quot;classic&quot;}\" href=\"https:\/\/atlantisuniversity.edu\/es\/program\/licenciatura-en-tecnologia-de-la-informacion\/\">\n\t\t\t\t<div class=\"elementor-element elementor-element-763db6a elementor-widget__width-initial elementor-widget elementor-widget-heading\" data-id=\"763db6a\" data-element_type=\"widget\" data-widget_type=\"heading.default\">\n\t\t\t\t<div class=\"elementor-widget-container\">\n\t\t\t\t\t<h4 class=\"elementor-heading-title elementor-size-default\">LICENCIATURA\nEN TECNOLOG\u00cdA DE LA INFORMACI\u00d3N<\/h4>\t\t\t\t<\/div>\n\t\t\t\t<\/div>\n\t\t\t\t<div class=\"elementor-element elementor-element-0b73acb icon-plygon elementor-widget__width-initial elementor-view-default elementor-widget elementor-widget-icon\" data-id=\"0b73acb\" data-element_type=\"widget\" data-widget_type=\"icon.default\">\n\t\t\t\t<div class=\"elementor-widget-container\">\n\t\t\t\t\t\t\t<div class=\"elementor-icon-wrapper\">\n\t\t\t<div class=\"elementor-icon\">\n\t\t\t<svg aria-hidden=\"true\" class=\"e-font-icon-svg e-fas-chevron-circle-right\" viewBox=\"0 0 512 512\" xmlns=\"http:\/\/www.w3.org\/2000\/svg\"><path d=\"M256 8c137 0 248 111 248 248S393 504 256 504 8 393 8 256 119 8 256 8zm113.9 231L234.4 103.5c-9.4-9.4-24.6-9.4-33.9 0l-17 17c-9.4 9.4-9.4 24.6 0 33.9L285.1 256 183.5 357.6c-9.4 9.4-9.4 24.6 0 33.9l17 17c9.4 9.4 24.6 9.4 33.9 0L369.9 273c9.4-9.4 9.4-24.6 0-34z\"><\/path><\/svg>\t\t\t<\/div>\n\t\t<\/div>\n\t\t\t\t\t\t<\/div>\n\t\t\t\t<\/div>\n\t\t\t\t<\/a>\n\t\t<a class=\"elementor-element elementor-element-6b182c2 e-con-full plygon e-flex e-con e-child\" data-id=\"6b182c2\" data-element_type=\"container\" data-settings=\"{&quot;background_background&quot;:&quot;classic&quot;}\" href=\"https:\/\/atlantisuniversity.edu\/es\/program\/maestria-en-ciencias-en-ciberseguridad\">\n\t\t\t\t<div class=\"elementor-element elementor-element-913c2be elementor-widget__width-initial elementor-widget elementor-widget-heading\" data-id=\"913c2be\" data-element_type=\"widget\" data-widget_type=\"heading.default\">\n\t\t\t\t<div class=\"elementor-widget-container\">\n\t\t\t\t\t<h4 class=\"elementor-heading-title elementor-size-default\">MAESTR\u00cdA EN CIENCIAS\nEN CIBERSEGURIDAD<\/h4>\t\t\t\t<\/div>\n\t\t\t\t<\/div>\n\t\t\t\t<div class=\"elementor-element elementor-element-d777125 icon-plygon elementor-widget__width-initial elementor-view-default elementor-widget elementor-widget-icon\" data-id=\"d777125\" data-element_type=\"widget\" data-widget_type=\"icon.default\">\n\t\t\t\t<div class=\"elementor-widget-container\">\n\t\t\t\t\t\t\t<div class=\"elementor-icon-wrapper\">\n\t\t\t<div class=\"elementor-icon\">\n\t\t\t<svg aria-hidden=\"true\" class=\"e-font-icon-svg e-fas-chevron-circle-right\" viewBox=\"0 0 512 512\" xmlns=\"http:\/\/www.w3.org\/2000\/svg\"><path d=\"M256 8c137 0 248 111 248 248S393 504 256 504 8 393 8 256 119 8 256 8zm113.9 231L234.4 103.5c-9.4-9.4-24.6-9.4-33.9 0l-17 17c-9.4 9.4-9.4 24.6 0 33.9L285.1 256 183.5 357.6c-9.4 9.4-9.4 24.6 0 33.9l17 17c9.4 9.4 24.6 9.4 33.9 0L369.9 273c9.4-9.4 9.4-24.6 0-34z\"><\/path><\/svg>\t\t\t<\/div>\n\t\t<\/div>\n\t\t\t\t\t\t<\/div>\n\t\t\t\t<\/div>\n\t\t\t\t<\/a>\n\t\t<a class=\"elementor-element elementor-element-c779a10 e-con-full plygon e-flex e-con e-child\" data-id=\"c779a10\" data-element_type=\"container\" data-settings=\"{&quot;background_background&quot;:&quot;classic&quot;}\" href=\"https:\/\/atlantisuniversity.edu\/es\/program\/maestria-en-tecnologia-de-la-informacion-mit\/\">\n\t\t\t\t<div class=\"elementor-element elementor-element-fb7207d elementor-widget__width-initial elementor-widget elementor-widget-heading\" data-id=\"fb7207d\" data-element_type=\"widget\" data-widget_type=\"heading.default\">\n\t\t\t\t<div class=\"elementor-widget-container\">\n\t\t\t\t\t<h4 class=\"elementor-heading-title elementor-size-default\">MAESTR\u00cdA EN CIENCIAS\nEN TECNOLOG\u00cdA\nDE LA INFORMACI\u00d3N<\/h4>\t\t\t\t<\/div>\n\t\t\t\t<\/div>\n\t\t\t\t<div class=\"elementor-element elementor-element-4c77c4e icon-plygon elementor-widget__width-initial elementor-view-default elementor-widget elementor-widget-icon\" data-id=\"4c77c4e\" data-element_type=\"widget\" data-widget_type=\"icon.default\">\n\t\t\t\t<div class=\"elementor-widget-container\">\n\t\t\t\t\t\t\t<div class=\"elementor-icon-wrapper\">\n\t\t\t<div class=\"elementor-icon\">\n\t\t\t<svg aria-hidden=\"true\" class=\"e-font-icon-svg e-fas-chevron-circle-right\" viewBox=\"0 0 512 512\" xmlns=\"http:\/\/www.w3.org\/2000\/svg\"><path d=\"M256 8c137 0 248 111 248 248S393 504 256 504 8 393 8 256 119 8 256 8zm113.9 231L234.4 103.5c-9.4-9.4-24.6-9.4-33.9 0l-17 17c-9.4 9.4-9.4 24.6 0 33.9L285.1 256 183.5 357.6c-9.4 9.4-9.4 24.6 0 33.9l17 17c9.4 9.4 24.6 9.4 33.9 0L369.9 273c9.4-9.4 9.4-24.6 0-34z\"><\/path><\/svg>\t\t\t<\/div>\n\t\t<\/div>\n\t\t\t\t\t\t<\/div>\n\t\t\t\t<\/div>\n\t\t\t\t<\/a>\n\t\t<a class=\"elementor-element elementor-element-0b08c97 e-con-full plygon e-flex e-con e-child\" data-id=\"0b08c97\" data-element_type=\"container\" data-settings=\"{&quot;background_background&quot;:&quot;classic&quot;}\" href=\"https:\/\/atlantisuniversity.edu\/es\/program\/grado-de-asociado-en-ciencias-it\/\">\n\t\t\t\t<div class=\"elementor-element elementor-element-9c9d13b elementor-widget__width-initial elementor-widget elementor-widget-heading\" data-id=\"9c9d13b\" data-element_type=\"widget\" data-widget_type=\"heading.default\">\n\t\t\t\t<div class=\"elementor-widget-container\">\n\t\t\t\t\t<h4 class=\"elementor-heading-title elementor-size-default\">GRADO DE ASOCIADO EN\nTECNOLOG\u00cdA DE LA INFORMACI\u00d3N<\/h4>\t\t\t\t<\/div>\n\t\t\t\t<\/div>\n\t\t\t\t<div class=\"elementor-element elementor-element-5d0c179 icon-plygon elementor-widget__width-initial elementor-view-default elementor-widget elementor-widget-icon\" data-id=\"5d0c179\" data-element_type=\"widget\" data-widget_type=\"icon.default\">\n\t\t\t\t<div class=\"elementor-widget-container\">\n\t\t\t\t\t\t\t<div class=\"elementor-icon-wrapper\">\n\t\t\t<div class=\"elementor-icon\">\n\t\t\t<svg aria-hidden=\"true\" class=\"e-font-icon-svg e-fas-chevron-circle-right\" viewBox=\"0 0 512 512\" xmlns=\"http:\/\/www.w3.org\/2000\/svg\"><path d=\"M256 8c137 0 248 111 248 248S393 504 256 504 8 393 8 256 119 8 256 8zm113.9 231L234.4 103.5c-9.4-9.4-24.6-9.4-33.9 0l-17 17c-9.4 9.4-9.4 24.6 0 33.9L285.1 256 183.5 357.6c-9.4 9.4-9.4 24.6 0 33.9l17 17c9.4 9.4 24.6 9.4 33.9 0L369.9 273c9.4-9.4 9.4-24.6 0-34z\"><\/path><\/svg>\t\t\t<\/div>\n\t\t<\/div>\n\t\t\t\t\t\t<\/div>\n\t\t\t\t<\/div>\n\t\t\t\t<\/a>\n\t\t<a class=\"elementor-element elementor-element-495a440 e-con-full plygon e-flex e-con e-child\" data-id=\"495a440\" data-element_type=\"container\" data-settings=\"{&quot;background_background&quot;:&quot;classic&quot;}\" href=\"https:\/\/atlantisuniversity.edu\/es\/program\/programas-de-certificacion-y-diplomados-en-ciencias-informaticas-y-tecnologia\/?\">\n\t\t\t\t<div class=\"elementor-element elementor-element-cac6211 elementor-widget__width-initial elementor-widget elementor-widget-heading\" data-id=\"cac6211\" data-element_type=\"widget\" data-widget_type=\"heading.default\">\n\t\t\t\t<div class=\"elementor-widget-container\">\n\t\t\t\t\t<h4 class=\"elementor-heading-title elementor-size-default\">PROGRAMAS DE\nCERTIFICACI\u00d3N Y DIPLOMADOS<\/h4>\t\t\t\t<\/div>\n\t\t\t\t<\/div>\n\t\t\t\t<div class=\"elementor-element elementor-element-fbf5f8f icon-plygon elementor-widget__width-initial elementor-view-default elementor-widget elementor-widget-icon\" data-id=\"fbf5f8f\" data-element_type=\"widget\" data-widget_type=\"icon.default\">\n\t\t\t\t<div class=\"elementor-widget-container\">\n\t\t\t\t\t\t\t<div class=\"elementor-icon-wrapper\">\n\t\t\t<div class=\"elementor-icon\">\n\t\t\t<svg aria-hidden=\"true\" class=\"e-font-icon-svg e-fas-chevron-circle-right\" viewBox=\"0 0 512 512\" xmlns=\"http:\/\/www.w3.org\/2000\/svg\"><path d=\"M256 8c137 0 248 111 248 248S393 504 256 504 8 393 8 256 119 8 256 8zm113.9 231L234.4 103.5c-9.4-9.4-24.6-9.4-33.9 0l-17 17c-9.4 9.4-9.4 24.6 0 33.9L285.1 256 183.5 357.6c-9.4 9.4-9.4 24.6 0 33.9l17 17c9.4 9.4 24.6 9.4 33.9 0L369.9 273c9.4-9.4 9.4-24.6 0-34z\"><\/path><\/svg>\t\t\t<\/div>\n\t\t<\/div>\n\t\t\t\t\t\t<\/div>\n\t\t\t\t<\/div>\n\t\t\t\t<\/a>\n\t\t\t\t\t<\/div>\n\t\t\t\t<\/div>\n\t\t<div class=\"elementor-element elementor-element-f5b682d e-flex e-con-boxed e-con e-parent\" data-id=\"f5b682d\" data-element_type=\"container\" data-settings=\"{&quot;background_background&quot;:&quot;classic&quot;}\">\n\t\t\t\t\t<div class=\"e-con-inner\">\n\t\t\t\t<div class=\"elementor-element elementor-element-8035f9b elementor-widget elementor-widget-heading\" data-id=\"8035f9b\" data-element_type=\"widget\" data-widget_type=\"heading.default\">\n\t\t\t\t<div class=\"elementor-widget-container\">\n\t\t\t\t\t<h2 class=\"elementor-heading-title elementor-size-default\">Eres un\nnon-conformist?<\/h2>\t\t\t\t<\/div>\n\t\t\t\t<\/div>\n\t\t\t\t<div class=\"elementor-element elementor-element-2b798eb elementor-widget elementor-widget-shortcode\" data-id=\"2b798eb\" data-element_type=\"widget\" data-widget_type=\"shortcode.default\">\n\t\t\t\t<div class=\"elementor-widget-container\">\n\t\t\t\t\t\t\t<div class=\"elementor-shortcode\"><!-- HFCM by 99 Robots - Snippet # 29: Website From -->\n<script>\r\ndocument.addEventListener(\"DOMContentLoaded\", function() {\r\n    var newUrl = \"https:\/\/forms.zohopublic.com\/atlantisuniversity\/form\/ContactUsWebSite\/formperma\/uhGYk2HJ7SlCotP9aSLUgrNFXgl9HfMUuSYL7bd7YEY\";\r\n    var queryParams = window.location.search.substring(1);\r\n    if (queryParams) {\r\n        console.info(queryParams)\r\n        newUrl = \"https:\/\/forms.zohopublic.com\/atlantisuniversity\/form\/ContactUsWebSite\/formperma\/uhGYk2HJ7SlCotP9aSLUgrNFXgl9HfMUuSYL7bd7YEY?\" + queryParams;\r\n    }\r\n    var iframe = document.createElement(\"iframe\");\r\n    iframe.src = newUrl;\r\n    iframe.width = \"99%\";\r\n    iframe.height = \"950\";\r\n    iframe.frameBorder = \"0\";\r\n    iframe.style.border = \"none\";\r\n    document.getElementById(\"zoho-form-container\").appendChild(iframe);\r\n});\r\n<\/script>\n<!-- \/end HFCM by 99 Robots -->\n<\/div>\n\t\t\t\t\t\t<\/div>\n\t\t\t\t<\/div>\n\t\t\t\t\t<\/div>\n\t\t\t\t<\/div>\n\t\t\t\t<\/div>\n\t\t","protected":false},"excerpt":{"rendered":"<p>Ciencias Inform\u00e1ticas y tecnolog\u00eda S\u00e9 Parte De La Revoluci\u00f3n Tecnol\u00f3gica La revoluci\u00f3n tecnol\u00f3gica no solo est\u00e1 cambiando lo que hacemos y c\u00f3mo lo hacemos, tambi\u00e9n nos est\u00e1 cambiando a nosotros. Nuestros trabajos, negocios y la manera en la que operamos como sociedad est\u00e1n siendo transformados por la tecnolog\u00eda.\u00a0Algunas industrias se modificar\u00e1n m\u00e1s r\u00e1pido que otras, [&hellip;]<\/p>\n","protected":false},"author":2,"featured_media":0,"parent":0,"menu_order":0,"comment_status":"closed","ping_status":"closed","template":"","meta":{"_acf_changed":false,"_et_pb_use_builder":"on","_et_pb_old_content":"","_et_gb_content_width":"","footnotes":""},"class_list":["post-234078","page","type-page","status-publish","hentry"],"acf":[],"_links":{"self":[{"href":"https:\/\/atlantisuniversity.edu\/es\/wp-json\/wp\/v2\/pages\/234078"}],"collection":[{"href":"https:\/\/atlantisuniversity.edu\/es\/wp-json\/wp\/v2\/pages"}],"about":[{"href":"https:\/\/atlantisuniversity.edu\/es\/wp-json\/wp\/v2\/types\/page"}],"author":[{"embeddable":true,"href":"https:\/\/atlantisuniversity.edu\/es\/wp-json\/wp\/v2\/users\/2"}],"replies":[{"embeddable":true,"href":"https:\/\/atlantisuniversity.edu\/es\/wp-json\/wp\/v2\/comments?post=234078"}],"version-history":[{"count":0,"href":"https:\/\/atlantisuniversity.edu\/es\/wp-json\/wp\/v2\/pages\/234078\/revisions"}],"wp:attachment":[{"href":"https:\/\/atlantisuniversity.edu\/es\/wp-json\/wp\/v2\/media?parent=234078"}],"curies":[{"name":"wp","href":"https:\/\/api.w.org\/{rel}","templated":true}]}}