{"id":234185,"date":"2021-10-06T16:51:17","date_gmt":"2021-10-06T20:51:17","guid":{"rendered":"https:\/\/atlantisuniversity.edu\/sara-complaint-procedure\/"},"modified":"2024-05-13T12:23:26","modified_gmt":"2024-05-13T16:23:26","slug":"procedimiento-de-denuncias-bajo-el-acuerdo-de-reciprocidad-de-autorizacion-estatal-sara","status":"publish","type":"page","link":"https:\/\/atlantisuniversity.edu\/es\/procedimiento-de-denuncias-bajo-el-acuerdo-de-reciprocidad-de-autorizacion-estatal-sara\/","title":{"rendered":"Procedimiento de denuncias (SARA)"},"content":{"rendered":"\t\t<div data-elementor-type=\"wp-page\" data-elementor-id=\"234185\" class=\"elementor elementor-234185 elementor-229397\" data-elementor-post-type=\"page\">\n\t\t\t\t<div class=\"elementor-element elementor-element-6ca66c2 e-flex e-con-boxed e-con e-parent\" data-id=\"6ca66c2\" data-element_type=\"container\" data-settings=\"{&quot;background_background&quot;:&quot;classic&quot;}\">\n\t\t\t\t\t<div class=\"e-con-inner\">\n\t\t<div class=\"elementor-element elementor-element-0974aeb e-con-full e-flex e-con e-child\" data-id=\"0974aeb\" data-element_type=\"container\">\n\t\t\t\t<div class=\"elementor-element elementor-element-5016d26 elementor-widget elementor-widget-heading\" data-id=\"5016d26\" data-element_type=\"widget\" data-widget_type=\"heading.default\">\n\t\t\t\t<div class=\"elementor-widget-container\">\n\t\t\t\t\t<h1 class=\"elementor-heading-title elementor-size-default\">Procedimiento de denuncias (SARA)<\/h1>\t\t\t\t<\/div>\n\t\t\t\t<\/div>\n\t\t\t\t<div class=\"elementor-element elementor-element-9608730 elementor-widget elementor-widget-button\" data-id=\"9608730\" data-element_type=\"widget\" data-widget_type=\"button.default\">\n\t\t\t\t<div class=\"elementor-widget-container\">\n\t\t\t\t\t\t\t\t\t<div class=\"elementor-button-wrapper\">\n\t\t\t\t\t<a class=\"elementor-button elementor-button-link elementor-size-sm\" href=\"https:\/\/atlantisuniversity.edu\/es\/contactanos\/\">\n\t\t\t\t\t\t<span class=\"elementor-button-content-wrapper\">\n\t\t\t\t\t\t<span class=\"elementor-button-icon\">\n\t\t\t\t<svg aria-hidden=\"true\" class=\"e-font-icon-svg e-fas-chevron-circle-right\" viewBox=\"0 0 512 512\" xmlns=\"http:\/\/www.w3.org\/2000\/svg\"><path d=\"M256 8c137 0 248 111 248 248S393 504 256 504 8 393 8 256 119 8 256 8zm113.9 231L234.4 103.5c-9.4-9.4-24.6-9.4-33.9 0l-17 17c-9.4 9.4-9.4 24.6 0 33.9L285.1 256 183.5 357.6c-9.4 9.4-9.4 24.6 0 33.9l17 17c9.4 9.4 24.6 9.4 33.9 0L369.9 273c9.4-9.4 9.4-24.6 0-34z\"><\/path><\/svg>\t\t\t<\/span>\n\t\t\t\t\t\t\t\t\t<span class=\"elementor-button-text\">CONT\u00c1CTANOS<\/span>\n\t\t\t\t\t<\/span>\n\t\t\t\t\t<\/a>\n\t\t\t\t<\/div>\n\t\t\t\t\t\t\t\t<\/div>\n\t\t\t\t<\/div>\n\t\t\t\t<\/div>\n\t\t<div class=\"elementor-element elementor-element-238c763 e-con-full e-flex e-con e-child\" data-id=\"238c763\" data-element_type=\"container\">\n\t\t\t\t<\/div>\n\t\t\t\t\t<\/div>\n\t\t\t\t<\/div>\n\t\t<div class=\"elementor-element elementor-element-de66e40 e-flex e-con-boxed e-con e-parent\" data-id=\"de66e40\" data-element_type=\"container\" data-settings=\"{&quot;background_background&quot;:&quot;classic&quot;}\">\n\t\t\t\t\t<div class=\"e-con-inner\">\n\t\t\t\t<div class=\"elementor-element elementor-element-77c440a elementor-widget elementor-widget-heading\" data-id=\"77c440a\" data-element_type=\"widget\" data-widget_type=\"heading.default\">\n\t\t\t\t<div class=\"elementor-widget-container\">\n\t\t\t\t\t<h2 class=\"elementor-heading-title elementor-size-default\">Para que una denuncia cumpla con los requisitos de la Pol\u00edtica de revisi\u00f3n de denuncias de SARA de Florida (FL-SARA), debe cumplir con los siguientes criterios:<\/h2>\t\t\t\t<\/div>\n\t\t\t\t<\/div>\n\t\t\t\t<div class=\"elementor-element elementor-element-e831add elementor-widget elementor-widget-text-editor\" data-id=\"e831add\" data-element_type=\"widget\" data-widget_type=\"text-editor.default\">\n\t\t\t\t<div class=\"elementor-widget-container\">\n\t\t\t\t\t\t\t\t\t<ul><li>Presentarse dentro de los dos a\u00f1os siguientes al incidente sobre el cual se hace la denuncia.<\/li><li>Completar el proceso de denuncias institucionales y el proceso de denuncias estatales correspondiente antes de presentarlas al Consejo.<\/li><li>La denuncia debe ser una afirmaci\u00f3n formal por escrito de que los t\u00e9rminos de SARA, o de las leyes, est\u00e1ndares o regulaciones incorporados por SARA, est\u00e1n siendo violados por una persona, instituci\u00f3n, estado, agencia u otra organizaci\u00f3n o entidad que opera bajo los t\u00e9rminos de SARA.<\/li><li>Ser estudiante de una instituci\u00f3n aprobada por el Consejo del FL-SARA.<\/li><li>No ser estudiante, pero tener alguna inquietud acerca de lo anterior.<\/li><\/ul><ol><li>Las instituciones que solicitan participar en FL-SARA acuerdan establecer, publicar y hacer cumplir las pol\u00edticas relacionadas con la reparaci\u00f3n de denuncias y quejas, y seguir este proceso para la resoluci\u00f3n de denuncias de todos y cada uno de los estudiantes que residen en los estados cubiertos por SARA. Las denuncias cubiertas por este proceso incluyen cualquier violaci\u00f3n de las Pol\u00edticas y Est\u00e1ndares de SARA.<\/li><li>Una persona que presenta una denuncia (\u201cdenunciante\u201d) contra una instituci\u00f3n miembro de FL-SARA debe primero agotar los procedimientos propios de la instituci\u00f3n para la resoluci\u00f3n de denuncias. El proceso espec\u00edfico en cada instituci\u00f3n debe estar claramente identificado y disponible p\u00fablicamente para las personas a trav\u00e9s del sitio web y\/o cat\u00e1logo de la instituci\u00f3n.<\/li><li>Las denuncias con respecto a las calificaciones de los estudiantes o las violaciones de la conducta de los estudiantes se rigen completamente por la pol\u00edtica institucional y las leyes del estado de Florida.<\/li><li>Si el denunciante no est\u00e1 satisfecho con el resultado del proceso de denuncia institucional, el estudiante puede enviar la denuncia a la Comisi\u00f3n de Educaci\u00f3n Independiente a la siguiente direcci\u00f3n: Commission for Independent Education 325 W. Gaines Street, Suite 1414, Tallahassee, FL. 32399-0400, O v\u00eda correo electr\u00f3nico a cieinfo@fldoe.org, O v\u00eda fax al tel\u00e9fono: 850.245.3238<\/li><li>Si un denunciante no est\u00e1 satisfecho con la decisi\u00f3n de la Comisi\u00f3n de Educaci\u00f3n Independiente, el denunciante puede presentar la denuncia para su revisi\u00f3n al Consejo. El Consejo revisar\u00e1 la decisi\u00f3n de la apelaci\u00f3n para determinar si la denuncia fue revisada de acuerdo con los procesos designados, incluida la puntualidad y la falta de conflictos de intereses por parte de los revisores.<\/li><li>Adem\u00e1s, el Consejo determinar\u00e1 si la base de la denuncia demuestra un incumplimiento sustancial por parte de una instituci\u00f3n miembro donde se viol\u00f3 un requisito de SARA, se aplic\u00f3 incorrectamente o no se aplic\u00f3. Si se llega a tal conclusi\u00f3n, el Consejo puede recomendar acciones correctivas espec\u00edficas.<\/li><\/ol>\t\t\t\t\t\t\t\t<\/div>\n\t\t\t\t<\/div>\n\t\t\t\t\t<\/div>\n\t\t\t\t<\/div>\n\t\t\t\t<\/div>\n\t\t","protected":false},"excerpt":{"rendered":"<p>Procedimiento de denuncias (SARA) CONT\u00c1CTANOS Para que una denuncia cumpla con los requisitos de la Pol\u00edtica de revisi\u00f3n de denuncias de SARA de Florida (FL-SARA), debe cumplir con los siguientes criterios: Presentarse dentro de los dos a\u00f1os siguientes al incidente sobre el cual se hace la denuncia.Completar el proceso de denuncias institucionales y el proceso [&hellip;]<\/p>\n","protected":false},"author":23,"featured_media":0,"parent":0,"menu_order":0,"comment_status":"closed","ping_status":"closed","template":"","meta":{"_acf_changed":false,"_et_pb_use_builder":"on","_et_pb_old_content":"","_et_gb_content_width":"","footnotes":""},"class_list":["post-234185","page","type-page","status-publish","hentry"],"acf":[],"_links":{"self":[{"href":"https:\/\/atlantisuniversity.edu\/es\/wp-json\/wp\/v2\/pages\/234185"}],"collection":[{"href":"https:\/\/atlantisuniversity.edu\/es\/wp-json\/wp\/v2\/pages"}],"about":[{"href":"https:\/\/atlantisuniversity.edu\/es\/wp-json\/wp\/v2\/types\/page"}],"author":[{"embeddable":true,"href":"https:\/\/atlantisuniversity.edu\/es\/wp-json\/wp\/v2\/users\/23"}],"replies":[{"embeddable":true,"href":"https:\/\/atlantisuniversity.edu\/es\/wp-json\/wp\/v2\/comments?post=234185"}],"version-history":[{"count":0,"href":"https:\/\/atlantisuniversity.edu\/es\/wp-json\/wp\/v2\/pages\/234185\/revisions"}],"wp:attachment":[{"href":"https:\/\/atlantisuniversity.edu\/es\/wp-json\/wp\/v2\/media?parent=234185"}],"curies":[{"name":"wp","href":"https:\/\/api.w.org\/{rel}","templated":true}]}}