{"id":234225,"date":"2021-10-06T17:07:16","date_gmt":"2021-10-06T21:07:16","guid":{"rendered":"https:\/\/atlantisuniversity.edu\/update-verification-policy\/"},"modified":"2024-05-13T17:01:13","modified_gmt":"2024-05-13T21:01:13","slug":"politica-de-verificacion-actualizacion","status":"publish","type":"page","link":"https:\/\/atlantisuniversity.edu\/es\/politica-de-verificacion-actualizacion\/","title":{"rendered":"Pol\u00edtica de Verificaci\u00f3n – Actualizaci\u00f3n"},"content":{"rendered":"\t\t<div data-elementor-type=\"wp-page\" data-elementor-id=\"234225\" class=\"elementor elementor-234225 elementor-229409\" data-elementor-post-type=\"page\">\n\t\t\t\t<div class=\"elementor-element elementor-element-6d8dff8 e-flex e-con-boxed e-con e-parent\" data-id=\"6d8dff8\" data-element_type=\"container\" data-settings=\"{&quot;background_background&quot;:&quot;classic&quot;}\">\n\t\t\t\t\t<div class=\"e-con-inner\">\n\t\t<div class=\"elementor-element elementor-element-a572b87 e-con-full e-flex e-con e-child\" data-id=\"a572b87\" data-element_type=\"container\">\n\t\t\t\t<div class=\"elementor-element elementor-element-0a21338 elementor-widget elementor-widget-heading\" data-id=\"0a21338\" data-element_type=\"widget\" data-widget_type=\"heading.default\">\n\t\t\t\t<div class=\"elementor-widget-container\">\n\t\t\t\t\t<h1 class=\"elementor-heading-title elementor-size-default\">Pol\u00edtica de\nVerificaci\u00f3n \u2013 Actualizaci\u00f3n<\/h1>\t\t\t\t<\/div>\n\t\t\t\t<\/div>\n\t\t\t\t<div class=\"elementor-element elementor-element-9f276e9 elementor-widget elementor-widget-button\" data-id=\"9f276e9\" data-element_type=\"widget\" data-widget_type=\"button.default\">\n\t\t\t\t<div class=\"elementor-widget-container\">\n\t\t\t\t\t\t\t\t\t<div class=\"elementor-button-wrapper\">\n\t\t\t\t\t<a class=\"elementor-button elementor-button-link elementor-size-sm\" href=\"https:\/\/atlantisuniversity.edu\/es\/contactanos\/\">\n\t\t\t\t\t\t<span class=\"elementor-button-content-wrapper\">\n\t\t\t\t\t\t<span class=\"elementor-button-icon\">\n\t\t\t\t<svg aria-hidden=\"true\" class=\"e-font-icon-svg e-fas-chevron-circle-right\" viewBox=\"0 0 512 512\" xmlns=\"http:\/\/www.w3.org\/2000\/svg\"><path d=\"M256 8c137 0 248 111 248 248S393 504 256 504 8 393 8 256 119 8 256 8zm113.9 231L234.4 103.5c-9.4-9.4-24.6-9.4-33.9 0l-17 17c-9.4 9.4-9.4 24.6 0 33.9L285.1 256 183.5 357.6c-9.4 9.4-9.4 24.6 0 33.9l17 17c9.4 9.4 24.6 9.4 33.9 0L369.9 273c9.4-9.4 9.4-24.6 0-34z\"><\/path><\/svg>\t\t\t<\/span>\n\t\t\t\t\t\t\t\t\t<span class=\"elementor-button-text\">CONT\u00c1CTANOS<\/span>\n\t\t\t\t\t<\/span>\n\t\t\t\t\t<\/a>\n\t\t\t\t<\/div>\n\t\t\t\t\t\t\t\t<\/div>\n\t\t\t\t<\/div>\n\t\t\t\t<\/div>\n\t\t<div class=\"elementor-element elementor-element-88b8804 e-con-full e-flex e-con e-child\" data-id=\"88b8804\" data-element_type=\"container\">\n\t\t\t\t<\/div>\n\t\t\t\t\t<\/div>\n\t\t\t\t<\/div>\n\t\t<div class=\"elementor-element elementor-element-eb67eac e-flex e-con-boxed e-con e-parent\" data-id=\"eb67eac\" data-element_type=\"container\" data-settings=\"{&quot;background_background&quot;:&quot;classic&quot;}\">\n\t\t\t\t\t<div class=\"e-con-inner\">\n\t\t\t\t<div class=\"elementor-element elementor-element-cda816e elementor-widget elementor-widget-text-editor\" data-id=\"cda816e\" data-element_type=\"widget\" data-widget_type=\"text-editor.default\">\n\t\t\t\t<div class=\"elementor-widget-container\">\n\t\t\t\t\t\t\t\t\t<p>Esta es una actualizaci\u00f3n del Manual de pol\u00edticas y procedimientos de ayuda financiera de 2018.<br \/><strong>Actualizado: 23 de junio de 2018.<\/strong><\/p><p>POL\u00cdTICAS Y PROCEDIMIENTOS PARA VERIFICAR LA ELEGIBILIDAD DEL ESTUDIANTE PARA AYUDA FINANCIERA (T\u00cdTULO IV ELEGIBILIDAD).<\/p>\t\t\t\t\t\t\t\t<\/div>\n\t\t\t\t<\/div>\n\t\t\t\t<div class=\"elementor-element elementor-element-288f7e9 elementor-widget elementor-widget-heading\" data-id=\"288f7e9\" data-element_type=\"widget\" data-widget_type=\"heading.default\">\n\t\t\t\t<div class=\"elementor-widget-container\">\n\t\t\t\t\t<h2 class=\"elementor-heading-title elementor-size-default\">Requisitos<br \/>\nde inscripci\u00f3n<\/h2>\t\t\t\t<\/div>\n\t\t\t\t<\/div>\n\t\t\t\t<div class=\"elementor-element elementor-element-3e4ef25 elementor-widget elementor-widget-text-editor\" data-id=\"3e4ef25\" data-element_type=\"widget\" data-widget_type=\"text-editor.default\">\n\t\t\t\t<div class=\"elementor-widget-container\">\n\t\t\t\t\t\t\t\t\t<p>Una persona debe estar inscrita como estudiante regular en un programa elegible para poder recibir fondos de ayuda federal para estudiantes. Atlantis University admite como estudiantes regulares solo a personas que tengan un diploma de escuela secundaria o su equivalente reconocido, que hayan superado la edad de asistencia obligatoria a la escuela en el estado en el que se encuentra la escuela o que est\u00e9n matriculados doblemente en la universidad y en una escuela secundaria.<\/p><p>Un diploma de escuela secundaria es un documento reconocido por el estado en el que se encuentra la escuela secundaria. La Universidad eval\u00faa la validez de la finalizaci\u00f3n de la escuela secundaria de un estudiante, si la escuela tiene una raz\u00f3n para creer que el diploma de la escuela secundaria no es v\u00e1lido o no se obtuvo de una entidad que brinda educaci\u00f3n secundaria.<\/p><p>En lugar del diploma de escuela secundaria, los siguientes documentos son equivalentes y aceptados:<\/p><ul><li>Un certificado de desarrollo educativo general (GED).<\/li><li>Un certificado estatal despu\u00e9s de aprobar una prueba autorizada y que el estado reconozca como equivalente a un diploma de escuela secundaria.<\/li><li>Expedientes acad\u00e9micos de otras instituciones de educaci\u00f3n superior que demuestren que el estudiante ha completado cr\u00e9ditos universitarios y cumple con los requisitos de admisi\u00f3n en el programa de estudio deseado en Atlantis University.<\/li><\/ul><p>\u00a0<\/p><p>Atlantis University documenta la inscripci\u00f3n del estudiante en un programa elegible en el momento de la admisi\u00f3n y tiene un sistema para notificar a la Oficina de Ayuda Financiera si el estudiante abandona el programa.<\/p><p>Atlantis University no admite para inscripci\u00f3n a estudiantes clasificados como ATB o con capacidad de beneficio.<\/p><p>Atlantis University mantiene los informes de ayuda estudiantil (SAR) o los registros institucionales de informaci\u00f3n estudiantil (ISIR) originales que se utilizan para determinar la elegibilidad para los fondos del T\u00edtulo IV para cada estudiante a quien otorga fondos del T\u00edtulo IV. Se pueden enviar correcciones, actualizaciones y ajustes para actualizar elementos de datos que resulten en el env\u00edo de un SAR e ISIR actualizados al estudiante o la escuela.<\/p>\t\t\t\t\t\t\t\t<\/div>\n\t\t\t\t<\/div>\n\t\t\t\t<div class=\"elementor-element elementor-element-b571543 elementor-widget elementor-widget-heading\" data-id=\"b571543\" data-element_type=\"widget\" data-widget_type=\"heading.default\">\n\t\t\t\t<div class=\"elementor-widget-container\">\n\t\t\t\t\t<h2 class=\"elementor-heading-title elementor-size-default\">Pol\u00edticas y procedimientos de actualizaci\u00f3n<br \/>\nde informaci\u00f3n y verificaci\u00f3n<\/h2>\t\t\t\t<\/div>\n\t\t\t\t<\/div>\n\t\t\t\t<div class=\"elementor-element elementor-element-2f157c5 elementor-widget elementor-widget-text-editor\" data-id=\"2f157c5\" data-element_type=\"widget\" data-widget_type=\"text-editor.default\">\n\t\t\t\t<div class=\"elementor-widget-container\">\n\t\t\t\t\t\t\t\t\t<p>Atlantis University tiene las siguientes pol\u00edticas y procedimientos para la verificaci\u00f3n de la informaci\u00f3n suministrada por los solicitantes de ayuda federal para estudiantes.<\/p><ul><li>1. Solo aquellos seleccionados para verificaci\u00f3n por el Departamento de Educaci\u00f3n de EE. UU. (ED) o aquellos con informaci\u00f3n contradictoria en sus registros deber\u00e1n presentar documentaci\u00f3n de respaldo. En la mayor\u00eda de los casos, la documentaci\u00f3n requerida consiste en una hoja de c\u00e1lculo de verificaci\u00f3n completada. El departamento de educaci\u00f3n determina para qu\u00e9 tipo de verificaci\u00f3n se selecciona al estudiante (V1, V2, V3, V4, V5, V6) y una copia de la declaraci\u00f3n de impuestos del a\u00f1o anterior si el estudiante o el padre no usaron la herramienta de recuperaci\u00f3n del IRS durante el proceso de llenado del Formulario de solicitud gratuita de ayuda federal para estudiantes (FAFSA). Cualquier informaci\u00f3n conflictiva en el archivo del estudiante debe resolverse antes de que se pueda desembolsar cualquier ayuda financiera, independientemente del estado de verificaci\u00f3n del estudiante.<\/li><li>2. No se entregar\u00e1n fondos de Subvenciones Federales Pell, Pr\u00e9stamos Directos o Basados \u200b\u200ben el Campus antes de completar la verificaci\u00f3n.<\/li><li>3. Un Pr\u00e9stamo del Direct Loan Program no se originar\u00e1 hasta que se haya completado toda la verificaci\u00f3n.<\/li><li>4. Los estudiantes elegibles para recibir una Subvenci\u00f3n Pell, una ayuda de basada en el campus o un pr\u00e9stamo subsidiado tendr\u00e1n hasta 120 d\u00edas despu\u00e9s de su \u00faltimo d\u00eda de asistencia o antes de la fecha l\u00edmite publicada en el Registro Federal cada a\u00f1o (la fecha l\u00edmite suele ser a fines de septiembre), lo que ocurra primero, para completar la verificaci\u00f3n. Sin embargo, mientras tanto, el estudiante debe haber hecho arreglos con la escuela para el pago de todas las matr\u00edculas y cuotas adeudadas, o corre el riesgo de ser despedido de la instituci\u00f3n. Despu\u00e9s del per\u00edodo antes mencionado, se perder\u00e1 toda la ayuda financiera que pudiera haberse esperado.<\/li><li>5. Todos los estudiantes ser\u00e1n notificados de manera oportuna si fueron seleccionados para verificaci\u00f3n y se requiere documentaci\u00f3n de respaldo. En ese momento, se informar\u00e1 al alumno de los par\u00e1metros de tiempo y las consecuencias de no completar el ciclo de verificaci\u00f3n. La instituci\u00f3n notificar\u00e1 al estudiante los resultados del proceso de verificaci\u00f3n y cualquier otra documentaci\u00f3n necesaria. La instituci\u00f3n ayudar\u00e1 al estudiante a corregir cualquier informaci\u00f3n que sea inexacta y notificar\u00e1 al estudiante mediante una carta de adjudicaci\u00f3n si cambia una concesi\u00f3n. La instituci\u00f3n utilizar\u00e1 como referencia la gu\u00eda de verificaci\u00f3n m\u00e1s reciente proporcionada por el ED.<\/li><li>5. Plazos para la documentaci\u00f3n de verificaci\u00f3n: la documentaci\u00f3n de verificaci\u00f3n solicitada debe enviarse dentro de los 30 d\u00edas posteriores a la notificaci\u00f3n por parte de Atlantis University. Aunque el tiempo de respuesta normal para la verificaci\u00f3n es de solo dos semanas, la documentaci\u00f3n requerida debe recibirse antes del inicio del per\u00edodo al que el estudiante planea asistir para que se garantice la disponibilidad de la ayuda.<\/li><li>6. Atlantis University aceptar\u00e1 la documentaci\u00f3n de verificaci\u00f3n despu\u00e9s de la ventana de 30 d\u00edas y despu\u00e9s de las fechas anteriores, sin embargo, el estudiante y los padres ser\u00e1n responsables de cumplir con todas las fechas de vencimiento inminentes de matr\u00edcula y pago de cuotas. Adem\u00e1s, Atlantis University no garantiza que el proceso de verificaci\u00f3n est\u00e9 completo al comienzo del per\u00edodo.<\/li><li>7. Hay situaciones dif\u00edciles en las que los estudiantes y\/o los padres tergiversan deliberadamente la informaci\u00f3n con la esperanza de obtener ayuda adicional. Se exige a la Oficina de Ayuda Financiera para Estudiantes (OSFA) tener una pol\u00edtica de derivaci\u00f3n cuando se enfrente a casos reales o presuntos de fraude y abuso [668.53 (a) (5), 668.14(g)].<\/li><li>8. Si Atlantis University sospecha que un estudiante, empleado u otra persona ha divulgado informaci\u00f3n err\u00f3neamente o ha alterado la documentaci\u00f3n para obtener fondos federales de manera fraudulenta, la escuela informar\u00e1 las sospechas y proporcionar\u00e1 cualquier evidencia a la Oficina del Inspector General. El Director de Ayuda Financiera revisa el archivo de ayuda del estudiante con el Consejero apropiado y si el Director toma la decisi\u00f3n de buscar la posibilidad de denegar o cancelar la ayuda financiera, se le notifica al estudiante que se comunique con la OSFA.<\/li><\/ul><p>Si el estudiante no se comunica con la OSFA, el Director podr\u00e1 tomar las siguientes medidas:<\/p><ul><li>No procesar una solicitud de ayuda financiera hasta que la situaci\u00f3n se resuelva satisfactoriamente.<\/li><li>No conceder ayudas econ\u00f3micas.<\/li><li>Cancelar la ayuda financiera.<\/li><li>Determinar que la ayuda financiera no se procesar\u00e1 para a\u00f1os futuros.<\/li><li>Todo el procesamiento de la solicitud o el desembolso de fondos se suspender\u00e1 hasta que el Director haya determinado si ser\u00e1 necesario que el estudiante haga una cita.<\/li><li>Las situaciones fraudulentas deben informarse a la l\u00ednea directa del Inspector General del Departamento de Educaci\u00f3n de Florida al (850) 245-0403 \/ OIG@fldoe.org o al (850) 543-5353.<\/li><li>Si el estudiante recibe un pago en exceso basado en informaci\u00f3n inexacta o contradictoria en cualquier solicitud y se niega a corregir la informaci\u00f3n o reembolsar los fondos federales despu\u00e9s de haber sido asesorado por la instituci\u00f3n, la escuela remitir\u00e1 el caso al ED para su resoluci\u00f3n. A menos que lo exija el Departamento de Educaci\u00f3n, no se desembolsar\u00e1 m\u00e1s ayuda financiera federal al estudiante<\/li><li>El archivo de ayuda financiera debe documentarse con la fecha en que se completa la verificaci\u00f3n.<\/li><\/ul>\t\t\t\t\t\t\t\t<\/div>\n\t\t\t\t<\/div>\n\t\t\t\t\t<\/div>\n\t\t\t\t<\/div>\n\t\t\t\t<\/div>\n\t\t","protected":false},"excerpt":{"rendered":"<p>Pol\u00edtica de Verificaci\u00f3n \u2013 Actualizaci\u00f3n CONT\u00c1CTANOS Esta es una actualizaci\u00f3n del Manual de pol\u00edticas y procedimientos de ayuda financiera de 2018.Actualizado: 23 de junio de 2018.POL\u00cdTICAS Y PROCEDIMIENTOS PARA VERIFICAR LA ELEGIBILIDAD DEL ESTUDIANTE PARA AYUDA FINANCIERA (T\u00cdTULO IV ELEGIBILIDAD). Requisitos de inscripci\u00f3n Una persona debe estar inscrita como estudiante regular en un programa elegible [&hellip;]<\/p>\n","protected":false},"author":23,"featured_media":0,"parent":0,"menu_order":0,"comment_status":"closed","ping_status":"closed","template":"","meta":{"_acf_changed":false,"_et_pb_use_builder":"on","_et_pb_old_content":"","_et_gb_content_width":"","footnotes":""},"class_list":["post-234225","page","type-page","status-publish","hentry"],"acf":[],"_links":{"self":[{"href":"https:\/\/atlantisuniversity.edu\/es\/wp-json\/wp\/v2\/pages\/234225"}],"collection":[{"href":"https:\/\/atlantisuniversity.edu\/es\/wp-json\/wp\/v2\/pages"}],"about":[{"href":"https:\/\/atlantisuniversity.edu\/es\/wp-json\/wp\/v2\/types\/page"}],"author":[{"embeddable":true,"href":"https:\/\/atlantisuniversity.edu\/es\/wp-json\/wp\/v2\/users\/23"}],"replies":[{"embeddable":true,"href":"https:\/\/atlantisuniversity.edu\/es\/wp-json\/wp\/v2\/comments?post=234225"}],"version-history":[{"count":0,"href":"https:\/\/atlantisuniversity.edu\/es\/wp-json\/wp\/v2\/pages\/234225\/revisions"}],"wp:attachment":[{"href":"https:\/\/atlantisuniversity.edu\/es\/wp-json\/wp\/v2\/media?parent=234225"}],"curies":[{"name":"wp","href":"https:\/\/api.w.org\/{rel}","templated":true}]}}