{"id":234227,"date":"2021-10-06T17:46:13","date_gmt":"2021-10-06T21:46:13","guid":{"rendered":"https:\/\/atlantisuniversity.edu\/student-consumer-information\/"},"modified":"2024-05-08T13:54:53","modified_gmt":"2024-05-08T17:54:53","slug":"informacion-para-el-estudiante","status":"publish","type":"page","link":"https:\/\/atlantisuniversity.edu\/es\/informacion-para-el-estudiante\/","title":{"rendered":"Informaci\u00f3n para el estudiante"},"content":{"rendered":"\t\t<div data-elementor-type=\"wp-page\" data-elementor-id=\"234227\" class=\"elementor elementor-234227 elementor-229419\" data-elementor-post-type=\"page\">\n\t\t\t\t<div class=\"elementor-element elementor-element-8ef29df e-flex e-con-boxed e-con e-parent\" data-id=\"8ef29df\" data-element_type=\"container\" data-settings=\"{&quot;background_background&quot;:&quot;classic&quot;}\">\n\t\t\t\t\t<div class=\"e-con-inner\">\n\t\t<div class=\"elementor-element elementor-element-9b52491 e-con-full e-flex e-con e-child\" data-id=\"9b52491\" data-element_type=\"container\">\n\t\t\t\t<div class=\"elementor-element elementor-element-669256e elementor-widget elementor-widget-heading\" data-id=\"669256e\" data-element_type=\"widget\" data-widget_type=\"heading.default\">\n\t\t\t\t<div class=\"elementor-widget-container\">\n\t\t\t\t\t<h1 class=\"elementor-heading-title elementor-size-default\">Emergency<br \/>\nmanagement<br \/> \nframework<\/h1>\t\t\t\t<\/div>\n\t\t\t\t<\/div>\n\t\t\t\t<div class=\"elementor-element elementor-element-1e1855c elementor-widget elementor-widget-text-editor\" data-id=\"1e1855c\" data-element_type=\"widget\" data-widget_type=\"text-editor.default\">\n\t\t\t\t<div class=\"elementor-widget-container\">\n\t\t\t\t\t\t\t\t\tIn the event of an emergency that directly affects Atlantis University, all students and employees will be notified by telephone, e-mail and the School website.\t\t\t\t\t\t\t\t<\/div>\n\t\t\t\t<\/div>\n\t\t\t\t<div class=\"elementor-element elementor-element-d99ac4f elementor-widget elementor-widget-button\" data-id=\"d99ac4f\" data-element_type=\"widget\" data-widget_type=\"button.default\">\n\t\t\t\t<div class=\"elementor-widget-container\">\n\t\t\t\t\t\t\t\t\t<div class=\"elementor-button-wrapper\">\n\t\t\t\t\t<a class=\"elementor-button elementor-button-link elementor-size-sm\" href=\"https:\/\/atlantisuniversity.edu\/es\/contactanos\/\">\n\t\t\t\t\t\t<span class=\"elementor-button-content-wrapper\">\n\t\t\t\t\t\t\t\t\t<span class=\"elementor-button-text\">CONT\u00c1CTANOS<\/span>\n\t\t\t\t\t<\/span>\n\t\t\t\t\t<\/a>\n\t\t\t\t<\/div>\n\t\t\t\t\t\t\t\t<\/div>\n\t\t\t\t<\/div>\n\t\t\t\t<\/div>\n\t\t\t\t\t<\/div>\n\t\t\t\t<\/div>\n\t\t<div class=\"elementor-element elementor-element-c00354b e-flex e-con-boxed e-con e-parent\" data-id=\"c00354b\" data-element_type=\"container\">\n\t\t\t\t\t<div class=\"e-con-inner\">\n\t\t\t\t<div class=\"elementor-element elementor-element-a460728 elementor-widget elementor-widget-text-editor\" data-id=\"a460728\" data-element_type=\"widget\" data-widget_type=\"text-editor.default\">\n\t\t\t\t<div class=\"elementor-widget-container\">\n\t\t\t\t\t\t\t\t\t<p>El Departamento de Educaci\u00f3n de EE. UU. exige que las instituciones divulguen determinada informaci\u00f3n por programa, que incluye: ocupaciones para las que el programa prepara a los estudiantes; tasa de graduaci\u00f3n a tiempo; inscripci\u00f3n, cuotas y costos totales del programa; determinadas tasas de colocaci\u00f3n para graduados del programa; y deuda crediticia media para los graduados del programa.<\/p><p>Esta informaci\u00f3n se puede encontrar en las \u201cDivulgaciones de empleo remunerado\u201d.<\/p>\t\t\t\t\t\t\t\t<\/div>\n\t\t\t\t<\/div>\n\t\t\t\t<div class=\"elementor-element elementor-element-2c5ba1f elementor-widget elementor-widget-heading\" data-id=\"2c5ba1f\" data-element_type=\"widget\" data-widget_type=\"heading.default\">\n\t\t\t\t<div class=\"elementor-widget-container\">\n\t\t\t\t\t<h2 class=\"elementor-heading-title elementor-size-default\">T\u00e9rminos y condiciones bajo los cuales los estudiantes reciben pr\u00e9stamos federales<\/h2>\t\t\t\t<\/div>\n\t\t\t\t<\/div>\n\t\t\t\t<div class=\"elementor-element elementor-element-e2ea815 elementor-widget elementor-widget-text-editor\" data-id=\"e2ea815\" data-element_type=\"widget\" data-widget_type=\"text-editor.default\">\n\t\t\t\t<div class=\"elementor-widget-container\">\n\t\t\t\t\t\t\t\t\tLos programas de pr\u00e9stamos federales proporcionan fondos a estudiantes de pregrado y posgrado para ayudarlos a cubrir sus gastos educativos. Para calificar para los fondos del programa de pr\u00e9stamos federales, el estudiante debe cumplir con los requisitos de elegibilidad para la ayuda federal para estudiantes, as\u00ed como los t\u00e9rminos y condiciones espec\u00edficos del programa de pr\u00e9stamos que se especifican a continuaci\u00f3n:\t\t\t\t\t\t\t\t<\/div>\n\t\t\t\t<\/div>\n\t\t\t\t<div class=\"elementor-element elementor-element-a4ff0aa elementor-widget elementor-widget-heading\" data-id=\"a4ff0aa\" data-element_type=\"widget\" data-widget_type=\"heading.default\">\n\t\t\t\t<div class=\"elementor-widget-container\">\n\t\t\t\t\t<h2 class=\"elementor-heading-title elementor-size-default\">Pr\u00e9stamo Federal Directo<\/h2>\t\t\t\t<\/div>\n\t\t\t\t<\/div>\n\t\t\t\t<div class=\"elementor-element elementor-element-2bdc4ed elementor-widget elementor-widget-text-editor\" data-id=\"2bdc4ed\" data-element_type=\"widget\" data-widget_type=\"text-editor.default\">\n\t\t\t\t<div class=\"elementor-widget-container\">\n\t\t\t\t\t\t\t\t\t<ul><li>El estudiante (padre en el caso de pr\u00e9stamos PLUS) debe completar y firmar un Pagar\u00e9 Maestro (MPN) v\u00e1lido.<\/li><li>El estudiante debe estar inscrito al menos medio tiempo para recibir los fondos del programa de Pr\u00e9stamo Directo. Un estudiante cuyo estado de inscripci\u00f3n sea inferior a medio tiempo no es elegible para los fondos del programa de Pr\u00e9stamo Directo. Si se pierde la elegibilidad debido a estar inscrito menos de medio tiempo, un estudiante puede recuperar la elegibilidad si se inscribe al menos medio tiempo durante un per\u00edodo posterior de inscripci\u00f3n.<\/li><li>Un estudiante que est\u00e1 solicitando un pr\u00e9stamo por primera vez debe participar en la asesor\u00eda de ingreso al pr\u00e9stamo antes del primer desembolso del pr\u00e9stamo. El primer desembolso de un pr\u00e9stamo no puede realizarse antes de los 30 d\u00edas posteriores al inicio del plazo o per\u00edodo de inscripci\u00f3n.<\/li><li>Los administradores de ayuda financiera no pueden realizar verificaciones de cr\u00e9dito de los estudiantes en relaci\u00f3n con la concesi\u00f3n de fondos del programa de pr\u00e9stamos del Programa de Pr\u00e9stamo Directo, excepto en los casos de pr\u00e9stamos PLUS para graduados.<\/li><li>Un estudiante prestatario en estado de incumplimiento de un pr\u00e9stamo federal para estudiantes no es elegible para fondos adicionales del Pr\u00e9stamo Directo a menos que se recupere la elegibilidad resolviendo el incumplimiento existente.<\/li><\/ul>\t\t\t\t\t\t\t\t<\/div>\n\t\t\t\t<\/div>\n\t\t\t\t\t<\/div>\n\t\t\t\t<\/div>\n\t\t<div class=\"elementor-element elementor-element-6da5c3c e-flex e-con-boxed e-con e-parent\" data-id=\"6da5c3c\" data-element_type=\"container\" data-settings=\"{&quot;background_background&quot;:&quot;classic&quot;}\">\n\t\t\t\t\t<div class=\"e-con-inner\">\n\t\t\t\t<div class=\"elementor-element elementor-element-b1a6de2 elementor-widget elementor-widget-heading\" data-id=\"b1a6de2\" data-element_type=\"widget\" data-widget_type=\"heading.default\">\n\t\t\t\t<div class=\"elementor-widget-container\">\n\t\t\t\t\t<h2 class=\"elementor-heading-title elementor-size-default\">Acad\u00e9mico Satisfactorio<\/h2>\t\t\t\t<\/div>\n\t\t\t\t<\/div>\n\t\t\t\t<div class=\"elementor-element elementor-element-f9283ae elementor-widget elementor-widget-text-editor\" data-id=\"f9283ae\" data-element_type=\"widget\" data-widget_type=\"text-editor.default\">\n\t\t\t\t<div class=\"elementor-widget-container\">\n\t\t\t\t\t\t\t\t\tSe requiere que los estudiantes mantengan un progreso acad\u00e9mico satisfactorio mientras est\u00e1n inscritos en la escuela. No mantener un progreso acad\u00e9mico satisfactorio podr\u00eda traer como consecuencia la inelegibilidad para la Ayuda Federal para Estudiantes. La informaci\u00f3n sobre el progreso acad\u00e9mico satisfactorio se encuentra en el cat\u00e1logo de la escuela.\t\t\t\t\t\t\t\t<\/div>\n\t\t\t\t<\/div>\n\t\t\t\t<div class=\"elementor-element elementor-element-aeae194 elementor-widget elementor-widget-heading\" data-id=\"aeae194\" data-element_type=\"widget\" data-widget_type=\"heading.default\">\n\t\t\t\t<div class=\"elementor-widget-container\">\n\t\t\t\t\t<h2 class=\"elementor-heading-title elementor-size-default\">Gesti\u00f3n de pr\u00e9stamos\nde ayuda financiera<\/h2>\t\t\t\t<\/div>\n\t\t\t\t<\/div>\n\t\t\t\t<div class=\"elementor-element elementor-element-50ce5ee elementor-widget elementor-widget-text-editor\" data-id=\"50ce5ee\" data-element_type=\"widget\" data-widget_type=\"text-editor.default\">\n\t\t\t\t<div class=\"elementor-widget-container\">\n\t\t\t\t\t\t\t\t\t<p>Se exige que cada estudiante prestatario por primera vez complete la asesor\u00eda de ingreso al pr\u00e9stamo individualmente, en grupo o en l\u00ednea. La entrevista incluir\u00e1:<\/p><ul><li>Una explicaci\u00f3n del uso de un pagar\u00e9 maestro (MPN),<\/li><li>La importancia de la obligaci\u00f3n de reembolso,<\/li><li>Una descripci\u00f3n de las consecuencias del incumplimiento,<\/li><li>Ejemplos de programas de pago,<\/li><li>Informaci\u00f3n en referencia a los derechos y responsabilidades del prestatario as\u00ed como otros t\u00e9rminos y condiciones,<\/li><\/ul><p>\u00a0<\/p><p>Los futuros graduados, los estudiantes que se retiren oficialmente o los estudiantes que dejen de asistir al menos a medio tiempo deber\u00e1n completar la sesi\u00f3n de asesor\u00eda de salida.<\/p><p>Los estudiantes que abandonen la escuela sin asistir a una sesi\u00f3n de asesor\u00eda de salida recibir\u00e1n un paquete de asesor\u00eda de salida enviado por correo por el campus. La asesor\u00eda de salida aborda temas como el requisito de pagar el pr\u00e9stamo, los planes de pago, la actualizaci\u00f3n de la informaci\u00f3n de contacto y demogr\u00e1fica y las consecuencias del incumplimiento. Consulte la secci\u00f3n Asesor\u00eda de salida de pr\u00e9stamos de ayuda financiera a continuaci\u00f3n para obtener informaci\u00f3n adicional.<\/p>\t\t\t\t\t\t\t\t<\/div>\n\t\t\t\t<\/div>\n\t\t\t\t\t<\/div>\n\t\t\t\t<\/div>\n\t\t<div class=\"elementor-element elementor-element-bf215bc e-flex e-con-boxed e-con e-parent\" data-id=\"bf215bc\" data-element_type=\"container\">\n\t\t\t\t\t<div class=\"e-con-inner\">\n\t\t\t\t<div class=\"elementor-element elementor-element-63df179 elementor-widget elementor-widget-heading\" data-id=\"63df179\" data-element_type=\"widget\" data-widget_type=\"heading.default\">\n\t\t\t\t<div class=\"elementor-widget-container\">\n\t\t\t\t\t<h2 class=\"elementor-heading-title elementor-size-default\">Obligaci\u00f3n de reembolso\ndel pr\u00e9stamo y opciones de reembolso<\/h2>\t\t\t\t<\/div>\n\t\t\t\t<\/div>\n\t\t\t\t<div class=\"elementor-element elementor-element-4a68507 elementor-widget elementor-widget-text-editor\" data-id=\"4a68507\" data-element_type=\"widget\" data-widget_type=\"text-editor.default\">\n\t\t\t\t<div class=\"elementor-widget-container\">\n\t\t\t\t\t\t\t\t\t<p>Los estudiantes que reciben pr\u00e9stamos estudiantiles federales firman un pagar\u00e9 maestro (MPN) que establece que el estudiante est\u00e1 obligado a reembolsar los fondos del pr\u00e9stamo estudiantil independientemente de la graduaci\u00f3n del estudiante, el retiro de la escuela o la imposibilidad de obtener un empleo.<\/p><p>El programa Federal Direct Stafford Loan ofrece a los estudiantes muchas opciones de pago diferentes. Los estudiantes son responsables de seleccionar el plan de pago apropiado que se adapte a sus necesidades. La Oficina de Ayuda Financiera de la instituci\u00f3n est\u00e1 disponible para revisar las diferentes opciones de pago.<\/p><p>Si en cualquier momento un estudiante se atrasa en un pr\u00e9stamo, es responsabilidad del estudiante comunicarse con la escuela o el prestamista para determinar qu\u00e9 opciones est\u00e1n disponibles para el estudiante.<\/p><p>\u00a0<\/p><ul><li><span style=\"text-decoration: underline;\"><a role=\"link\" href=\"https:\/\/atlantisuniversity.edu\/es\/informacion-para-el-estudiante\/\" target=\"_blank\" rel=\"noopener noreferrer\">Asesor\u00eda de entrada a pr\u00e9stamos de ayuda financiera<\/a><\/span><\/li><li><span style=\"text-decoration: underline;\"><a role=\"link\" href=\"https:\/\/atlantisuniversity.edu\/es\/informacion-para-el-estudiante\/\" target=\"_blank\" rel=\"noopener noreferrer\">Asesor\u00eda de salida de pr\u00e9stamos de ayuda financiera<\/a><\/span><\/li><li><span style=\"text-decoration: underline;\"><a role=\"link\" href=\"https:\/\/atlantisuniversity.edu\/es\/informacion-para-el-estudiante\/\" target=\"_blank\" rel=\"noopener noreferrer\">Aplazamientos de pr\u00e9stamos para prestatarios<\/a><\/span><\/li><li><span style=\"text-decoration: underline;\"><a role=\"link\" href=\"https:\/\/atlantisuniversity.edu\/es\/informacion-para-el-estudiante\/\" target=\"_blank\" rel=\"noopener noreferrer\">Aplazamientos de pr\u00e9stamos para determinadas personas<\/a><\/span><\/li><\/ul>\t\t\t\t\t\t\t\t<\/div>\n\t\t\t\t<\/div>\n\t\t\t\t<div class=\"elementor-element elementor-element-2762341 elementor-widget elementor-widget-heading\" data-id=\"2762341\" data-element_type=\"widget\" data-widget_type=\"heading.default\">\n\t\t\t\t<div class=\"elementor-widget-container\">\n\t\t\t\t\t<h2 class=\"elementor-heading-title elementor-size-default\">Gesti\u00f3n de pr\u00e9stamos de ayuda financiera<\/h2>\t\t\t\t<\/div>\n\t\t\t\t<\/div>\n\t\t\t\t<div class=\"elementor-element elementor-element-ed73530 elementor-widget elementor-widget-text-editor\" data-id=\"ed73530\" data-element_type=\"widget\" data-widget_type=\"text-editor.default\">\n\t\t\t\t<div class=\"elementor-widget-container\">\n\t\t\t\t\t\t\t\t\t<p><span style=\"text-decoration: underline;\"><a role=\"link\" href=\"https:\/\/nslds.ed.gov\/npas\/index.htm\" target=\"_blank\" rel=\"noopener noreferrer\">Sistema Nacional de Datos de Pr\u00e9stamos para Estudiantes<\/a>. <\/span>El (NSLDS) es la base de datos central del Departamento de Educaci\u00f3n de los EE. UU. sobre la ayuda federal para estudiantes.<\/p><p>Las escuelas, las agencias de garant\u00eda, el programa de pr\u00e9stamos del Direct Loan Program, el programa de becas Pell y otros programas del Departamento de Educaci\u00f3n env\u00edan al NSLDS informaci\u00f3n sobre ayuda financiera para estudiantes.<\/p><p>NSLDS Student Access proporciona una vista centralizada e integrada de los pr\u00e9stamos y subvenciones de la Ayuda Federal para Estudiantes para que los destinatarios de los fondos de estos programas puedan acceder y consultar sobre los datos de los pr\u00e9stamos y\/o subvenciones de la Ayuda Federal para Estudiantes.<\/p><p>Una vez que los datos de un estudiante se informan a NSLDS, este sitio y toda la informaci\u00f3n del estudiante contenida en \u00e9l es accesible para los administradores de ayuda financiera y las agencias de garant\u00eda.<\/p><p>Adem\u00e1s, los estudiantes pueden acceder a su propia informaci\u00f3n de ayuda financiera visitando este sitio. Todos los usuarios deben iniciar sesi\u00f3n y ser usuarios autorizados. Visite the\u00a0<span style=\"text-decoration: underline;\"><a role=\"link\" href=\"https:\/\/nslds.ed.gov\/npas\/index.htm\" target=\"_blank\" rel=\"noopener noreferrer\">el sitio web del Sistema Nacional de Datos de Pr\u00e9stamos para Estudiantes.<\/a><\/span><\/p>\t\t\t\t\t\t\t\t<\/div>\n\t\t\t\t<\/div>\n\t\t\t\t\t<\/div>\n\t\t\t\t<\/div>\n\t\t<div class=\"elementor-element elementor-element-3f6cfb0 e-flex e-con-boxed e-con e-parent\" data-id=\"3f6cfb0\" data-element_type=\"container\" data-settings=\"{&quot;background_background&quot;:&quot;classic&quot;}\">\n\t\t\t\t\t<div class=\"e-con-inner\">\n\t\t\t\t<div class=\"elementor-element elementor-element-847a43d elementor-widget elementor-widget-heading\" data-id=\"847a43d\" data-element_type=\"widget\" data-widget_type=\"heading.default\">\n\t\t\t\t<div class=\"elementor-widget-container\">\n\t\t\t\t\t<h2 class=\"elementor-heading-title elementor-size-default\">Notificaci\u00f3n al Ombudsman\nde ayuda federal para estudiantes<\/h2>\t\t\t\t<\/div>\n\t\t\t\t<\/div>\n\t\t\t\t<div class=\"elementor-element elementor-element-d0fc4ad elementor-widget elementor-widget-text-editor\" data-id=\"d0fc4ad\" data-element_type=\"widget\" data-widget_type=\"text-editor.default\">\n\t\t\t\t<div class=\"elementor-widget-container\">\n\t\t\t\t\t\t\t\t\t<p>Los estudiantes deben comunicarse con el administrador de ayuda financiera de la instituci\u00f3n si tienen preguntas o inquietudes con respecto a los pr\u00e9stamos federales con subsidio directo o sin subsidio.<\/p><p>Si existe una situaci\u00f3n que un administrador de ayuda financiera no puede resolver, los estudiantes deben seguir los procedimientos del cat\u00e1logo de la instituci\u00f3n con respecto a la resoluci\u00f3n de problemas.<\/p><p>Tambi\u00e9n est\u00e1 disponible la Oficina del Ombudsman del Departamento de Educaci\u00f3n de EE. UU. para asuntos relacionados con pr\u00e9stamos estudiantiles. El Ombudsman opera como una parte neutral e informalmente investiga e intenta resolver el problema de un prestatario.<\/p><p>Los estudiantes prestatarios pueden comunicarse con la Oficina del Ombudsman por los siguientes medios:<\/p><ul><li>Para asistencia en l\u00ednea, visitar\u00a0<span style=\"text-decoration: underline; color: #ffffff;\"><a style=\"color: #ffffff; text-decoration: underline;\" role=\"link\" href=\"https:\/\/studentaid.gov\/feedback-ombudsman\/disputes\/prepare\" target=\"_blank\" rel=\"noopener noreferrer\">el sitio web de Ayuda Federal para Estudiantes.<\/a><\/span><\/li><li>Toll-Free Telephone: 1.877.557.2575 Fax: 1.202.275.0549<\/li><li>Mail: U.S. Department of Education, FSA Ombudsman, 830 First Street N.E., Washington, D.C. 20202.<\/li><\/ul>\t\t\t\t\t\t\t\t<\/div>\n\t\t\t\t<\/div>\n\t\t\t\t<div class=\"elementor-element elementor-element-605e926 elementor-widget elementor-widget-heading\" data-id=\"605e926\" data-element_type=\"widget\" data-widget_type=\"heading.default\">\n\t\t\t\t<div class=\"elementor-widget-container\">\n\t\t\t\t\t<h2 class=\"elementor-heading-title elementor-size-default\">Informaci\u00f3n al consumidor de EE. UU.\n<\/h2>\t\t\t\t<\/div>\n\t\t\t\t<\/div>\n\t\t\t\t<div class=\"elementor-element elementor-element-57a4b1c elementor-widget elementor-widget-text-editor\" data-id=\"57a4b1c\" data-element_type=\"widget\" data-widget_type=\"text-editor.default\">\n\t\t\t\t<div class=\"elementor-widget-container\">\n\t\t\t\t\t\t\t\t\t<p>Los estudiantes y el personal de ayuda financiera deben consultar los sitios web del Departamento de Educaci\u00f3n de EE. UU. para obtener informaci\u00f3n sobre las regulaciones, los requisitos y la solicitud de Ayuda Federal para Estudiantes. No hay tarifa de usuario por usar los sitios de Ayuda Financiera.<\/p><ul><li><span style=\"text-decoration: underline; color: #ffffff;\"><a style=\"color: #ffffff; text-decoration: underline;\" role=\"link\" href=\"https:\/\/www.ed.gov\/\" target=\"_blank\" rel=\"noopener noreferrer\">Para obtener m\u00e1s informaci\u00f3n, visite el sitio web del Departamento de Educaci\u00f3n de los Estados Unidos de Am\u00e9rica.<\/a><\/span><\/li><li><a role=\"link\" href=\"https:\/\/studentaid.gov\/h\/apply-for-aid\/fafsa\" target=\"_blank\" rel=\"noopener noreferrer\"><span style=\"text-decoration: underline; color: #ffffff;\">Para solicitar la Ayuda Federal para Estudiantes, visite el sitio web.<\/span><\/a><\/li><\/ul>\t\t\t\t\t\t\t\t<\/div>\n\t\t\t\t<\/div>\n\t\t\t\t\t<\/div>\n\t\t\t\t<\/div>\n\t\t\t\t<\/div>\n\t\t","protected":false},"excerpt":{"rendered":"<p>Emergency management framework In the event of an emergency that directly affects Atlantis University, all students and employees will be notified by telephone, e-mail and the School website. CONT\u00c1CTANOS El Departamento de Educaci\u00f3n de EE. UU. exige que las instituciones divulguen determinada informaci\u00f3n por programa, que incluye: ocupaciones para las que el programa prepara a [&hellip;]<\/p>\n","protected":false},"author":23,"featured_media":0,"parent":0,"menu_order":0,"comment_status":"closed","ping_status":"closed","template":"","meta":{"_acf_changed":false,"_et_pb_use_builder":"on","_et_pb_old_content":"","_et_gb_content_width":"","footnotes":""},"class_list":["post-234227","page","type-page","status-publish","hentry"],"acf":[],"_links":{"self":[{"href":"https:\/\/atlantisuniversity.edu\/es\/wp-json\/wp\/v2\/pages\/234227"}],"collection":[{"href":"https:\/\/atlantisuniversity.edu\/es\/wp-json\/wp\/v2\/pages"}],"about":[{"href":"https:\/\/atlantisuniversity.edu\/es\/wp-json\/wp\/v2\/types\/page"}],"author":[{"embeddable":true,"href":"https:\/\/atlantisuniversity.edu\/es\/wp-json\/wp\/v2\/users\/23"}],"replies":[{"embeddable":true,"href":"https:\/\/atlantisuniversity.edu\/es\/wp-json\/wp\/v2\/comments?post=234227"}],"version-history":[{"count":0,"href":"https:\/\/atlantisuniversity.edu\/es\/wp-json\/wp\/v2\/pages\/234227\/revisions"}],"wp:attachment":[{"href":"https:\/\/atlantisuniversity.edu\/es\/wp-json\/wp\/v2\/media?parent=234227"}],"curies":[{"name":"wp","href":"https:\/\/api.w.org\/{rel}","templated":true}]}}