{"id":234229,"date":"2021-10-06T16:52:12","date_gmt":"2021-10-06T20:52:12","guid":{"rendered":"https:\/\/atlantisuniversity.edu\/graduation-rates-and-transfer-out-rates\/"},"modified":"2024-11-20T17:26:57","modified_gmt":"2024-11-20T22:26:57","slug":"tasas-de-graduacion-y-de-transferencia-a-otras-instituciones","status":"publish","type":"page","link":"https:\/\/atlantisuniversity.edu\/es\/tasas-de-graduacion-y-de-transferencia-a-otras-instituciones\/","title":{"rendered":"Tasas de graduaci\u00f3n y de transferencia a otras instituciones"},"content":{"rendered":"\t\t<div data-elementor-type=\"wp-page\" data-elementor-id=\"234229\" class=\"elementor elementor-234229 elementor-229396\" data-elementor-post-type=\"page\">\n\t\t\t\t<div class=\"elementor-element elementor-element-30d4ad6 e-flex e-con-boxed e-con e-parent\" data-id=\"30d4ad6\" data-element_type=\"container\" data-settings=\"{&quot;background_background&quot;:&quot;classic&quot;}\">\n\t\t\t\t\t<div class=\"e-con-inner\">\n\t\t<div class=\"elementor-element elementor-element-7f46754 e-con-full e-flex e-con e-child\" data-id=\"7f46754\" data-element_type=\"container\">\n\t\t\t\t<div class=\"elementor-element elementor-element-ebb0b54 elementor-widget elementor-widget-heading\" data-id=\"ebb0b54\" data-element_type=\"widget\" data-widget_type=\"heading.default\">\n\t\t\t\t<div class=\"elementor-widget-container\">\n\t\t\t\t\t<h1 class=\"elementor-heading-title elementor-size-default\">Tasas de graduaci\u00f3n y de transferencia a otras instituciones<\/h1>\t\t\t\t<\/div>\n\t\t\t\t<\/div>\n\t\t\t\t<div class=\"elementor-element elementor-element-b6d93a9 elementor-widget elementor-widget-button\" data-id=\"b6d93a9\" data-element_type=\"widget\" data-widget_type=\"button.default\">\n\t\t\t\t<div class=\"elementor-widget-container\">\n\t\t\t\t\t\t\t\t\t<div class=\"elementor-button-wrapper\">\n\t\t\t\t\t<a class=\"elementor-button elementor-button-link elementor-size-sm\" href=\"https:\/\/atlantisuniversity.edu\/es\/contactanos\/\">\n\t\t\t\t\t\t<span class=\"elementor-button-content-wrapper\">\n\t\t\t\t\t\t\t\t\t<span class=\"elementor-button-text\">CONT\u00c1CTANOS<\/span>\n\t\t\t\t\t<\/span>\n\t\t\t\t\t<\/a>\n\t\t\t\t<\/div>\n\t\t\t\t\t\t\t\t<\/div>\n\t\t\t\t<\/div>\n\t\t\t\t<\/div>\n\t\t\t\t\t<\/div>\n\t\t\t\t<\/div>\n\t\t<div class=\"elementor-element elementor-element-3472af0 e-flex e-con-boxed e-con e-parent\" data-id=\"3472af0\" data-element_type=\"container\" data-settings=\"{&quot;background_background&quot;:&quot;classic&quot;}\">\n\t\t\t\t\t<div class=\"e-con-inner\">\n\t\t\t\t<div class=\"elementor-element elementor-element-40488ee elementor-widget elementor-widget-text-editor\" data-id=\"40488ee\" data-element_type=\"widget\" data-widget_type=\"text-editor.default\">\n\t\t\t\t<div class=\"elementor-widget-container\">\n\t\t\t\t\t\t\t\t\t<p>El Departamento de Educaci\u00f3n de Estados Unidos y su agencia acreditadora ACCSC (\u201cAccrediting Commission of Career Schools and Colleges \u201d) le solicita a Atlantis University que entregue un informe con los datos de graduaci\u00f3n de sus estudiantes. Esta informaci\u00f3n se obtiene al seguir un protocolo espec\u00edfico de reglas, que ha sido establecido por las agencias reguladoras de la instituci\u00f3n.<\/p><p>La informaci\u00f3n expuesta en los siguientes informes demuestra las tasas de graduaci\u00f3n, terminaci\u00f3n y transferencias por cada a\u00f1o particular, dej\u00e1ndose llevar por el a\u00f1o acad\u00e9mico m\u00e1s reciente que haya culminado.<\/p><p>La informaci\u00f3n se divide por grupo \u00e9tinico\/nacionalidad dentro de cada grupo demogr\u00e1fico que est\u00e9 matriculado en un grado (\u201dAssociate\u2019s\u201d, \u201cBachelor\u2019s\u201d), posgrado (\u201cMaster\u2019s\u201d) o en otro programa certificado equivalente dentro de un 150%.<\/p><p>El porcentaje final que se reporta tambi\u00e9n incluye la tasa de graduaci\u00f3n para cada grupo particular.<\/p>\t\t\t\t\t\t\t\t<\/div>\n\t\t\t\t<\/div>\n\t\t<div class=\"elementor-element elementor-element-be2ffbc e-flex e-con-boxed e-con e-child\" data-id=\"be2ffbc\" data-element_type=\"container\">\n\t\t\t\t\t<div class=\"e-con-inner\">\n\t\t\t\t<div class=\"elementor-element elementor-element-0c9d34e elementor-widget__width-initial elementor-widget elementor-widget-counter\" data-id=\"0c9d34e\" data-element_type=\"widget\" data-widget_type=\"counter.default\">\n\t\t\t\t<div class=\"elementor-widget-container\">\n\t\t\t\t\t\t\t<div class=\"elementor-counter\">\n\t\t\t<p class=\"elementor-counter-title\"><p style=\"line-height:1em;color:white;padding-top:20px;text-align:center\">Programas acad\u00e9micos<\/p><\/p>\t\t\t<div class=\"elementor-counter-number-wrapper\">\n\t\t\t\t<span class=\"elementor-counter-number-prefix\"><\/span>\n\t\t\t\t<span class=\"elementor-counter-number\" data-duration=\"2000\" data-to-value=\"31\" data-from-value=\"0\" data-delimiter=\",\">0<\/span>\n\t\t\t\t<span class=\"elementor-counter-number-suffix\"><\/span>\n\t\t\t<\/div>\n\t\t<\/div>\n\t\t\t\t\t\t<\/div>\n\t\t\t\t<\/div>\n\t\t\t\t<div class=\"elementor-element elementor-element-9c4cf53 elementor-widget__width-initial elementor-widget elementor-widget-counter\" data-id=\"9c4cf53\" data-element_type=\"widget\" data-widget_type=\"counter.default\">\n\t\t\t\t<div class=\"elementor-widget-container\">\n\t\t\t\t\t\t\t<div class=\"elementor-counter\">\n\t\t\t<p class=\"elementor-counter-title\"><p style=\"line-height:1em;color:white;padding-top:20px;text-align:center\">Tasa de Graduacion<\/p><\/p>\t\t\t<div class=\"elementor-counter-number-wrapper\">\n\t\t\t\t<span class=\"elementor-counter-number-prefix\"><\/span>\n\t\t\t\t<span class=\"elementor-counter-number\" data-duration=\"2000\" data-to-value=\"71\" data-from-value=\"0\" data-delimiter=\",\">0<\/span>\n\t\t\t\t<span class=\"elementor-counter-number-suffix\">%<\/span>\n\t\t\t<\/div>\n\t\t<\/div>\n\t\t\t\t\t\t<\/div>\n\t\t\t\t<\/div>\n\t\t\t\t<div class=\"elementor-element elementor-element-e006d59 elementor-widget__width-initial elementor-widget elementor-widget-counter\" data-id=\"e006d59\" data-element_type=\"widget\" data-widget_type=\"counter.default\">\n\t\t\t\t<div class=\"elementor-widget-container\">\n\t\t\t\t\t\t\t<div class=\"elementor-counter\">\n\t\t\t<p class=\"elementor-counter-title\"><p style=\"line-height:1em;color:white;padding-top:20px;text-align:center\">Tasa de empleabilidad<\/p><\/p>\t\t\t<div class=\"elementor-counter-number-wrapper\">\n\t\t\t\t<span class=\"elementor-counter-number-prefix\"><\/span>\n\t\t\t\t<span class=\"elementor-counter-number\" data-duration=\"2000\" data-to-value=\"78\" data-from-value=\"0\" data-delimiter=\",\">0<\/span>\n\t\t\t\t<span class=\"elementor-counter-number-suffix\">%<\/span>\n\t\t\t<\/div>\n\t\t<\/div>\n\t\t\t\t\t\t<\/div>\n\t\t\t\t<\/div>\n\t\t\t\t<div class=\"elementor-element elementor-element-ed640bd elementor-widget__width-initial elementor-widget elementor-widget-counter\" data-id=\"ed640bd\" data-element_type=\"widget\" data-widget_type=\"counter.default\">\n\t\t\t\t<div class=\"elementor-widget-container\">\n\t\t\t\t\t\t\t<div class=\"elementor-counter\">\n\t\t\t<p class=\"elementor-counter-title\"><p style=\"line-height:1em;color:white;padding-top:20px;text-align:center\">Estudiantes de Posgrado<\/p><\/p>\t\t\t<div class=\"elementor-counter-number-wrapper\">\n\t\t\t\t<span class=\"elementor-counter-number-prefix\"><\/span>\n\t\t\t\t<span class=\"elementor-counter-number\" data-duration=\"2000\" data-to-value=\"69\" data-from-value=\"0\" data-delimiter=\",\">0<\/span>\n\t\t\t\t<span class=\"elementor-counter-number-suffix\">%<\/span>\n\t\t\t<\/div>\n\t\t<\/div>\n\t\t\t\t\t\t<\/div>\n\t\t\t\t<\/div>\n\t\t\t\t<div class=\"elementor-element elementor-element-3429b2b elementor-widget__width-initial elementor-widget elementor-widget-counter\" data-id=\"3429b2b\" data-element_type=\"widget\" data-widget_type=\"counter.default\">\n\t\t\t\t<div class=\"elementor-widget-container\">\n\t\t\t\t\t\t\t<div class=\"elementor-counter\">\n\t\t\t<p class=\"elementor-counter-title\"><p style=\"line-height:1em;color:white;padding-top:20px;text-align:center\">Estudiantes de Pregrado<\/p><\/p>\t\t\t<div class=\"elementor-counter-number-wrapper\">\n\t\t\t\t<span class=\"elementor-counter-number-prefix\"><\/span>\n\t\t\t\t<span class=\"elementor-counter-number\" data-duration=\"2000\" data-to-value=\"31\" data-from-value=\"0\" data-delimiter=\",\">0<\/span>\n\t\t\t\t<span class=\"elementor-counter-number-suffix\">%<\/span>\n\t\t\t<\/div>\n\t\t<\/div>\n\t\t\t\t\t\t<\/div>\n\t\t\t\t<\/div>\n\t\t\t\t\t<\/div>\n\t\t\t\t<\/div>\n\t\t\t\t<div class=\"elementor-element elementor-element-10cfdf1 elementor-widget elementor-widget-text-editor\" data-id=\"10cfdf1\" data-element_type=\"widget\" data-widget_type=\"text-editor.default\">\n\t\t\t\t<div class=\"elementor-widget-container\">\n\t\t\t\t\t\t\t\t\t<p>* Fuente: Seg\u00fan lo informado a ACCSC \u2013 La Comisi\u00f3n de Acreditaci\u00f3n de Escuelas y Colegios Profesionales en el<br \/>Informe Anual 2024<br \/>* Se muestran porcentajes para tasa de graduaci\u00f3n, tasa de empleo, estudiantes de posgrado y pregrado.<br \/>Los estudiantes se toman como un promedio de toda la poblaci\u00f3n reportada en el Informe Anual 2023 de ACCSC<\/p>\t\t\t\t\t\t\t\t<\/div>\n\t\t\t\t<\/div>\n\t\t\t\t<div class=\"elementor-element elementor-element-5999d14 elementor-widget elementor-widget-heading\" data-id=\"5999d14\" data-element_type=\"widget\" data-widget_type=\"heading.default\">\n\t\t\t\t<div class=\"elementor-widget-container\">\n\t\t\t\t\t<h1 class=\"elementor-heading-title elementor-size-default\">Tasa\nde graduaci\u00f3n<\/h1>\t\t\t\t<\/div>\n\t\t\t\t<\/div>\n\t\t\t\t<div class=\"elementor-element elementor-element-ef12559 elementor-widget elementor-widget-text-editor\" data-id=\"ef12559\" data-element_type=\"widget\" data-widget_type=\"text-editor.default\">\n\t\t\t\t<div class=\"elementor-widget-container\">\n\t\t\t\t\t\t\t\t\tEstas son las cifras oficiales de la universidad que reflejan el porcentaje de graduaci\u00f3n para cada grupo, durante el per\u00edodo del informe. Este c\u00e1lculo contempla el porcentaje de estudiantes que se grad\u00faan de un programa de grado dentro de un 150% de la duraci\u00f3n del curso indicado. Esta cifra excluye las siguientes categor\u00edas de estudiantes: fallecimientos; encarcelamientos; activaci\u00f3n del servicio militar; condiciones m\u00e9dicas que limitan o evitan la b\u00fasqueda de empleo; o estudiantes internacionales que est\u00e9n sujetos a una visa (de estudios o trabajo) y que no sean elegibles para trabajar en Estados Unidos tras su graduaci\u00f3n.\t\t\t\t\t\t\t\t<\/div>\n\t\t\t\t<\/div>\n\t\t\t\t<div class=\"elementor-element elementor-element-872fd70 elementor-widget elementor-widget-heading\" data-id=\"872fd70\" data-element_type=\"widget\" data-widget_type=\"heading.default\">\n\t\t\t\t<div class=\"elementor-widget-container\">\n\t\t\t\t\t<h1 class=\"elementor-heading-title elementor-size-default\">Tasa de\nempleo<\/h1>\t\t\t\t<\/div>\n\t\t\t\t<\/div>\n\t\t\t\t<div class=\"elementor-element elementor-element-efccec6 elementor-widget elementor-widget-text-editor\" data-id=\"efccec6\" data-element_type=\"widget\" data-widget_type=\"text-editor.default\">\n\t\t\t\t<div class=\"elementor-widget-container\">\n\t\t\t\t\t\t\t\t\t<p>Se refiere a las cifras oficiales de la universidad que reflejan el porcentaje de empleo obtenido para cada grupo, durante el per\u00edodo de vigencia del informe. La tasa oficial de empleo de la instituci\u00f3n es la que utiliza para determinar si se cumplen o no los requisitos necesarios para la acreditaci\u00f3n. La tasa de empleo contempla lo siguiente:<\/p><div><ul><li>Disponibilidad para el empleo: La cantidad total de estudiantes que se encuentran disponibles para solicitar un trabajo.<\/li><li>Graduados que continuar\u00e1n sus estudios: La cantidad total de estudiantes graduados que continuar\u00e1n con su educaci\u00f3n en una instituci\u00f3n acreditada de estudios de posgrado.<\/li><li>Graduados con empleos en sus industrias: La cantidad total de estudiantes graduados que hayan obtenido un trabajo dentro de la industria particular de su programa.<\/li><li>Graduados con empleos en otras industrias: La cantidad total de estudiantes graduados que hayan obtenido un trabajo en una industria distinta a la de su programa.<\/li><li>Graduados desempleados: La cantidad de estudiantes graduados sin empleo.<\/li><li>Graduados sin informaci\u00f3n: Cuando se desconoce el estado de empleo de los estudiantes graduados.<\/li><\/ul><\/div>\t\t\t\t\t\t\t\t<\/div>\n\t\t\t\t<\/div>\n\t\t\t\t\t<\/div>\n\t\t\t\t<\/div>\n\t\t<div class=\"elementor-element elementor-element-418522b e-flex e-con-boxed e-con e-parent\" data-id=\"418522b\" data-element_type=\"container\" data-settings=\"{&quot;background_background&quot;:&quot;classic&quot;}\">\n\t\t\t\t\t<div class=\"e-con-inner\">\n\t\t\t\t<div class=\"elementor-element elementor-element-b0249ec elementor-widget elementor-widget-heading\" data-id=\"b0249ec\" data-element_type=\"widget\" data-widget_type=\"heading.default\">\n\t\t\t\t<div class=\"elementor-widget-container\">\n\t\t\t\t\t<h2 class=\"elementor-heading-title elementor-size-default\">Per\u00edodo de informe: 2023<\/h2>\t\t\t\t<\/div>\n\t\t\t\t<\/div>\n\t\t\t\t<div class=\"elementor-element elementor-element-ceb6ae7 elementor-widget elementor-widget-text-editor\" data-id=\"ceb6ae7\" data-element_type=\"widget\" data-widget_type=\"text-editor.default\">\n\t\t\t\t<div class=\"elementor-widget-container\">\n\t\t\t\t\t\t\t\t\tComo se inform\u00f3 a ACCSC, la Comisi\u00f3n de Acreditaci\u00f3n de Escuelas Profesionales y Universidades en el Informe Anual de 2023\t\t\t\t\t\t\t\t<\/div>\n\t\t\t\t<\/div>\n\t\t\t\t<div class=\"elementor-element elementor-element-76b20c5 elementor-widget elementor-widget-button\" data-id=\"76b20c5\" data-element_type=\"widget\" data-widget_type=\"button.default\">\n\t\t\t\t<div class=\"elementor-widget-container\">\n\t\t\t\t\t\t\t\t\t<div class=\"elementor-button-wrapper\">\n\t\t\t\t\t<a class=\"elementor-button elementor-button-link elementor-size-sm\" href=\"https:\/\/atlantisuniversity.edu\/wp-content\/uploads\/2023\/12\/2023-Graduation-and-Employment-Rates-Website.pdf\">\n\t\t\t\t\t\t<span class=\"elementor-button-content-wrapper\">\n\t\t\t\t\t\t\t\t\t<span class=\"elementor-button-text\">DOWNLOAD THE 2023 G&E RATES<\/span>\n\t\t\t\t\t<\/span>\n\t\t\t\t\t<\/a>\n\t\t\t\t<\/div>\n\t\t\t\t\t\t\t\t<\/div>\n\t\t\t\t<\/div>\n\t\t\t\t\t<\/div>\n\t\t\t\t<\/div>\n\t\t\t\t<\/div>\n\t\t","protected":false},"excerpt":{"rendered":"<p>Tasas de graduaci\u00f3n y de transferencia a otras instituciones CONT\u00c1CTANOS El Departamento de Educaci\u00f3n de Estados Unidos y su agencia acreditadora ACCSC (\u201cAccrediting Commission of Career Schools and Colleges \u201d) le solicita a Atlantis University que entregue un informe con los datos de graduaci\u00f3n de sus estudiantes. Esta informaci\u00f3n se obtiene al seguir un protocolo [&hellip;]<\/p>\n","protected":false},"author":23,"featured_media":0,"parent":0,"menu_order":0,"comment_status":"closed","ping_status":"closed","template":"","meta":{"_acf_changed":false,"_et_pb_use_builder":"on","_et_pb_old_content":"","_et_gb_content_width":"","footnotes":""},"class_list":["post-234229","page","type-page","status-publish","hentry"],"acf":[],"_links":{"self":[{"href":"https:\/\/atlantisuniversity.edu\/es\/wp-json\/wp\/v2\/pages\/234229"}],"collection":[{"href":"https:\/\/atlantisuniversity.edu\/es\/wp-json\/wp\/v2\/pages"}],"about":[{"href":"https:\/\/atlantisuniversity.edu\/es\/wp-json\/wp\/v2\/types\/page"}],"author":[{"embeddable":true,"href":"https:\/\/atlantisuniversity.edu\/es\/wp-json\/wp\/v2\/users\/23"}],"replies":[{"embeddable":true,"href":"https:\/\/atlantisuniversity.edu\/es\/wp-json\/wp\/v2\/comments?post=234229"}],"version-history":[{"count":3,"href":"https:\/\/atlantisuniversity.edu\/es\/wp-json\/wp\/v2\/pages\/234229\/revisions"}],"predecessor-version":[{"id":267996,"href":"https:\/\/atlantisuniversity.edu\/es\/wp-json\/wp\/v2\/pages\/234229\/revisions\/267996"}],"wp:attachment":[{"href":"https:\/\/atlantisuniversity.edu\/es\/wp-json\/wp\/v2\/media?parent=234229"}],"curies":[{"name":"wp","href":"https:\/\/api.w.org\/{rel}","templated":true}]}}