{"id":234308,"date":"2021-10-06T15:18:50","date_gmt":"2021-10-06T19:18:50","guid":{"rendered":"https:\/\/atlantisuniversity.edu\/campus-safety-and-security-report\/"},"modified":"2024-05-13T18:12:41","modified_gmt":"2024-05-13T22:12:41","slug":"informe-de-seguridad-y-proteccion-del-campus","status":"publish","type":"page","link":"https:\/\/atlantisuniversity.edu\/es\/informe-de-seguridad-y-proteccion-del-campus\/","title":{"rendered":"Informe de seguridad y protecci\u00f3n del campus"},"content":{"rendered":"\t\t<div data-elementor-type=\"wp-page\" data-elementor-id=\"234308\" class=\"elementor elementor-234308 elementor-229317\" data-elementor-post-type=\"page\">\n\t\t\t\t<div class=\"elementor-element elementor-element-c34be14 e-flex e-con-boxed e-con e-parent\" data-id=\"c34be14\" data-element_type=\"container\" data-settings=\"{&quot;background_background&quot;:&quot;classic&quot;}\">\n\t\t\t\t\t<div class=\"e-con-inner\">\n\t\t<div class=\"elementor-element elementor-element-822b36f e-con-full e-flex e-con e-child\" data-id=\"822b36f\" data-element_type=\"container\">\n\t\t\t\t<div class=\"elementor-element elementor-element-54a0b82 elementor-widget elementor-widget-heading\" data-id=\"54a0b82\" data-element_type=\"widget\" data-widget_type=\"heading.default\">\n\t\t\t\t<div class=\"elementor-widget-container\">\n\t\t\t\t\t<h1 class=\"elementor-heading-title elementor-size-default\">Informe de seguridad\ny protecci\u00f3n del campus<\/h1>\t\t\t\t<\/div>\n\t\t\t\t<\/div>\n\t\t\t\t<div class=\"elementor-element elementor-element-4bd99b3 elementor-widget elementor-widget-text-editor\" data-id=\"4bd99b3\" data-element_type=\"widget\" data-widget_type=\"text-editor.default\">\n\t\t\t\t<div class=\"elementor-widget-container\">\n\t\t\t\t\t\t\t\t\tUna gu\u00eda para mantenerte seguro en Atlantis University\t\t\t\t\t\t\t\t<\/div>\n\t\t\t\t<\/div>\n\t\t\t\t<\/div>\n\t\t<div class=\"elementor-element elementor-element-c02541b e-con-full e-flex e-con e-child\" data-id=\"c02541b\" data-element_type=\"container\">\n\t\t\t\t<\/div>\n\t\t\t\t\t<\/div>\n\t\t\t\t<\/div>\n\t\t<div class=\"elementor-element elementor-element-8024cbc e-flex e-con-boxed e-con e-parent\" data-id=\"8024cbc\" data-element_type=\"container\" data-settings=\"{&quot;background_background&quot;:&quot;classic&quot;}\">\n\t\t\t\t\t<div class=\"e-con-inner\">\n\t\t\t\t<div class=\"elementor-element elementor-element-415032c elementor-widget elementor-widget-text-editor\" data-id=\"415032c\" data-element_type=\"widget\" data-widget_type=\"text-editor.default\">\n\t\t\t\t<div class=\"elementor-widget-container\">\n\t\t\t\t\t\t\t\t\t<p>La Ley Federal (Ley de divulgaci\u00f3n de la pol\u00edtica de seguridad del campus y de estad\u00edsticas criminales del campus, t\u00edtulo 20 del U.S.C. secci\u00f3n 1092 (f), conocida como la \u201cLey Clery\u201d) exige que la Universidad publique un informe anual de seguridad.<\/p><p>La Ley de Seguridad del Campus (Ley P\u00fablica 102-26) exige que las instituciones de educaci\u00f3n superior divulguen el n\u00famero de casos en los que ciertos tipos espec\u00edficos de delitos han ocurrido en cualquier edificio o en cualquier instalaci\u00f3n que sea propiedad o est\u00e9 bajo el control de la instituci\u00f3n que se utilice para actividades relacionadas con el prop\u00f3sito educativo de la instituci\u00f3n y\/o cualquier edificio que sea propiedad o est\u00e9 bajo el control de organizaciones estudiantiles reconocidas por esta instituci\u00f3n.<\/p><p>En cumplimiento de esa ley, lo siguiente refleja las estad\u00edsticas de delitos de la Universidad Atlantis para el per\u00edodo comprendido entre el\u00a0<strong>1\/1\/2014 and 12\/31\/2020.<\/strong><\/p><p><strong>Nota:<\/strong><\/p><p>Para cumplir con los requisitos de informes estad\u00edsticos sobre delitos, Atlantis University proporciona un mapa del campus a los estudiantes, profesores y empleados actuales y futuros.<\/p><p>Atlantis University no tiene edificios o instalaciones fuera del campus ni \u00e1reas de propiedad p\u00fablica.<\/p><p>Las estad\u00edsticas se divulgan por separado para cada una de las cuatro categor\u00edas generales; esto significa que cuando un incidente cumple con las definiciones en m\u00e1s de una de estas cuatro categor\u00edas, debe informarse en cada categor\u00eda correspondiente.<\/p>\t\t\t\t\t\t\t\t<\/div>\n\t\t\t\t<\/div>\n\t\t\t\t<div class=\"elementor-element elementor-element-9979e6b elementor-widget elementor-widget-toggle\" data-id=\"9979e6b\" data-element_type=\"widget\" data-widget_type=\"toggle.default\">\n\t\t\t\t<div class=\"elementor-widget-container\">\n\t\t\t\t\t\t\t<div class=\"elementor-toggle\">\n\t\t\t\t\t\t\t<div class=\"elementor-toggle-item\">\n\t\t\t\t\t<h3 id=\"elementor-tab-title-1601\" class=\"elementor-tab-title\" data-tab=\"1\" role=\"button\" aria-controls=\"elementor-tab-content-1601\" aria-expanded=\"false\">\n\t\t\t\t\t\t\t\t\t\t\t\t<span class=\"elementor-toggle-icon elementor-toggle-icon-left\" aria-hidden=\"true\">\n\t\t\t\t\t\t\t\t\t\t\t\t\t\t\t<span class=\"elementor-toggle-icon-closed\"><svg class=\"e-font-icon-svg e-fas-caret-right\" viewBox=\"0 0 192 512\" xmlns=\"http:\/\/www.w3.org\/2000\/svg\"><path d=\"M0 384.662V127.338c0-17.818 21.543-26.741 34.142-14.142l128.662 128.662c7.81 7.81 7.81 20.474 0 28.284L34.142 398.804C21.543 411.404 0 402.48 0 384.662z\"><\/path><\/svg><\/span>\n\t\t\t\t\t\t\t\t<span class=\"elementor-toggle-icon-opened\"><svg class=\"elementor-toggle-icon-opened e-font-icon-svg e-fas-caret-up\" viewBox=\"0 0 320 512\" xmlns=\"http:\/\/www.w3.org\/2000\/svg\"><path d=\"M288.662 352H31.338c-17.818 0-26.741-21.543-14.142-34.142l128.662-128.662c7.81-7.81 20.474-7.81 28.284 0l128.662 128.662c12.6 12.599 3.676 34.142-14.142 34.142z\"><\/path><\/svg><\/span>\n\t\t\t\t\t\t\t\t\t\t\t\t\t<\/span>\n\t\t\t\t\t\t\t\t\t\t\t\t<a class=\"elementor-toggle-title\" tabindex=\"0\">Distribuci\u00f3n del informe anual de seguridad<\/a>\n\t\t\t\t\t<\/h3>\n\n\t\t\t\t\t<div id=\"elementor-tab-content-1601\" class=\"elementor-tab-content elementor-clearfix\" data-tab=\"1\" role=\"region\" aria-labelledby=\"elementor-tab-title-1601\"><ul><li><br \/><p><strong>\u00bfQui\u00e9n recibe el informe anual de seguridad?<\/strong><\/p><p>La Instituci\u00f3n distribuye el informe a todos los estudiantes actualmente inscritos (incluidos los que asisten menos de tiempo completo y los que no est\u00e1n inscritos en programas o cursos del T\u00edtulo IV) y a todos los empleados antes del 1 de octubre de cada a\u00f1o.<\/p><p>Los siguientes delitos penales, publicados cada a\u00f1o, a m\u00e1s tardar el 1 de octubre de cada a\u00f1o, incluyen las estad\u00edsticas de delitos que ocurrieron en el campus durante los tres a\u00f1os calendario anteriores.\u00a0<strong>Actualizado el 15\/12\/2020.<\/strong><\/p><\/li><li>\u00a0<\/li><\/ul><\/div>\n\t\t\t\t<\/div>\n\t\t\t\t\t\t\t<div class=\"elementor-toggle-item\">\n\t\t\t\t\t<h3 id=\"elementor-tab-title-1602\" class=\"elementor-tab-title\" data-tab=\"2\" role=\"button\" aria-controls=\"elementor-tab-content-1602\" aria-expanded=\"false\">\n\t\t\t\t\t\t\t\t\t\t\t\t<span class=\"elementor-toggle-icon elementor-toggle-icon-left\" aria-hidden=\"true\">\n\t\t\t\t\t\t\t\t\t\t\t\t\t\t\t<span class=\"elementor-toggle-icon-closed\"><svg class=\"e-font-icon-svg e-fas-caret-right\" viewBox=\"0 0 192 512\" xmlns=\"http:\/\/www.w3.org\/2000\/svg\"><path d=\"M0 384.662V127.338c0-17.818 21.543-26.741 34.142-14.142l128.662 128.662c7.81 7.81 7.81 20.474 0 28.284L34.142 398.804C21.543 411.404 0 402.48 0 384.662z\"><\/path><\/svg><\/span>\n\t\t\t\t\t\t\t\t<span class=\"elementor-toggle-icon-opened\"><svg class=\"elementor-toggle-icon-opened e-font-icon-svg e-fas-caret-up\" viewBox=\"0 0 320 512\" xmlns=\"http:\/\/www.w3.org\/2000\/svg\"><path d=\"M288.662 352H31.338c-17.818 0-26.741-21.543-14.142-34.142l128.662-128.662c7.81-7.81 20.474-7.81 28.284 0l128.662 128.662c12.6 12.599 3.676 34.142-14.142 34.142z\"><\/path><\/svg><\/span>\n\t\t\t\t\t\t\t\t\t\t\t\t\t<\/span>\n\t\t\t\t\t\t\t\t\t\t\t\t<a class=\"elementor-toggle-title\" tabindex=\"0\">Informe anual de seguridad<\/a>\n\t\t\t\t\t<\/h3>\n\n\t\t\t\t\t<div id=\"elementor-tab-content-1602\" class=\"elementor-tab-content elementor-clearfix\" data-tab=\"2\" role=\"region\" aria-labelledby=\"elementor-tab-title-1602\"><p>La Ley Federal (Ley de divulgaci\u00f3n de la pol\u00edtica de seguridad del campus y de estad\u00edsticas criminales del campus, t\u00edtulo 20 del U.S.C. secci\u00f3n 1092 (f), conocida como la \u201cLey Clery\u201d) exige que la universidad publique un informe anual de seguridad.<\/p><p>La Ley de Seguridad del Campus (Ley P\u00fablica 102-26) exige que las instituciones de educaci\u00f3n superior divulguen el n\u00famero de casos en los que ciertos tipos espec\u00edficos de delitos han ocurrido en cualquier edificio o en cualquier instalaci\u00f3n que sea propiedad o est\u00e9 bajo el control de la instituci\u00f3n que se utilice para actividades relacionadas con el prop\u00f3sito educativo de la instituci\u00f3n y\/o cualquier edificio que sea propiedad o est\u00e9 bajo el control de organizaciones estudiantiles reconocidas por esta instituci\u00f3n. En cumplimiento de esa ley, lo siguiente refleja las estad\u00edsticas de delitos de la Universidad Atlantis para el 12\/31\/2020.<\/p><p><span style=\"color: #ff0000;\"><strong><span style=\"text-decoration: underline;\"><a style=\"color: #ff0000; text-decoration: underline;\" role=\"link\" href=\"https:\/\/atlantisuniversity.edu\/wp-content\/uploads\/2021\/10\/2021-Campus-Safety-and-Security-Survey-Screening-Questions.pdf\" target=\"_blanck\" rel=\"noopener noreferrer\">Preguntas de detecci\u00f3n de la encuesta de seguridad y protecci\u00f3n del campus 2020<br \/>Informe anual de seguridad<\/a><\/span><\/strong><\/span><\/p><\/div>\n\t\t\t\t<\/div>\n\t\t\t\t\t\t\t<div class=\"elementor-toggle-item\">\n\t\t\t\t\t<h3 id=\"elementor-tab-title-1603\" class=\"elementor-tab-title\" data-tab=\"3\" role=\"button\" aria-controls=\"elementor-tab-content-1603\" aria-expanded=\"false\">\n\t\t\t\t\t\t\t\t\t\t\t\t<span class=\"elementor-toggle-icon elementor-toggle-icon-left\" aria-hidden=\"true\">\n\t\t\t\t\t\t\t\t\t\t\t\t\t\t\t<span class=\"elementor-toggle-icon-closed\"><svg class=\"e-font-icon-svg e-fas-caret-right\" viewBox=\"0 0 192 512\" xmlns=\"http:\/\/www.w3.org\/2000\/svg\"><path d=\"M0 384.662V127.338c0-17.818 21.543-26.741 34.142-14.142l128.662 128.662c7.81 7.81 7.81 20.474 0 28.284L34.142 398.804C21.543 411.404 0 402.48 0 384.662z\"><\/path><\/svg><\/span>\n\t\t\t\t\t\t\t\t<span class=\"elementor-toggle-icon-opened\"><svg class=\"elementor-toggle-icon-opened e-font-icon-svg e-fas-caret-up\" viewBox=\"0 0 320 512\" xmlns=\"http:\/\/www.w3.org\/2000\/svg\"><path d=\"M288.662 352H31.338c-17.818 0-26.741-21.543-14.142-34.142l128.662-128.662c7.81-7.81 20.474-7.81 28.284 0l128.662 128.662c12.6 12.599 3.676 34.142-14.142 34.142z\"><\/path><\/svg><\/span>\n\t\t\t\t\t\t\t\t\t\t\t\t\t<\/span>\n\t\t\t\t\t\t\t\t\t\t\t\t<a class=\"elementor-toggle-title\" tabindex=\"0\">Delitos de odio<\/a>\n\t\t\t\t\t<\/h3>\n\n\t\t\t\t\t<div id=\"elementor-tab-content-1603\" class=\"elementor-tab-content elementor-clearfix\" data-tab=\"3\" role=\"region\" aria-labelledby=\"elementor-tab-title-1603\"><p>La instituci\u00f3n debe informar por categor\u00eda los siguientes delitos denunciados a las agencias policiales locales o a una autoridad de seguridad del campus que manifiesten evidencia de que la v\u00edctima fue seleccionada intencionalmente debido a la raza, g\u00e9nero, religi\u00f3n, orientaci\u00f3n sexual, etnia o discapacidad, real o percibida, seg\u00fan lo establecido en la Ley de Estad\u00edsticas de Cr\u00edmenes de Odio (28 USC 534).<\/p><p><strong>Informaci\u00f3n de contacto<\/strong><\/p><ul><li>Oficina responsable de proporcionar una copia de la informaci\u00f3n de seguridad del campus: Atlantis University \u2013 Director de Operaciones<\/li><li>A qui\u00e9n contactar para reportar un incidente en la instituci\u00f3n: Atlantis University \u2013 Director de Operaciones<\/li><\/ul><\/div>\n\t\t\t\t<\/div>\n\t\t\t\t\t\t\t<div class=\"elementor-toggle-item\">\n\t\t\t\t\t<h3 id=\"elementor-tab-title-1604\" class=\"elementor-tab-title\" data-tab=\"4\" role=\"button\" aria-controls=\"elementor-tab-content-1604\" aria-expanded=\"false\">\n\t\t\t\t\t\t\t\t\t\t\t\t<span class=\"elementor-toggle-icon elementor-toggle-icon-left\" aria-hidden=\"true\">\n\t\t\t\t\t\t\t\t\t\t\t\t\t\t\t<span class=\"elementor-toggle-icon-closed\"><svg class=\"e-font-icon-svg e-fas-caret-right\" viewBox=\"0 0 192 512\" xmlns=\"http:\/\/www.w3.org\/2000\/svg\"><path d=\"M0 384.662V127.338c0-17.818 21.543-26.741 34.142-14.142l128.662 128.662c7.81 7.81 7.81 20.474 0 28.284L34.142 398.804C21.543 411.404 0 402.48 0 384.662z\"><\/path><\/svg><\/span>\n\t\t\t\t\t\t\t\t<span class=\"elementor-toggle-icon-opened\"><svg class=\"elementor-toggle-icon-opened e-font-icon-svg e-fas-caret-up\" viewBox=\"0 0 320 512\" xmlns=\"http:\/\/www.w3.org\/2000\/svg\"><path d=\"M288.662 352H31.338c-17.818 0-26.741-21.543-14.142-34.142l128.662-128.662c7.81-7.81 20.474-7.81 28.284 0l128.662 128.662c12.6 12.599 3.676 34.142-14.142 34.142z\"><\/path><\/svg><\/span>\n\t\t\t\t\t\t\t\t\t\t\t\t\t<\/span>\n\t\t\t\t\t\t\t\t\t\t\t\t<a class=\"elementor-toggle-title\" tabindex=\"0\">Violencia contra la mujer - Definiciones<\/a>\n\t\t\t\t\t<\/h3>\n\n\t\t\t\t\t<div id=\"elementor-tab-content-1604\" class=\"elementor-tab-content elementor-clearfix\" data-tab=\"4\" role=\"region\" aria-labelledby=\"elementor-tab-title-1604\"><p>Los actos de violencia sexual son problemas graves en los campus universitarios. Atlantis University proh\u00edbe los delitos de violencia en el noviazgo, violencia dom\u00e9stica, agresi\u00f3n sexual y acecho.<\/p><p>El 7 de marzo de 2013, el presidente Obama firm\u00f3 la Ley de Reautorizaci\u00f3n de Violencia contra la Mujer de 2013 (VAWA) (Ley P\u00fablica 113-4). La HEA define las nuevas categor\u00edas de delitos de violencia dom\u00e9stica, violencia en el noviazgo, agresi\u00f3n sexual y acecho de acuerdo con la secci\u00f3n 40002(a) de la Ley de Violencia contra la Mujer de 1994 de la siguiente manera:<\/p><p><strong>\u201cViolencia dom\u00e9stica\u201d<\/strong>\u00a0significa un \u201cdelito grave o delito menor de violencia cometido por:<\/p><ul><li>Un c\u00f3nyuge o pareja \u00edntima actual o anterior de la v\u00edctima.<\/li><li>Una persona con quien la v\u00edctima comparte un hijo.<\/li><li>Una persona que convive o ha convivido con la v\u00edctima como c\u00f3nyuge o pareja \u00edntima.<\/li><li>Una persona en situaci\u00f3n similar al c\u00f3nyuge de la v\u00edctima seg\u00fan las leyes de violencia dom\u00e9stica o familiar de la jurisdicci\u00f3n que recibe el dinero de la subvenci\u00f3n [seg\u00fan la VAWA].<\/li><li>Cualquier otra persona contra una v\u00edctima adulta o joven que est\u00e9 protegida de los actos de esa persona bajo las leyes de violencia dom\u00e9stica o familiar de la jurisdicci\u00f3n\u201d<\/li><\/ul><p>\u00a0<\/p><p><strong>\u201cViolencia en el noviazgo\u201d<\/strong>\u00a0significa la violencia cometida por una persona:<\/p><ul><li>Quien tiene o ha tenido una relaci\u00f3n social de car\u00e1cter rom\u00e1ntico o \u00edntimo con la v\u00edctima; y<\/li><li>Donde la existencia de tal relaci\u00f3n se determinar\u00e1 sobre la base de una consideraci\u00f3n de los siguientes factores:<\/li><li>La duraci\u00f3n de la relaci\u00f3n;<\/li><li>El tipo de relaci\u00f3n; y<\/li><li>La frecuencia de interacciones entre las personas involucradas en la relaci\u00f3n\u201d.<\/li><\/ul><p>\u00a0<\/p><p><strong>\u201cAgresi\u00f3n sexual\u201d<\/strong>\u00a0significa cualquier contacto sexual no deseado y no consensuado que involucre ataque sexual o violaci\u00f3n; donde \u201cataque sexual\u201d se define como cualquier contacto sexual no deseado y no consensual que implique el contacto forzado de naturaleza sexual, que no implique la penetraci\u00f3n. Esto podr\u00eda incluir besar, tocar, agarrar o acariciar partes sexuales del cuerpo a la fuerza.<\/p><p>Y\u00a0<strong>\u201cviolaci\u00f3n\u201d<\/strong>\u00a0se define como cualquier contacto sexual no deseado y no consensual que implique un acto de penetraci\u00f3n, incluido el sexo oral, el sexo anal, las relaciones sexuales o la penetraci\u00f3n sexual con un dedo u objeto.<\/p><p>El ataque sexual y la violaci\u00f3n son categor\u00edas mutuamente excluyentes (por ejemplo, una v\u00edctima o un incidente de victimizaci\u00f3n sexual se contabilizar\u00eda como uno u otro, no como ambos).<\/p><p>En todos los casos, la definici\u00f3n de \u201cconsentimiento y no consentimiento\u201d, en referencia a la actividad sexual, se refiere al contacto sexual que la persona no quer\u00eda que ocurriera = contacto sexual no deseado.<\/p><p>a.\u00a0<strong>\u201cConsentimiento\u201d<\/strong>\u00a0significa consentimiento inteligente, consciente y voluntario y no incluye sumisi\u00f3n forzada.<\/p><p>b. El\u00a0<strong>\u201cconsentimiento\u201d<\/strong>\u00a0no se considerar\u00e1 ni se interpretar\u00e1 como el hecho de que la presunta v\u00edctima no ofrezca resistencia f\u00edsica al delincuente. Estatutos de Florida, secci\u00f3n 794.011.<\/p><p><strong>\u201cAcoso\u201d<\/strong>\u00a0significa \u201cparticipar en un curso de conducta dirigido a una persona espec\u00edfica que causar\u00eda que una persona razonable:<\/p><ul><li>Tema por su seguridad o la seguridad de los dem\u00e1s; o<\/li><li>Sufra una angustia emocional sustancial\u201d<\/li><\/ul><p>Si crees que eres v\u00edctima de alguna de estas situaciones, puedes y debes procurar ayuda y asistencia de las siguientes agencias:<\/p><p><strong>Informaci\u00f3n de contacto<\/strong><\/p><ul><li>A qui\u00e9n contactar para reportar un incidente en la Instituci\u00f3n:<strong>\u00a0Director de Operaciones.<\/strong><\/li><li>Agencia local de polic\u00eda para informar un incidente que ocurri\u00f3 fuera del campus:\u00a0<strong>Llamar al 911.<\/strong><\/li><li>Lista de agencias y contactos en tu \u00e1rea local que puedan brindar asistencia a cualquier persona que crea que es una v\u00edctima y pueda necesitar ayuda:\u00a0<strong>Llamar al 911.<\/strong><\/li><\/ul><p>Atlantis University tiene una pol\u00edtica de tolerancia cero con respecto a las agresiones sexuales. La edici\u00f3n del UCR del Sistema Nacional de Informes Basados \u200b\u200ben Incidentes (NIBRS) del FBI define el delito sexual como cualquier acto sexual dirigido contra otra persona, por la fuerza y\u200b\/o contra la voluntad de esa persona; o no por la fuerza o contra la voluntad de la persona cuando la v\u00edctima es incapaz de dar su consentimiento.<\/p><p>Cualquier estudiante o empleado que participe en una agresi\u00f3n sexual ser\u00e1 retirado inmediatamente del campus. El incidente tambi\u00e9n se informar\u00e1 a la polic\u00eda.<\/p><p>En caso de agresiones sexuales que ocurran en el campus o que involucren a uno de nuestros estudiantes, denuncia la agresi\u00f3n sexual (que se puede hacer de manera confidencial), llama al 911 de inmediato. Despu\u00e9s del 911, comun\u00edcate con el director de la instituci\u00f3n y denuncia el delito. Es importante conservar siempre la evidencia para la prueba del delito<\/p><p>La Instituci\u00f3n involucra a la polic\u00eda local para que tenga plena autoridad para tomar cualquier acci\u00f3n en nuestro campus si lo considera razonable.<\/p><p>El Departamento de Polic\u00eda ofrece programas de educaci\u00f3n e informaci\u00f3n sobre agresi\u00f3n sexual previa solicitud. Una v\u00edctima de agresi\u00f3n sexual debe ir inmediatamente a un hospital para una evaluaci\u00f3n m\u00e9dica o asesoramiento sobre salud mental.<\/p><p>Tras una denuncia de agresi\u00f3n sexual, Atlantis University obtendr\u00e1 una declaraci\u00f3n escrita del acusado y el acusador, y de las autoridades locales sobre si la ofensa ocurri\u00f3 en el campus o fuera del campus. La instituci\u00f3n proporcionar\u00e1 explicaciones por escrito a la v\u00edctima sobre c\u00f3mo proceder, incluidos sus derechos y opciones.<\/p><\/div>\n\t\t\t\t<\/div>\n\t\t\t\t\t\t\t<div class=\"elementor-toggle-item\">\n\t\t\t\t\t<h3 id=\"elementor-tab-title-1605\" class=\"elementor-tab-title\" data-tab=\"5\" role=\"button\" aria-controls=\"elementor-tab-content-1605\" aria-expanded=\"false\">\n\t\t\t\t\t\t\t\t\t\t\t\t<span class=\"elementor-toggle-icon elementor-toggle-icon-left\" aria-hidden=\"true\">\n\t\t\t\t\t\t\t\t\t\t\t\t\t\t\t<span class=\"elementor-toggle-icon-closed\"><svg class=\"e-font-icon-svg e-fas-caret-right\" viewBox=\"0 0 192 512\" xmlns=\"http:\/\/www.w3.org\/2000\/svg\"><path d=\"M0 384.662V127.338c0-17.818 21.543-26.741 34.142-14.142l128.662 128.662c7.81 7.81 7.81 20.474 0 28.284L34.142 398.804C21.543 411.404 0 402.48 0 384.662z\"><\/path><\/svg><\/span>\n\t\t\t\t\t\t\t\t<span class=\"elementor-toggle-icon-opened\"><svg class=\"elementor-toggle-icon-opened e-font-icon-svg e-fas-caret-up\" viewBox=\"0 0 320 512\" xmlns=\"http:\/\/www.w3.org\/2000\/svg\"><path d=\"M288.662 352H31.338c-17.818 0-26.741-21.543-14.142-34.142l128.662-128.662c7.81-7.81 20.474-7.81 28.284 0l128.662 128.662c12.6 12.599 3.676 34.142-14.142 34.142z\"><\/path><\/svg><\/span>\n\t\t\t\t\t\t\t\t\t\t\t\t\t<\/span>\n\t\t\t\t\t\t\t\t\t\t\t\t<a class=\"elementor-toggle-title\" tabindex=\"0\">Procedimientos disciplinarios<\/a>\n\t\t\t\t\t<\/h3>\n\n\t\t\t\t\t<div id=\"elementor-tab-content-1605\" class=\"elementor-tab-content elementor-clearfix\" data-tab=\"5\" role=\"region\" aria-labelledby=\"elementor-tab-title-1605\"><p>En todos los casos, la universidad se compromete a proporcionar un proceso r\u00e1pido, justo e imparcial desde la investigaci\u00f3n inicial hasta el resultado final de un procedimiento disciplinario institucional.<\/p><p>Existen procedimientos disciplinarios tanto para los estudiantes como para los empleados. Todos los procedimientos, pasos y procesos de toma de decisiones se ajustar\u00e1n a todos los estatutos, reglamentos, pol\u00edticas de personal, regulaciones y convenios colectivos pertinentes. Todos los procedimientos disciplinarios se llevar\u00e1n a cabo de manera que:<\/p><ol><li>Sean realizadas por funcionarios que, como m\u00ednimo, reciban capacitaci\u00f3n anual sobre los temas relacionados con la violencia en el noviazgo, la violencia dom\u00e9stica, la agresi\u00f3n sexual y el acoso y sobre c\u00f3mo llevar a cabo un proceso de investigaci\u00f3n y audiencia que proteja la seguridad de las v\u00edctimas y promueva la rendici\u00f3n de cuentas.<\/li><li>Sea consistente con las pol\u00edticas de la Universidad y transparente para el acusador y el acusado.<\/li><li>Incluya la notificaci\u00f3n oportuna de las reuniones en las que el acusador o el acusado, o ambos, pueden estar presentes.<\/li><li>Brinde la misma oportunidad tanto al acusado como al acusador y\/o su representante de estar presentes durante cualquier procedimiento disciplinario, incluida la oportunidad de ser representados por el asesor de su elecci\u00f3n.<\/li><li>Proporcione acceso oportuno e igualitario al acusador, al acusado y a los funcionarios correspondientes a cualquier informaci\u00f3n que se utilice durante las reuniones y audiencias disciplinarias formales e informales.<\/li><li>Informe oportunamente por escrito tanto al acusador como al acusado del resultado de cualquier proceso disciplinario institucional iniciado por un delito sexual.<\/li><li>Imponga sanciones despu\u00e9s de una determinaci\u00f3n final de un procedimiento institucional con respecto a la violaci\u00f3n, la violaci\u00f3n de un conocido u otros delitos sexuales forzados o no forzados. La informaci\u00f3n sobre delincuentes sexuales registrados se puede encontrar en el\u00a0<a role=\"link\" href=\"http:\/\/www.fdle.state.fl.us\/\" target=\"_blank\" rel=\"noreferrer noopener\">Departamento de Polic\u00eda de Florida.\u00a0<\/a>.Adem\u00e1s, las publicaciones recientes se imprimen desde la agencia y se colocan en el tablero de anuncios de Atlantis University ubicado junto al centro de recursos inform\u00e1ticos.<\/li><\/ol><\/div>\n\t\t\t\t<\/div>\n\t\t\t\t\t\t\t\t<\/div>\n\t\t\t\t\t\t<\/div>\n\t\t\t\t<\/div>\n\t\t\t\t\t<\/div>\n\t\t\t\t<\/div>\n\t\t\t\t<\/div>\n\t\t","protected":false},"excerpt":{"rendered":"<p>Informe de seguridad y protecci\u00f3n del campus Una gu\u00eda para mantenerte seguro en Atlantis UniversityLa Ley Federal (Ley de divulgaci\u00f3n de la pol\u00edtica de seguridad del campus y de estad\u00edsticas criminales del campus, t\u00edtulo 20 del U.S.C. secci\u00f3n 1092 (f), conocida como la \u201cLey Clery\u201d) exige que la Universidad publique un informe anual de seguridad.La [&hellip;]<\/p>\n","protected":false},"author":23,"featured_media":0,"parent":0,"menu_order":0,"comment_status":"closed","ping_status":"closed","template":"","meta":{"_acf_changed":false,"_et_pb_use_builder":"on","_et_pb_old_content":"","_et_gb_content_width":"","footnotes":""},"class_list":["post-234308","page","type-page","status-publish","hentry"],"acf":[],"_links":{"self":[{"href":"https:\/\/atlantisuniversity.edu\/es\/wp-json\/wp\/v2\/pages\/234308"}],"collection":[{"href":"https:\/\/atlantisuniversity.edu\/es\/wp-json\/wp\/v2\/pages"}],"about":[{"href":"https:\/\/atlantisuniversity.edu\/es\/wp-json\/wp\/v2\/types\/page"}],"author":[{"embeddable":true,"href":"https:\/\/atlantisuniversity.edu\/es\/wp-json\/wp\/v2\/users\/23"}],"replies":[{"embeddable":true,"href":"https:\/\/atlantisuniversity.edu\/es\/wp-json\/wp\/v2\/comments?post=234308"}],"version-history":[{"count":0,"href":"https:\/\/atlantisuniversity.edu\/es\/wp-json\/wp\/v2\/pages\/234308\/revisions"}],"wp:attachment":[{"href":"https:\/\/atlantisuniversity.edu\/es\/wp-json\/wp\/v2\/media?parent=234308"}],"curies":[{"name":"wp","href":"https:\/\/api.w.org\/{rel}","templated":true}]}}