{"id":234362,"date":"2021-10-06T15:44:07","date_gmt":"2021-10-06T19:44:07","guid":{"rendered":"https:\/\/atlantisuniversity.edu\/timely-warnings-and-critical-incidents\/"},"modified":"2024-05-08T14:13:45","modified_gmt":"2024-05-08T18:13:45","slug":"advertencias-oportunas-e-incidentes-criticos","status":"publish","type":"page","link":"https:\/\/atlantisuniversity.edu\/es\/advertencias-oportunas-e-incidentes-criticos\/","title":{"rendered":"Advertencias oportunas e incidentes cr\u00edticos"},"content":{"rendered":"\t\t<div data-elementor-type=\"wp-page\" data-elementor-id=\"234362\" class=\"elementor elementor-234362 elementor-229372\" data-elementor-post-type=\"page\">\n\t\t\t\t<div class=\"elementor-element elementor-element-9e03a73 e-flex e-con-boxed e-con e-parent\" data-id=\"9e03a73\" data-element_type=\"container\" data-settings=\"{&quot;background_background&quot;:&quot;classic&quot;}\">\n\t\t\t\t\t<div class=\"e-con-inner\">\n\t\t<div class=\"elementor-element elementor-element-8d62f9d e-con-full e-flex e-con e-child\" data-id=\"8d62f9d\" data-element_type=\"container\">\n\t\t\t\t<div class=\"elementor-element elementor-element-27ce5a6 elementor-widget elementor-widget-heading\" data-id=\"27ce5a6\" data-element_type=\"widget\" data-widget_type=\"heading.default\">\n\t\t\t\t<div class=\"elementor-widget-container\">\n\t\t\t\t\t<h1 class=\"elementor-heading-title elementor-size-default\">Advertencias oportunas e incidentes cr\u00edticos<\/h1>\t\t\t\t<\/div>\n\t\t\t\t<\/div>\n\t\t\t\t<\/div>\n\t\t\t\t\t<\/div>\n\t\t\t\t<\/div>\n\t\t<div class=\"elementor-element elementor-element-a93f836 e-flex e-con-boxed e-con e-parent\" data-id=\"a93f836\" data-element_type=\"container\">\n\t\t\t\t\t<div class=\"e-con-inner\">\n\t\t\t\t<div class=\"elementor-element elementor-element-ca6cf4b elementor-widget elementor-widget-text-editor\" data-id=\"ca6cf4b\" data-element_type=\"widget\" data-widget_type=\"text-editor.default\">\n\t\t\t\t<div class=\"elementor-widget-container\">\n\t\t\t\t\t\t\t\t\tAtlantis University proporciona advertencias oportunas (llamadas \u201cAU Alerts\u201d) a la comunidad universitaria cuando ocurre un incidente delictivo significativo dentro de Atlantis University y representa una amenaza seria o continua.&nbsp;\n\nLas decisiones de difundir una advertencia se tomar\u00e1n evaluando cada situaci\u00f3n particular a la luz de todos los hechos que rodean el delito y el peligro continuo para la comunidad universitaria. El prop\u00f3sito de la advertencia es ayudar en la prevenci\u00f3n de delitos similares al advertir a la comunidad sobre el incidente y brindar informaci\u00f3n sobre las acciones que las personas pueden tomar para disminuir sus posibilidades de ser victimizadas.\n\nEl tipo de informaci\u00f3n que se presenta en la advertencia variar\u00e1 dependiendo de las circunstancias del delito y se distribuir\u00e1 tan pronto como se disponga de informaci\u00f3n pertinente para que la advertencia sea una herramienta preventiva, no solo una descripci\u00f3n del incidente. Si hay cierta informaci\u00f3n que pueda comprometer los esfuerzos policiales, es posible que no se incluya en el aviso de advertencia oportuna.\n\nLos casos de agresi\u00f3n sexual suelen informarse mucho despu\u00e9s de que ocurri\u00f3 el incidente, en cuyo caso no existe la posibilidad de distribuir un aviso de advertencia \u201coportuna\u201d a la comunidad. Por lo tanto, la emisi\u00f3n de un aviso de advertencia oportuna en funci\u00f3n de un delito sexual denunciado se determinar\u00e1 seg\u00fan cada caso, dependiendo de cu\u00e1ndo y d\u00f3nde ocurri\u00f3 el incidente, cu\u00e1ndo se inform\u00f3 y la cantidad de informaci\u00f3n conocida por Atlantis University.\n\nSe emitir\u00e1n de manera oportuna avisos de advertencia a los estudiantes y empleados, que mantengan la confidencialidad de los nombres de las v\u00edctimas y que ayude en la prevenci\u00f3n de delitos similares en el futuro.\n\nLos avisos de advertencia oportunos se distribuyen a la comunidad de Atlantis University a trav\u00e9s de correo electr\u00f3nico masivo (e-blast) y se publican en el banner de la p\u00e1gina de inicio de la Universidad que indica la fecha de publicaci\u00f3n con actualizaciones frecuentes seg\u00fan sea necesario.\n\n<h2>Plan De Respuesta Cr\u00edtica A Incidentes<\/h2>\nObjetivos\n<ol>\n \t<li>Coordinar la respuesta de la instituci\u00f3n a incidentes cr\u00edticos prestando especial atenci\u00f3n a las necesidades de seguridad y protecci\u00f3n de los miembros de la comunidad de Atlantis University.<\/li>\n \t<li>Mantener la seguridad y protecci\u00f3n del profesorado, el personal y los estudiantes en general en caso de un incidente cr\u00edtico.<\/li>\n \t<li>Brindar asesoramiento, orientaci\u00f3n y servicios de apoyo adecuados a las familias, amigos, estudiantes y miembros de la comunidad del campus en caso de un incidente cr\u00edtico.<\/li>\n<\/ol>\n&nbsp;\n\n<strong>Definici\u00f3n de incidente cr\u00edtico<\/strong>\n\nUn incidente cr\u00edtico es una situaci\u00f3n que involucra a estudiantes y\/o empleados de Atlantis University que crea una interrupci\u00f3n importante de las operaciones normales y requiere una respuesta m\u00e1s all\u00e1 de los procedimientos operativos normales de la instituci\u00f3n. Los ejemplos pueden ser situaciones tales como desastres naturales\/estructurales, comportamiento violento, lesiones o enfermedades potencialmente mortales.\n\n<h2>Servicios De Asistencia Al Estudiante<\/h2>\n\n<strong>Referencias a orientaci\u00f3n personal<\/strong>&nbsp;\n\nEl Presidente de ATLANTIS UNIVERSITY ser\u00e1 el encargado de referir a los estudiantes que busquen asistencia para servicios de orientaci\u00f3n emocional o personal.\n\nUn incidente cr\u00edtico es una situaci\u00f3n que involucra a estudiantes y\/o empleados de Atlantis University que crea una interrupci\u00f3n importante de las operaciones normales y requiere una respuesta m\u00e1s all\u00e1 de los procedimientos operativos normales de la instituci\u00f3n. Los ejemplos pueden ser situaciones tales como desastres naturales\/estructurales, comportamiento violento, lesiones o enfermedades potencialmente mortales.\n\n<h2>Procedimientos Para Atlantis University<\/h2>\n\n<strong>Procedimientos para Atlantis University<\/strong>\n\n<strong>Paso 1 Atlantis University:<\/strong>\u00a0se notifica al presidente o director de la escuela sobre un incidente cr\u00edtico que involucra a un estudiante o empleado de ATLANTIS UNIVERSITY al 305-377-8817 durante el d\u00eda, despu\u00e9s del horario de atenci\u00f3n o en d\u00edas festivos.\n\nLos socorristas pueden llamar al 911 si determinan que se necesita atenci\u00f3n m\u00e9dica inmediata. Una vez que se haya contactado con los servicios de emergencia, se deben seguir todos los pasos de este proceso.\n\n<strong>Paso 2 Atlantis University:<\/strong>\u00a0el presidente recopila informaci\u00f3n sobre el incidente cr\u00edtico y responde en consecuencia.\n\nEn el caso de que las clases programadas necesiten ser canceladas o alteradas de alguna manera, el director de la escuela se comunicar\u00e1 con el profesorado. El presidente se comunicar\u00e1 con los estudiantes y el cierre se publicar\u00e1 en el sitio web de la instituci\u00f3n: www.atlantisuniversity.edu\n\nCualquier contacto con los medios, comunicados de prensa, correo electr\u00f3nico o asistencia en el sitio web deben coordinarse a trav\u00e9s del presidente de la instituci\u00f3n.\n\n<strong>Paso 3 Atlantis University:<\/strong>\u00a0dependiendo de la evaluaci\u00f3n de la situaci\u00f3n, pueden ocurrir uno o m\u00e1s de los siguientes:\n<ul>\n \t<li><strong>Paso 3A:<\/strong>\u00a0ATLANTIS UNIVERSITY sin demora, y teniendo en cuenta la seguridad de la comunidad, determinar\u00e1 el contenido del aviso e iniciar\u00e1 el sistema de aviso, salvo que a juicio profesional de las autoridades responsables comprometa los esfuerzos para ayudar a las v\u00edctimas o para contener, responder o mitigar de otra manera la emergencia. El presidente acude al lugar del incidente para evaluar la necesidad de personal de respaldo. Con base en los hallazgos iniciales y con el acuerdo del presidente o el director, la respuesta puede incluir: lidiar con la situaci\u00f3n solos, contactar a las agencias externas apropiadas (por ejemplo, polic\u00eda local, hospital), contactar a los miembros de la familia, contactar a los centros de orientaci\u00f3n.<\/li>\n \t<li><strong>Paso 3B:<\/strong>\u00a0el presidente inicia contactos con los familiares.<\/li>\n<\/ul>\n<strong>Paso 4 Atlantis University:<\/strong>\u00a0una vez que el problema\/situaci\u00f3n est\u00e1 bajo control, el presidente se re\u00fane con otros funcionarios de la instituci\u00f3n para intercambiar informaci\u00f3n. Se determinar\u00e1n todos los planes, comunicaciones, actividades y\/o programas de seguimiento necesarios para la resoluci\u00f3n final del incidente cr\u00edtico. Se determinar\u00e1n los plazos para estas actividades y se programar\u00e1 una reuni\u00f3n de cierre\/evaluaci\u00f3n de los funcionarios de la instituci\u00f3n.\n\n<strong>Paso 5 Atlantis University:<\/strong>\u00a0los funcionarios de la instituci\u00f3n recomendar\u00e1n al presidente cualquier revisi\u00f3n de la pol\u00edtica de procedimientos y preparar\u00e1n un informe de incidentes cr\u00edticos que se archivar\u00e1 en la oficina del presidente.\t\t\t\t\t\t\t\t<\/div>\n\t\t\t\t<\/div>\n\t\t\t\t\t<\/div>\n\t\t\t\t<\/div>\n\t\t\t\t<\/div>\n\t\t","protected":false},"excerpt":{"rendered":"<p>Advertencias oportunas e incidentes cr\u00edticos Atlantis University proporciona advertencias oportunas (llamadas \u201cAU Alerts\u201d) a la comunidad universitaria cuando ocurre un incidente delictivo significativo dentro de Atlantis University y representa una amenaza seria o continua.&nbsp; Las decisiones de difundir una advertencia se tomar\u00e1n evaluando cada situaci\u00f3n particular a la luz de todos los hechos que rodean [&hellip;]<\/p>\n","protected":false},"author":23,"featured_media":0,"parent":0,"menu_order":0,"comment_status":"closed","ping_status":"closed","template":"","meta":{"_acf_changed":false,"_et_pb_use_builder":"on","_et_pb_old_content":"","_et_gb_content_width":"","footnotes":""},"class_list":["post-234362","page","type-page","status-publish","hentry"],"acf":[],"_links":{"self":[{"href":"https:\/\/atlantisuniversity.edu\/es\/wp-json\/wp\/v2\/pages\/234362"}],"collection":[{"href":"https:\/\/atlantisuniversity.edu\/es\/wp-json\/wp\/v2\/pages"}],"about":[{"href":"https:\/\/atlantisuniversity.edu\/es\/wp-json\/wp\/v2\/types\/page"}],"author":[{"embeddable":true,"href":"https:\/\/atlantisuniversity.edu\/es\/wp-json\/wp\/v2\/users\/23"}],"replies":[{"embeddable":true,"href":"https:\/\/atlantisuniversity.edu\/es\/wp-json\/wp\/v2\/comments?post=234362"}],"version-history":[{"count":0,"href":"https:\/\/atlantisuniversity.edu\/es\/wp-json\/wp\/v2\/pages\/234362\/revisions"}],"wp:attachment":[{"href":"https:\/\/atlantisuniversity.edu\/es\/wp-json\/wp\/v2\/media?parent=234362"}],"curies":[{"name":"wp","href":"https:\/\/api.w.org\/{rel}","templated":true}]}}