{"id":234364,"date":"2021-10-06T15:44:29","date_gmt":"2021-10-06T19:44:29","guid":{"rendered":"https:\/\/atlantisuniversity.edu\/reported-crime-statistics\/"},"modified":"2024-05-13T14:15:29","modified_gmt":"2024-05-13T18:15:29","slug":"estadisticas-de-delitos-denunciados","status":"publish","type":"page","link":"https:\/\/atlantisuniversity.edu\/es\/estadisticas-de-delitos-denunciados\/","title":{"rendered":"Estad\u00edsticas de delitos denunciados"},"content":{"rendered":"\t\t<div data-elementor-type=\"wp-page\" data-elementor-id=\"234364\" class=\"elementor elementor-234364 elementor-229371\" data-elementor-post-type=\"page\">\n\t\t\t\t<div class=\"elementor-element elementor-element-cae22d9 e-flex e-con-boxed e-con e-parent\" data-id=\"cae22d9\" data-element_type=\"container\" data-settings=\"{&quot;background_background&quot;:&quot;classic&quot;}\">\n\t\t\t\t\t<div class=\"e-con-inner\">\n\t\t<div class=\"elementor-element elementor-element-4823b39 e-con-full e-flex e-con e-child\" data-id=\"4823b39\" data-element_type=\"container\">\n\t\t\t\t<div class=\"elementor-element elementor-element-e06c7cc elementor-widget elementor-widget-heading\" data-id=\"e06c7cc\" data-element_type=\"widget\" data-widget_type=\"heading.default\">\n\t\t\t\t<div class=\"elementor-widget-container\">\n\t\t\t\t\t<h1 class=\"elementor-heading-title elementor-size-default\">Estad\u00edsticas de delitos denunciados<\/h1>\t\t\t\t<\/div>\n\t\t\t\t<\/div>\n\t\t\t\t<\/div>\n\t\t<div class=\"elementor-element elementor-element-412b5dd e-con-full e-flex e-con e-child\" data-id=\"412b5dd\" data-element_type=\"container\">\n\t\t\t\t<\/div>\n\t\t\t\t\t<\/div>\n\t\t\t\t<\/div>\n\t\t<div class=\"elementor-element elementor-element-e1d7c02 e-flex e-con-boxed e-con e-parent\" data-id=\"e1d7c02\" data-element_type=\"container\" data-settings=\"{&quot;background_background&quot;:&quot;classic&quot;}\">\n\t\t\t\t\t<div class=\"e-con-inner\">\n\t\t\t\t<div class=\"elementor-element elementor-element-1344248 elementor-widget elementor-widget-text-editor\" data-id=\"1344248\" data-element_type=\"widget\" data-widget_type=\"text-editor.default\">\n\t\t\t\t<div class=\"elementor-widget-container\">\n\t\t\t\t\t\t\t\t\t<p>Atlantis University produce un registro escrito diario de delitos que est\u00e1 disponible para el p\u00fablico, como lo exige la Ley Jeanne Clery de Divulgaci\u00f3n de Pol\u00edtica de Seguridad del Campus y Estad\u00edsticas de Delitos del Campus, codificada en el T\u00edtulo 20 del USC, secci\u00f3n 1092(f), 34CFR668.46 como parte de la Ley de Educaci\u00f3n Superior de 1965 (\u201cLey Clery\u201d).<\/p><p>El prop\u00f3sito del registro diario es mantener y proporcionar informaci\u00f3n sobre denuncias v\u00e1lidas de incidentes criminales o importantes que ocurran en el campus a cualquier miembro de la comunidad de Atlantis University, que pueda ser relevante para su seguridad.<\/p><p>La informaci\u00f3n del registro diario de delitos de la Universidad de Atlantis se puede encontrar en el campus de la instituci\u00f3n en 1442 Biscayne Boulevard, Miami \u2013 Florida 33132. Los registros oficiales se actualizan a medida que se dispone de nueva informaci\u00f3n.<\/p><p><span style=\"color: #ff0000;\"><strong><span style=\"text-decoration: underline;\"><a style=\"color: #ff0000; text-decoration: underline;\" role=\"link\" href=\"https:\/\/atlantisuniversity.edu\/wp-content\/uploads\/2021\/10\/Biscayne-Campus-2020-Police-Report.pdf\" target=\"_blank\" rel=\"noopener noreferrer\">Denuncias policiales, Campus de Biscayne 2018<\/a><\/span><\/strong><\/span><\/p><p><span style=\"color: #ff0000;\"><strong><span style=\"text-decoration: underline;\"><a style=\"color: #ff0000; text-decoration: underline;\" role=\"link\" href=\"https:\/\/atlantisuniversity.edu\/wp-content\/uploads\/2021\/10\/1011-SunnyBrook-2020-Police-Report.pdf\" target=\"_blank\" rel=\"noopener noreferrer\">Denuncias policiales, 1011 SunnyBrook 2018<\/a><\/span><\/strong><\/span><\/p><p><span style=\"color: #ff0000;\"><strong><span style=\"text-decoration: underline;\"><a style=\"color: #ff0000; text-decoration: underline;\" role=\"link\" href=\"https:\/\/atlantisuniversity.edu\/wp-content\/uploads\/2021\/10\/2021-Annual-Security-Report.pdf\" target=\"_blank\" rel=\"noopener noreferrer\">Estad\u00edsticas criminales reportadas de la Polic\u00eda de Miami<\/a><\/span><\/strong><\/span><\/p>\t\t\t\t\t\t\t\t<\/div>\n\t\t\t\t<\/div>\n\t\t\t\t\t<\/div>\n\t\t\t\t<\/div>\n\t\t\t\t<\/div>\n\t\t","protected":false},"excerpt":{"rendered":"<p>Estad\u00edsticas de delitos denunciados Atlantis University produce un registro escrito diario de delitos que est\u00e1 disponible para el p\u00fablico, como lo exige la Ley Jeanne Clery de Divulgaci\u00f3n de Pol\u00edtica de Seguridad del Campus y Estad\u00edsticas de Delitos del Campus, codificada en el T\u00edtulo 20 del USC, secci\u00f3n 1092(f), 34CFR668.46 como parte de la Ley [&hellip;]<\/p>\n","protected":false},"author":23,"featured_media":0,"parent":0,"menu_order":0,"comment_status":"closed","ping_status":"closed","template":"","meta":{"_acf_changed":false,"_et_pb_use_builder":"on","_et_pb_old_content":"","_et_gb_content_width":"","footnotes":""},"class_list":["post-234364","page","type-page","status-publish","hentry"],"acf":[],"_links":{"self":[{"href":"https:\/\/atlantisuniversity.edu\/es\/wp-json\/wp\/v2\/pages\/234364"}],"collection":[{"href":"https:\/\/atlantisuniversity.edu\/es\/wp-json\/wp\/v2\/pages"}],"about":[{"href":"https:\/\/atlantisuniversity.edu\/es\/wp-json\/wp\/v2\/types\/page"}],"author":[{"embeddable":true,"href":"https:\/\/atlantisuniversity.edu\/es\/wp-json\/wp\/v2\/users\/23"}],"replies":[{"embeddable":true,"href":"https:\/\/atlantisuniversity.edu\/es\/wp-json\/wp\/v2\/comments?post=234364"}],"version-history":[{"count":0,"href":"https:\/\/atlantisuniversity.edu\/es\/wp-json\/wp\/v2\/pages\/234364\/revisions"}],"wp:attachment":[{"href":"https:\/\/atlantisuniversity.edu\/es\/wp-json\/wp\/v2\/media?parent=234364"}],"curies":[{"name":"wp","href":"https:\/\/api.w.org\/{rel}","templated":true}]}}