{"id":234409,"date":"2021-10-06T15:21:44","date_gmt":"2021-10-06T19:21:44","guid":{"rendered":"https:\/\/atlantisuniversity.edu\/emergency-contact-details\/"},"modified":"2024-05-08T13:04:03","modified_gmt":"2024-05-08T17:04:03","slug":"contactos-de-emergencia","status":"publish","type":"page","link":"https:\/\/atlantisuniversity.edu\/es\/contactos-de-emergencia\/","title":{"rendered":"Contactos de emergencia"},"content":{"rendered":"\t\t<div data-elementor-type=\"wp-page\" data-elementor-id=\"234409\" class=\"elementor elementor-234409 elementor-229324\" data-elementor-post-type=\"page\">\n\t\t\t\t<div class=\"elementor-element elementor-element-35b8692 e-flex e-con-boxed e-con e-parent\" data-id=\"35b8692\" data-element_type=\"container\" data-settings=\"{&quot;background_background&quot;:&quot;classic&quot;}\">\n\t\t\t\t\t<div class=\"e-con-inner\">\n\t\t\t\t<div class=\"elementor-element elementor-element-87b3209 elementor-widget elementor-widget-heading\" data-id=\"87b3209\" data-element_type=\"widget\" data-widget_type=\"heading.default\">\n\t\t\t\t<div class=\"elementor-widget-container\">\n\t\t\t\t\t<h1 class=\"elementor-heading-title elementor-size-default\">Contactos de <br \/>\nemergencia<\/h1>\t\t\t\t<\/div>\n\t\t\t\t<\/div>\n\t\t\t\t\t<\/div>\n\t\t\t\t<\/div>\n\t\t<div class=\"elementor-element elementor-element-feccc33 e-flex e-con-boxed e-con e-parent\" data-id=\"feccc33\" data-element_type=\"container\">\n\t\t\t\t\t<div class=\"e-con-inner\">\n\t\t\t\t<div class=\"elementor-element elementor-element-25d98c7 elementor-widget elementor-widget-text-editor\" data-id=\"25d98c7\" data-element_type=\"widget\" data-widget_type=\"text-editor.default\">\n\t\t\t\t<div class=\"elementor-widget-container\">\n\t\t\t\t\t\t\t\t\tLos estudiantes y empleados deben consultar a la siguiente persona o agencia cuando denuncien o busquen ayuda sobre un incidente delictivo. Debe prestarse atenci\u00f3n inmediata a cualquier emergencia comunic\u00e1ndose con la agencia correspondiente al (911) antes de informar al presidente de la instituci\u00f3n.\n\t\t\t\t\t\t\t\t<\/div>\n\t\t\t\t<\/div>\n\t\t\t\t<div class=\"elementor-element elementor-element-b0a272d elementor-widget elementor-widget-text-editor\" data-id=\"b0a272d\" data-element_type=\"widget\" data-widget_type=\"text-editor.default\">\n\t\t\t\t<div class=\"elementor-widget-container\">\n\t\t\t\t\t\t\t\t\t<h3>Centro De Crisis De Atlantis University<\/h3><p>Cuando un incidente cr\u00edtico involucra respuestas de una variedad de oficinas o distintos miembros del personal, se establecer\u00e1 un centro de crisis en la oficina del Presidente. El presidente designar\u00e1 al jefe central del centro de crisis cuando surja una situaci\u00f3n que lo amerite. El director del centro ser\u00e1 responsable de recopilar cualquier documento y\/o equipo necesario.<\/p><p><strong>Miembros del equipo de respuesta a incidentes cr\u00edticos de Atlantis University<\/strong><\/p><p><strong>Presidente<\/strong>: Omar Palacios. N\u00famero de contacto: 305-377-8817 Ext. 1017<br \/><strong>Director de Operaciones: <\/strong> Andy Palacios. N\u00famero de contacto: 305-377-8817 Ext. 1004<br \/><strong>Director de Admisiones:<\/strong> Juan Cruz-Torres. N\u00famero de contacto: 305-377-8817 Ext. 1001<\/p><p><strong>Servicios de emergencia de la comunidad local<\/strong><\/p><p><strong>All emergencies<\/strong> Todas las emergencias (Incendios, Polic\u00eda, Sheriff, Ambulancias): Llamar 911<br \/><span style=\"text-decoration: underline;\"><a href=\"https:\/\/floridapoisoncontrol.org\/\" target=\"_blank\" rel=\"noopener\"><strong>Centro de control de intoxicaciones:<\/strong><\/a><\/span> 1-800-222-1222<br \/><strong>L\u00ednea directa de prevenci\u00f3n del suicidio:<\/strong> 1-800-784-2433<\/p><p><strong>Hospitales<\/strong><\/p><p><span style=\"text-decoration: underline;\"><a href=\"https:\/\/baptisthealth.net\/locations\/hospitals\/baptist-hospital-of-miami\" target=\"_blank\" rel=\"noopener\"><strong>Baptist Hospital:<\/strong> <\/a><\/span>(786) 596-1960<br \/><span style=\"text-decoration: underline;\"><a href=\"https:\/\/jacksonhealth.org\/locations\/jackson-memorial-hospital\/\" target=\"_blank\" rel=\"noopener\"><strong>Jackson Memorial Hospital:<\/strong><\/a><\/span> (305) 585-1111<\/p><p><strong>Cl\u00ednicas<\/strong><\/p><p><strong><a href=\"https:\/\/baptisthealth.net\/locations\/urgent-care\/westchester-urgent-care\" target=\"_blank\" rel=\"noopener\"><span style=\"text-decoration: underline;\">Baptist Urgent Care<\/span><\/a>:<\/strong>(786) 596-3890<br \/><a href=\"https:\/\/www.mymdnow.com\/locations\/kendall-urgent-care\/\" target=\"_blank\" rel=\"noopener\"><span style=\"text-decoration: underline;\"><strong>MD Now Urgent Care:<\/strong><\/span><\/a>(305) 752-1803<\/p>\t\t\t\t\t\t\t\t<\/div>\n\t\t\t\t<\/div>\n\t\t\t\t\t<\/div>\n\t\t\t\t<\/div>\n\t\t\t\t<\/div>\n\t\t","protected":false},"excerpt":{"rendered":"<p>Contactos de emergencia Los estudiantes y empleados deben consultar a la siguiente persona o agencia cuando denuncien o busquen ayuda sobre un incidente delictivo. Debe prestarse atenci\u00f3n inmediata a cualquier emergencia comunic\u00e1ndose con la agencia correspondiente al (911) antes de informar al presidente de la instituci\u00f3n. Centro De Crisis De Atlantis UniversityCuando un incidente cr\u00edtico [&hellip;]<\/p>\n","protected":false},"author":23,"featured_media":0,"parent":0,"menu_order":0,"comment_status":"closed","ping_status":"closed","template":"","meta":{"_acf_changed":false,"_et_pb_use_builder":"on","_et_pb_old_content":"","_et_gb_content_width":"","footnotes":""},"class_list":["post-234409","page","type-page","status-publish","hentry"],"acf":[],"_links":{"self":[{"href":"https:\/\/atlantisuniversity.edu\/es\/wp-json\/wp\/v2\/pages\/234409"}],"collection":[{"href":"https:\/\/atlantisuniversity.edu\/es\/wp-json\/wp\/v2\/pages"}],"about":[{"href":"https:\/\/atlantisuniversity.edu\/es\/wp-json\/wp\/v2\/types\/page"}],"author":[{"embeddable":true,"href":"https:\/\/atlantisuniversity.edu\/es\/wp-json\/wp\/v2\/users\/23"}],"replies":[{"embeddable":true,"href":"https:\/\/atlantisuniversity.edu\/es\/wp-json\/wp\/v2\/comments?post=234409"}],"version-history":[{"count":0,"href":"https:\/\/atlantisuniversity.edu\/es\/wp-json\/wp\/v2\/pages\/234409\/revisions"}],"wp:attachment":[{"href":"https:\/\/atlantisuniversity.edu\/es\/wp-json\/wp\/v2\/media?parent=234409"}],"curies":[{"name":"wp","href":"https:\/\/api.w.org\/{rel}","templated":true}]}}