{"id":234466,"date":"2021-06-07T14:15:39","date_gmt":"2021-06-07T18:15:39","guid":{"rendered":"https:\/\/atlantisuniversity.edu\/about-us\/"},"modified":"2024-09-01T17:28:08","modified_gmt":"2024-09-01T21:28:08","slug":"sobre-nosotros","status":"publish","type":"page","link":"https:\/\/atlantisuniversity.edu\/es\/sobre-nosotros\/","title":{"rendered":"Sobre Nosotros"},"content":{"rendered":"\t\t<div data-elementor-type=\"wp-page\" data-elementor-id=\"234466\" class=\"elementor elementor-234466 elementor-221120\" data-elementor-post-type=\"page\">\n\t\t\t\t<div class=\"elementor-element elementor-element-0c18324 e-flex e-con-boxed e-con e-parent\" data-id=\"0c18324\" data-element_type=\"container\" data-settings=\"{&quot;background_background&quot;:&quot;classic&quot;}\">\n\t\t\t\t\t<div class=\"e-con-inner\">\n\t\t<div class=\"elementor-element elementor-element-faeead5 e-con-full e-flex e-con e-child\" data-id=\"faeead5\" data-element_type=\"container\">\n\t\t\t\t<div class=\"elementor-element elementor-element-d7d9164 elementor-widget elementor-widget-heading\" data-id=\"d7d9164\" data-element_type=\"widget\" data-widget_type=\"heading.default\">\n\t\t\t\t<div class=\"elementor-widget-container\">\n\t\t\t\t\t<h1 class=\"elementor-heading-title elementor-size-default\">SOMOS EL HOGAR DE<\/h1>\t\t\t\t<\/div>\n\t\t\t\t<\/div>\n\t\t\t\t<div class=\"elementor-element elementor-element-59ce9ee elementor-widget elementor-widget-heading\" data-id=\"59ce9ee\" data-element_type=\"widget\" data-widget_type=\"heading.default\">\n\t\t\t\t<div class=\"elementor-widget-container\">\n\t\t\t\t\t<h2 class=\"elementor-heading-title elementor-size-default\">LOS NON-CONFORMISTS<\/h2>\t\t\t\t<\/div>\n\t\t\t\t<\/div>\n\t\t\t\t<\/div>\n\t\t<div class=\"elementor-element elementor-element-d8fbf0a e-con-full elementor-hidden-tablet elementor-hidden-mobile e-flex e-con e-child\" data-id=\"d8fbf0a\" data-element_type=\"container\">\n\t\t\t\t<\/div>\n\t\t\t\t\t<\/div>\n\t\t\t\t<\/div>\n\t\t<div class=\"elementor-element elementor-element-b1c4854 e-flex e-con-boxed e-con e-parent\" data-id=\"b1c4854\" data-element_type=\"container\" data-settings=\"{&quot;background_background&quot;:&quot;classic&quot;}\">\n\t\t\t\t\t<div class=\"e-con-inner\">\n\t\t<div class=\"elementor-element elementor-element-9bc31fc e-con-full e-flex e-con e-child\" data-id=\"9bc31fc\" data-element_type=\"container\">\n\t\t\t\t<div class=\"elementor-element elementor-element-9916df6 elementor-widget elementor-widget-heading\" data-id=\"9916df6\" data-element_type=\"widget\" data-widget_type=\"heading.default\">\n\t\t\t\t<div class=\"elementor-widget-container\">\n\t\t\t\t\t<h1 class=\"elementor-heading-title elementor-size-default\">Somos <br \/>\nAtlantis\nUniversity<\/h1>\t\t\t\t<\/div>\n\t\t\t\t<\/div>\n\t\t\t\t<\/div>\n\t\t<div class=\"elementor-element elementor-element-dd4f71b e-con-full e-flex e-con e-child\" data-id=\"dd4f71b\" data-element_type=\"container\">\n\t\t\t\t<div class=\"elementor-element elementor-element-26ed32c elementor-widget elementor-widget-heading\" data-id=\"26ed32c\" data-element_type=\"widget\" data-widget_type=\"heading.default\">\n\t\t\t\t<div class=\"elementor-widget-container\">\n\t\t\t\t\t<h2 class=\"elementor-heading-title elementor-size-default\">Somos Atlantis University, el hogar de los non-conformists.<\/h2>\t\t\t\t<\/div>\n\t\t\t\t<\/div>\n\t\t\t\t<div class=\"elementor-element elementor-element-f0867e1 elementor-widget elementor-widget-text-editor\" data-id=\"f0867e1\" data-element_type=\"widget\" data-widget_type=\"text-editor.default\">\n\t\t\t\t<div class=\"elementor-widget-container\">\n\t\t\t\t\t\t\t\t\t<p>Aqu\u00ed puedes recibir una educaci\u00f3n de altos est\u00e1ndares y adaptada a las necesidades del entorno. Nos caracterizamos por ser flexibles, respaldados por un ambiente tecnol\u00f3gico e inspirados por mentores en un entorno de aprendizaje diverso e inclusivo.<\/p><p>Empleadores, educadores e innovadores nos reconocen por nuestros programas y certificados universitarios de alta calidad. Pero nuestro elogio m\u00e1s importante proviene de nuestros estudiantes.<\/p><p>Aqu\u00ed te encontrar\u00e1s cara a cara con pensadores, hacedores e influyentes que, como t\u00fa, buscan nada menos que mejorar y transformarse constantemente.<\/p><p>Podr\u00edamos intentar impresionarte con nuestro hermoso campus con sede en Miami y nuestros flexibles programas virtuales, y eso nos har\u00eda lucir geniales. Pero la verdad, es que somos mucho m\u00e1s que eso.<\/p><p>Somos Atlantis. Un lugar donde los valores humanos y la tecnolog\u00eda de alto nivel convergen al servicio del conocimiento.<\/p>\t\t\t\t\t\t\t\t<\/div>\n\t\t\t\t<\/div>\n\t\t\t\t<\/div>\n\t\t\t\t\t<\/div>\n\t\t\t\t<\/div>\n\t\t<div class=\"elementor-element elementor-element-f9e0bf6 e-flex e-con-boxed e-con e-parent\" data-id=\"f9e0bf6\" data-element_type=\"container\" data-settings=\"{&quot;background_background&quot;:&quot;classic&quot;}\">\n\t\t\t\t\t<div class=\"e-con-inner\">\n\t\t<div class=\"elementor-element elementor-element-fb3b3c9 e-flex e-con-boxed e-con e-child\" data-id=\"fb3b3c9\" data-element_type=\"container\">\n\t\t\t\t\t<div class=\"e-con-inner\">\n\t\t\t\t<div class=\"elementor-element elementor-element-ebbba7d elementor-widget elementor-widget-video\" data-id=\"ebbba7d\" data-element_type=\"widget\" data-settings=\"{&quot;youtube_url&quot;:&quot;https:\\\/\\\/youtu.be\\\/XUul7UaZeYo&quot;,&quot;lazy_load&quot;:&quot;yes&quot;,&quot;video_type&quot;:&quot;youtube&quot;,&quot;controls&quot;:&quot;yes&quot;}\" data-widget_type=\"video.default\">\n\t\t\t\t<div class=\"elementor-widget-container\">\n\t\t\t\t\t\t\t<div class=\"elementor-wrapper elementor-open-inline\">\n\t\t\t<div class=\"elementor-video\"><\/div>\t\t<\/div>\n\t\t\t\t\t\t<\/div>\n\t\t\t\t<\/div>\n\t\t\t\t\t<\/div>\n\t\t\t\t<\/div>\n\t\t\t\t\t<\/div>\n\t\t\t\t<\/div>\n\t\t<div class=\"elementor-element elementor-element-133ce46 e-flex e-con-boxed e-con e-parent\" data-id=\"133ce46\" data-element_type=\"container\" data-settings=\"{&quot;background_background&quot;:&quot;classic&quot;}\">\n\t\t\t\t\t<div class=\"e-con-inner\">\n\t\t<div class=\"elementor-element elementor-element-62898d7 e-con-full e-flex e-con e-child\" data-id=\"62898d7\" data-element_type=\"container\">\n\t\t\t\t<div class=\"elementor-element elementor-element-288ec2b elementor-widget elementor-widget-heading\" data-id=\"288ec2b\" data-element_type=\"widget\" data-widget_type=\"heading.default\">\n\t\t\t\t<div class=\"elementor-widget-container\">\n\t\t\t\t\t<h1 class=\"elementor-heading-title elementor-size-default\">Lo que <br \/>\nnos hace diferentes<\/h1>\t\t\t\t<\/div>\n\t\t\t\t<\/div>\n\t\t\t\t<\/div>\n\t\t<div class=\"elementor-element elementor-element-39e12ce e-con-full e-flex e-con e-child\" data-id=\"39e12ce\" data-element_type=\"container\">\n\t\t\t\t<div class=\"elementor-element elementor-element-88352d3 elementor-widget elementor-widget-heading\" data-id=\"88352d3\" data-element_type=\"widget\" data-widget_type=\"heading.default\">\n\t\t\t\t<div class=\"elementor-widget-container\">\n\t\t\t\t\t<h2 class=\"elementor-heading-title elementor-size-default\">Nuestra gente<\/h2>\t\t\t\t<\/div>\n\t\t\t\t<\/div>\n\t\t\t\t<div class=\"elementor-element elementor-element-be2a361 elementor-widget elementor-widget-text-editor\" data-id=\"be2a361\" data-element_type=\"widget\" data-widget_type=\"text-editor.default\">\n\t\t\t\t<div class=\"elementor-widget-container\">\n\t\t\t\t\t\t\t\t\tCada vez que tenemos la oportunidad mostramos orgullosamente a nuestro cuerpo docente. Ellos son algunos de los expertos m\u00e1s talentosos de la industria, no solo en el pa\u00eds, sino en todo el mundo. Est\u00e1n dedicados a brindarte la atenci\u00f3n personalizada que necesitas para completar tus metas acad\u00e9micas y personales.\t\t\t\t\t\t\t\t<\/div>\n\t\t\t\t<\/div>\n\t\t\t\t<div class=\"elementor-element elementor-element-9729e14 elementor-widget elementor-widget-heading\" data-id=\"9729e14\" data-element_type=\"widget\" data-widget_type=\"heading.default\">\n\t\t\t\t<div class=\"elementor-widget-container\">\n\t\t\t\t\t<h2 class=\"elementor-heading-title elementor-size-default\">Nuestros tan solicitados programas y diplomados<\/h2>\t\t\t\t<\/div>\n\t\t\t\t<\/div>\n\t\t\t\t<div class=\"elementor-element elementor-element-d06e4ff elementor-widget elementor-widget-text-editor\" data-id=\"d06e4ff\" data-element_type=\"widget\" data-widget_type=\"text-editor.default\">\n\t\t\t\t<div class=\"elementor-widget-container\">\n\t\t\t\t\t\t\t\t\tQueremos mostrarte la teor\u00eda, pero tambi\u00e9n darte la oportunidad de ponerla en pr\u00e1ctica. Por lo tanto, no solo nos quedamos dentro del aula, te brindamos oportunidades pr\u00e1cticas (a trav\u00e9s de talleres y eventos de networking) para que aprendas y destaques en cualquier industria, incluso antes de graduarte.\t\t\t\t\t\t\t\t<\/div>\n\t\t\t\t<\/div>\n\t\t\t\t<div class=\"elementor-element elementor-element-6483604 elementor-widget elementor-widget-heading\" data-id=\"6483604\" data-element_type=\"widget\" data-widget_type=\"heading.default\">\n\t\t\t\t<div class=\"elementor-widget-container\">\n\t\t\t\t\t<h2 class=\"elementor-heading-title elementor-size-default\">Nuestra filosof\u00eda de aprendizaje acelerado<\/h2>\t\t\t\t<\/div>\n\t\t\t\t<\/div>\n\t\t\t\t<div class=\"elementor-element elementor-element-b12e8e0 elementor-widget elementor-widget-text-editor\" data-id=\"b12e8e0\" data-element_type=\"widget\" data-widget_type=\"text-editor.default\">\n\t\t\t\t<div class=\"elementor-widget-container\">\n\t\t\t\t\t\t\t\t\tentendemos que no todas las trayectorias de educaci\u00f3n superior son iguales. De hecho, no hay dos estudiantes que sigan exactamente el mismo camino al completar sus programas. Eso significa que podr\u00edas obtener tu licenciatura en 29 meses o tu maestr\u00eda en 12 meses. O incluso menos, si tienes cr\u00e9ditos transferibles.\t\t\t\t\t\t\t\t<\/div>\n\t\t\t\t<\/div>\n\t\t\t\t<div class=\"elementor-element elementor-element-e67a2e6 elementor-widget elementor-widget-heading\" data-id=\"e67a2e6\" data-element_type=\"widget\" data-widget_type=\"heading.default\">\n\t\t\t\t<div class=\"elementor-widget-container\">\n\t\t\t\t\t<h2 class=\"elementor-heading-title elementor-size-default\">Nuestro campus global<\/h2>\t\t\t\t<\/div>\n\t\t\t\t<\/div>\n\t\t\t\t<div class=\"elementor-element elementor-element-309ea0c elementor-widget elementor-widget-text-editor\" data-id=\"309ea0c\" data-element_type=\"widget\" data-widget_type=\"text-editor.default\">\n\t\t\t\t<div class=\"elementor-widget-container\">\n\t\t\t\t\t\t\t\t\themos perfeccionado el arte de la educaci\u00f3n en l\u00ednea. Maximizamos todas las herramientas tecnol\u00f3gicas a nuestra disposici\u00f3n para asegurarnos de que puedas tomar tus clases en l\u00ednea (sin perder la experiencia en el campus) y mantenerte conectado donde sea que la vida te lleve.\t\t\t\t\t\t\t\t<\/div>\n\t\t\t\t<\/div>\n\t\t\t\t<\/div>\n\t\t\t\t\t<\/div>\n\t\t\t\t<\/div>\n\t\t\t\t<\/div>\n\t\t","protected":false},"excerpt":{"rendered":"<p>SOMOS EL HOGAR DE LOS NON-CONFORMISTS Somos Atlantis University Somos Atlantis University, el hogar de los non-conformists. Aqu\u00ed puedes recibir una educaci\u00f3n de altos est\u00e1ndares y adaptada a las necesidades del entorno. Nos caracterizamos por ser flexibles, respaldados por un ambiente tecnol\u00f3gico e inspirados por mentores en un entorno de aprendizaje diverso e inclusivo.Empleadores, educadores [&hellip;]<\/p>\n","protected":false},"author":2,"featured_media":0,"parent":0,"menu_order":0,"comment_status":"closed","ping_status":"closed","template":"elementor_header_footer","meta":{"_acf_changed":false,"_et_pb_use_builder":"on","_et_pb_old_content":"","_et_gb_content_width":"","footnotes":""},"class_list":["post-234466","page","type-page","status-publish","hentry"],"acf":[],"_links":{"self":[{"href":"https:\/\/atlantisuniversity.edu\/es\/wp-json\/wp\/v2\/pages\/234466"}],"collection":[{"href":"https:\/\/atlantisuniversity.edu\/es\/wp-json\/wp\/v2\/pages"}],"about":[{"href":"https:\/\/atlantisuniversity.edu\/es\/wp-json\/wp\/v2\/types\/page"}],"author":[{"embeddable":true,"href":"https:\/\/atlantisuniversity.edu\/es\/wp-json\/wp\/v2\/users\/2"}],"replies":[{"embeddable":true,"href":"https:\/\/atlantisuniversity.edu\/es\/wp-json\/wp\/v2\/comments?post=234466"}],"version-history":[{"count":0,"href":"https:\/\/atlantisuniversity.edu\/es\/wp-json\/wp\/v2\/pages\/234466\/revisions"}],"wp:attachment":[{"href":"https:\/\/atlantisuniversity.edu\/es\/wp-json\/wp\/v2\/media?parent=234466"}],"curies":[{"name":"wp","href":"https:\/\/api.w.org\/{rel}","templated":true}]}}