{"id":234727,"date":"2021-08-05T01:05:03","date_gmt":"2021-08-05T05:05:03","guid":{"rendered":"https:\/\/atlantisuniversity.edu\/students-with-disabilities\/"},"modified":"2024-04-29T14:16:44","modified_gmt":"2024-04-29T18:16:44","slug":"estudiantes-con-discapacidades","status":"publish","type":"page","link":"https:\/\/atlantisuniversity.edu\/es\/estudiantes-con-discapacidades\/","title":{"rendered":"Estudiantes con discapacidades"},"content":{"rendered":"\t\t<div data-elementor-type=\"wp-page\" data-elementor-id=\"234727\" class=\"elementor elementor-234727 elementor-225525\" data-elementor-post-type=\"page\">\n\t\t\t\t<div class=\"elementor-element elementor-element-9e0cbbb e-flex e-con-boxed e-con e-parent\" data-id=\"9e0cbbb\" data-element_type=\"container\" data-settings=\"{&quot;background_background&quot;:&quot;classic&quot;}\">\n\t\t\t\t\t<div class=\"e-con-inner\">\n\t\t<div class=\"elementor-element elementor-element-af5777e e-con-full e-flex e-con e-child\" data-id=\"af5777e\" data-element_type=\"container\">\n\t\t\t\t<div class=\"elementor-element elementor-element-a6d5f32 elementor-widget elementor-widget-heading\" data-id=\"a6d5f32\" data-element_type=\"widget\" data-widget_type=\"heading.default\">\n\t\t\t\t<div class=\"elementor-widget-container\">\n\t\t\t\t\t<h1 class=\"elementor-heading-title elementor-size-default\">Estudiantes con discapacidades\n<\/h1>\t\t\t\t<\/div>\n\t\t\t\t<\/div>\n\t\t\t\t<div class=\"elementor-element elementor-element-d722ed9 elementor-widget elementor-widget-text-editor\" data-id=\"d722ed9\" data-element_type=\"widget\" data-widget_type=\"text-editor.default\">\n\t\t\t\t<div class=\"elementor-widget-container\">\n\t\t\t\t\t\t\t\t\t<style>\nul li{<br \/>\n list-style: disc !important;<br \/>\n}<br \/>\n<\/style>\n<ul>\n \t<li>Los reconocemos y valoramos a todos, incluidos aquellos con necesidades especiales y\/o discapacidades.<\/li>\n \t<li>Reconocemos tu derecho a participar o beneficiarte de todos los programas educativos que se ofrecen.\n<\/li>\n \t<li>Haremos las adaptaciones razonables para que puedas participar en los programas ofrecidos.\n<\/li>\n \t<li>Nos esforzamos por mantener las pol\u00edticas y programas de conformidad con las leyes estatales y federales correspondientes.\n<\/li>\n \t<li>Trabajamos para extender nuestras oportunidades educativas y espirituales a todos ustedes, independientemente de las circunstancias, y los alentamos a unirse a nosotros en este esfuerzo.\n<\/li>\n<\/ul>\t\t\t\t\t\t\t\t<\/div>\n\t\t\t\t<\/div>\n\t\t\t\t<\/div>\n\t\t<div class=\"elementor-element elementor-element-df98bd6 e-con-full e-flex e-con e-child\" data-id=\"df98bd6\" data-element_type=\"container\">\n\t\t\t\t<\/div>\n\t\t\t\t\t<\/div>\n\t\t\t\t<\/div>\n\t\t<div class=\"elementor-element elementor-element-9f10971 e-flex e-con-boxed e-con e-parent\" data-id=\"9f10971\" data-element_type=\"container\" data-settings=\"{&quot;background_background&quot;:&quot;classic&quot;}\">\n\t\t\t\t\t<div class=\"e-con-inner\">\n\t\t<div class=\"elementor-element elementor-element-8faddbb e-con-full e-flex e-con e-child\" data-id=\"8faddbb\" data-element_type=\"container\">\n\t\t\t\t<div class=\"elementor-element elementor-element-26e00e6 elementor-widget elementor-widget-heading\" data-id=\"26e00e6\" data-element_type=\"widget\" data-widget_type=\"heading.default\">\n\t\t\t\t<div class=\"elementor-widget-container\">\n\t\t\t\t\t<h2 class=\"elementor-heading-title elementor-size-default\">Lo Que Ofrecemos A Todos Ustedes<\/h2>\t\t\t\t<\/div>\n\t\t\t\t<\/div>\n\t\t\t\t<div class=\"elementor-element elementor-element-be48622 elementor-widget elementor-widget-text-editor\" data-id=\"be48622\" data-element_type=\"widget\" data-widget_type=\"text-editor.default\">\n\t\t\t\t<div class=\"elementor-widget-container\">\n\t\t\t\t\t\t\t\t\tEstas son algunas de las adaptaciones o ajustes que ofrecemos para minimizar las diferencias f\u00edsicas u otras circunstancias que puedan limitar tu capacidad para triunfar acad\u00e9micamente:\t\t\t\t\t\t\t\t<\/div>\n\t\t\t\t<\/div>\n\t\t\t\t<div class=\"elementor-element elementor-element-72cacbd elementor-widget elementor-widget-text-editor\" data-id=\"72cacbd\" data-element_type=\"widget\" data-widget_type=\"text-editor.default\">\n\t\t\t\t<div class=\"elementor-widget-container\">\n\t\t\t\t\t\t\t\t\t<p><style>\nul li{<br \/> list-style: disc;<br \/>}<br \/><\/style><\/p><ul><li>Tiempo adicional en los ex\u00e1menes<\/li><li>Realizar ex\u00e1menes en un lugar tranquilo<\/li><li>Grabaci\u00f3n de conferencias<\/li><li>Notas de lectura impresas o tomadores de apuntes<\/li><li>\u00c1rea de estacionamiento designada<\/li><\/ul>\t\t\t\t\t\t\t\t<\/div>\n\t\t\t\t<\/div>\n\t\t\t\t<div class=\"elementor-element elementor-element-1d6bf7a elementor-widget elementor-widget-text-editor\" data-id=\"1d6bf7a\" data-element_type=\"widget\" data-widget_type=\"text-editor.default\">\n\t\t\t\t<div class=\"elementor-widget-container\">\n\t\t\t\t\t\t\t\t\tOfrecemos varias adaptaciones para todos los que califican como personas con necesidades espec\u00edficas. Sin embargo, aunque hacemos un esfuerzo por adaptarnos a todas las discapacidades, es posible que no podamos responder razonablemente con adaptaciones adecuadas a determinadas discapacidades.\n\nPero no hay nada de qu\u00e9 preocuparse. Si re\u00fanes los requisitos para las adaptaciones, recibir\u00e1s una carta de la oficina de asesoramiento acad\u00e9mico. Esta carta describir\u00e1 las adaptaciones otorgadas.\t\t\t\t\t\t\t\t<\/div>\n\t\t\t\t<\/div>\n\t\t\t\t<\/div>\n\t\t\t\t\t<\/div>\n\t\t\t\t<\/div>\n\t\t<div class=\"elementor-element elementor-element-827bad6 e-flex e-con-boxed e-con e-parent\" data-id=\"827bad6\" data-element_type=\"container\" data-settings=\"{&quot;background_background&quot;:&quot;classic&quot;}\">\n\t\t\t\t\t<div class=\"e-con-inner\">\n\t\t<div class=\"elementor-element elementor-element-071c795 e-con-full e-flex e-con e-child\" data-id=\"071c795\" data-element_type=\"container\">\n\t\t\t\t<div class=\"elementor-element elementor-element-2273394 elementor-widget elementor-widget-heading\" data-id=\"2273394\" data-element_type=\"widget\" data-widget_type=\"heading.default\">\n\t\t\t\t<div class=\"elementor-widget-container\">\n\t\t\t\t\t<h2 class=\"elementor-heading-title elementor-size-default\">\u00bfQu\u00e9 Necesitas Hacer?<\/h2>\t\t\t\t<\/div>\n\t\t\t\t<\/div>\n\t\t\t\t<div class=\"elementor-element elementor-element-a91e3f1 elementor-widget elementor-widget-text-editor\" data-id=\"a91e3f1\" data-element_type=\"widget\" data-widget_type=\"text-editor.default\">\n\t\t\t\t<div class=\"elementor-widget-container\">\n\t\t\t\t\t\t\t\t\t<p>Si deseas ser considerado para un estatus de necesidades espec\u00edficas, debes solicitarlo por escrito.<\/p><p>Para postularte, debes enviar un Formulario de Declaraci\u00f3n Voluntaria de Discapacidad completamente suscrito (ver m\u00e1s abajo) a la oficina de asesor\u00eda acad\u00e9mica a m\u00e1s tardar el viernes durante la semana de orientaci\u00f3n.<\/p><p>Todas las solicitudes, incluida toda la documentaci\u00f3n de respaldo, deben completarse de manera precisa y veraz. Las solicitudes inexactas o fraudulentas traer\u00e1n como consecuencia la denegaci\u00f3n o revocaci\u00f3n de adaptaciones y pueden ser objeto de m\u00e1s medidas disciplinarias.<\/p><p>Nuestra oficina de asesor\u00eda acad\u00e9mica se encarga de otorgar y gestionar todas tus adaptaciones. Tenemos la obligaci\u00f3n legal de proporcionar adaptaciones razonables seg\u00fan lo definido por las leyes federales y estatales aplicables.<\/p>\t\t\t\t\t\t\t\t<\/div>\n\t\t\t\t<\/div>\n\t\t\t\t<\/div>\n\t\t\t\t\t<\/div>\n\t\t\t\t<\/div>\n\t\t<div class=\"elementor-element elementor-element-c7667d1 e-flex e-con-boxed e-con e-parent\" data-id=\"c7667d1\" data-element_type=\"container\" data-settings=\"{&quot;background_background&quot;:&quot;classic&quot;}\">\n\t\t\t\t\t<div class=\"e-con-inner\">\n\t\t<div class=\"elementor-element elementor-element-41b2dac e-con-full e-flex e-con e-child\" data-id=\"41b2dac\" data-element_type=\"container\">\n\t\t\t\t<div class=\"elementor-element elementor-element-60d207c elementor-widget elementor-widget-heading\" data-id=\"60d207c\" data-element_type=\"widget\" data-widget_type=\"heading.default\">\n\t\t\t\t<div class=\"elementor-widget-container\">\n\t\t\t\t\t<h2 class=\"elementor-heading-title elementor-size-default\">Tu Informaci\u00f3n Est\u00e1 Segura Con Nosotros<\/h2>\t\t\t\t<\/div>\n\t\t\t\t<\/div>\n\t\t\t\t<div class=\"elementor-element elementor-element-469744c elementor-widget elementor-widget-text-editor\" data-id=\"469744c\" data-element_type=\"widget\" data-widget_type=\"text-editor.default\">\n\t\t\t\t<div class=\"elementor-widget-container\">\n\t\t\t\t\t\t\t\t\t<p>Respetamos la naturaleza confidencial de tu informaci\u00f3n m\u00e9dica. Si tienes una necesidad espec\u00edfica, est\u00e1s protegido por la Ley de Privacidad y Derechos Educativos de la Familia (FERPA).<\/p><p>Solo accedemos a la informaci\u00f3n proporcionada en la medida necesaria para asistirte y para el apoyo continuo de tus adaptaciones.<\/p><p>La informaci\u00f3n proporcionada al profesorado para prop\u00f3sitos de adaptaciones indicar\u00e1 exclusivamente las adaptaciones acad\u00e9micas aprobadas.<\/p>\t\t\t\t\t\t\t\t<\/div>\n\t\t\t\t<\/div>\n\t\t\t\t<\/div>\n\t\t\t\t\t<\/div>\n\t\t\t\t<\/div>\n\t\t<div class=\"elementor-element elementor-element-aacf690 e-flex e-con-boxed e-con e-parent\" data-id=\"aacf690\" data-element_type=\"container\" data-settings=\"{&quot;background_background&quot;:&quot;classic&quot;}\">\n\t\t\t\t\t<div class=\"e-con-inner\">\n\t\t<div class=\"elementor-element elementor-element-6aecf05 e-con-full e-flex e-con e-child\" data-id=\"6aecf05\" data-element_type=\"container\">\n\t\t\t\t<div class=\"elementor-element elementor-element-65ff6f4 elementor-widget elementor-widget-heading\" data-id=\"65ff6f4\" data-element_type=\"widget\" data-widget_type=\"heading.default\">\n\t\t\t\t<div class=\"elementor-widget-container\">\n\t\t\t\t\t<h2 class=\"elementor-heading-title elementor-size-default\">Los Temas Legales<\/h2>\t\t\t\t<\/div>\n\t\t\t\t<\/div>\n\t\t\t\t<div class=\"elementor-element elementor-element-67b4acd elementor-widget elementor-widget-text-editor\" data-id=\"67b4acd\" data-element_type=\"widget\" data-widget_type=\"text-editor.default\">\n\t\t\t\t<div class=\"elementor-widget-container\">\n\t\t\t\t\t\t\t\t\t<p>El Formulario de Declaraci\u00f3n Voluntaria de Discapacidad presentado debe llevar adjunto un diagn\u00f3stico cl\u00ednico y un plan de tratamiento formalmente documentado que nos haya proporcionado directamente (a la universidad) un profesional de la salud calificado y autorizado.<\/p><p>El diagn\u00f3stico debe darse tanto por escrito como como un c\u00f3digo de diagn\u00f3stico consistente con la nomenclatura actual del Manual de Diagn\u00f3stico y Estad\u00edstica.<\/p><p>Los diagn\u00f3sticos escritos y codificados deben coincidir. El diagn\u00f3stico debe establecer que tu condici\u00f3n constituye una verdadera discapacidad y limita significativamente tu capacidad para triunfar acad\u00e9micamente. Las limitaciones espec\u00edficas deben establecerse de forma clara y espec\u00edfica.<\/p><p>Un \u201cprofesional de la salud calificado y autorizado\u201d debe ser un m\u00e9dico (como un pediatra, un m\u00e9dico internista o un neur\u00f3logo), un psic\u00f3logo cl\u00ednico con licencia, un neuropsic\u00f3logo pedi\u00e1trico u otro especialista cl\u00ednico con licencia para practicar y diagnosticar en el campo de especialidad relacionado con la discapacidad declarada del solicitante. Las personas sin licencia y la psicometr\u00eda escolar no cumplen con estos requisitos.<\/p><p>Toda la comunicaci\u00f3n del profesional de la salud autorizado debe estar en papel con membrete del consultorio y estar firmada por el remitente. Las notas escritas a mano, copias de registros, etc. deben ir acompa\u00f1adas de una carta de presentaci\u00f3n del remitente que cumpla con estos requisitos.<\/p><p>Por favor, debe proporcionar evidencia escrita tanto del diagn\u00f3stico actual como del tratamiento actual para la condici\u00f3n indicada que requiere adaptaci\u00f3n. Actual significa dentro de los 18 meses posteriores a la inscripci\u00f3n. El tratamiento debe ser totalmente compatible con el diagn\u00f3stico establecido. Un solicitante que tiene un diagn\u00f3stico actual, pero que no est\u00e1 participando en el tratamiento, no puede recibir adaptaciones.<\/p><p>En general, un Programa de Educaci\u00f3n Individual (IEP) por s\u00ed solo no es suficiente para establecer una discapacidad diagnosticable. La existencia de servicios pasados \u200b\u200bno constituye una discapacidad actual. En ning\u00fan caso la universidad aceptar\u00e1 un diagn\u00f3stico, IEP o IEP desactualizado (de m\u00e1s de 18 meses de antig\u00fcedad) que indique que no hay una discapacidad clara o que las necesidades acad\u00e9micas del estudiante se han resuelto. Es tu responsabilidad comunicar estos requisitos a todos los profesionales de la salud apropiados.<\/p>\t\t\t\t\t\t\t\t<\/div>\n\t\t\t\t<\/div>\n\t\t\t\t<\/div>\n\t\t\t\t\t<\/div>\n\t\t\t\t<\/div>\n\t\t<div class=\"elementor-element elementor-element-b979d4e e-flex e-con-boxed e-con e-parent\" data-id=\"b979d4e\" data-element_type=\"container\" data-settings=\"{&quot;background_background&quot;:&quot;classic&quot;}\">\n\t\t\t\t\t<div class=\"e-con-inner\">\n\t\t<div class=\"elementor-element elementor-element-ad8f297 e-con-full e-flex e-con e-child\" data-id=\"ad8f297\" data-element_type=\"container\">\n\t\t\t\t<div class=\"elementor-element elementor-element-8a11493 elementor-widget elementor-widget-image\" data-id=\"8a11493\" data-element_type=\"widget\" data-widget_type=\"image.default\">\n\t\t\t\t<div class=\"elementor-widget-container\">\n\t\t\t\t\t\t\t\t\t\t\t\t\t\t\t<img fetchpriority=\"high\" fetchpriority=\"high\" decoding=\"async\" width=\"589\" height=\"588\" src=\"https:\/\/atlantisuniversity.edu\/wp-content\/uploads\/2021\/08\/006_b_Need_extra_help.png\" class=\"attachment-large size-large wp-image-225374\" alt=\"\" srcset=\"https:\/\/atlantisuniversity.edu\/wp-content\/uploads\/2021\/08\/006_b_Need_extra_help.png 589w, https:\/\/atlantisuniversity.edu\/wp-content\/uploads\/2021\/08\/006_b_Need_extra_help-480x479.png 480w\" sizes=\"(min-width: 0px) and (max-width: 480px) 480px, (min-width: 481px) 589px, 100vw\" title=\"\">\t\t\t\t\t\t\t\t\t\t\t\t\t\t\t<\/div>\n\t\t\t\t<\/div>\n\t\t\t\t<\/div>\n\t\t<div class=\"elementor-element elementor-element-0697124 e-con-full e-flex e-con e-child\" data-id=\"0697124\" data-element_type=\"container\">\n\t\t\t\t<div class=\"elementor-element elementor-element-125c6f3 elementor-widget elementor-widget-heading\" data-id=\"125c6f3\" data-element_type=\"widget\" data-widget_type=\"heading.default\">\n\t\t\t\t<div class=\"elementor-widget-container\">\n\t\t\t\t\t<h2 class=\"elementor-heading-title elementor-size-default\">No Te Preocupes,\nNo Est\u00e1s Solo En Esto.<\/h2>\t\t\t\t<\/div>\n\t\t\t\t<\/div>\n\t\t\t\t<div class=\"elementor-element elementor-element-4f2eeeb elementor-widget elementor-widget-text-editor\" data-id=\"4f2eeeb\" data-element_type=\"widget\" data-widget_type=\"text-editor.default\">\n\t\t\t\t<div class=\"elementor-widget-container\">\n\t\t\t\t\t\t\t\t\tEstamos aqu\u00ed para responder a todas tus preguntas y asegurarnos de que comprendas realmente lo que necesitas para solicitar adaptaciones.\t\t\t\t\t\t\t\t<\/div>\n\t\t\t\t<\/div>\n\t\t\t\t<div class=\"elementor-element elementor-element-eec1916 elementor-widget elementor-widget-button\" data-id=\"eec1916\" data-element_type=\"widget\" data-widget_type=\"button.default\">\n\t\t\t\t<div class=\"elementor-widget-container\">\n\t\t\t\t\t\t\t\t\t<div class=\"elementor-button-wrapper\">\n\t\t\t\t\t<a class=\"elementor-button elementor-button-link elementor-size-sm\" href=\"https:\/\/atlantisuniversity.edu\/es\/contactanos\/\">\n\t\t\t\t\t\t<span class=\"elementor-button-content-wrapper\">\n\t\t\t\t\t\t<span class=\"elementor-button-icon\">\n\t\t\t\t<svg aria-hidden=\"true\" class=\"e-font-icon-svg e-fas-chevron-circle-right\" viewBox=\"0 0 512 512\" xmlns=\"http:\/\/www.w3.org\/2000\/svg\"><path d=\"M256 8c137 0 248 111 248 248S393 504 256 504 8 393 8 256 119 8 256 8zm113.9 231L234.4 103.5c-9.4-9.4-24.6-9.4-33.9 0l-17 17c-9.4 9.4-9.4 24.6 0 33.9L285.1 256 183.5 357.6c-9.4 9.4-9.4 24.6 0 33.9l17 17c9.4 9.4 24.6 9.4 33.9 0L369.9 273c9.4-9.4 9.4-24.6 0-34z\"><\/path><\/svg>\t\t\t<\/span>\n\t\t\t\t\t\t\t\t\t<span class=\"elementor-button-text\">CONT\u00c1CTANOS<\/span>\n\t\t\t\t\t<\/span>\n\t\t\t\t\t<\/a>\n\t\t\t\t<\/div>\n\t\t\t\t\t\t\t\t<\/div>\n\t\t\t\t<\/div>\n\t\t\t\t<\/div>\n\t\t\t\t\t<\/div>\n\t\t\t\t<\/div>\n\t\t\t\t<\/div>\n\t\t","protected":false},"excerpt":{"rendered":"<p>Estudiantes con discapacidades Los reconocemos y valoramos a todos, incluidos aquellos con necesidades especiales y\/o discapacidades. Reconocemos tu derecho a participar o beneficiarte de todos los programas educativos que se ofrecen. Haremos las adaptaciones razonables para que puedas participar en los programas ofrecidos. Nos esforzamos por mantener las pol\u00edticas y programas de conformidad con las [&hellip;]<\/p>\n","protected":false},"author":2,"featured_media":0,"parent":0,"menu_order":0,"comment_status":"closed","ping_status":"closed","template":"","meta":{"_acf_changed":false,"_et_pb_use_builder":"on","_et_pb_old_content":"","_et_gb_content_width":"","footnotes":""},"class_list":["post-234727","page","type-page","status-publish","hentry"],"acf":[],"_links":{"self":[{"href":"https:\/\/atlantisuniversity.edu\/es\/wp-json\/wp\/v2\/pages\/234727"}],"collection":[{"href":"https:\/\/atlantisuniversity.edu\/es\/wp-json\/wp\/v2\/pages"}],"about":[{"href":"https:\/\/atlantisuniversity.edu\/es\/wp-json\/wp\/v2\/types\/page"}],"author":[{"embeddable":true,"href":"https:\/\/atlantisuniversity.edu\/es\/wp-json\/wp\/v2\/users\/2"}],"replies":[{"embeddable":true,"href":"https:\/\/atlantisuniversity.edu\/es\/wp-json\/wp\/v2\/comments?post=234727"}],"version-history":[{"count":0,"href":"https:\/\/atlantisuniversity.edu\/es\/wp-json\/wp\/v2\/pages\/234727\/revisions"}],"wp:attachment":[{"href":"https:\/\/atlantisuniversity.edu\/es\/wp-json\/wp\/v2\/media?parent=234727"}],"curies":[{"name":"wp","href":"https:\/\/api.w.org\/{rel}","templated":true}]}}