{"id":234793,"date":"2021-10-06T14:47:31","date_gmt":"2021-10-06T18:47:31","guid":{"rendered":"https:\/\/atlantisuniversity.edu\/career-services\/"},"modified":"2024-04-30T16:23:46","modified_gmt":"2024-04-30T20:23:46","slug":"servicios-de-desarrollo-profesional","status":"publish","type":"page","link":"https:\/\/atlantisuniversity.edu\/es\/servicios-de-desarrollo-profesional\/","title":{"rendered":"Servicios de desarrollo profesional"},"content":{"rendered":"\t\t<div data-elementor-type=\"wp-page\" data-elementor-id=\"234793\" class=\"elementor elementor-234793 elementor-229292\" data-elementor-post-type=\"page\">\n\t\t\t\t<div class=\"elementor-element elementor-element-2a1cf90 e-flex e-con-boxed e-con e-parent\" data-id=\"2a1cf90\" data-element_type=\"container\" data-settings=\"{&quot;background_background&quot;:&quot;classic&quot;}\">\n\t\t\t\t\t<div class=\"e-con-inner\">\n\t\t<div class=\"elementor-element elementor-element-4c28bd2 e-con-full e-flex e-con e-child\" data-id=\"4c28bd2\" data-element_type=\"container\">\n\t\t\t\t<div class=\"elementor-element elementor-element-9f1313f elementor-widget elementor-widget-heading\" data-id=\"9f1313f\" data-element_type=\"widget\" data-widget_type=\"heading.default\">\n\t\t\t\t<div class=\"elementor-widget-container\">\n\t\t\t\t\t<h1 class=\"elementor-heading-title elementor-size-default\">Servicios de desarrollo profesional<\/h1>\t\t\t\t<\/div>\n\t\t\t\t<\/div>\n\t\t\t\t<div class=\"elementor-element elementor-element-8b450cb elementor-widget elementor-widget-heading\" data-id=\"8b450cb\" data-element_type=\"widget\" data-widget_type=\"heading.default\">\n\t\t\t\t<div class=\"elementor-widget-container\">\n\t\t\t\t\t<h3 class=\"elementor-heading-title elementor-size-default\">Con miras al futuro<\/h3>\t\t\t\t<\/div>\n\t\t\t\t<\/div>\n\t\t\t\t<div class=\"elementor-element elementor-element-960ec90 elementor-widget elementor-widget-text-editor\" data-id=\"960ec90\" data-element_type=\"widget\" data-widget_type=\"text-editor.default\">\n\t\t\t\t<div class=\"elementor-widget-container\">\n\t\t\t\t\t\t\t\t\tNuestros servicios de desarrollo profesional jugar\u00e1n un papel activo en tu traves\u00eda en Atlantis. Te asesoraremos para que logres crear un curr\u00edculum efectivo, ampl\u00edes tus habilidades para las entrevistas y crees una poderosa presencia en l\u00ednea. Tambi\u00e9n tenemos relaciones con empresas y reclutadores con las que podemos conectarte.\n\nEntonces, sea lo que sea que necesites para avanzar en tu camino hacia la mejor opci\u00f3n de empleo, estamos aqu\u00ed para ayudarte.\t\t\t\t\t\t\t\t<\/div>\n\t\t\t\t<\/div>\n\t\t\t\t<div class=\"elementor-element elementor-element-5d57088 elementor-widget elementor-widget-heading\" data-id=\"5d57088\" data-element_type=\"widget\" data-widget_type=\"heading.default\">\n\t\t\t\t<div class=\"elementor-widget-container\">\n\t\t\t\t\t<h3 class=\"elementor-heading-title elementor-size-default\">Tu camino hacia el \u00e9xito\n<\/h3>\t\t\t\t<\/div>\n\t\t\t\t<\/div>\n\t\t\t\t<div class=\"elementor-element elementor-element-40c4d51 elementor-widget elementor-widget-text-editor\" data-id=\"40c4d51\" data-element_type=\"widget\" data-widget_type=\"text-editor.default\">\n\t\t\t\t<div class=\"elementor-widget-container\">\n\t\t\t\t\t\t\t\t\tObt\u00e9n m\u00e1s informaci\u00f3n sobre las herramientas que ofrecemos para que puedas hacerte cargo de tus objetivos profesionales.\t\t\t\t\t\t\t\t<\/div>\n\t\t\t\t<\/div>\n\t\t\t\t<\/div>\n\t\t<div class=\"elementor-element elementor-element-7ee028c e-con-full e-flex e-con e-child\" data-id=\"7ee028c\" data-element_type=\"container\">\n\t\t\t\t<\/div>\n\t\t\t\t\t<\/div>\n\t\t\t\t<\/div>\n\t\t<div class=\"elementor-element elementor-element-25b0e6a e-flex e-con-boxed e-con e-parent\" data-id=\"25b0e6a\" data-element_type=\"container\" data-settings=\"{&quot;background_background&quot;:&quot;video&quot;,&quot;background_video_link&quot;:&quot;https:\\\/\\\/atlantisuniversity.edu\\\/wp-content\\\/uploads\\\/2021\\\/10\\\/Career-Services-_-We-are-here-to-help-in-your-path-to-success.mp4&quot;,&quot;background_privacy_mode&quot;:&quot;yes&quot;}\">\n\t\t\t\t\t<div class=\"e-con-inner\">\n\t\t<div class=\"elementor-background-video-container elementor-hidden-mobile\">\n\t\t\t\t\t\t\t<video class=\"elementor-background-video-hosted\" autoplay muted playsinline loop><\/video>\n\t\t\t\t\t<\/div>\t\t\t<\/div>\n\t\t\t\t<\/div>\n\t\t<div class=\"elementor-element elementor-element-db9d031 e-flex e-con-boxed e-con e-parent\" data-id=\"db9d031\" data-element_type=\"container\" data-settings=\"{&quot;background_background&quot;:&quot;classic&quot;}\">\n\t\t\t\t\t<div class=\"e-con-inner\">\n\t\t<div class=\"elementor-element elementor-element-2669991 e-con-full e-flex e-con e-child\" data-id=\"2669991\" data-element_type=\"container\">\n\t\t\t\t<div class=\"elementor-element elementor-element-d8432a4 elementor-widget elementor-widget-heading\" data-id=\"d8432a4\" data-element_type=\"widget\" data-widget_type=\"heading.default\">\n\t\t\t\t<div class=\"elementor-widget-container\">\n\t\t\t\t\t<h2 class=\"elementor-heading-title elementor-size-default\">\u00bfC\u00f3mo Ser\u00e1n Las\nIndustrias Del Futuro?<\/h2>\t\t\t\t<\/div>\n\t\t\t\t<\/div>\n\t\t\t\t<div class=\"elementor-element elementor-element-e6650a3 elementor-widget elementor-widget-text-editor\" data-id=\"e6650a3\" data-element_type=\"widget\" data-widget_type=\"text-editor.default\">\n\t\t\t\t<div class=\"elementor-widget-container\">\n\t\t\t\t\t\t\t\t\t<h3><span style=\"color: #ffffff;\"><strong>\u00bfSab\u00edas que\u2026<\/strong><\/span><\/h3><ul><li>\u2026se espera que el empleo en operaciones comerciales crezca un 5% en los pr\u00f3ximos a\u00f1os?<\/li><li>\u2026pronto aumentar\u00e1n las oportunidades en el mercado laboral de tecnolog\u00eda y TI, y habr\u00e1 aproximadamente 500.000 nuevos puestos de trabajo disponibles?<\/li><li>\u2026las carreras de ingenier\u00eda est\u00e1n cambiando, volvi\u00e9ndose cada vez m\u00e1s especializadas cada a\u00f1o? \u00a1Las oportunidades profesionales podr\u00edan alcanzar un crecimiento del 10% para 2029!<\/li><li>\u2026los especialistas en salud est\u00e1n ahora m\u00e1s solicitados que nunca? La perspectiva laboral es un aumento del 59% en menos de 10 a\u00f1os.<\/li><li>\u2026las tasas de empleo educativo est\u00e1n creciendo por un margen incre\u00edble, a un ritmo mucho m\u00e1s r\u00e1pido que en otras carreras?<\/li><\/ul>\t\t\t\t\t\t\t\t<\/div>\n\t\t\t\t<\/div>\n\t\t\t\t<\/div>\n\t\t<div class=\"elementor-element elementor-element-667a42b e-con-full e-flex e-con e-child\" data-id=\"667a42b\" data-element_type=\"container\">\n\t\t\t\t<\/div>\n\t\t\t\t\t<\/div>\n\t\t\t\t<\/div>\n\t\t<div class=\"elementor-element elementor-element-38b6a55 e-flex e-con-boxed e-con e-parent\" data-id=\"38b6a55\" data-element_type=\"container\" data-settings=\"{&quot;background_background&quot;:&quot;classic&quot;}\">\n\t\t\t\t\t<div class=\"e-con-inner\">\n\t\t<div class=\"elementor-element elementor-element-709bab7 e-con-full e-flex e-con e-child\" data-id=\"709bab7\" data-element_type=\"container\">\n\t\t\t\t<div class=\"elementor-element elementor-element-4d38500 elementor-widget elementor-widget-image\" data-id=\"4d38500\" data-element_type=\"widget\" data-widget_type=\"image.default\">\n\t\t\t\t<div class=\"elementor-widget-container\">\n\t\t\t\t\t\t\t\t\t\t\t\t\t\t\t<img fetchpriority=\"high\" fetchpriority=\"high\" decoding=\"async\" width=\"584\" height=\"583\" src=\"https:\/\/atlantisuniversity.edu\/wp-content\/uploads\/2021\/10\/005_b_imagen.png\" class=\"attachment-large size-large wp-image-229287\" alt=\"\" title=\"\">\t\t\t\t\t\t\t\t\t\t\t\t\t\t\t<\/div>\n\t\t\t\t<\/div>\n\t\t\t\t<\/div>\n\t\t<div class=\"elementor-element elementor-element-a20f8f3 e-con-full e-flex e-con e-child\" data-id=\"a20f8f3\" data-element_type=\"container\">\n\t\t\t\t<div class=\"elementor-element elementor-element-cbf4284 elementor-widget elementor-widget-heading\" data-id=\"cbf4284\" data-element_type=\"widget\" data-widget_type=\"heading.default\">\n\t\t\t\t<div class=\"elementor-widget-container\">\n\t\t\t\t\t<h2 class=\"elementor-heading-title elementor-size-default\">\u00a1Estamos Aqu\u00ed Para Ayudar!<\/h2>\t\t\t\t<\/div>\n\t\t\t\t<\/div>\n\t\t\t\t<div class=\"elementor-element elementor-element-2d1ed28 elementor-widget elementor-widget-text-editor\" data-id=\"2d1ed28\" data-element_type=\"widget\" data-widget_type=\"text-editor.default\">\n\t\t\t\t<div class=\"elementor-widget-container\">\n\t\t\t\t\t\t\t\t\tEn nuestros Servicios de desarrollo profesional dedicamos un esfuerzo adicional para ayudarte a conseguir un trabajo una vez que te grad\u00faes. Inicia desde ya una conversaci\u00f3n sobre tus objetivos profesionales.\t\t\t\t\t\t\t\t<\/div>\n\t\t\t\t<\/div>\n\t\t\t\t<div class=\"elementor-element elementor-element-28cecd4 elementor-widget elementor-widget-button\" data-id=\"28cecd4\" data-element_type=\"widget\" data-widget_type=\"button.default\">\n\t\t\t\t<div class=\"elementor-widget-container\">\n\t\t\t\t\t\t\t\t\t<div class=\"elementor-button-wrapper\">\n\t\t\t\t\t<a class=\"elementor-button elementor-button-link elementor-size-sm\" href=\"https:\/\/atlantisuniversity.edu\/es\/contactanos\/\">\n\t\t\t\t\t\t<span class=\"elementor-button-content-wrapper\">\n\t\t\t\t\t\t<span class=\"elementor-button-icon\">\n\t\t\t\t<svg aria-hidden=\"true\" class=\"e-font-icon-svg e-fas-chevron-circle-right\" viewBox=\"0 0 512 512\" xmlns=\"http:\/\/www.w3.org\/2000\/svg\"><path d=\"M256 8c137 0 248 111 248 248S393 504 256 504 8 393 8 256 119 8 256 8zm113.9 231L234.4 103.5c-9.4-9.4-24.6-9.4-33.9 0l-17 17c-9.4 9.4-9.4 24.6 0 33.9L285.1 256 183.5 357.6c-9.4 9.4-9.4 24.6 0 33.9l17 17c9.4 9.4 24.6 9.4 33.9 0L369.9 273c9.4-9.4 9.4-24.6 0-34z\"><\/path><\/svg>\t\t\t<\/span>\n\t\t\t\t\t\t\t\t\t<span class=\"elementor-button-text\">CONT\u00c1CTANOS<\/span>\n\t\t\t\t\t<\/span>\n\t\t\t\t\t<\/a>\n\t\t\t\t<\/div>\n\t\t\t\t\t\t\t\t<\/div>\n\t\t\t\t<\/div>\n\t\t\t\t<\/div>\n\t\t\t\t\t<\/div>\n\t\t\t\t<\/div>\n\t\t\t\t<\/div>\n\t\t","protected":false},"excerpt":{"rendered":"<p>Servicios de desarrollo profesional Con miras al futuro Nuestros servicios de desarrollo profesional jugar\u00e1n un papel activo en tu traves\u00eda en Atlantis. Te asesoraremos para que logres crear un curr\u00edculum efectivo, ampl\u00edes tus habilidades para las entrevistas y crees una poderosa presencia en l\u00ednea. Tambi\u00e9n tenemos relaciones con empresas y reclutadores con las que podemos [&hellip;]<\/p>\n","protected":false},"author":23,"featured_media":0,"parent":0,"menu_order":0,"comment_status":"closed","ping_status":"closed","template":"","meta":{"_acf_changed":false,"_et_pb_use_builder":"on","_et_pb_old_content":"","_et_gb_content_width":"","footnotes":""},"class_list":["post-234793","page","type-page","status-publish","hentry"],"acf":[],"_links":{"self":[{"href":"https:\/\/atlantisuniversity.edu\/es\/wp-json\/wp\/v2\/pages\/234793"}],"collection":[{"href":"https:\/\/atlantisuniversity.edu\/es\/wp-json\/wp\/v2\/pages"}],"about":[{"href":"https:\/\/atlantisuniversity.edu\/es\/wp-json\/wp\/v2\/types\/page"}],"author":[{"embeddable":true,"href":"https:\/\/atlantisuniversity.edu\/es\/wp-json\/wp\/v2\/users\/23"}],"replies":[{"embeddable":true,"href":"https:\/\/atlantisuniversity.edu\/es\/wp-json\/wp\/v2\/comments?post=234793"}],"version-history":[{"count":0,"href":"https:\/\/atlantisuniversity.edu\/es\/wp-json\/wp\/v2\/pages\/234793\/revisions"}],"wp:attachment":[{"href":"https:\/\/atlantisuniversity.edu\/es\/wp-json\/wp\/v2\/media?parent=234793"}],"curies":[{"name":"wp","href":"https:\/\/api.w.org\/{rel}","templated":true}]}}