{"id":235654,"date":"2021-08-05T11:56:16","date_gmt":"2021-08-05T15:56:16","guid":{"rendered":"https:\/\/atlantisuniversity.edu\/tuition\/"},"modified":"2025-03-12T15:55:30","modified_gmt":"2025-03-12T19:55:30","slug":"matricula","status":"publish","type":"page","link":"https:\/\/atlantisuniversity.edu\/es\/matricula\/","title":{"rendered":"Matr\u00edcula"},"content":{"rendered":"\t\t<div data-elementor-type=\"wp-page\" data-elementor-id=\"235654\" class=\"elementor elementor-235654 elementor-225596\" data-elementor-post-type=\"page\">\n\t\t\t\t<div class=\"elementor-element elementor-element-1421562 e-flex e-con-boxed e-con e-parent\" data-id=\"1421562\" data-element_type=\"container\" data-settings=\"{&quot;background_background&quot;:&quot;classic&quot;}\">\n\t\t\t\t\t<div class=\"e-con-inner\">\n\t\t<div class=\"elementor-element elementor-element-44759eb e-con-full e-flex e-con e-child\" data-id=\"44759eb\" data-element_type=\"container\">\n\t\t\t\t<div class=\"elementor-element elementor-element-6974de7 elementor-widget elementor-widget-heading\" data-id=\"6974de7\" data-element_type=\"widget\" data-widget_type=\"heading.default\">\n\t\t\t\t<div class=\"elementor-widget-container\">\n\t\t\t\t\t<h1 class=\"elementor-heading-title elementor-size-default\">Matr\u00edcula<\/h1>\t\t\t\t<\/div>\n\t\t\t\t<\/div>\n\t\t\t\t<div class=\"elementor-element elementor-element-e8a9878 elementor-widget elementor-widget-heading\" data-id=\"e8a9878\" data-element_type=\"widget\" data-widget_type=\"heading.default\">\n\t\t\t\t<div class=\"elementor-widget-container\">\n\t\t\t\t\t<h2 class=\"elementor-heading-title elementor-size-default\">Un enfoque sencillo para el pago de los estudios.<\/h2>\t\t\t\t<\/div>\n\t\t\t\t<\/div>\n\t\t\t\t<div class=\"elementor-element elementor-element-5aea0db elementor-widget elementor-widget-text-editor\" data-id=\"5aea0db\" data-element_type=\"widget\" data-widget_type=\"text-editor.default\">\n\t\t\t\t<div class=\"elementor-widget-container\">\n\t\t\t\t\t\t\t\t\t<p>Una cosa que a menudo preocupa a los estudiantes es cu\u00e1nto costar\u00e1 la matr\u00edcula en la universidad elegida. Una tasa de matr\u00edcula es un costo que aplican las universidades para cubrir sus estudios. Estas tarifas pueden variar de un curso a otro.<\/p><p>Aseg\u00farate de verificar cu\u00e1l es el costo de la matr\u00edcula para el curso elegido antes de presentar la solicitud. Y si no est\u00e1s seguro, no te preocupes. Estamos aqu\u00ed para ayudar.<\/p>\t\t\t\t\t\t\t\t<\/div>\n\t\t\t\t<\/div>\n\t\t\t\t<div class=\"elementor-element elementor-element-07a6d56 elementor-widget elementor-widget-button\" data-id=\"07a6d56\" data-element_type=\"widget\" data-widget_type=\"button.default\">\n\t\t\t\t<div class=\"elementor-widget-container\">\n\t\t\t\t\t\t\t\t\t<div class=\"elementor-button-wrapper\">\n\t\t\t\t\t<a class=\"elementor-button elementor-button-link elementor-size-sm\" href=\"https:\/\/atlantisuniversity.edu\/net-price-calculator.html\" target=\"_blank\">\n\t\t\t\t\t\t<span class=\"elementor-button-content-wrapper\">\n\t\t\t\t\t\t<span class=\"elementor-button-icon\">\n\t\t\t\t<svg aria-hidden=\"true\" class=\"e-font-icon-svg e-fas-chevron-circle-right\" viewBox=\"0 0 512 512\" xmlns=\"http:\/\/www.w3.org\/2000\/svg\"><path d=\"M256 8c137 0 248 111 248 248S393 504 256 504 8 393 8 256 119 8 256 8zm113.9 231L234.4 103.5c-9.4-9.4-24.6-9.4-33.9 0l-17 17c-9.4 9.4-9.4 24.6 0 33.9L285.1 256 183.5 357.6c-9.4 9.4-9.4 24.6 0 33.9l17 17c9.4 9.4 24.6 9.4 33.9 0L369.9 273c9.4-9.4 9.4-24.6 0-34z\"><\/path><\/svg>\t\t\t<\/span>\n\t\t\t\t\t\t\t\t\t<span class=\"elementor-button-text\">NET CALCULATOR<\/span>\n\t\t\t\t\t<\/span>\n\t\t\t\t\t<\/a>\n\t\t\t\t<\/div>\n\t\t\t\t\t\t\t\t<\/div>\n\t\t\t\t<\/div>\n\t\t\t\t<\/div>\n\t\t<div class=\"elementor-element elementor-element-0d0160a e-con-full e-flex e-con e-child\" data-id=\"0d0160a\" data-element_type=\"container\">\n\t\t\t\t<\/div>\n\t\t\t\t\t<\/div>\n\t\t\t\t<\/div>\n\t\t<div class=\"elementor-element elementor-element-b0f0bd4 e-flex e-con-boxed e-con e-parent\" data-id=\"b0f0bd4\" data-element_type=\"container\" data-settings=\"{&quot;background_background&quot;:&quot;classic&quot;}\">\n\t\t\t\t\t<div class=\"e-con-inner\">\n\t\t<div class=\"elementor-element elementor-element-a2d0373 e-con-full elementor-hidden-mobile e-flex e-con e-child\" data-id=\"a2d0373\" data-element_type=\"container\">\n\t\t\t\t<div class=\"elementor-element elementor-element-e203f7e elementor-widget elementor-widget-image\" data-id=\"e203f7e\" data-element_type=\"widget\" data-widget_type=\"image.default\">\n\t\t\t\t<div class=\"elementor-widget-container\">\n\t\t\t\t\t\t\t\t\t\t\t\t\t\t\t<img fetchpriority=\"high\" fetchpriority=\"high\" decoding=\"async\" width=\"295\" height=\"533\" src=\"https:\/\/atlantisuniversity.edu\/wp-content\/uploads\/2021\/08\/002_b_david.png\" class=\"attachment-large size-large wp-image-225369\" alt=\"\" srcset=\"https:\/\/atlantisuniversity.edu\/wp-content\/uploads\/2021\/08\/002_b_david.png 295w, https:\/\/atlantisuniversity.edu\/wp-content\/uploads\/2021\/08\/002_b_david-166x300.png 166w\" sizes=\"(max-width: 295px) 100vw, 295px\" title=\"\">\t\t\t\t\t\t\t\t\t\t\t\t\t\t\t<\/div>\n\t\t\t\t<\/div>\n\t\t\t\t<\/div>\n\t\t<div class=\"elementor-element elementor-element-82e3eb8 e-con-full e-flex e-con e-child\" data-id=\"82e3eb8\" data-element_type=\"container\">\n\t\t\t\t<div class=\"elementor-element elementor-element-80d063c elementor-widget elementor-widget-heading\" data-id=\"80d063c\" data-element_type=\"widget\" data-widget_type=\"heading.default\">\n\t\t\t\t<div class=\"elementor-widget-container\">\n\t\t\t\t\t<h2 class=\"elementor-heading-title elementor-size-default\">Costo De Los Programas De Grado<\/h2>\t\t\t\t<\/div>\n\t\t\t\t<\/div>\n\t\t\t\t<div class=\"elementor-element elementor-element-45f75e8 elementor-widget elementor-widget-text-editor\" data-id=\"45f75e8\" data-element_type=\"widget\" data-widget_type=\"text-editor.default\">\n\t\t\t\t<div class=\"elementor-widget-container\">\n\t\t\t\t\t\t\t\t\t<p>La matr\u00edcula se cobra por semestre seg\u00fan la cantidad de cr\u00e9ditos en los que te inscribiste durante el semestre. Ten en cuenta que la tasa de matr\u00edcula est\u00e1 sujeta a cambios sin previo aviso.<\/p><div><ul><li>$450 por cr\u00e9dito para programas de pregrado<\/li><li>$897 por cr\u00e9dito para programas de posgrado<\/li><\/ul><\/div><p><strong>Tasa de solicitud de admisi\u00f3n<\/strong><br \/>Hay una tasa de solicitud \u00fanica de $50 para los programas de pregrado y una tasa de solicitud \u00fanica de $100 para los programas de posgrado.<\/p>\t\t\t\t\t\t\t\t<\/div>\n\t\t\t\t<\/div>\n\t\t\t\t<\/div>\n\t\t\t\t\t<\/div>\n\t\t\t\t<\/div>\n\t\t<div class=\"elementor-element elementor-element-ed723b8 e-flex e-con-boxed e-con e-parent\" data-id=\"ed723b8\" data-element_type=\"container\" data-settings=\"{&quot;background_background&quot;:&quot;classic&quot;}\">\n\t\t\t\t\t<div class=\"e-con-inner\">\n\t\t<div class=\"elementor-element elementor-element-89ba361 e-con-full e-flex e-con e-child\" data-id=\"89ba361\" data-element_type=\"container\">\n\t\t\t\t<div class=\"elementor-element elementor-element-4ac3b25 elementor-widget elementor-widget-heading\" data-id=\"4ac3b25\" data-element_type=\"widget\" data-widget_type=\"heading.default\">\n\t\t\t\t<div class=\"elementor-widget-container\">\n\t\t\t\t\t<h2 class=\"elementor-heading-title elementor-size-default\">Tasas Semestrales<\/h2>\t\t\t\t<\/div>\n\t\t\t\t<\/div>\n\t\t\t\t<div class=\"elementor-element elementor-element-8acd749 elementor-widget elementor-widget-text-editor\" data-id=\"8acd749\" data-element_type=\"widget\" data-widget_type=\"text-editor.default\">\n\t\t\t\t<div class=\"elementor-widget-container\">\n\t\t\t\t\t\t\t\t\t<p>Son aplicables a todos los programas de pregrado y posgrado, incluidos los programas de educaci\u00f3n a distancia.<br \/>Se han calculado semestralmente y est\u00e1n sujetas a revisi\u00f3n y modificaci\u00f3n.<br \/>Cubren una variedad de servicios ofrecidos por la universidad, incluida la tecnolog\u00eda y el acceso y soporte a plataformas en l\u00ednea.<br \/>Tasa semestral de programas de pregrado y posgrado por cr\u00e9dito<\/p><p>Hay una tasa de $80 por hora de cr\u00e9dito para los programas de pregrado. Por lo tanto, si est\u00e1s inscrito por 12 horas de cr\u00e9dito en el semestre, la tasa semestral para ese semestre en particular es de $960 ($80 por hora de cr\u00e9dito x 12 horas de cr\u00e9dito).<\/p><p>Hay una tasa de $223,33 por hora de cr\u00e9dito para los programas de posgrado. Por lo tanto, si est\u00e1s inscrito por 6 horas de cr\u00e9dito en el semestre, la tasa semestral para ese semestre es de $1.340 ($223,33 por hora de cr\u00e9dito x 6 horas de cr\u00e9dito).<\/p><p>Libros y materiales did\u00e1cticos<\/p><p>Los costos de los libros de texto (aproximadamente $100 por curso) son adicionales y los pagas t\u00fa.<br \/>Puede comprar libros de texto, necesarios para cada clase, en librer\u00edas locales o de proveedores en l\u00ednea.<\/p><p>Graduaci\u00f3n (tasa \u00fanica) $500.<\/p>\t\t\t\t\t\t\t\t<\/div>\n\t\t\t\t<\/div>\n\t\t\t\t<\/div>\n\t\t\t\t\t<\/div>\n\t\t\t\t<\/div>\n\t\t<div class=\"elementor-element elementor-element-fdcb5d4 e-flex e-con-boxed e-con e-parent\" data-id=\"fdcb5d4\" data-element_type=\"container\" data-settings=\"{&quot;background_background&quot;:&quot;classic&quot;}\">\n\t\t\t\t\t<div class=\"e-con-inner\">\n\t\t<div class=\"elementor-element elementor-element-f3e57fb e-con-full e-flex e-con e-child\" data-id=\"f3e57fb\" data-element_type=\"container\">\n\t\t\t\t<div class=\"elementor-element elementor-element-781c8ce elementor-widget elementor-widget-heading\" data-id=\"781c8ce\" data-element_type=\"widget\" data-widget_type=\"heading.default\">\n\t\t\t\t<div class=\"elementor-widget-container\">\n\t\t\t\t\t<h2 class=\"elementor-heading-title elementor-size-default\">Costos De Los Programas De Diplomado<\/h2>\t\t\t\t<\/div>\n\t\t\t\t<\/div>\n\t\t\t\t<div class=\"elementor-element elementor-element-de47b8a elementor-widget elementor-widget-text-editor\" data-id=\"de47b8a\" data-element_type=\"widget\" data-widget_type=\"text-editor.default\">\n\t\t\t\t<div class=\"elementor-widget-container\">\n\t\t\t\t\t\t\t\t\t<p>Los costos de los programas de diplomado son espec\u00edficos de cada programa. El costo de dichos programas est\u00e1 sujeto a cambios sin previo aviso. Se aplican otras tasas para los programas de diplomado.<\/p><p><strong>Tasa de solicitud de admisi\u00f3n<\/strong><br \/>Hay una tasa de solicitud \u00fanica de $50.<\/p><p><strong>Matr\u00edcula<\/strong><\/p><div class=\"tuition-costs\"><div><ul><li>Administrador de Office<\/li><li>Operaciones en red<\/li><li>Profesional de Enterprise Cloud<\/li><li>Profesional de InfoSec<\/li><li>Tecnolog\u00eda inform\u00e1tica<\/li><\/ul><\/div><div><ul><li>336 horas de reloj (21 cr\u00e9ditos)<\/li><li>192 horas de reloj (12 cr\u00e9ditos)<\/li><li>288 horas de reloj (18 cr\u00e9ditos)<\/li><li>240 horas de reloj (15 cr\u00e9ditos)<\/li><li>672 horas de reloj (42 cr\u00e9ditos)<\/li><\/ul><\/div><div><ul><li>$8,840<\/li><li>$8,840<\/li><li>$13,260<\/li><li>$13,260<\/li><li>$28,000<\/li><\/ul><\/div><\/div><p><strong>Libros y materiales de aprendizaje<\/strong><br \/>Los costos de los libros de texto (aproximadamente $100 por curso) son adicionales y los pagas t\u00fa.Puede comprar libros de texto, necesarios para cada clase, en librer\u00edas locales o de proveedores en l\u00ednea.<\/p><p>Graduaci\u00f3n (tasa \u00fanica) $500.<\/p><p><strong>Costos de los programas de diplomado para participantes de fuentes profesionales<\/strong><br \/>Los costos de los programas de diplomado son espec\u00edficos de cada programa e incluyen el costo de la matr\u00edcula, tasas semestrales, los libros, las tasas de los ex\u00e1menes de certificaci\u00f3n y las tasas de graduaci\u00f3n.<\/p><p>La tasa \u00fanica de solicitud de admisi\u00f3n de $50 no est\u00e1 incluida<\/p>\t\t\t\t\t\t\t\t<\/div>\n\t\t\t\t<\/div>\n\t\t\t\t<\/div>\n\t\t\t\t\t<\/div>\n\t\t\t\t<\/div>\n\t\t<div class=\"elementor-element elementor-element-6202c81 e-flex e-con-boxed e-con e-parent\" data-id=\"6202c81\" data-element_type=\"container\" data-settings=\"{&quot;background_background&quot;:&quot;classic&quot;}\">\n\t\t\t\t\t<div class=\"e-con-inner\">\n\t\t<div class=\"elementor-element elementor-element-42436b2 e-con-full e-flex e-con e-child\" data-id=\"42436b2\" data-element_type=\"container\">\n\t\t\t\t<div class=\"elementor-element elementor-element-d65191e elementor-widget elementor-widget-heading\" data-id=\"d65191e\" data-element_type=\"widget\" data-widget_type=\"heading.default\">\n\t\t\t\t<div class=\"elementor-widget-container\">\n\t\t\t\t\t<h2 class=\"elementor-heading-title elementor-size-default\">Cargos Adicionales<\/h2>\t\t\t\t<\/div>\n\t\t\t\t<\/div>\n\t\t\t\t<div class=\"elementor-element elementor-element-8b99f63 elementor-widget elementor-widget-text-editor\" data-id=\"8b99f63\" data-element_type=\"widget\" data-widget_type=\"text-editor.default\">\n\t\t\t\t<div class=\"elementor-widget-container\">\n\t\t\t\t\t\t\t\t\t<p><strong>Cargos por Retraso:\u00a0<\/strong>Los estudiantes son responsables de pagar la matricula del semestre antes o durante la fecha de inicio de cada semestre. En dados casos en el que el estudiante se encuentre registrado en un plan de pago, un cargo del 6% de la deuda para el semestre va a ser aplicado a la cuenta del estudiante.<\/p><p>\u00a0<\/p><p><strong>Cargos de Traducci\u00f3n y Evaluaci\u00f3n:<\/strong><\/p><p>Los estudiantes que hayan completado sus estudios en una instituci\u00f3n fuera de los Estados Unidos deben tener sus credenciales acad\u00e9micas traducidas (si no se encuentran en ingl\u00e9s) y evaluadas por un servicio de evaluaci\u00f3n educativa aprobado. Este debe acreditar que el diploma o cr\u00e9ditos obtenidos son equivalentes a un diploma o cr\u00e9ditos adquiridos en una instituci\u00f3n acreditada en los Estados Unidos.<\/p><ul><li>Los estudiantes tienen la opci\u00f3n de completar este proceso o pueden otorgar permiso a la Universidad para completar el proceso en su nombre.<\/li><li>Los cargos var\u00edan basado en el servicio adquirido (traducci\u00f3n y\/o evaluaci\u00f3n) y el tipo de evaluaci\u00f3n que se realice (general o curso por curso).<br \/>El tipo de evaluaci\u00f3n depende del nivel del programa al cual el estudiante va a ingresar (pregrado o maestr\u00eda) y si se ha solicitado una transferencia de cr\u00e9ditos.<\/li><li>Se cobrar\u00e1 una tarifa administrativa de $50 adem\u00e1s de los cargos establecidos anteriormente si el proceso es completado por la Universidad en nombre del estudiante.<\/li><\/ul><p><strong>Records Acad\u00e9micos Oficiales:<\/strong><\/p><p>1. Los estudiantes tienen derecho a una copia oficial de sus records acad\u00e9micos una vez que se grad\u00faan.<br \/>2. Copias adicionales tienen un costo de $15.<\/p><p><strong>Verificaci\u00f3n de Inscripci\u00f3n y Graduaci\u00f3n::<\/strong><\/p><p>1. La Verificaci\u00f3n de Inscripci\u00f3n o Graduaci\u00f3n tiene un costo de $15.<\/p>\t\t\t\t\t\t\t\t<\/div>\n\t\t\t\t<\/div>\n\t\t\t\t<\/div>\n\t\t\t\t\t<\/div>\n\t\t\t\t<\/div>\n\t\t<div class=\"elementor-element elementor-element-e57014e e-flex e-con-boxed e-con e-parent\" data-id=\"e57014e\" data-element_type=\"container\" data-settings=\"{&quot;background_background&quot;:&quot;classic&quot;}\">\n\t\t\t\t\t<div class=\"e-con-inner\">\n\t\t<div class=\"elementor-element elementor-element-eef1042 e-con-full e-flex e-con e-child\" data-id=\"eef1042\" data-element_type=\"container\">\n\t\t\t\t<div class=\"elementor-element elementor-element-45357c9 elementor-widget elementor-widget-image\" data-id=\"45357c9\" data-element_type=\"widget\" data-widget_type=\"image.default\">\n\t\t\t\t<div class=\"elementor-widget-container\">\n\t\t\t\t\t\t\t\t\t\t\t\t\t\t\t<img decoding=\"async\" width=\"581\" height=\"580\" src=\"https:\/\/atlantisuniversity.edu\/wp-content\/uploads\/2021\/07\/005_b_werehereforyou.png\" class=\"attachment-large size-large wp-image-225053\" alt=\"\" srcset=\"https:\/\/atlantisuniversity.edu\/wp-content\/uploads\/2021\/07\/005_b_werehereforyou.png 581w, https:\/\/atlantisuniversity.edu\/wp-content\/uploads\/2021\/07\/005_b_werehereforyou-480x479.png 480w\" sizes=\"(min-width: 0px) and (max-width: 480px) 480px, (min-width: 481px) 581px, 100vw\" title=\"\">\t\t\t\t\t\t\t\t\t\t\t\t\t\t\t<\/div>\n\t\t\t\t<\/div>\n\t\t\t\t<\/div>\n\t\t<div class=\"elementor-element elementor-element-56e701f e-con-full e-flex e-con e-child\" data-id=\"56e701f\" data-element_type=\"container\">\n\t\t\t\t<div class=\"elementor-element elementor-element-baf0b75 elementor-widget elementor-widget-heading\" data-id=\"baf0b75\" data-element_type=\"widget\" data-widget_type=\"heading.default\">\n\t\t\t\t<div class=\"elementor-widget-container\">\n\t\t\t\t\t<h2 class=\"elementor-heading-title elementor-size-default\">No Te Preocupes, No Est\u00e1s Solo En Esto.<\/h2>\t\t\t\t<\/div>\n\t\t\t\t<\/div>\n\t\t\t\t<div class=\"elementor-element elementor-element-c8299a4 elementor-widget elementor-widget-text-editor\" data-id=\"c8299a4\" data-element_type=\"widget\" data-widget_type=\"text-editor.default\">\n\t\t\t\t<div class=\"elementor-widget-container\">\n\t\t\t\t\t\t\t\t\tEstamos aqu\u00ed para responder a todas sus preguntas y asegurarnos de que comprendas realmente los costos de completar tu programa.\t\t\t\t\t\t\t\t<\/div>\n\t\t\t\t<\/div>\n\t\t\t\t<div class=\"elementor-element elementor-element-e5496f2 elementor-widget elementor-widget-button\" data-id=\"e5496f2\" data-element_type=\"widget\" data-widget_type=\"button.default\">\n\t\t\t\t<div class=\"elementor-widget-container\">\n\t\t\t\t\t\t\t\t\t<div class=\"elementor-button-wrapper\">\n\t\t\t\t\t<a class=\"elementor-button elementor-button-link elementor-size-sm\" href=\"https:\/\/atlantisuniversity.edu\/es\/contactanos\/\">\n\t\t\t\t\t\t<span class=\"elementor-button-content-wrapper\">\n\t\t\t\t\t\t<span class=\"elementor-button-icon\">\n\t\t\t\t<svg aria-hidden=\"true\" class=\"e-font-icon-svg e-fas-chevron-circle-right\" viewBox=\"0 0 512 512\" xmlns=\"http:\/\/www.w3.org\/2000\/svg\"><path d=\"M256 8c137 0 248 111 248 248S393 504 256 504 8 393 8 256 119 8 256 8zm113.9 231L234.4 103.5c-9.4-9.4-24.6-9.4-33.9 0l-17 17c-9.4 9.4-9.4 24.6 0 33.9L285.1 256 183.5 357.6c-9.4 9.4-9.4 24.6 0 33.9l17 17c9.4 9.4 24.6 9.4 33.9 0L369.9 273c9.4-9.4 9.4-24.6 0-34z\"><\/path><\/svg>\t\t\t<\/span>\n\t\t\t\t\t\t\t\t\t<span class=\"elementor-button-text\">CONT\u00c1CTANOS<\/span>\n\t\t\t\t\t<\/span>\n\t\t\t\t\t<\/a>\n\t\t\t\t<\/div>\n\t\t\t\t\t\t\t\t<\/div>\n\t\t\t\t<\/div>\n\t\t\t\t<\/div>\n\t\t\t\t\t<\/div>\n\t\t\t\t<\/div>\n\t\t\t\t<\/div>\n\t\t","protected":false},"excerpt":{"rendered":"<p>Matr\u00edcula Un enfoque sencillo para el pago de los estudios. Una cosa que a menudo preocupa a los estudiantes es cu\u00e1nto costar\u00e1 la matr\u00edcula en la universidad elegida. Una tasa de matr\u00edcula es un costo que aplican las universidades para cubrir sus estudios. Estas tarifas pueden variar de un curso a otro.Aseg\u00farate de verificar cu\u00e1l [&hellip;]<\/p>\n","protected":false},"author":2,"featured_media":0,"parent":0,"menu_order":0,"comment_status":"closed","ping_status":"closed","template":"","meta":{"_acf_changed":false,"_et_pb_use_builder":"on","_et_pb_old_content":"","_et_gb_content_width":"","footnotes":""},"class_list":["post-235654","page","type-page","status-publish","hentry"],"acf":[],"_links":{"self":[{"href":"https:\/\/atlantisuniversity.edu\/es\/wp-json\/wp\/v2\/pages\/235654"}],"collection":[{"href":"https:\/\/atlantisuniversity.edu\/es\/wp-json\/wp\/v2\/pages"}],"about":[{"href":"https:\/\/atlantisuniversity.edu\/es\/wp-json\/wp\/v2\/types\/page"}],"author":[{"embeddable":true,"href":"https:\/\/atlantisuniversity.edu\/es\/wp-json\/wp\/v2\/users\/2"}],"replies":[{"embeddable":true,"href":"https:\/\/atlantisuniversity.edu\/es\/wp-json\/wp\/v2\/comments?post=235654"}],"version-history":[{"count":3,"href":"https:\/\/atlantisuniversity.edu\/es\/wp-json\/wp\/v2\/pages\/235654\/revisions"}],"predecessor-version":[{"id":269256,"href":"https:\/\/atlantisuniversity.edu\/es\/wp-json\/wp\/v2\/pages\/235654\/revisions\/269256"}],"wp:attachment":[{"href":"https:\/\/atlantisuniversity.edu\/es\/wp-json\/wp\/v2\/media?parent=235654"}],"curies":[{"name":"wp","href":"https:\/\/api.w.org\/{rel}","templated":true}]}}