{"id":235662,"date":"2021-08-04T10:37:21","date_gmt":"2021-08-04T14:37:21","guid":{"rendered":"https:\/\/atlantisuniversity.edu\/graduate-admissions\/"},"modified":"2024-05-06T18:23:07","modified_gmt":"2024-05-06T22:23:07","slug":"admisiones-para-estudiantes-de-posgrado","status":"publish","type":"page","link":"https:\/\/atlantisuniversity.edu\/es\/admisiones-para-estudiantes-de-posgrado\/","title":{"rendered":"Admisiones para estudiantes de posgrado"},"content":{"rendered":"\t\t<div data-elementor-type=\"wp-page\" data-elementor-id=\"235662\" class=\"elementor elementor-235662 elementor-225365\" data-elementor-post-type=\"page\">\n\t\t\t\t<div class=\"elementor-element elementor-element-1e8e500 e-flex e-con-boxed e-con e-parent\" data-id=\"1e8e500\" data-element_type=\"container\" data-settings=\"{&quot;background_background&quot;:&quot;classic&quot;}\">\n\t\t\t\t\t<div class=\"e-con-inner\">\n\t\t<div class=\"elementor-element elementor-element-0914188 e-con-full e-flex e-con e-child\" data-id=\"0914188\" data-element_type=\"container\">\n\t\t\t\t<div class=\"elementor-element elementor-element-8d2ec73 elementor-widget elementor-widget-heading\" data-id=\"8d2ec73\" data-element_type=\"widget\" data-widget_type=\"heading.default\">\n\t\t\t\t<div class=\"elementor-widget-container\">\n\t\t\t\t\t<h1 class=\"elementor-heading-title elementor-size-default\">Admisiones para\nestudiantes de posgrado<\/h1>\t\t\t\t<\/div>\n\t\t\t\t<\/div>\n\t\t\t\t<div class=\"elementor-element elementor-element-ede894d elementor-widget elementor-widget-text-editor\" data-id=\"ede894d\" data-element_type=\"widget\" data-widget_type=\"text-editor.default\">\n\t\t\t\t<div class=\"elementor-widget-container\">\n\t\t\t\t\t\t\t\t\t<p>Convi\u00e9rtete en el tipo de persona que ama los lunes. El tipo de empleado que se despierta todos los d\u00edas de la semana sinti\u00e9ndose motivado. El tipo de trabajador que encuentra la manera de disfrutar de las peque\u00f1as cosas: incluso el viaje diario a la oficina.<\/p><p>Esta actitud despreocupada est\u00e1 a tu alcance. Despu\u00e9s de todo, nunca es demasiado tarde para reinventarse profesionalmente. Nuestros programas son un testimonio de ello. Encuentra un programa que te guste hoy y podr\u00e1s garantizarte una carrera satisfactoria ma\u00f1ana.<\/p><p>Conf\u00eda en nosotros: en el futuro te lo agradecer\u00e1s.<\/p>\t\t\t\t\t\t\t\t<\/div>\n\t\t\t\t<\/div>\n\t\t\t\t<div class=\"elementor-element elementor-element-b61753a elementor-widget elementor-widget-button\" data-id=\"b61753a\" data-element_type=\"widget\" data-widget_type=\"button.default\">\n\t\t\t\t<div class=\"elementor-widget-container\">\n\t\t\t\t\t\t\t\t\t<div class=\"elementor-button-wrapper\">\n\t\t\t\t\t<a class=\"elementor-button elementor-button-link elementor-size-sm\" href=\"https:\/\/atlantisuniversity.edu\/es\/contactanos\/\" target=\"_blank\">\n\t\t\t\t\t\t<span class=\"elementor-button-content-wrapper\">\n\t\t\t\t\t\t<span class=\"elementor-button-icon\">\n\t\t\t\t<svg aria-hidden=\"true\" class=\"e-font-icon-svg e-fas-chevron-circle-right\" viewBox=\"0 0 512 512\" xmlns=\"http:\/\/www.w3.org\/2000\/svg\"><path d=\"M256 8c137 0 248 111 248 248S393 504 256 504 8 393 8 256 119 8 256 8zm113.9 231L234.4 103.5c-9.4-9.4-24.6-9.4-33.9 0l-17 17c-9.4 9.4-9.4 24.6 0 33.9L285.1 256 183.5 357.6c-9.4 9.4-9.4 24.6 0 33.9l17 17c9.4 9.4 24.6 9.4 33.9 0L369.9 273c9.4-9.4 9.4-24.6 0-34z\"><\/path><\/svg>\t\t\t<\/span>\n\t\t\t\t\t\t\t\t\t<span class=\"elementor-button-text\">SOLICITAR INFORMACI\u00d3N<\/span>\n\t\t\t\t\t<\/span>\n\t\t\t\t\t<\/a>\n\t\t\t\t<\/div>\n\t\t\t\t\t\t\t\t<\/div>\n\t\t\t\t<\/div>\n\t\t\t\t<\/div>\n\t\t<div class=\"elementor-element elementor-element-1aaad28 e-con-full e-flex e-con e-child\" data-id=\"1aaad28\" data-element_type=\"container\">\n\t\t\t\t<\/div>\n\t\t\t\t\t<\/div>\n\t\t\t\t<\/div>\n\t\t<div class=\"elementor-element elementor-element-bce3b24 e-flex e-con-boxed e-con e-parent\" data-id=\"bce3b24\" data-element_type=\"container\" data-settings=\"{&quot;background_background&quot;:&quot;classic&quot;}\">\n\t\t\t\t\t<div class=\"e-con-inner\">\n\t\t<div class=\"elementor-element elementor-element-3c9dc3a e-con-full elementor-hidden-mobile e-flex e-con e-child\" data-id=\"3c9dc3a\" data-element_type=\"container\">\n\t\t\t\t<div class=\"elementor-element elementor-element-e04d1ec elementor-widget elementor-widget-image\" data-id=\"e04d1ec\" data-element_type=\"widget\" data-widget_type=\"image.default\">\n\t\t\t\t<div class=\"elementor-widget-container\">\n\t\t\t\t\t\t\t\t\t\t\t\t\t\t\t<img fetchpriority=\"high\" fetchpriority=\"high\" decoding=\"async\" width=\"295\" height=\"533\" src=\"https:\/\/atlantisuniversity.edu\/wp-content\/uploads\/2021\/08\/002_b_david.png\" class=\"attachment-large size-large wp-image-225369\" alt=\"\" srcset=\"https:\/\/atlantisuniversity.edu\/wp-content\/uploads\/2021\/08\/002_b_david.png 295w, https:\/\/atlantisuniversity.edu\/wp-content\/uploads\/2021\/08\/002_b_david-166x300.png 166w\" sizes=\"(max-width: 295px) 100vw, 295px\" title=\"\">\t\t\t\t\t\t\t\t\t\t\t\t\t\t\t<\/div>\n\t\t\t\t<\/div>\n\t\t\t\t<\/div>\n\t\t<div class=\"elementor-element elementor-element-67a8b57 e-con-full e-flex e-con e-child\" data-id=\"67a8b57\" data-element_type=\"container\">\n\t\t\t\t<div class=\"elementor-element elementor-element-e78700c elementor-widget elementor-widget-heading\" data-id=\"e78700c\" data-element_type=\"widget\" data-widget_type=\"heading.default\">\n\t\t\t\t<div class=\"elementor-widget-container\">\n\t\t\t\t\t<h2 class=\"elementor-heading-title elementor-size-default\">As\u00ed Es Ser Un Estudiante De Posgrado En AU<\/h2>\t\t\t\t<\/div>\n\t\t\t\t<\/div>\n\t\t\t\t<div class=\"elementor-element elementor-element-2fd6dd5 elementor-widget elementor-widget-text-editor\" data-id=\"2fd6dd5\" data-element_type=\"widget\" data-widget_type=\"text-editor.default\">\n\t\t\t\t<div class=\"elementor-widget-container\">\n\t\t\t\t\t\t\t\t\t<p>Priorizar la experiencia del estudiante es lo que Atlantis University mejor sabe hacer. Trabajamos duro en la selecci\u00f3n de una amplia gama de experiencias de posgrado para que t\u00fa no tengas que hacerlo. Puedes esperar proyectos pr\u00e1cticos en clase; revisiones de pares supervisadas por l\u00edderes de opini\u00f3n de la industria; talleres programados regularmente; oportunidades de pasant\u00edas de manera constante y mucho m\u00e1s.<\/p><p>El profesorado y el personal de Atlantis University quieren garantizar que no salgas de nuestro campus con una simple hoja de papel con tu nombre. No es lo que ese diploma parece, sino lo que simboliza. B\u00e1sicamente, queremos que te conviertas en un graduado completo con una s\u00f3lida formaci\u00f3n que te ayudar\u00e1 a subir de nivel en tu carrera profesional.<\/p><p>Por \u00faltimo, nos gusta resumir nuestra filosof\u00eda en cuatro partes:<br \/><strong>1. Enfoque en tu carrera<\/strong> ayud\u00e1ndote a desarrollar esas codiciadas habilidades de la industria.<br \/><strong>2. Alternativas de aprendizaje<\/strong> acelerado que te permiten completar tus programas en la mitad del tiempo en comparaci\u00f3n con otras instituciones.<br \/><strong>3. Experiencias inmersivas<\/strong> con oportunidades de investigaci\u00f3n y talleres que no te limitar\u00e1n a un aula.<br \/><strong>4. Colaboraci\u00f3n empoderada e interdisciplinaria,<\/strong> para que todos nuestros estudiantes puedan aprender los unos de los otros, incluso si est\u00e1n inscritos en diferentes programas.<br \/>Desde tu primera visita a nuestro campus, hasta el d\u00eda en que caminas por el pasillo para recibir tu diploma, estaremos aqu\u00ed para ti los 7 d\u00edas de la semana y 365 d\u00edas del a\u00f1o para garantizar tu \u00e9xito. Deja que nuestro atento personal y profesores te ayuden. \u00a1En Atlantis University, tu futuro est\u00e1 en buenas manos!<\/p>\t\t\t\t\t\t\t\t<\/div>\n\t\t\t\t<\/div>\n\t\t\t\t<\/div>\n\t\t\t\t\t<\/div>\n\t\t\t\t<\/div>\n\t\t<div class=\"elementor-element elementor-element-4a27657 e-flex e-con-boxed e-con e-parent\" data-id=\"4a27657\" data-element_type=\"container\" data-settings=\"{&quot;background_background&quot;:&quot;classic&quot;}\">\n\t\t\t\t\t<div class=\"e-con-inner\">\n\t\t<div class=\"elementor-element elementor-element-3191c2a e-con-full e-flex e-con e-child\" data-id=\"3191c2a\" data-element_type=\"container\">\n\t\t\t\t<div class=\"elementor-element elementor-element-61225a3 elementor-widget elementor-widget-heading\" data-id=\"61225a3\" data-element_type=\"widget\" data-widget_type=\"heading.default\">\n\t\t\t\t<div class=\"elementor-widget-container\">\n\t\t\t\t\t<h2 class=\"elementor-heading-title elementor-size-default\">B\u00fasqueda Por Nivel Educativo<\/h2>\t\t\t\t<\/div>\n\t\t\t\t<\/div>\n\t\t\t\t<div class=\"elementor-element elementor-element-7ff7829 elementor-widget elementor-widget-text-editor\" data-id=\"7ff7829\" data-element_type=\"widget\" data-widget_type=\"text-editor.default\">\n\t\t\t\t<div class=\"elementor-widget-container\">\n\t\t\t\t\t\t\t\t\t<p>\u00bfNo est\u00e1s seguro de c\u00f3mo empezar a buscar programas? \u00a1No hay problema! Echa un vistazo r\u00e1pido a las diferentes opciones de educaci\u00f3n de posgrado que tenemos disponibles y elige la que se adapte a tus objetivos.<\/p><p><strong>Maestr\u00eda en Ciencias (MS):<\/strong> \u00a1El cl\u00e1sico!<br \/>Maestr\u00eda en Negocios, con especializaci\u00f3n en Administraci\u00f3n de Empresas.<br \/>Maestr\u00eda en Gesti\u00f3n Hotelera, con especializaci\u00f3n en Hoteler\u00eda de Lujo y Gesti\u00f3n de Eventos; Gesti\u00f3n Tur\u00edstica; o Gesti\u00f3n Inmobiliaria Internacional.<br \/>Maestr\u00eda en Ciberseguridad; Tecnolog\u00edas de la Informaci\u00f3n; o Ingenier\u00eda Inform\u00e1tica.<br \/>Maestr\u00eda en Gesti\u00f3n Sanitaria.<br \/>Maestr\u00eda en Educaci\u00f3n, con especializaci\u00f3n en Liderazgo Educativo o Tecnolog\u00eda Educativa.<\/p><p><strong>Maestr\u00eda en Enfermer\u00eda (MSN): \u00a1El t\u00edtulo especializado para enfermeros registrados!<\/strong><br \/>MSN, especializaciones en Inform\u00e1tica de la Salud; Educaci\u00f3n en Enfermer\u00eda; Administraci\u00f3n de Liderazgo de Enfermer\u00eda en Sistemas de Salud; o Enfermer\u00eda de Salud P\u00fablica.<\/p><p><strong>Maestr\u00eda en Administraci\u00f3n de Empresas (MBA): \u00a1El de los empresarios!<\/strong><br \/>MBA con especializaciones en Inteligencia y An\u00e1lisis Empresarial; Marketing Digital; Negocios Internacionales; o Tecnolog\u00eda de la Informaci\u00f3n.<\/p><p><strong>Doble titulaci\u00f3n: \u00a1El programa de los estudiantes que lo quieren todo!<\/strong><br \/>Maestr\u00eda en Tecnolog\u00eda de la informaci\u00f3n + Maestr\u00eda en Ciberseguridad<br \/>Maestr\u00eda en Tecnolog\u00eda de la informaci\u00f3n + Maestr\u00eda en Ingenier\u00eda Inform\u00e1tica<br \/>MBA + Maestr\u00eda en Tecnolog\u00eda de la informaci\u00f3n<br \/>MBA + Maestr\u00eda en Gesti\u00f3n Sanitaria<br \/>MBA + Maestr\u00eda en Educaci\u00f3n<br \/>MSN + Maestr\u00eda en Gesti\u00f3n Sanitaria<\/p>\t\t\t\t\t\t\t\t<\/div>\n\t\t\t\t<\/div>\n\t\t\t\t<\/div>\n\t\t\t\t\t<\/div>\n\t\t\t\t<\/div>\n\t\t<div class=\"elementor-element elementor-element-ba741f5 e-flex e-con-boxed e-con e-parent\" data-id=\"ba741f5\" data-element_type=\"container\" data-settings=\"{&quot;background_background&quot;:&quot;classic&quot;}\">\n\t\t\t\t\t<div class=\"e-con-inner\">\n\t\t<div class=\"elementor-element elementor-element-ba81518 e-con-full e-flex e-con e-child\" data-id=\"ba81518\" data-element_type=\"container\">\n\t\t\t\t<div class=\"elementor-element elementor-element-7980e8f elementor-widget elementor-widget-heading\" data-id=\"7980e8f\" data-element_type=\"widget\" data-widget_type=\"heading.default\">\n\t\t\t\t<div class=\"elementor-widget-container\">\n\t\t\t\t\t<h2 class=\"elementor-heading-title elementor-size-default\">B\u00fasqueda Por Escuela<\/h2>\t\t\t\t<\/div>\n\t\t\t\t<\/div>\n\t\t\t\t<div class=\"elementor-element elementor-element-42e280b elementor-widget elementor-widget-text-editor\" data-id=\"42e280b\" data-element_type=\"widget\" data-widget_type=\"text-editor.default\">\n\t\t\t\t<div class=\"elementor-widget-container\">\n\t\t\t\t\t\t\t\t\t<p>Tal vez no sepas qu\u00e9 nivel de educaci\u00f3n deseas y est\u00e1s m\u00e1s interesado en industrias espec\u00edficas. No te preocupes, cuentas con nosotros. Busca por escuela y decide cu\u00e1l funciona mejor para ti.<\/p><p><strong>Escuela de Negocios:<\/strong> Ofrece dos Maestr\u00edas en Ciencias (MS) y cuatro Maestr\u00edas en Administraci\u00f3n de Empresas (MBA).<br \/><strong>Escuela de Tecnolog\u00eda de la Informaci\u00f3n:<\/strong> Ofrece dos maestr\u00edas.<br \/><strong>Escuela de Ingenier\u00eda:<\/strong> Ofrece una maestr\u00eda.<br \/><strong>Escuela de Salud:<\/strong> Ofrece una Maestr\u00eda en Ciencias (MS) y cinco Maestr\u00edas en Ciencias en Enfermer\u00eda (MSN).<br \/><strong>Escuela de Educaci\u00f3n:<\/strong> Ofrece tres Maestr\u00edas en Ciencias (MS).<\/p>\t\t\t\t\t\t\t\t<\/div>\n\t\t\t\t<\/div>\n\t\t\t\t<\/div>\n\t\t\t\t\t<\/div>\n\t\t\t\t<\/div>\n\t\t<div class=\"elementor-element elementor-element-31944a7 e-flex e-con-boxed e-con e-parent\" data-id=\"31944a7\" data-element_type=\"container\" data-settings=\"{&quot;background_background&quot;:&quot;classic&quot;}\">\n\t\t\t\t\t<div class=\"e-con-inner\">\n\t\t<div class=\"elementor-element elementor-element-6cc4535 e-con-full e-flex e-con e-child\" data-id=\"6cc4535\" data-element_type=\"container\">\n\t\t\t\t<div class=\"elementor-element elementor-element-4abcca2 elementor-widget elementor-widget-heading\" data-id=\"4abcca2\" data-element_type=\"widget\" data-widget_type=\"heading.default\">\n\t\t\t\t<div class=\"elementor-widget-container\">\n\t\t\t\t\t<h2 class=\"elementor-heading-title elementor-size-default\">Seguramente Para Este Momento Te Estar\u00e1s Preguntando:\n\u00bfC\u00f3mo Funciona El Proceso De Admisiones?<\/h2>\t\t\t\t<\/div>\n\t\t\t\t<\/div>\n\t\t\t\t<div class=\"elementor-element elementor-element-6a9cc09 elementor-widget elementor-widget-text-editor\" data-id=\"6a9cc09\" data-element_type=\"widget\" data-widget_type=\"text-editor.default\">\n\t\t\t\t<div class=\"elementor-widget-container\">\n\t\t\t\t\t\t\t\t\t<p>No hay que asustarse. De hecho, es bastante f\u00e1cil. A continuaci\u00f3n, se incluye un breve resumen de nuestros requisitos de admisi\u00f3n:<\/p><ul><li><strong>Edad:<\/strong>\u00a0debes ser mayor de 18 a\u00f1os o, en caso contrario, tener permiso de tu tutor legal (queremos asegurarnos de que est\u00e9n de acuerdo).<\/li><li><strong>Entrevista:<\/strong>\u00a0debes completar una entrevista en persona (\u00a1obviamente, queremos conocerte!).<\/li><li><strong>Educaci\u00f3n previa:<\/strong>debes proporcionar una copia de tu diploma de escuela secundaria\/GED. Cualquier otro equivalente funciona, solo aseg\u00farate de que est\u00e9 en ingl\u00e9s.<\/li><li><strong>Idioma:<\/strong>\u00a0\u00bfEl ingl\u00e9s no es tu idioma principal? \u00a1No hay problema! Todo lo que tienes que hacer es presentar y enviar el examen de ingl\u00e9s como lengua extranjera (TOEFL). El equipo de nuestro Departamento de Admisiones puede ayudarte si tienes alguna pregunta.<\/li><\/ul><p>Todas las notas certificadas y documentaci\u00f3n oficiales deben ser enviadas directamente a Atlantis University por la instituci\u00f3n otorgante a nuestra direcci\u00f3n: Atlantis University, 1442 Biscayne Boulevard, Miami, Fl 33132.<\/p>\t\t\t\t\t\t\t\t<\/div>\n\t\t\t\t<\/div>\n\t\t\t\t<\/div>\n\t\t\t\t\t<\/div>\n\t\t\t\t<\/div>\n\t\t<div class=\"elementor-element elementor-element-9a482d5 e-flex e-con-boxed e-con e-parent\" data-id=\"9a482d5\" data-element_type=\"container\" data-settings=\"{&quot;background_background&quot;:&quot;classic&quot;}\">\n\t\t\t\t\t<div class=\"e-con-inner\">\n\t\t<div class=\"elementor-element elementor-element-d2b96e2 e-con-full e-flex e-con e-child\" data-id=\"d2b96e2\" data-element_type=\"container\">\n\t\t\t\t<div class=\"elementor-element elementor-element-ceaed30 elementor-widget elementor-widget-image\" data-id=\"ceaed30\" data-element_type=\"widget\" data-widget_type=\"image.default\">\n\t\t\t\t<div class=\"elementor-widget-container\">\n\t\t\t\t\t\t\t\t\t\t\t\t\t\t\t<img decoding=\"async\" width=\"581\" height=\"580\" src=\"https:\/\/atlantisuniversity.edu\/wp-content\/uploads\/2021\/07\/005_b_werehereforyou.png\" class=\"attachment-large size-large wp-image-225053\" alt=\"\" srcset=\"https:\/\/atlantisuniversity.edu\/wp-content\/uploads\/2021\/07\/005_b_werehereforyou.png 581w, https:\/\/atlantisuniversity.edu\/wp-content\/uploads\/2021\/07\/005_b_werehereforyou-480x479.png 480w\" sizes=\"(min-width: 0px) and (max-width: 480px) 480px, (min-width: 481px) 581px, 100vw\" title=\"\">\t\t\t\t\t\t\t\t\t\t\t\t\t\t\t<\/div>\n\t\t\t\t<\/div>\n\t\t\t\t<\/div>\n\t\t<div class=\"elementor-element elementor-element-5a82e08 e-con-full e-flex e-con e-child\" data-id=\"5a82e08\" data-element_type=\"container\">\n\t\t\t\t<div class=\"elementor-element elementor-element-a8e4227 elementor-widget elementor-widget-heading\" data-id=\"a8e4227\" data-element_type=\"widget\" data-widget_type=\"heading.default\">\n\t\t\t\t<div class=\"elementor-widget-container\">\n\t\t\t\t\t<h2 class=\"elementor-heading-title elementor-size-default\">\u00bfNecesitas Ayuda Adicional\nPara Resolver Todo Esto?<\/h2>\t\t\t\t<\/div>\n\t\t\t\t<\/div>\n\t\t\t\t<div class=\"elementor-element elementor-element-a95dccb elementor-widget elementor-widget-text-editor\" data-id=\"a95dccb\" data-element_type=\"widget\" data-widget_type=\"text-editor.default\">\n\t\t\t\t<div class=\"elementor-widget-container\">\n\t\t\t\t\t\t\t\t\tTe respaldamos, cuenta con nosotros. El equipo de nuestro Departamento de Admisiones trabajar\u00e1 en estrecha colaboraci\u00f3n contigo para ayudarte a decidir tus pr\u00f3ximos pasos.\t\t\t\t\t\t\t\t<\/div>\n\t\t\t\t<\/div>\n\t\t\t\t<div class=\"elementor-element elementor-element-af23f55 elementor-widget elementor-widget-button\" data-id=\"af23f55\" data-element_type=\"widget\" data-widget_type=\"button.default\">\n\t\t\t\t<div class=\"elementor-widget-container\">\n\t\t\t\t\t\t\t\t\t<div class=\"elementor-button-wrapper\">\n\t\t\t\t\t<a class=\"elementor-button elementor-button-link elementor-size-sm\" href=\"https:\/\/atlantisuniversity.edu\/es\/contactanos\/\">\n\t\t\t\t\t\t<span class=\"elementor-button-content-wrapper\">\n\t\t\t\t\t\t<span class=\"elementor-button-icon\">\n\t\t\t\t<svg aria-hidden=\"true\" class=\"e-font-icon-svg e-fas-chevron-circle-right\" viewBox=\"0 0 512 512\" xmlns=\"http:\/\/www.w3.org\/2000\/svg\"><path d=\"M256 8c137 0 248 111 248 248S393 504 256 504 8 393 8 256 119 8 256 8zm113.9 231L234.4 103.5c-9.4-9.4-24.6-9.4-33.9 0l-17 17c-9.4 9.4-9.4 24.6 0 33.9L285.1 256 183.5 357.6c-9.4 9.4-9.4 24.6 0 33.9l17 17c9.4 9.4 24.6 9.4 33.9 0L369.9 273c9.4-9.4 9.4-24.6 0-34z\"><\/path><\/svg>\t\t\t<\/span>\n\t\t\t\t\t\t\t\t\t<span class=\"elementor-button-text\">SOLICITAR INFORMACI\u00d3N<\/span>\n\t\t\t\t\t<\/span>\n\t\t\t\t\t<\/a>\n\t\t\t\t<\/div>\n\t\t\t\t\t\t\t\t<\/div>\n\t\t\t\t<\/div>\n\t\t\t\t<\/div>\n\t\t\t\t\t<\/div>\n\t\t\t\t<\/div>\n\t\t\t\t<\/div>\n\t\t","protected":false},"excerpt":{"rendered":"<p>Admisiones para estudiantes de posgrado Convi\u00e9rtete en el tipo de persona que ama los lunes. El tipo de empleado que se despierta todos los d\u00edas de la semana sinti\u00e9ndose motivado. El tipo de trabajador que encuentra la manera de disfrutar de las peque\u00f1as cosas: incluso el viaje diario a la oficina.Esta actitud despreocupada est\u00e1 a [&hellip;]<\/p>\n","protected":false},"author":2,"featured_media":0,"parent":0,"menu_order":0,"comment_status":"closed","ping_status":"closed","template":"","meta":{"_acf_changed":false,"_et_pb_use_builder":"on","_et_pb_old_content":"","_et_gb_content_width":"","footnotes":""},"class_list":["post-235662","page","type-page","status-publish","hentry"],"acf":[],"_links":{"self":[{"href":"https:\/\/atlantisuniversity.edu\/es\/wp-json\/wp\/v2\/pages\/235662"}],"collection":[{"href":"https:\/\/atlantisuniversity.edu\/es\/wp-json\/wp\/v2\/pages"}],"about":[{"href":"https:\/\/atlantisuniversity.edu\/es\/wp-json\/wp\/v2\/types\/page"}],"author":[{"embeddable":true,"href":"https:\/\/atlantisuniversity.edu\/es\/wp-json\/wp\/v2\/users\/2"}],"replies":[{"embeddable":true,"href":"https:\/\/atlantisuniversity.edu\/es\/wp-json\/wp\/v2\/comments?post=235662"}],"version-history":[{"count":0,"href":"https:\/\/atlantisuniversity.edu\/es\/wp-json\/wp\/v2\/pages\/235662\/revisions"}],"wp:attachment":[{"href":"https:\/\/atlantisuniversity.edu\/es\/wp-json\/wp\/v2\/media?parent=235662"}],"curies":[{"name":"wp","href":"https:\/\/api.w.org\/{rel}","templated":true}]}}