{"id":235663,"date":"2021-08-10T10:50:48","date_gmt":"2021-08-10T14:50:48","guid":{"rendered":"https:\/\/atlantisuniversity.edu\/undergraduate-admissions\/"},"modified":"2024-05-06T13:50:56","modified_gmt":"2024-05-06T17:50:56","slug":"admisiones-para-estudiantes-de-pregrado","status":"publish","type":"page","link":"https:\/\/atlantisuniversity.edu\/es\/admisiones-para-estudiantes-de-pregrado\/","title":{"rendered":"Admisiones para estudiantes de pregrado"},"content":{"rendered":"\t\t<div data-elementor-type=\"wp-page\" data-elementor-id=\"235663\" class=\"elementor elementor-235663 elementor-225697\" data-elementor-post-type=\"page\">\n\t\t\t\t<div class=\"elementor-element elementor-element-5e86e06 e-flex e-con-boxed e-con e-parent\" data-id=\"5e86e06\" data-element_type=\"container\" data-settings=\"{&quot;background_background&quot;:&quot;classic&quot;}\">\n\t\t\t\t\t<div class=\"e-con-inner\">\n\t\t<div class=\"elementor-element elementor-element-3c4b45b e-con-full e-flex e-con e-child\" data-id=\"3c4b45b\" data-element_type=\"container\">\n\t\t\t\t<div class=\"elementor-element elementor-element-f77bbd2 elementor-widget elementor-widget-heading\" data-id=\"f77bbd2\" data-element_type=\"widget\" data-widget_type=\"heading.default\">\n\t\t\t\t<div class=\"elementor-widget-container\">\n\t\t\t\t\t<h1 class=\"elementor-heading-title elementor-size-default\">Admisiones para\nestudiantes de pregrado<\/h1>\t\t\t\t<\/div>\n\t\t\t\t<\/div>\n\t\t\t\t<div class=\"elementor-element elementor-element-d40f4c3 elementor-widget elementor-widget-text-editor\" data-id=\"d40f4c3\" data-element_type=\"widget\" data-widget_type=\"text-editor.default\">\n\t\t\t\t<div class=\"elementor-widget-container\">\n\t\t\t\t\t\t\t\t\t<p>Damos la bienvenida a los nuevos, a los que reci\u00e9n comienzan. La gente que no se averg\u00fcenza de ser principiante porque sabe que le espera algo mejor.<\/p><p>Dicen que un viaje de mil millas puede comenzar con un solo paso. Si est\u00e1s aqu\u00ed, felicidades. Ya est\u00e1s en la direcci\u00f3n correcta.<\/p>\t\t\t\t\t\t\t\t<\/div>\n\t\t\t\t<\/div>\n\t\t\t\t<div class=\"elementor-element elementor-element-a91f171 elementor-widget elementor-widget-button\" data-id=\"a91f171\" data-element_type=\"widget\" data-widget_type=\"button.default\">\n\t\t\t\t<div class=\"elementor-widget-container\">\n\t\t\t\t\t\t\t\t\t<div class=\"elementor-button-wrapper\">\n\t\t\t\t\t<a class=\"elementor-button elementor-button-link elementor-size-sm\" href=\"https:\/\/atlantisuniversity.edu\/es\/contactanos\/\" target=\"_blank\">\n\t\t\t\t\t\t<span class=\"elementor-button-content-wrapper\">\n\t\t\t\t\t\t<span class=\"elementor-button-icon\">\n\t\t\t\t<svg aria-hidden=\"true\" class=\"e-font-icon-svg e-fas-chevron-circle-right\" viewBox=\"0 0 512 512\" xmlns=\"http:\/\/www.w3.org\/2000\/svg\"><path d=\"M256 8c137 0 248 111 248 248S393 504 256 504 8 393 8 256 119 8 256 8zm113.9 231L234.4 103.5c-9.4-9.4-24.6-9.4-33.9 0l-17 17c-9.4 9.4-9.4 24.6 0 33.9L285.1 256 183.5 357.6c-9.4 9.4-9.4 24.6 0 33.9l17 17c9.4 9.4 24.6 9.4 33.9 0L369.9 273c9.4-9.4 9.4-24.6 0-34z\"><\/path><\/svg>\t\t\t<\/span>\n\t\t\t\t\t\t\t\t\t<span class=\"elementor-button-text\">SOLICITAR INFORMACI\u00d3N<\/span>\n\t\t\t\t\t<\/span>\n\t\t\t\t\t<\/a>\n\t\t\t\t<\/div>\n\t\t\t\t\t\t\t\t<\/div>\n\t\t\t\t<\/div>\n\t\t\t\t<\/div>\n\t\t<div class=\"elementor-element elementor-element-92f843d e-con-full e-flex e-con e-child\" data-id=\"92f843d\" data-element_type=\"container\">\n\t\t\t\t<\/div>\n\t\t\t\t\t<\/div>\n\t\t\t\t<\/div>\n\t\t<div class=\"elementor-element elementor-element-437b223 e-flex e-con-boxed e-con e-parent\" data-id=\"437b223\" data-element_type=\"container\" data-settings=\"{&quot;background_background&quot;:&quot;classic&quot;}\">\n\t\t\t\t\t<div class=\"e-con-inner\">\n\t\t<div class=\"elementor-element elementor-element-3825278 e-con-full elementor-hidden-mobile e-flex e-con e-child\" data-id=\"3825278\" data-element_type=\"container\">\n\t\t\t\t<div class=\"elementor-element elementor-element-f9b3390 elementor-widget elementor-widget-image\" data-id=\"f9b3390\" data-element_type=\"widget\" data-widget_type=\"image.default\">\n\t\t\t\t<div class=\"elementor-widget-container\">\n\t\t\t\t\t\t\t\t\t\t\t\t\t\t\t<img fetchpriority=\"high\" fetchpriority=\"high\" decoding=\"async\" width=\"295\" height=\"533\" src=\"https:\/\/atlantisuniversity.edu\/wp-content\/uploads\/2021\/08\/002_b_david.png\" class=\"attachment-large size-large wp-image-225369\" alt=\"\" srcset=\"https:\/\/atlantisuniversity.edu\/wp-content\/uploads\/2021\/08\/002_b_david.png 295w, https:\/\/atlantisuniversity.edu\/wp-content\/uploads\/2021\/08\/002_b_david-166x300.png 166w\" sizes=\"(max-width: 295px) 100vw, 295px\" title=\"\">\t\t\t\t\t\t\t\t\t\t\t\t\t\t\t<\/div>\n\t\t\t\t<\/div>\n\t\t\t\t<\/div>\n\t\t<div class=\"elementor-element elementor-element-e538cc4 e-con-full e-flex e-con e-child\" data-id=\"e538cc4\" data-element_type=\"container\">\n\t\t\t\t<div class=\"elementor-element elementor-element-d4d3dd9 elementor-widget elementor-widget-heading\" data-id=\"d4d3dd9\" data-element_type=\"widget\" data-widget_type=\"heading.default\">\n\t\t\t\t<div class=\"elementor-widget-container\">\n\t\t\t\t\t<h2 class=\"elementor-heading-title elementor-size-default\">As\u00ed Es Ser Un Estudiante De Pregrado En AU\n<\/h2>\t\t\t\t<\/div>\n\t\t\t\t<\/div>\n\t\t\t\t<div class=\"elementor-element elementor-element-00c4606 elementor-widget elementor-widget-text-editor\" data-id=\"00c4606\" data-element_type=\"widget\" data-widget_type=\"text-editor.default\">\n\t\t\t\t<div class=\"elementor-widget-container\">\n\t\t\t\t\t\t\t\t\t<p>Poner a los estudiantes en primer lugar siempre ha sido lo nuestro. Esa es exactamente la raz\u00f3n por la que, a lo largo de los a\u00f1os, hemos cultivado un entorno de pregrado incre\u00edble en el que todos los estudiantes de primer a\u00f1o se sienten bienvenidos.<\/p><p>Como descubrir\u00e1s pronto (una vez que te inscribas, por supuesto) el juego en AU se llama \u201ccolaboraci\u00f3n\u201d. Todos nuestros departamentos trabajar\u00e1n juntos para ayudarte a completar tu programa de pregrado. Desde reuniones individuales con tu consejero hasta entrevistas simuladas en nuestro Centro de Carreras, trabajaremos juntos y para ti.<\/p><p>Nos aseguraremos de que no salgas de nuestra universidad despu\u00e9s de unos a\u00f1os con una simple hoja de papel con tu nombre. Queremos que te grad\u00faes con un t\u00edtulo y una experiencia que potenciar\u00e1n tu futuro profesional.<\/p>\t\t\t\t\t\t\t\t<\/div>\n\t\t\t\t<\/div>\n\t\t\t\t<\/div>\n\t\t\t\t\t<\/div>\n\t\t\t\t<\/div>\n\t\t<div class=\"elementor-element elementor-element-70105b2 e-flex e-con-boxed e-con e-parent\" data-id=\"70105b2\" data-element_type=\"container\" data-settings=\"{&quot;background_background&quot;:&quot;classic&quot;}\">\n\t\t\t\t\t<div class=\"e-con-inner\">\n\t\t<div class=\"elementor-element elementor-element-0375452 e-con-full e-flex e-con e-child\" data-id=\"0375452\" data-element_type=\"container\">\n\t\t\t\t<div class=\"elementor-element elementor-element-dea5ff5 elementor-widget elementor-widget-heading\" data-id=\"dea5ff5\" data-element_type=\"widget\" data-widget_type=\"heading.default\">\n\t\t\t\t<div class=\"elementor-widget-container\">\n\t\t\t\t\t<h2 class=\"elementor-heading-title elementor-size-default\">B\u00fasqueda Por Nivel Educativo\n<\/h2>\t\t\t\t<\/div>\n\t\t\t\t<\/div>\n\t\t\t\t<div class=\"elementor-element elementor-element-62dca77 elementor-widget elementor-widget-text-editor\" data-id=\"62dca77\" data-element_type=\"widget\" data-widget_type=\"text-editor.default\">\n\t\t\t\t<div class=\"elementor-widget-container\">\n\t\t\t\t\t\t\t\t\t\u00bfNo est\u00e1s seguro de c\u00f3mo empezar a buscar programas? \u00a1No hay problema! Echa un vistazo r\u00e1pido a los diferentes niveles de educaci\u00f3n de pregrado que tenemos disponibles y ve lo que pueden ofrecerte.\n<ul>\n \t<li><strong>Diplomados y certificaciones:<\/strong>\u00a0\u00a1R\u00e1pido y directo al grano! Cada uno de estos programas cubre un tema altamente especializado dentro de una industria en particular. Y est\u00e1n dise\u00f1ados para que puedas completarlos en un per\u00edodo de tiempo relativamente corto.<\/li>\n \t<li><strong>T\u00edtulos de asociado:<\/strong>\u00a0estos programas son m\u00e1s profundos que los diplomados, por lo que generalmente demoran un poco m\u00e1s en completarse. \u00bfPuedes adivinar cu\u00e1l es una de las mayores ventajas de elegir un programa de Asociado en AU? Si eliges quedarte con nosotros un poco m\u00e1s, puedes transferir estos cr\u00e9ditos para completar tu licenciatura.<\/li>\n \t<li><strong>Licenciatura:\u00a0<\/strong>estos son los programas cl\u00e1sicos de m\u00e1s largo plazo que todos conocen y aman. Ofrecemos Licenciatura en Ciencias (BS) con una amplia variedad de especializaciones (como Negocios, TI e Ingenier\u00eda), as\u00ed como una Licenciatura en Ciencias en Enfermer\u00eda (BSN) especializada.<\/li>\n<\/ul>\t\t\t\t\t\t\t\t<\/div>\n\t\t\t\t<\/div>\n\t\t\t\t<\/div>\n\t\t\t\t\t<\/div>\n\t\t\t\t<\/div>\n\t\t<div class=\"elementor-element elementor-element-cc7ec39 e-flex e-con-boxed e-con e-parent\" data-id=\"cc7ec39\" data-element_type=\"container\" data-settings=\"{&quot;background_background&quot;:&quot;classic&quot;}\">\n\t\t\t\t\t<div class=\"e-con-inner\">\n\t\t<div class=\"elementor-element elementor-element-c8f6dec e-con-full e-flex e-con e-child\" data-id=\"c8f6dec\" data-element_type=\"container\">\n\t\t\t\t<div class=\"elementor-element elementor-element-5179a2a elementor-widget elementor-widget-heading\" data-id=\"5179a2a\" data-element_type=\"widget\" data-widget_type=\"heading.default\">\n\t\t\t\t<div class=\"elementor-widget-container\">\n\t\t\t\t\t<h2 class=\"elementor-heading-title elementor-size-default\">B\u00fasqueda Por Escuela\n<\/h2>\t\t\t\t<\/div>\n\t\t\t\t<\/div>\n\t\t\t\t<div class=\"elementor-element elementor-element-79ab27c elementor-widget elementor-widget-text-editor\" data-id=\"79ab27c\" data-element_type=\"widget\" data-widget_type=\"text-editor.default\">\n\t\t\t\t<div class=\"elementor-widget-container\">\n\t\t\t\t\t\t\t\t\t<p>Tal vez no sepas qu\u00e9 nivel de educaci\u00f3n deseas y est\u00e1s m\u00e1s interesado en industrias espec\u00edficas. No te preocupes, cuentas con nosotros. Busca por escuela y decide cu\u00e1l funciona mejor para ti.<\/p><p>\u00a0<\/p><ul><li><strong>Escuela de Negocios:<\/strong>\u00a0ofrece dos Maestr\u00edas en Ciencias (MS) y cuatro Maestr\u00edas en Administraci\u00f3n de Empresas (MBA).<\/li><li><strong>Escuela de Tecnolog\u00eda de la Informaci\u00f3n:<\/strong>\u00a0Ofrece dos maestr\u00edas.<\/li><li><strong>Escuela de Ingenier\u00eda:<\/strong>\u00a0Ofrece una maestr\u00eda.<\/li><li><strong>Escuela de Salud:<\/strong>\u00a0Ofrece una Maestr\u00eda en Ciencias (MS) y cinco Maestr\u00edas en Ciencias en Enfermer\u00eda (MSN).<\/li><\/ul>\t\t\t\t\t\t\t\t<\/div>\n\t\t\t\t<\/div>\n\t\t\t\t<\/div>\n\t\t\t\t\t<\/div>\n\t\t\t\t<\/div>\n\t\t<div class=\"elementor-element elementor-element-237cabb e-flex e-con-boxed e-con e-parent\" data-id=\"237cabb\" data-element_type=\"container\" data-settings=\"{&quot;background_background&quot;:&quot;classic&quot;}\">\n\t\t\t\t\t<div class=\"e-con-inner\">\n\t\t<div class=\"elementor-element elementor-element-b84e021 e-con-full e-flex e-con e-child\" data-id=\"b84e021\" data-element_type=\"container\">\n\t\t\t\t<div class=\"elementor-element elementor-element-6fd02fe elementor-widget elementor-widget-heading\" data-id=\"6fd02fe\" data-element_type=\"widget\" data-widget_type=\"heading.default\">\n\t\t\t\t<div class=\"elementor-widget-container\">\n\t\t\t\t\t<h2 class=\"elementor-heading-title elementor-size-default\">Seguramente Para Este Momento Te Estar\u00e1s Preguntando:\n\u00bfC\u00f3mo Funciona El Proceso De Admisiones?<\/h2>\t\t\t\t<\/div>\n\t\t\t\t<\/div>\n\t\t\t\t<div class=\"elementor-element elementor-element-0c0bf7b elementor-widget elementor-widget-text-editor\" data-id=\"0c0bf7b\" data-element_type=\"widget\" data-widget_type=\"text-editor.default\">\n\t\t\t\t<div class=\"elementor-widget-container\">\n\t\t\t\t\t\t\t\t\t<p>No hay que asustarse. De hecho, es bastante f\u00e1cil. A continuaci\u00f3n, se incluye un breve resumen de nuestros requisitos de admisi\u00f3n:<\/p><ul><li><strong>Edad:<\/strong>\u00a0debes ser mayor de 18 a\u00f1os o, en caso contrario, tener permiso de tu tutor legal (queremos asegurarnos de que est\u00e9n de acuerdo).<\/li><li><strong>Entrevista:<\/strong>\u00a0debes completar una entrevista en persona (\u00a1obviamente, queremos conocerte!).<\/li><li><strong>Educaci\u00f3n previa:<\/strong>debes proporcionar una copia de tu diploma de escuela secundaria\/GED. Cualquier otro equivalente funciona, solo aseg\u00farate de que est\u00e9 en ingl\u00e9s.<\/li><li><strong>Idioma:<\/strong>\u00a0\u00bfEl ingl\u00e9s no es tu idioma principal? \u00a1No hay problema! Todo lo que tienes que hacer es presentar y enviar el examen de ingl\u00e9s como lengua extranjera (TOEFL). El equipo de nuestro Departamento de Admisiones puede ayudarte si tienes alguna pregunta.<\/li><\/ul><p>Todas las notas certificadas y documentaci\u00f3n oficiales deben ser enviadas directamente a Atlantis University por la instituci\u00f3n otorgante a nuestra direcci\u00f3n: Atlantis University, <span style=\"color: #ff0000;\"><a style=\"color: #ff0000;\" role=\"link\" href=\"https:\/\/maps.google.com\/maps?q=1011%20Sunnybrook%20Rd,%20Miami,%20FL%2033136,%20United%20States\" target=\"_blank\" rel=\"noopener\"><strong>Atlantis University, 1011 Sunnybrook Rd, Miami, Fl 33136<\/strong><\/a><\/span><\/p>\t\t\t\t\t\t\t\t<\/div>\n\t\t\t\t<\/div>\n\t\t\t\t<\/div>\n\t\t\t\t\t<\/div>\n\t\t\t\t<\/div>\n\t\t<div class=\"elementor-element elementor-element-f84e6c0 e-flex e-con-boxed e-con e-parent\" data-id=\"f84e6c0\" data-element_type=\"container\" data-settings=\"{&quot;background_background&quot;:&quot;classic&quot;}\">\n\t\t\t\t\t<div class=\"e-con-inner\">\n\t\t<div class=\"elementor-element elementor-element-5fa95aa e-con-full e-flex e-con e-child\" data-id=\"5fa95aa\" data-element_type=\"container\">\n\t\t\t\t<div class=\"elementor-element elementor-element-54c049e elementor-widget elementor-widget-image\" data-id=\"54c049e\" data-element_type=\"widget\" data-widget_type=\"image.default\">\n\t\t\t\t<div class=\"elementor-widget-container\">\n\t\t\t\t\t\t\t\t\t\t\t\t\t\t\t<img decoding=\"async\" width=\"581\" height=\"580\" src=\"https:\/\/atlantisuniversity.edu\/wp-content\/uploads\/2021\/07\/005_b_werehereforyou.png\" class=\"attachment-large size-large wp-image-225053\" alt=\"\" srcset=\"https:\/\/atlantisuniversity.edu\/wp-content\/uploads\/2021\/07\/005_b_werehereforyou.png 581w, https:\/\/atlantisuniversity.edu\/wp-content\/uploads\/2021\/07\/005_b_werehereforyou-480x479.png 480w\" sizes=\"(min-width: 0px) and (max-width: 480px) 480px, (min-width: 481px) 581px, 100vw\" title=\"\">\t\t\t\t\t\t\t\t\t\t\t\t\t\t\t<\/div>\n\t\t\t\t<\/div>\n\t\t\t\t<\/div>\n\t\t<div class=\"elementor-element elementor-element-7838bae e-con-full e-flex e-con e-child\" data-id=\"7838bae\" data-element_type=\"container\">\n\t\t\t\t<div class=\"elementor-element elementor-element-33f12a3 elementor-widget elementor-widget-heading\" data-id=\"33f12a3\" data-element_type=\"widget\" data-widget_type=\"heading.default\">\n\t\t\t\t<div class=\"elementor-widget-container\">\n\t\t\t\t\t<h2 class=\"elementor-heading-title elementor-size-default\">\u00bfTodav\u00eda Te Parece Un Poco Confuso? Bueno, S\u00ed\u2026 No Te Culpamos.<\/h2>\t\t\t\t<\/div>\n\t\t\t\t<\/div>\n\t\t\t\t<div class=\"elementor-element elementor-element-cc517f0 elementor-widget elementor-widget-text-editor\" data-id=\"cc517f0\" data-element_type=\"widget\" data-widget_type=\"text-editor.default\">\n\t\t\t\t<div class=\"elementor-widget-container\">\n\t\t\t\t\t\t\t\t\tPero no te preocupes, nos pasa hasta a los mejores. Afortunadamente, nuestro equipo est\u00e1 aqu\u00ed para ayudar. Trabajaremos estrechamente contigo para ayudarte a definir tus objetivos y encontrar una carrera que te guste.\t\t\t\t\t\t\t\t<\/div>\n\t\t\t\t<\/div>\n\t\t\t\t<div class=\"elementor-element elementor-element-93b7f4d elementor-widget elementor-widget-button\" data-id=\"93b7f4d\" data-element_type=\"widget\" data-widget_type=\"button.default\">\n\t\t\t\t<div class=\"elementor-widget-container\">\n\t\t\t\t\t\t\t\t\t<div class=\"elementor-button-wrapper\">\n\t\t\t\t\t<a class=\"elementor-button elementor-button-link elementor-size-sm\" href=\"https:\/\/atlantisuniversity.edu\/es\/contactanos\/\">\n\t\t\t\t\t\t<span class=\"elementor-button-content-wrapper\">\n\t\t\t\t\t\t<span class=\"elementor-button-icon\">\n\t\t\t\t<svg aria-hidden=\"true\" class=\"e-font-icon-svg e-fas-chevron-circle-right\" viewBox=\"0 0 512 512\" xmlns=\"http:\/\/www.w3.org\/2000\/svg\"><path d=\"M256 8c137 0 248 111 248 248S393 504 256 504 8 393 8 256 119 8 256 8zm113.9 231L234.4 103.5c-9.4-9.4-24.6-9.4-33.9 0l-17 17c-9.4 9.4-9.4 24.6 0 33.9L285.1 256 183.5 357.6c-9.4 9.4-9.4 24.6 0 33.9l17 17c9.4 9.4 24.6 9.4 33.9 0L369.9 273c9.4-9.4 9.4-24.6 0-34z\"><\/path><\/svg>\t\t\t<\/span>\n\t\t\t\t\t\t\t\t\t<span class=\"elementor-button-text\">SOLICITAR INFORMACI\u00d3N<\/span>\n\t\t\t\t\t<\/span>\n\t\t\t\t\t<\/a>\n\t\t\t\t<\/div>\n\t\t\t\t\t\t\t\t<\/div>\n\t\t\t\t<\/div>\n\t\t\t\t<\/div>\n\t\t\t\t\t<\/div>\n\t\t\t\t<\/div>\n\t\t\t\t<\/div>\n\t\t","protected":false},"excerpt":{"rendered":"<p>Admisiones para estudiantes de pregrado Damos la bienvenida a los nuevos, a los que reci\u00e9n comienzan. La gente que no se averg\u00fcenza de ser principiante porque sabe que le espera algo mejor.Dicen que un viaje de mil millas puede comenzar con un solo paso. Si est\u00e1s aqu\u00ed, felicidades. Ya est\u00e1s en la direcci\u00f3n correcta. SOLICITAR [&hellip;]<\/p>\n","protected":false},"author":2,"featured_media":0,"parent":0,"menu_order":0,"comment_status":"closed","ping_status":"closed","template":"","meta":{"_acf_changed":false,"_et_pb_use_builder":"on","_et_pb_old_content":"","_et_gb_content_width":"","footnotes":""},"class_list":["post-235663","page","type-page","status-publish","hentry"],"acf":[],"_links":{"self":[{"href":"https:\/\/atlantisuniversity.edu\/es\/wp-json\/wp\/v2\/pages\/235663"}],"collection":[{"href":"https:\/\/atlantisuniversity.edu\/es\/wp-json\/wp\/v2\/pages"}],"about":[{"href":"https:\/\/atlantisuniversity.edu\/es\/wp-json\/wp\/v2\/types\/page"}],"author":[{"embeddable":true,"href":"https:\/\/atlantisuniversity.edu\/es\/wp-json\/wp\/v2\/users\/2"}],"replies":[{"embeddable":true,"href":"https:\/\/atlantisuniversity.edu\/es\/wp-json\/wp\/v2\/comments?post=235663"}],"version-history":[{"count":0,"href":"https:\/\/atlantisuniversity.edu\/es\/wp-json\/wp\/v2\/pages\/235663\/revisions"}],"wp:attachment":[{"href":"https:\/\/atlantisuniversity.edu\/es\/wp-json\/wp\/v2\/media?parent=235663"}],"curies":[{"name":"wp","href":"https:\/\/api.w.org\/{rel}","templated":true}]}}