{"id":235712,"date":"2021-08-04T19:44:44","date_gmt":"2021-08-04T23:44:44","guid":{"rendered":"https:\/\/atlantisuniversity.edu\/distance-education\/"},"modified":"2024-05-07T14:57:19","modified_gmt":"2024-05-07T18:57:19","slug":"aprendizaje-a-distancia","status":"publish","type":"page","link":"https:\/\/atlantisuniversity.edu\/es\/aprendizaje-a-distancia\/","title":{"rendered":"Aprendizaje a distancia"},"content":{"rendered":"\t\t<div data-elementor-type=\"wp-page\" data-elementor-id=\"235712\" class=\"elementor elementor-235712 elementor-225494\" data-elementor-post-type=\"page\">\n\t\t\t\t<div class=\"elementor-element elementor-element-2fec6c2 e-flex e-con-boxed e-con e-parent\" data-id=\"2fec6c2\" data-element_type=\"container\" data-settings=\"{&quot;background_background&quot;:&quot;classic&quot;}\">\n\t\t\t\t\t<div class=\"e-con-inner\">\n\t\t<div class=\"elementor-element elementor-element-e63e864 e-con-full e-flex e-con e-child\" data-id=\"e63e864\" data-element_type=\"container\">\n\t\t\t\t<div class=\"elementor-element elementor-element-a68adcd elementor-widget elementor-widget-heading\" data-id=\"a68adcd\" data-element_type=\"widget\" data-widget_type=\"heading.default\">\n\t\t\t\t<div class=\"elementor-widget-container\">\n\t\t\t\t\t<h1 class=\"elementor-heading-title elementor-size-default\">Aprendizaje\na distancia y\ncursos en l\u00ednea<\/h1>\t\t\t\t<\/div>\n\t\t\t\t<\/div>\n\t\t\t\t<div class=\"elementor-element elementor-element-c1fd470 elementor-widget elementor-widget-text-editor\" data-id=\"c1fd470\" data-element_type=\"widget\" data-widget_type=\"text-editor.default\">\n\t\t\t\t<div class=\"elementor-widget-container\">\n\t\t\t\t\t\t\t\t\t<h3><span style=\"color: #ffffff;\">S\u00e9 inteligente. Aprende r\u00e1pido. Con\u00e9ctate en l\u00ednea.<\/span><\/h3><p>\u00bfBuscas cambiar de carrera, aumentar tus capacidades de inserci\u00f3n laboral o dar el siguiente paso en la carrera que elegiste? En Atlantis University, estamos orgullosos de ofrecer una amplia gama de t\u00edtulos 100% en l\u00ednea.Eso significa que no hay lecciones a las que asistir ni horarios fijos, solo la flexibilidad y el apoyo que necesitas para estudiar en un momento y lugar que te resulte conveniente.<\/p><p>Nuestros cursos en l\u00ednea ofrecen el mismo contenido, con los mismos est\u00e1ndares exigentes que nuestros cursos en el campus. Entonces, cuando completes tus estudios en l\u00ednea, obtendr\u00e1s un t\u00edtulo completo de Atlantis University.<\/p>\t\t\t\t\t\t\t\t<\/div>\n\t\t\t\t<\/div>\n\t\t\t\t<\/div>\n\t\t<div class=\"elementor-element elementor-element-a032c6d e-con-full e-flex e-con e-child\" data-id=\"a032c6d\" data-element_type=\"container\">\n\t\t\t\t<\/div>\n\t\t\t\t\t<\/div>\n\t\t\t\t<\/div>\n\t\t<div class=\"elementor-element elementor-element-5baa779 e-flex e-con-boxed e-con e-parent\" data-id=\"5baa779\" data-element_type=\"container\" data-settings=\"{&quot;background_background&quot;:&quot;classic&quot;}\">\n\t\t\t\t\t<div class=\"e-con-inner\">\n\t\t<div class=\"elementor-element elementor-element-00cab1d e-con-full elementor-hidden-mobile e-flex e-con e-child\" data-id=\"00cab1d\" data-element_type=\"container\">\n\t\t\t\t<div class=\"elementor-element elementor-element-122f409 elementor-widget elementor-widget-image\" data-id=\"122f409\" data-element_type=\"widget\" data-widget_type=\"image.default\">\n\t\t\t\t<div class=\"elementor-widget-container\">\n\t\t\t\t\t\t\t\t\t\t\t\t\t\t\t<img fetchpriority=\"high\" fetchpriority=\"high\" decoding=\"async\" width=\"295\" height=\"533\" src=\"https:\/\/atlantisuniversity.edu\/wp-content\/uploads\/2021\/08\/002_b_david.png\" class=\"attachment-large size-large wp-image-225369\" alt=\"\" srcset=\"https:\/\/atlantisuniversity.edu\/wp-content\/uploads\/2021\/08\/002_b_david.png 295w, https:\/\/atlantisuniversity.edu\/wp-content\/uploads\/2021\/08\/002_b_david-166x300.png 166w\" sizes=\"(max-width: 295px) 100vw, 295px\" title=\"\">\t\t\t\t\t\t\t\t\t\t\t\t\t\t\t<\/div>\n\t\t\t\t<\/div>\n\t\t\t\t<\/div>\n\t\t<div class=\"elementor-element elementor-element-046eb42 e-con-full e-flex e-con e-child\" data-id=\"046eb42\" data-element_type=\"container\">\n\t\t\t\t<div class=\"elementor-element elementor-element-eec2e9f elementor-widget elementor-widget-heading\" data-id=\"eec2e9f\" data-element_type=\"widget\" data-widget_type=\"heading.default\">\n\t\t\t\t<div class=\"elementor-widget-container\">\n\t\t\t\t\t<h2 class=\"elementor-heading-title elementor-size-default\">Explora Nuestros Programas Disponibles En L\u00ednea\n<\/h2>\t\t\t\t<\/div>\n\t\t\t\t<\/div>\n\t\t\t\t<div class=\"elementor-element elementor-element-260c439 elementor-widget elementor-widget-text-editor\" data-id=\"260c439\" data-element_type=\"widget\" data-widget_type=\"text-editor.default\">\n\t\t\t\t<div class=\"elementor-widget-container\">\n\t\t\t\t\t\t\t\t\t<p><strong>Negocios<\/strong><br \/>1. Maestr\u00eda en Ciencias en Administraci\u00f3n de Empresas (MBA)<br \/>2. Licenciatura en Administraci\u00f3n de Empresas<br \/>3. Asociado en Administraci\u00f3n de Empresas<br \/>4. Asociado en Negocios Internacionales<\/p><p><strong>Ciencias Inform\u00e1ticas y Tecnolog\u00eda<\/strong><br \/>1. Maestr\u00eda en Tecnolog\u00eda de la Informaci\u00f3n (MIT)<br \/>2. Maestr\u00eda en Ciberseguridad<br \/>3. Licenciatura en Tecnolog\u00eda de la Informaci\u00f3n<br \/>4. Asociado en Tecnolog\u00eda de la Informaci\u00f3n<\/p><p><strong>Salud<\/strong><br \/>1. Maestr\u00eda en Gesti\u00f3n Sanitaria<br \/>2. Licenciatura en Enfermer\u00eda (RN to BSN)<\/p>\t\t\t\t\t\t\t\t<\/div>\n\t\t\t\t<\/div>\n\t\t\t\t<\/div>\n\t\t\t\t\t<\/div>\n\t\t\t\t<\/div>\n\t\t<div class=\"elementor-element elementor-element-a7ed2a0 e-flex e-con-boxed e-con e-parent\" data-id=\"a7ed2a0\" data-element_type=\"container\" data-settings=\"{&quot;background_background&quot;:&quot;classic&quot;}\">\n\t\t\t\t\t<div class=\"e-con-inner\">\n\t\t<div class=\"elementor-element elementor-element-48d5f2d e-con-full e-flex e-con e-child\" data-id=\"48d5f2d\" data-element_type=\"container\">\n\t\t\t\t<div class=\"elementor-element elementor-element-cba7b44 elementor-widget elementor-widget-heading\" data-id=\"cba7b44\" data-element_type=\"widget\" data-widget_type=\"heading.default\">\n\t\t\t\t<div class=\"elementor-widget-container\">\n\t\t\t\t\t<h2 class=\"elementor-heading-title elementor-size-default\">Te Apoyamos Todo El Camino<\/h2>\t\t\t\t<\/div>\n\t\t\t\t<\/div>\n\t\t\t\t<div class=\"elementor-element elementor-element-99d89c3 elementor-widget elementor-widget-text-editor\" data-id=\"99d89c3\" data-element_type=\"widget\" data-widget_type=\"text-editor.default\">\n\t\t\t\t<div class=\"elementor-widget-container\">\n\t\t\t\t\t\t\t\t\t<p><strong>Acceso a los mismos servicios que disfrutan los estudiantes en el campus,<\/strong>\u00a0como servicios de desarrollo de destrezas de adaptaci\u00f3n, desarrollo profesional, habilidades de planificaci\u00f3n financiera personal y presupuestaria, desarrollo general, asesoramiento acad\u00e9mico, pruebas, supervisi\u00f3n y monitoreo de asistencia y licencia, asistencia de empleo para graduados y m\u00e1s.<\/p><p><strong>Recursos adicionales solo para estudiantes en l\u00ednea,<\/strong>\u00a0como orientaci\u00f3n en l\u00ednea, asistencia t\u00e9cnica en l\u00ednea, tutoriales en l\u00ednea, espacios de interacci\u00f3n entre profesores y estudiantes, y una gu\u00eda para todos los dem\u00e1s servicios para estudiantes.<\/p><p><strong>Nuestros asesores acad\u00e9micos est\u00e1n disponibles por tel\u00e9fono y por correo electr\u00f3nico,<\/strong>\u00a0siempre accesibles desde el primer contacto que hagas con la universidad. Todo a trav\u00e9s de la admisi\u00f3n, matr\u00edcula, tramitaci\u00f3n de estudios y hasta la graduaci\u00f3n, as\u00ed como asesor\u00eda en educaci\u00f3n continua.<\/p><p>Si por casualidad tienes problemas de naturaleza personal, se te remitir\u00e1 a agencias p\u00fablicas o privadas locales para obtener asistencia profesional.<\/p><p><strong>Soporte t\u00e9cnico e instructivo.<\/strong>\u00a0Ofrecemos una l\u00ednea de ayuda gratuita, que est\u00e1 disponible en caso de que tengas problemas t\u00e9cnicos mientras realizas un curso en l\u00ednea. La mesa de ayuda tambi\u00e9n le ayuda en el uso del campus virtual y los elementos disponibles en cada curso en l\u00ednea.<\/p><p><strong>Tutor\u00eda en l\u00ednea disponible para todos los cursos.<\/strong>\u00a0En nuestro campus virtual, puedes llegar a los instructores u otros estudiantes y despejar dudas espec\u00edficas sobre un curso, publicando un mensaje en el foro de preguntas e inquietudes.<\/p><p><strong>Los servicios de carrera<\/strong>\u00a0y colocaci\u00f3n se ofrecen a todos los estudiantes a trav\u00e9s de nuestro sitio web. En la secci\u00f3n de servicios profesionales, los estudiantes pueden cargar su curr\u00edculum, buscar ofertas de trabajo y postular y obtener consejos sobre c\u00f3mo preparar un curr\u00edculum y c\u00f3mo desempe\u00f1arse con \u00e9xito en las entrevistas de trabajo.<\/p><p><strong>Puedes interactuar con los profesores y otros estudiantes de varias formas.<\/strong>\u00a0Estas incluyen: conferencias en l\u00ednea, correos electr\u00f3nicos, uso compartido de documentos, salas de chat y foros. Los miembros de nuestro cuerpo de profesores se conectan a diario para ayudarte con todas tus preguntas e inquietudes.<\/p><p>En todos los cursos se requieren otras actividades de interacci\u00f3n, como chat y reuniones web, especialmente para tutor\u00edas en l\u00ednea y ex\u00e1menes en tiempo real.<\/p><p>Todos los servicios est\u00e1n disponibles a trav\u00e9s de nuestro sitio web, campus virtual y redes sociales, donde puedes acceder en cualquier momento y lugar.<\/p>\t\t\t\t\t\t\t\t<\/div>\n\t\t\t\t<\/div>\n\t\t\t\t<\/div>\n\t\t\t\t\t<\/div>\n\t\t\t\t<\/div>\n\t\t<div class=\"elementor-element elementor-element-22418c6 e-flex e-con-boxed e-con e-parent\" data-id=\"22418c6\" data-element_type=\"container\" data-settings=\"{&quot;background_background&quot;:&quot;classic&quot;}\">\n\t\t\t\t\t<div class=\"e-con-inner\">\n\t\t<div class=\"elementor-element elementor-element-97b5cc7 e-con-full e-flex e-con e-child\" data-id=\"97b5cc7\" data-element_type=\"container\">\n\t\t\t\t<div class=\"elementor-element elementor-element-a4939e2 elementor-widget elementor-widget-heading\" data-id=\"a4939e2\" data-element_type=\"widget\" data-widget_type=\"heading.default\">\n\t\t\t\t<div class=\"elementor-widget-container\">\n\t\t\t\t\t<h2 class=\"elementor-heading-title elementor-size-default\">Nuestras Admisiones En Educaci\u00f3n En L\u00ednea<\/h2>\t\t\t\t<\/div>\n\t\t\t\t<\/div>\n\t\t\t\t<div class=\"elementor-element elementor-element-74895a8 elementor-widget elementor-widget-text-editor\" data-id=\"74895a8\" data-element_type=\"widget\" data-widget_type=\"text-editor.default\">\n\t\t\t\t<div class=\"elementor-widget-container\">\n\t\t\t\t\t\t\t\t\t<p>Los requisitos de admisi\u00f3n para los programas de educaci\u00f3n a distancia son casi id\u00e9nticos a los requisitos de admisi\u00f3n para los programas en el campus.<\/p><p>\u00a0<\/p><p>La \u00fanica diferencia es que, durante el proceso de admisi\u00f3n, evaluaremos tus habilidades en \u00e1reas tales como conocimientos de inform\u00e1tica, autodisciplina, motivaci\u00f3n y los requisitos para completar con \u00e9xito los cursos en l\u00ednea.<\/p><p>Si por alguna raz\u00f3n obtienes una puntuaci\u00f3n baja en tu evaluaci\u00f3n, no te preocupes. Te referiremos al director acad\u00e9mico en l\u00ednea para una revisi\u00f3n y orientaci\u00f3n adicionales antes de comenzar cualquier programa en l\u00ednea.<\/p>\t\t\t\t\t\t\t\t<\/div>\n\t\t\t\t<\/div>\n\t\t\t\t<\/div>\n\t\t\t\t\t<\/div>\n\t\t\t\t<\/div>\n\t\t<div class=\"elementor-element elementor-element-3e75b81 e-flex e-con-boxed e-con e-parent\" data-id=\"3e75b81\" data-element_type=\"container\" data-settings=\"{&quot;background_background&quot;:&quot;classic&quot;}\">\n\t\t\t\t\t<div class=\"e-con-inner\">\n\t\t<div class=\"elementor-element elementor-element-09c8144 e-con-full e-flex e-con e-child\" data-id=\"09c8144\" data-element_type=\"container\">\n\t\t\t\t<div class=\"elementor-element elementor-element-22ec542 elementor-widget elementor-widget-heading\" data-id=\"22ec542\" data-element_type=\"widget\" data-widget_type=\"heading.default\">\n\t\t\t\t<div class=\"elementor-widget-container\">\n\t\t\t\t\t<h2 class=\"elementor-heading-title elementor-size-default\">Lista De Requisitos T\u00e9cnicos<\/h2>\t\t\t\t<\/div>\n\t\t\t\t<\/div>\n\t\t\t\t<div class=\"elementor-element elementor-element-cf77ebc elementor-widget elementor-widget-text-editor\" data-id=\"cf77ebc\" data-element_type=\"widget\" data-widget_type=\"text-editor.default\">\n\t\t\t\t<div class=\"elementor-widget-container\">\n\t\t\t\t\t\t\t\t\t<p>This list shows the minimum technical characteristics required for using our virtual campus. You should have access to equipment with these characteristics:<\/p><h3><strong>Operating System<\/strong><\/h3><p>1. Microsoft Windows: XP, Vista, 7<br \/>2. Unix\/Linux o<\/p><h3><strong>Browser<\/strong><\/h3><p>1. Microsoft Internet Explorer 7 or higher<br \/>2. Mozilla 3.6 or higher<br \/>3. Mac OS X v10.4 or higher<\/p><h3><strong>Hardware<\/strong><\/h3><p>1. Internet connection<br \/>2. 512 MB RAM or higher<br \/>3. Sound Card and Speakers<br \/>4. Pentium III processor, higher or compatible<br \/>5. Display resolution 800\u00d7600 pixels (as minimum)<br \/>6. USB Port<\/p><h3><strong>Minimum technical competencies<\/strong><\/h3><p>1. Use correctly Web Browsing software<br \/>2. Use an Office Package (Word processors, slide makers and spreadsheets)<br \/>3. Be familiar with electronic communication processes and tools (e-mail, chat and social networks)<\/p><p>Online students at Atlantis University will receive an institutional email account <span style=\"color: #ff0000;\"><a style=\"color: #ff0000;\" href=\"mailto:@atlantisuniversity.edu\">@atlantisuniversity.edu<\/a><\/span> for all academic matters and personal use.<\/p>\t\t\t\t\t\t\t\t<\/div>\n\t\t\t\t<\/div>\n\t\t\t\t<\/div>\n\t\t\t\t\t<\/div>\n\t\t\t\t<\/div>\n\t\t<div class=\"elementor-element elementor-element-6222aa7 e-flex e-con-boxed e-con e-parent\" data-id=\"6222aa7\" data-element_type=\"container\" data-settings=\"{&quot;background_background&quot;:&quot;classic&quot;}\">\n\t\t\t\t\t<div class=\"e-con-inner\">\n\t\t<div class=\"elementor-element elementor-element-cc120a7 e-con-full e-flex e-con e-child\" data-id=\"cc120a7\" data-element_type=\"container\">\n\t\t\t\t<div class=\"elementor-element elementor-element-bdfdca2 elementor-widget elementor-widget-image\" data-id=\"bdfdca2\" data-element_type=\"widget\" data-widget_type=\"image.default\">\n\t\t\t\t<div class=\"elementor-widget-container\">\n\t\t\t\t\t\t\t\t\t\t\t\t\t\t\t<img decoding=\"async\" width=\"581\" height=\"580\" src=\"https:\/\/atlantisuniversity.edu\/wp-content\/uploads\/2021\/07\/005_b_werehereforyou.png\" class=\"attachment-large size-large wp-image-225053\" alt=\"\" srcset=\"https:\/\/atlantisuniversity.edu\/wp-content\/uploads\/2021\/07\/005_b_werehereforyou.png 581w, https:\/\/atlantisuniversity.edu\/wp-content\/uploads\/2021\/07\/005_b_werehereforyou-480x479.png 480w\" sizes=\"(min-width: 0px) and (max-width: 480px) 480px, (min-width: 481px) 581px, 100vw\" title=\"\">\t\t\t\t\t\t\t\t\t\t\t\t\t\t\t<\/div>\n\t\t\t\t<\/div>\n\t\t\t\t<\/div>\n\t\t<div class=\"elementor-element elementor-element-822c2be e-con-full e-flex e-con e-child\" data-id=\"822c2be\" data-element_type=\"container\">\n\t\t\t\t<div class=\"elementor-element elementor-element-baf3170 elementor-widget elementor-widget-heading\" data-id=\"baf3170\" data-element_type=\"widget\" data-widget_type=\"heading.default\">\n\t\t\t\t<div class=\"elementor-widget-container\">\n\t\t\t\t\t<h2 class=\"elementor-heading-title elementor-size-default\">\u00a1Estamos Aqu\u00ed Para Ayudar!<\/h2>\t\t\t\t<\/div>\n\t\t\t\t<\/div>\n\t\t\t\t<div class=\"elementor-element elementor-element-798e02e elementor-widget elementor-widget-button\" data-id=\"798e02e\" data-element_type=\"widget\" data-widget_type=\"button.default\">\n\t\t\t\t<div class=\"elementor-widget-container\">\n\t\t\t\t\t\t\t\t\t<div class=\"elementor-button-wrapper\">\n\t\t\t\t\t<a class=\"elementor-button elementor-button-link elementor-size-sm\" href=\"https:\/\/atlantisuniversity.edu\/es\/contactanos\/\">\n\t\t\t\t\t\t<span class=\"elementor-button-content-wrapper\">\n\t\t\t\t\t\t<span class=\"elementor-button-icon\">\n\t\t\t\t<svg aria-hidden=\"true\" class=\"e-font-icon-svg e-fas-chevron-circle-right\" viewBox=\"0 0 512 512\" xmlns=\"http:\/\/www.w3.org\/2000\/svg\"><path d=\"M256 8c137 0 248 111 248 248S393 504 256 504 8 393 8 256 119 8 256 8zm113.9 231L234.4 103.5c-9.4-9.4-24.6-9.4-33.9 0l-17 17c-9.4 9.4-9.4 24.6 0 33.9L285.1 256 183.5 357.6c-9.4 9.4-9.4 24.6 0 33.9l17 17c9.4 9.4 24.6 9.4 33.9 0L369.9 273c9.4-9.4 9.4-24.6 0-34z\"><\/path><\/svg>\t\t\t<\/span>\n\t\t\t\t\t\t\t\t\t<span class=\"elementor-button-text\">RESERVA UNA SESI\u00d3N CON NOSOTROS<\/span>\n\t\t\t\t\t<\/span>\n\t\t\t\t\t<\/a>\n\t\t\t\t<\/div>\n\t\t\t\t\t\t\t\t<\/div>\n\t\t\t\t<\/div>\n\t\t\t\t<\/div>\n\t\t\t\t\t<\/div>\n\t\t\t\t<\/div>\n\t\t\t\t<\/div>\n\t\t","protected":false},"excerpt":{"rendered":"<p>Aprendizaje a distancia y cursos en l\u00ednea S\u00e9 inteligente. Aprende r\u00e1pido. Con\u00e9ctate en l\u00ednea.\u00bfBuscas cambiar de carrera, aumentar tus capacidades de inserci\u00f3n laboral o dar el siguiente paso en la carrera que elegiste? En Atlantis University, estamos orgullosos de ofrecer una amplia gama de t\u00edtulos 100% en l\u00ednea.Eso significa que no hay lecciones a las [&hellip;]<\/p>\n","protected":false},"author":2,"featured_media":0,"parent":0,"menu_order":0,"comment_status":"closed","ping_status":"closed","template":"","meta":{"_acf_changed":false,"_et_pb_use_builder":"on","_et_pb_old_content":"","_et_gb_content_width":"","footnotes":""},"class_list":["post-235712","page","type-page","status-publish","hentry"],"acf":[],"_links":{"self":[{"href":"https:\/\/atlantisuniversity.edu\/es\/wp-json\/wp\/v2\/pages\/235712"}],"collection":[{"href":"https:\/\/atlantisuniversity.edu\/es\/wp-json\/wp\/v2\/pages"}],"about":[{"href":"https:\/\/atlantisuniversity.edu\/es\/wp-json\/wp\/v2\/types\/page"}],"author":[{"embeddable":true,"href":"https:\/\/atlantisuniversity.edu\/es\/wp-json\/wp\/v2\/users\/2"}],"replies":[{"embeddable":true,"href":"https:\/\/atlantisuniversity.edu\/es\/wp-json\/wp\/v2\/comments?post=235712"}],"version-history":[{"count":0,"href":"https:\/\/atlantisuniversity.edu\/es\/wp-json\/wp\/v2\/pages\/235712\/revisions"}],"wp:attachment":[{"href":"https:\/\/atlantisuniversity.edu\/es\/wp-json\/wp\/v2\/media?parent=235712"}],"curies":[{"name":"wp","href":"https:\/\/api.w.org\/{rel}","templated":true}]}}