{"id":235727,"date":"2021-08-02T20:19:38","date_gmt":"2021-08-03T00:19:38","guid":{"rendered":"https:\/\/atlantisuniversity.edu\/online-payment\/"},"modified":"2025-05-15T16:06:05","modified_gmt":"2025-05-15T20:06:05","slug":"pago-en-linea","status":"publish","type":"page","link":"https:\/\/atlantisuniversity.edu\/es\/pago-en-linea\/","title":{"rendered":"Pago en l\u00ednea"},"content":{"rendered":"\t\t<div data-elementor-type=\"wp-page\" data-elementor-id=\"235727\" class=\"elementor elementor-235727 elementor-225263\" data-elementor-post-type=\"page\">\n\t\t\t\t<div class=\"elementor-element elementor-element-346a448 e-flex e-con-boxed e-con e-parent\" data-id=\"346a448\" data-element_type=\"container\" data-settings=\"{&quot;background_background&quot;:&quot;classic&quot;}\">\n\t\t\t\t\t<div class=\"e-con-inner\">\n\t\t<div class=\"elementor-element elementor-element-f7a4d56 e-con-full e-flex e-con e-child\" data-id=\"f7a4d56\" data-element_type=\"container\">\n\t\t\t\t<div class=\"elementor-element elementor-element-28ae99d elementor-widget elementor-widget-heading\" data-id=\"28ae99d\" data-element_type=\"widget\" data-widget_type=\"heading.default\">\n\t\t\t\t<div class=\"elementor-widget-container\">\n\t\t\t\t\t<h1 class=\"elementor-heading-title elementor-size-default\">Paga tus tasas en l\u00ednea<\/h1>\t\t\t\t<\/div>\n\t\t\t\t<\/div>\n\t\t\t\t<div class=\"elementor-element elementor-element-6ba8cd6 elementor-widget elementor-widget-text-editor\" data-id=\"6ba8cd6\" data-element_type=\"widget\" data-widget_type=\"text-editor.default\">\n\t\t\t\t<div class=\"elementor-widget-container\">\n\t\t\t\t\t\t\t\t\tAqu\u00ed, puedes hacer los pagos de matr\u00edcula y cuotas de forma r\u00e1pida y segura utilizando tu tarjeta de cr\u00e9dito. Paga tu factura estudiantil o simplemente paga cualquier cantidad a tu cuenta estudiantil.\t\t\t\t\t\t\t\t<\/div>\n\t\t\t\t<\/div>\n\t\t\t\t<\/div>\n\t\t<div class=\"elementor-element elementor-element-12bfa2a e-con-full e-flex e-con e-child\" data-id=\"12bfa2a\" data-element_type=\"container\">\n\t\t\t\t<\/div>\n\t\t\t\t\t<\/div>\n\t\t\t\t<\/div>\n\t\t<div class=\"elementor-element elementor-element-8485b25 e-flex e-con-boxed e-con e-parent\" data-id=\"8485b25\" data-element_type=\"container\" data-settings=\"{&quot;background_background&quot;:&quot;classic&quot;}\">\n\t\t\t\t\t<div class=\"e-con-inner\">\n\t\t<div class=\"elementor-element elementor-element-7b02608 e-con-full e-flex e-con e-child\" data-id=\"7b02608\" data-element_type=\"container\">\n\t\t\t\t<div class=\"elementor-element elementor-element-26beebb elementor-widget elementor-widget-heading\" data-id=\"26beebb\" data-element_type=\"widget\" data-widget_type=\"heading.default\">\n\t\t\t\t<div class=\"elementor-widget-container\">\n\t\t\t\t\t<h2 class=\"elementor-heading-title elementor-size-default\">Todos los pagos a la universidad deben hacerse \u00fanicamente por:<\/h2>\t\t\t\t<\/div>\n\t\t\t\t<\/div>\n\t\t\t\t<div class=\"elementor-element elementor-element-848ec7b elementor-widget elementor-widget-heading\" data-id=\"848ec7b\" data-element_type=\"widget\" data-widget_type=\"heading.default\">\n\t\t\t\t<div class=\"elementor-widget-container\">\n\t\t\t\t\t<h3 class=\"elementor-heading-title elementor-size-default\">Para hacer pagos en l\u00ednea usando tarjeta de cr\u00e9dito, sigue estos sencillos pasos:<\/h3>\t\t\t\t<\/div>\n\t\t\t\t<\/div>\n\t\t\t\t<div class=\"elementor-element elementor-element-3597ae1 elementor-icon-list--layout-traditional elementor-list-item-link-full_width elementor-widget elementor-widget-icon-list\" data-id=\"3597ae1\" data-element_type=\"widget\" data-widget_type=\"icon-list.default\">\n\t\t\t\t<div class=\"elementor-widget-container\">\n\t\t\t\t\t\t\t<ul class=\"elementor-icon-list-items\">\n\t\t\t\t\t\t\t<li class=\"elementor-icon-list-item\">\n\t\t\t\t\t\t\t\t\t\t\t<span class=\"elementor-icon-list-icon\">\n\t\t\t\t\t\t\t<svg aria-hidden=\"true\" class=\"e-font-icon-svg e-fas-check\" viewBox=\"0 0 512 512\" xmlns=\"http:\/\/www.w3.org\/2000\/svg\"><path d=\"M173.898 439.404l-166.4-166.4c-9.997-9.997-9.997-26.206 0-36.204l36.203-36.204c9.997-9.998 26.207-9.998 36.204 0L192 312.69 432.095 72.596c9.997-9.997 26.207-9.997 36.204 0l36.203 36.204c9.997 9.997 9.997 26.206 0 36.204l-294.4 294.401c-9.998 9.997-26.207 9.997-36.204-.001z\"><\/path><\/svg>\t\t\t\t\t\t<\/span>\n\t\t\t\t\t\t\t\t\t\t<span class=\"elementor-icon-list-text\">Credit Card: <a href=\"https:\/\/atlantisuniversity.edu\/online-payment\/\" target=\"_blank\">https:\/\/atlantisuniversity.edu\/online-payment\/<\/a><\/span>\n\t\t\t\t\t\t\t\t\t<\/li>\n\t\t\t\t\t\t\t\t<li class=\"elementor-icon-list-item\">\n\t\t\t\t\t\t\t\t\t\t\t<span class=\"elementor-icon-list-icon\">\n\t\t\t\t\t\t\t<svg aria-hidden=\"true\" class=\"e-font-icon-svg e-fas-check\" viewBox=\"0 0 512 512\" xmlns=\"http:\/\/www.w3.org\/2000\/svg\"><path d=\"M173.898 439.404l-166.4-166.4c-9.997-9.997-9.997-26.206 0-36.204l36.203-36.204c9.997-9.998 26.207-9.998 36.204 0L192 312.69 432.095 72.596c9.997-9.997 26.207-9.997 36.204 0l36.203 36.204c9.997 9.997 9.997 26.206 0 36.204l-294.4 294.401c-9.998 9.997-26.207 9.997-36.204-.001z\"><\/path><\/svg>\t\t\t\t\t\t<\/span>\n\t\t\t\t\t\t\t\t\t\t<span class=\"elementor-icon-list-text\">Zelle: <a href=\"mailto:auzelle@atlantisuniversity.edu\">auzelle@atlantisuniversity.edu<\/a><\/span>\n\t\t\t\t\t\t\t\t\t<\/li>\n\t\t\t\t\t\t\t\t<li class=\"elementor-icon-list-item\">\n\t\t\t\t\t\t\t\t\t\t\t<span class=\"elementor-icon-list-icon\">\n\t\t\t\t\t\t\t<svg aria-hidden=\"true\" class=\"e-font-icon-svg e-fas-check\" viewBox=\"0 0 512 512\" xmlns=\"http:\/\/www.w3.org\/2000\/svg\"><path d=\"M173.898 439.404l-166.4-166.4c-9.997-9.997-9.997-26.206 0-36.204l36.203-36.204c9.997-9.998 26.207-9.998 36.204 0L192 312.69 432.095 72.596c9.997-9.997 26.207-9.997 36.204 0l36.203 36.204c9.997 9.997 9.997 26.206 0 36.204l-294.4 294.401c-9.998 9.997-26.207 9.997-36.204-.001z\"><\/path><\/svg>\t\t\t\t\t\t<\/span>\n\t\t\t\t\t\t\t\t\t\t<span class=\"elementor-icon-list-text\">Flywire: <a href=\"https:\/\/payment.flywire.com\/pay\/payment\" target=\"_blank\" rel=\"noopener\">https:\/\/payment.flywire.com\/pay\/payment<\/a><\/span>\n\t\t\t\t\t\t\t\t\t<\/li>\n\t\t\t\t\t\t<\/ul>\n\t\t\t\t\t\t<\/div>\n\t\t\t\t<\/div>\n\t\t\t\t<div class=\"elementor-element elementor-element-669ff55 elementor-widget elementor-widget-text-editor\" data-id=\"669ff55\" data-element_type=\"widget\" data-widget_type=\"text-editor.default\">\n\t\t\t\t<div class=\"elementor-widget-container\">\n\t\t\t\t\t\t\t\t\t<p>Env\u00ede confirmaci\u00f3n de pago a: <a href=\"mailto:bursar@atlantisuniversity.edu\">bursar@atlantisuniversity.edu<\/a><br \/>No se aceptan pagos por otros medios.<br \/>Si antes pag\u00f3 diferente, no lo haga m\u00e1s. Use s\u00f3lo los m\u00e9todos autorizados.<\/p>\t\t\t\t\t\t\t\t<\/div>\n\t\t\t\t<\/div>\n\t\t\t\t<\/div>\n\t\t<div class=\"elementor-element elementor-element-01e8278 e-con-full e-flex e-con e-child\" data-id=\"01e8278\" data-element_type=\"container\">\n\t\t\t\t<\/div>\n\t\t\t\t\t<\/div>\n\t\t\t\t<\/div>\n\t\t<div class=\"elementor-element elementor-element-883d63b e-flex e-con-boxed e-con e-parent\" data-id=\"883d63b\" data-element_type=\"container\" data-settings=\"{&quot;background_background&quot;:&quot;classic&quot;}\">\n\t\t\t\t\t<div class=\"e-con-inner\">\n\t\t<div class=\"elementor-element elementor-element-9bc6334 e-flex e-con-boxed e-con e-child\" data-id=\"9bc6334\" data-element_type=\"container\">\n\t\t\t\t\t<div class=\"e-con-inner\">\n\t\t\t\t<div class=\"elementor-element elementor-element-2a2e811 elementor-widget elementor-widget-heading\" data-id=\"2a2e811\" data-element_type=\"widget\" data-widget_type=\"heading.default\">\n\t\t\t\t<div class=\"elementor-widget-container\">\n\t\t\t\t\t<h2 class=\"elementor-heading-title elementor-size-default\">Tarjeta De Cr\u00e9dito<\/h2>\t\t\t\t<\/div>\n\t\t\t\t<\/div>\n\t\t\t\t<div class=\"elementor-element elementor-element-2e0b9b5 elementor-widget elementor-widget-heading\" data-id=\"2e0b9b5\" data-element_type=\"widget\" data-widget_type=\"heading.default\">\n\t\t\t\t<div class=\"elementor-widget-container\">\n\t\t\t\t\t<h3 class=\"elementor-heading-title elementor-size-default\">Para hacer pagos en l\u00ednea usando tarjeta de cr\u00e9dito, sigue estos sencillos pasos:<\/h3>\t\t\t\t<\/div>\n\t\t\t\t<\/div>\n\t\t\t\t<div class=\"elementor-element elementor-element-9d22228 elementor-widget elementor-widget-text-editor\" data-id=\"9d22228\" data-element_type=\"widget\" data-widget_type=\"text-editor.default\">\n\t\t\t\t<div class=\"elementor-widget-container\">\n\t\t\t\t\t\t\t\t\t<ol><li>Ingresa la cantidad que deseas pagar.<\/li><li>Completa tus datos de facturaci\u00f3n y de estudiante.<\/li><li>Ingresa los datos relacionados con la tarjeta de cr\u00e9dito o d\u00e9bito.<\/li><li>Revisa tu orden.<\/li><li>Env\u00eda tu pago.<\/li><\/ol>\t\t\t\t\t\t\t\t<\/div>\n\t\t\t\t<\/div>\n\t\t\t\t<div class=\"elementor-element elementor-element-7b2b7b0 elementor-widget elementor-widget-wc-add-to-cart\" data-id=\"7b2b7b0\" data-element_type=\"widget\" data-widget_type=\"wc-add-to-cart.default\">\n\t\t\t\t<div class=\"elementor-widget-container\">\n\t\t\t\t\t\n\t\n\t<form class=\"cart\" action=\"https:\/\/atlantisuniversity.edu\/es\/?post_type=product&#038;p=226741\" method=\"post\" enctype='multipart\/form-data'>\n\t\t\n<div id=\"ywcnp_form_name_your_price\" style=\"margin:10px 0px;\">\n\t\t\t<label for=\"ywcnp_suggest_price_single\">Add to cart<\/label>\n\t<input type=\"text\"  id=\"ywcnp_suggest_price_single\" class=\"ywcnp_sugg_price short\"  name=\"ywcnp_amount\"\/>\n\t<\/div>\n\n\t\t<div class=\"quantity\">\n\t\t<label class=\"screen-reader-text\" for=\"quantity_69e0eb3782cd6\">Online Payment cantidad<\/label>\n\t<input\n\t\ttype=\"hidden\"\n\t\t\t\tid=\"quantity_69e0eb3782cd6\"\n\t\tclass=\"input-text qty text\"\n\t\tname=\"quantity\"\n\t\tvalue=\"1\"\n\t\taria-label=\"Cantidad de productos\"\n\t\t\t\tmin=\"1\"\n\t\tmax=\"1\"\n\t\t\t\t\tstep=\"1\"\n\t\t\tplaceholder=\"\"\n\t\t\tinputmode=\"numeric\"\n\t\t\tautocomplete=\"off\"\n\t\t\t\/>\n\t<\/div>\n\n\t\t<button type=\"submit\" name=\"add-to-cart\" value=\"226741\" class=\"single_add_to_cart_button elementor-button button alt\">\t\t<span class=\"elementor-button-content-wrapper\">\n\t\t\t\t\t\t\t\t\t<span class=\"elementor-button-text\">Add to Cart<\/span>\n\t\t\t\t\t<\/span>\n\t\t<\/button>\n\n\t\t\t<\/form>\n\n\t\n\t\t\t\t<\/div>\n\t\t\t\t<\/div>\n\t\t\t\t\t<\/div>\n\t\t\t\t<\/div>\n\t\t<div class=\"elementor-element elementor-element-9ed19a7 e-flex e-con-boxed e-con e-child\" data-id=\"9ed19a7\" data-element_type=\"container\">\n\t\t\t\t\t<div class=\"e-con-inner\">\n\t\t\t\t<div class=\"elementor-element elementor-element-9f937ba elementor-widget elementor-widget-image\" data-id=\"9f937ba\" data-element_type=\"widget\" data-widget_type=\"image.default\">\n\t\t\t\t<div class=\"elementor-widget-container\">\n\t\t\t\t\t\t\t\t\t\t\t\t\t\t\t<img fetchpriority=\"high\" fetchpriority=\"high\" decoding=\"async\" width=\"552\" height=\"703\" src=\"https:\/\/atlantisuniversity.edu\/wp-content\/uploads\/2021\/08\/002_b_guy_paypal.png\" class=\"attachment-large size-large wp-image-225256\" alt=\"\" srcset=\"https:\/\/atlantisuniversity.edu\/wp-content\/uploads\/2021\/08\/002_b_guy_paypal.png 552w, https:\/\/atlantisuniversity.edu\/wp-content\/uploads\/2021\/08\/002_b_guy_paypal-480x611.png 480w\" sizes=\"(min-width: 0px) and (max-width: 480px) 480px, (min-width: 481px) 552px, 100vw\" title=\"\">\t\t\t\t\t\t\t\t\t\t\t\t\t\t\t<\/div>\n\t\t\t\t<\/div>\n\t\t\t\t\t<\/div>\n\t\t\t\t<\/div>\n\t\t\t\t\t<\/div>\n\t\t\t\t<\/div>\n\t\t<div class=\"elementor-element elementor-element-9ab41fc e-flex e-con-boxed e-con e-parent\" data-id=\"9ab41fc\" data-element_type=\"container\" data-settings=\"{&quot;background_background&quot;:&quot;classic&quot;}\">\n\t\t\t\t\t<div class=\"e-con-inner\">\n\t\t<div class=\"elementor-element elementor-element-c869b9f e-flex e-con-boxed e-con e-child\" data-id=\"c869b9f\" data-element_type=\"container\">\n\t\t\t\t\t<div class=\"e-con-inner\">\n\t\t\t\t<div class=\"elementor-element elementor-element-ad3415f elementor-widget elementor-widget-heading\" data-id=\"ad3415f\" data-element_type=\"widget\" data-widget_type=\"heading.default\">\n\t\t\t\t<div class=\"elementor-widget-container\">\n\t\t\t\t\t<h2 class=\"elementor-heading-title elementor-size-default\">Flywire<\/h2>\t\t\t\t<\/div>\n\t\t\t\t<\/div>\n\t\t\t\t<div class=\"elementor-element elementor-element-1125cee elementor-widget elementor-widget-text-editor\" data-id=\"1125cee\" data-element_type=\"widget\" data-widget_type=\"text-editor.default\">\n\t\t\t\t<div class=\"elementor-widget-container\">\n\t\t\t\t\t\t\t\t\t<p>Atlantis University se ha asociado con Flywire para aceptar pagos de estudiantes internacionales de todo el mundo.<\/p><p>Flywire te permite realizar pagos de forma f\u00e1cil y segura en tu propia moneda utilizando una variedad de m\u00e9todos de pago locales.<\/p><p>Con seguimiento en tiempo real y soporte multiling\u00fce las 24 horas, millones de estudiantes y familias de todo el mundo conf\u00edan en Flywire para el procesamiento de pagos.<\/p>\t\t\t\t\t\t\t\t<\/div>\n\t\t\t\t<\/div>\n\t\t\t\t<div class=\"elementor-element elementor-element-d79e70d elementor-widget elementor-widget-button\" data-id=\"d79e70d\" data-element_type=\"widget\" data-widget_type=\"button.default\">\n\t\t\t\t<div class=\"elementor-widget-container\">\n\t\t\t\t\t\t\t\t\t<div class=\"elementor-button-wrapper\">\n\t\t\t\t\t<a class=\"elementor-button elementor-button-link elementor-size-sm\" href=\"https:\/\/flywire.com\/pay\/atlantisuniversity\" target=\"_blank\" rel=\"nofollow noopener\">\n\t\t\t\t\t\t<span class=\"elementor-button-content-wrapper\">\n\t\t\t\t\t\t<span class=\"elementor-button-icon\">\n\t\t\t\t<svg aria-hidden=\"true\" class=\"e-font-icon-svg e-fas-chevron-circle-right\" viewBox=\"0 0 512 512\" xmlns=\"http:\/\/www.w3.org\/2000\/svg\"><path d=\"M256 8c137 0 248 111 248 248S393 504 256 504 8 393 8 256 119 8 256 8zm113.9 231L234.4 103.5c-9.4-9.4-24.6-9.4-33.9 0l-17 17c-9.4 9.4-9.4 24.6 0 33.9L285.1 256 183.5 357.6c-9.4 9.4-9.4 24.6 0 33.9l17 17c9.4 9.4 24.6 9.4 33.9 0L369.9 273c9.4-9.4 9.4-24.6 0-34z\"><\/path><\/svg>\t\t\t<\/span>\n\t\t\t\t\t\t\t\t\t<span class=\"elementor-button-text\">PAY NOW WITH FLYWIRE<\/span>\n\t\t\t\t\t<\/span>\n\t\t\t\t\t<\/a>\n\t\t\t\t<\/div>\n\t\t\t\t\t\t\t\t<\/div>\n\t\t\t\t<\/div>\n\t\t\t\t\t<\/div>\n\t\t\t\t<\/div>\n\t\t<div class=\"elementor-element elementor-element-4993631 e-flex e-con-boxed e-con e-child\" data-id=\"4993631\" data-element_type=\"container\">\n\t\t\t\t\t<div class=\"e-con-inner\">\n\t\t\t\t<div class=\"elementor-element elementor-element-b32e0c5 elementor-widget elementor-widget-image\" data-id=\"b32e0c5\" data-element_type=\"widget\" data-widget_type=\"image.default\">\n\t\t\t\t<div class=\"elementor-widget-container\">\n\t\t\t\t\t\t\t\t\t\t\t\t\t\t\t<img decoding=\"async\" width=\"575\" height=\"703\" src=\"https:\/\/atlantisuniversity.edu\/wp-content\/uploads\/2021\/08\/003_b_Flywire.png\" class=\"attachment-large size-large wp-image-225258\" alt=\"\" srcset=\"https:\/\/atlantisuniversity.edu\/wp-content\/uploads\/2021\/08\/003_b_Flywire.png 575w, https:\/\/atlantisuniversity.edu\/wp-content\/uploads\/2021\/08\/003_b_Flywire-480x587.png 480w\" sizes=\"(min-width: 0px) and (max-width: 480px) 480px, (min-width: 481px) 575px, 100vw\" title=\"\">\t\t\t\t\t\t\t\t\t\t\t\t\t\t\t<\/div>\n\t\t\t\t<\/div>\n\t\t\t\t\t<\/div>\n\t\t\t\t<\/div>\n\t\t\t\t\t<\/div>\n\t\t\t\t<\/div>\n\t\t<div class=\"elementor-element elementor-element-93fe5bc e-flex e-con-boxed e-con e-parent\" data-id=\"93fe5bc\" data-element_type=\"container\" data-settings=\"{&quot;background_background&quot;:&quot;classic&quot;}\">\n\t\t\t\t\t<div class=\"e-con-inner\">\n\t\t<div class=\"elementor-element elementor-element-4b7e601 e-flex e-con-boxed e-con e-child\" data-id=\"4b7e601\" data-element_type=\"container\">\n\t\t\t\t\t<div class=\"e-con-inner\">\n\t\t\t\t<div class=\"elementor-element elementor-element-f549fe5 elementor-widget elementor-widget-heading\" data-id=\"f549fe5\" data-element_type=\"widget\" data-widget_type=\"heading.default\">\n\t\t\t\t<div class=\"elementor-widget-container\">\n\t\t\t\t\t<h2 class=\"elementor-heading-title elementor-size-default\">Zelle<\/h2>\t\t\t\t<\/div>\n\t\t\t\t<\/div>\n\t\t\t\t<div class=\"elementor-element elementor-element-5ba1e3c elementor-widget elementor-widget-heading\" data-id=\"5ba1e3c\" data-element_type=\"widget\" data-widget_type=\"heading.default\">\n\t\t\t\t<div class=\"elementor-widget-container\">\n\t\t\t\t\t<h3 class=\"elementor-heading-title elementor-size-default\">Para realizar un pago con Zelle, siga estos sencillos pasos:<\/h3>\t\t\t\t<\/div>\n\t\t\t\t<\/div>\n\t\t\t\t<div class=\"elementor-element elementor-element-1bf6c16 elementor-widget elementor-widget-text-editor\" data-id=\"1bf6c16\" data-element_type=\"widget\" data-widget_type=\"text-editor.default\">\n\t\t\t\t<div class=\"elementor-widget-container\">\n\t\t\t\t\t\t\t\t\t<ol><li>Realiza tu pago a:\u00a0<strong>auzelle@atlantisuniversity.edu<\/strong><\/li><li>Agregue el nombre del estudiante en \u201cInformaci\u00f3n del comerciante\u201d<\/li><li>Env\u00ede su informaci\u00f3n de pago a\u00a0<a role=\"link\" href=\"mailto:bursar@atlantisuniversity.edu\">bursar@atlantisuniversity.edu<\/a><\/li><li>T\u00edtulo del correo electr\u00f3nico con el nombre del estudiante y el n\u00famero de confirmaci\u00f3n de Zelle<\/li><li>Incluir en el correo electr\u00f3nico: Nombre del estudiante, programa, monto del pago y Zelle n\u00famero de confirmaci\u00f3n.<\/li><li>Adjunte el recibo de confirmaci\u00f3n de Zelle<\/li><\/ol>\t\t\t\t\t\t\t\t<\/div>\n\t\t\t\t<\/div>\n\t\t\t\t\t<\/div>\n\t\t\t\t<\/div>\n\t\t<div class=\"elementor-element elementor-element-05d8108 e-flex e-con-boxed e-con e-child\" data-id=\"05d8108\" data-element_type=\"container\">\n\t\t\t\t\t<div class=\"e-con-inner\">\n\t\t\t\t<div class=\"elementor-element elementor-element-45d5f8b elementor-widget elementor-widget-image\" data-id=\"45d5f8b\" data-element_type=\"widget\" data-widget_type=\"image.default\">\n\t\t\t\t<div class=\"elementor-widget-container\">\n\t\t\t\t\t\t\t\t\t\t\t\t\t\t\t<img decoding=\"async\" width=\"656\" height=\"878\" src=\"https:\/\/atlantisuniversity.edu\/wp-content\/uploads\/2022\/09\/Zelle-Online-Payment-Triangle-Dude-with-alpha-1.png\" class=\"attachment-large size-large wp-image-247756\" alt=\"\" title=\"\">\t\t\t\t\t\t\t\t\t\t\t\t\t\t\t<\/div>\n\t\t\t\t<\/div>\n\t\t\t\t\t<\/div>\n\t\t\t\t<\/div>\n\t\t\t\t\t<\/div>\n\t\t\t\t<\/div>\n\t\t<div class=\"elementor-element elementor-element-693b7d7 e-flex e-con-boxed e-con e-parent\" data-id=\"693b7d7\" data-element_type=\"container\" data-settings=\"{&quot;background_background&quot;:&quot;classic&quot;}\">\n\t\t\t\t\t<div class=\"e-con-inner\">\n\t\t<div class=\"elementor-element elementor-element-4de9116 e-con-full e-flex e-con e-child\" data-id=\"4de9116\" data-element_type=\"container\">\n\t\t\t\t<div class=\"elementor-element elementor-element-895cb95 elementor-widget elementor-widget-heading\" data-id=\"895cb95\" data-element_type=\"widget\" data-widget_type=\"heading.default\">\n\t\t\t\t<div class=\"elementor-widget-container\">\n\t\t\t\t\t<h2 class=\"elementor-heading-title elementor-size-default\">Temas Legales<\/h2>\t\t\t\t<\/div>\n\t\t\t\t<\/div>\n\t\t\t\t<div class=\"elementor-element elementor-element-363391e elementor-widget elementor-widget-text-editor\" data-id=\"363391e\" data-element_type=\"widget\" data-widget_type=\"text-editor.default\">\n\t\t\t\t<div class=\"elementor-widget-container\">\n\t\t\t\t\t\t\t\t\t<p>Debido al aumento de los costos, los cambios en las regulaciones de cumplimiento y para que Atlantis University est\u00e9 en l\u00ednea con las mejores pr\u00e1cticas en otras facultades y universidades de Florida, se implementar\u00e1 una nueva pol\u00edtica para el uso de tarjetas de cr\u00e9dito para pagar cargos en una cuenta estudiantil (incluida la matr\u00edcula).<\/p><p>Significa que se aplicar\u00e1 una tasa de conveniencia del 3.5% en todas las transacciones con tarjetas de cr\u00e9dito MasterCard, Visa Card, Discover Card y American Express.<\/p><p>Respetamos tu privacidad. Pasaremos tu nombre, direcci\u00f3n o direcci\u00f3n de correo electr\u00f3nico \u00fanicamente al comerciante.<\/p>\t\t\t\t\t\t\t\t<\/div>\n\t\t\t\t<\/div>\n\t\t\t\t<\/div>\n\t\t\t\t\t<\/div>\n\t\t\t\t<\/div>\n\t\t\t\t<\/div>\n\t\t","protected":false},"excerpt":{"rendered":"<p>Paga tus tasas en l\u00ednea Aqu\u00ed, puedes hacer los pagos de matr\u00edcula y cuotas de forma r\u00e1pida y segura utilizando tu tarjeta de cr\u00e9dito. Paga tu factura estudiantil o simplemente paga cualquier cantidad a tu cuenta estudiantil. Todos los pagos a la universidad deben hacerse \u00fanicamente por: Para hacer pagos en l\u00ednea usando tarjeta de [&hellip;]<\/p>\n","protected":false},"author":2,"featured_media":0,"parent":0,"menu_order":0,"comment_status":"closed","ping_status":"closed","template":"","meta":{"_acf_changed":false,"_et_pb_use_builder":"on","_et_pb_old_content":"","_et_gb_content_width":"","footnotes":""},"class_list":["post-235727","page","type-page","status-publish","hentry"],"acf":[],"_links":{"self":[{"href":"https:\/\/atlantisuniversity.edu\/es\/wp-json\/wp\/v2\/pages\/235727"}],"collection":[{"href":"https:\/\/atlantisuniversity.edu\/es\/wp-json\/wp\/v2\/pages"}],"about":[{"href":"https:\/\/atlantisuniversity.edu\/es\/wp-json\/wp\/v2\/types\/page"}],"author":[{"embeddable":true,"href":"https:\/\/atlantisuniversity.edu\/es\/wp-json\/wp\/v2\/users\/2"}],"replies":[{"embeddable":true,"href":"https:\/\/atlantisuniversity.edu\/es\/wp-json\/wp\/v2\/comments?post=235727"}],"version-history":[{"count":3,"href":"https:\/\/atlantisuniversity.edu\/es\/wp-json\/wp\/v2\/pages\/235727\/revisions"}],"predecessor-version":[{"id":270599,"href":"https:\/\/atlantisuniversity.edu\/es\/wp-json\/wp\/v2\/pages\/235727\/revisions\/270599"}],"wp:attachment":[{"href":"https:\/\/atlantisuniversity.edu\/es\/wp-json\/wp\/v2\/media?parent=235727"}],"curies":[{"name":"wp","href":"https:\/\/api.w.org\/{rel}","templated":true}]}}