{"id":235731,"date":"2021-11-24T12:15:52","date_gmt":"2021-11-24T16:15:52","guid":{"rendered":"https:\/\/atlantisuniversity.edu\/student-support\/"},"modified":"2024-05-08T17:44:19","modified_gmt":"2024-05-08T21:44:19","slug":"apoyo-al-estudiante","status":"publish","type":"page","link":"https:\/\/atlantisuniversity.edu\/es\/apoyo-al-estudiante\/","title":{"rendered":"Apoyo al estudiante"},"content":{"rendered":"\t\t<div data-elementor-type=\"wp-page\" data-elementor-id=\"235731\" class=\"elementor elementor-235731 elementor-234536\" data-elementor-post-type=\"page\">\n\t\t\t\t<div class=\"elementor-element elementor-element-d6501d8 e-flex e-con-boxed e-con e-parent\" data-id=\"d6501d8\" data-element_type=\"container\" data-settings=\"{&quot;background_background&quot;:&quot;classic&quot;}\">\n\t\t\t\t\t<div class=\"e-con-inner\">\n\t\t<div class=\"elementor-element elementor-element-13cfed7 e-con-full e-flex e-con e-child\" data-id=\"13cfed7\" data-element_type=\"container\">\n\t\t\t\t<div class=\"elementor-element elementor-element-9d207cb elementor-widget elementor-widget-heading\" data-id=\"9d207cb\" data-element_type=\"widget\" data-widget_type=\"heading.default\">\n\t\t\t\t<div class=\"elementor-widget-container\">\n\t\t\t\t\t<h1 class=\"elementor-heading-title elementor-size-default\">Servicios de apoyo\nal estudiante<\/h1>\t\t\t\t<\/div>\n\t\t\t\t<\/div>\n\t\t\t\t<div class=\"elementor-element elementor-element-80d1461 elementor-widget elementor-widget-text-editor\" data-id=\"80d1461\" data-element_type=\"widget\" data-widget_type=\"text-editor.default\">\n\t\t\t\t<div class=\"elementor-widget-container\">\n\t\t\t\t\t\t\t\t\t\u00bfSab\u00edas que Atlantis University cuenta con un sin n\u00famero de recursos y servicios que te podr\u00edan ayudar? Si est\u00e1s manejando una situaci\u00f3n dif\u00edcil que afecta tu educaci\u00f3n, estamos aqu\u00ed para servirte.\t\t\t\t\t\t\t\t<\/div>\n\t\t\t\t<\/div>\n\t\t\t\t<\/div>\n\t\t\t\t\t<\/div>\n\t\t\t\t<\/div>\n\t\t<div class=\"elementor-element elementor-element-0db7bcf e-flex e-con-boxed e-con e-parent\" data-id=\"0db7bcf\" data-element_type=\"container\" data-settings=\"{&quot;background_background&quot;:&quot;classic&quot;}\">\n\t\t\t\t\t<div class=\"e-con-inner\">\n\t\t\t\t<div class=\"elementor-element elementor-element-0eaf2fe elementor-widget elementor-widget-heading\" data-id=\"0eaf2fe\" data-element_type=\"widget\" data-widget_type=\"heading.default\">\n\t\t\t\t<div class=\"elementor-widget-container\">\n\t\t\t\t\t<h3 class=\"elementor-heading-title elementor-size-default\">Perm\u00edtenos apoyarte paso a paso, para que cumplas todos tus logros.<\/h3>\t\t\t\t<\/div>\n\t\t\t\t<\/div>\n\t\t\t\t<div class=\"elementor-element elementor-element-6979bcd elementor-widget elementor-widget-button\" data-id=\"6979bcd\" data-element_type=\"widget\" data-widget_type=\"button.default\">\n\t\t\t\t<div class=\"elementor-widget-container\">\n\t\t\t\t\t\t\t\t\t<div class=\"elementor-button-wrapper\">\n\t\t\t\t\t<a class=\"elementor-button elementor-button-link elementor-size-sm\" href=\"mailto:SUPPORT@ATLANTISUNIVERSITY.EDU\">\n\t\t\t\t\t\t<span class=\"elementor-button-content-wrapper\">\n\t\t\t\t\t\t\t\t\t<span class=\"elementor-button-text\">SUPPORT@ATLANTISUNIVERSITY.EDU<\/span>\n\t\t\t\t\t<\/span>\n\t\t\t\t\t<\/a>\n\t\t\t\t<\/div>\n\t\t\t\t\t\t\t\t<\/div>\n\t\t\t\t<\/div>\n\t\t\t\t\t<\/div>\n\t\t\t\t<\/div>\n\t\t<div class=\"elementor-element elementor-element-3591e38 e-flex e-con-boxed e-con e-parent\" data-id=\"3591e38\" data-element_type=\"container\" data-settings=\"{&quot;background_background&quot;:&quot;classic&quot;}\">\n\t\t\t\t\t<div class=\"e-con-inner\">\n\t\t\t\t<div class=\"elementor-element elementor-element-1e40a76 elementor-widget elementor-widget-heading\" data-id=\"1e40a76\" data-element_type=\"widget\" data-widget_type=\"heading.default\">\n\t\t\t\t<div class=\"elementor-widget-container\">\n\t\t\t\t\t<h2 class=\"elementor-heading-title elementor-size-default\">Nuestros Servicios Estudiantiles Incluyen<\/h2>\t\t\t\t<\/div>\n\t\t\t\t<\/div>\n\t\t<div class=\"elementor-element elementor-element-02baf05 e-flex e-con-boxed e-con e-child\" data-id=\"02baf05\" data-element_type=\"container\">\n\t\t\t\t\t<div class=\"e-con-inner\">\n\t\t<div class=\"elementor-element elementor-element-e0bd7df e-con-full plygon e-flex e-con e-child\" data-id=\"e0bd7df\" data-element_type=\"container\" data-settings=\"{&quot;background_background&quot;:&quot;classic&quot;}\">\n\t\t\t\t<div class=\"elementor-element elementor-element-b54832a elementor-widget elementor-widget-heading\" data-id=\"b54832a\" data-element_type=\"widget\" data-widget_type=\"heading.default\">\n\t\t\t\t<div class=\"elementor-widget-container\">\n\t\t\t\t\t<h3 class=\"elementor-heading-title elementor-size-default\">ASESOR\u00cdA ACAD\u00c9MICA<\/h3>\t\t\t\t<\/div>\n\t\t\t\t<\/div>\n\t\t\t\t<div class=\"elementor-element elementor-element-c682a92 elementor-widget elementor-widget-text-editor\" data-id=\"c682a92\" data-element_type=\"widget\" data-widget_type=\"text-editor.default\">\n\t\t\t\t<div class=\"elementor-widget-container\">\n\t\t\t\t\t\t\t\t\t<p>COORDINA UNA REUNI\u00d3N DE ASESOR\u00cdA CON UN CONSEJERO ACAD\u00c9MICO, QUIEN SE ASEGURAR\u00c1 QUE EST\u00c9S EN EL CAMINO CORRECTO PARA ALCANZAR TUS METAS.<\/p>\t\t\t\t\t\t\t\t<\/div>\n\t\t\t\t<\/div>\n\t\t\t\t<\/div>\n\t\t<div class=\"elementor-element elementor-element-13d022c e-con-full plygon e-flex e-con e-child\" data-id=\"13d022c\" data-element_type=\"container\" data-settings=\"{&quot;background_background&quot;:&quot;classic&quot;}\">\n\t\t\t\t<div class=\"elementor-element elementor-element-2aed3bf elementor-widget elementor-widget-heading\" data-id=\"2aed3bf\" data-element_type=\"widget\" data-widget_type=\"heading.default\">\n\t\t\t\t<div class=\"elementor-widget-container\">\n\t\t\t\t\t<h3 class=\"elementor-heading-title elementor-size-default\">REFERIDOS PARA ASESOR\u00cdA<\/h3>\t\t\t\t<\/div>\n\t\t\t\t<\/div>\n\t\t\t\t<div class=\"elementor-element elementor-element-295c122 elementor-widget elementor-widget-text-editor\" data-id=\"295c122\" data-element_type=\"widget\" data-widget_type=\"text-editor.default\">\n\t\t\t\t<div class=\"elementor-widget-container\">\n\t\t\t\t\t\t\t\t\tAU VELA POR LA SALUD MENTAL Y EL BIENESTAR EMOCIONAL DE TODOS SUS ESTUDIANTES. POR ESO, LA UNIVERSIDAD OFRECE ASESOR\u00cdAS PARA TODOS AQUELLOS QUE BUSQUEN APOYO EMOCIONAL O PERSONAL.\nSIEMPRE SE PROTEGER\u00c1 LA CONFIDENCIALIDAD DE TU INFORMACI\u00d3N PERSONAL. AU BRINDA UNA LISTA DE OPCIONES PARA QUE T\u00da MISMO CONTACTES AL PROVEEDOR DIRECTAMENTE.\t\t\t\t\t\t\t\t<\/div>\n\t\t\t\t<\/div>\n\t\t\t\t<\/div>\n\t\t<div class=\"elementor-element elementor-element-1719242 e-con-full plygon e-flex e-con e-child\" data-id=\"1719242\" data-element_type=\"container\" data-settings=\"{&quot;background_background&quot;:&quot;classic&quot;}\">\n\t\t\t\t<div class=\"elementor-element elementor-element-e4629db elementor-widget elementor-widget-heading\" data-id=\"e4629db\" data-element_type=\"widget\" data-widget_type=\"heading.default\">\n\t\t\t\t<div class=\"elementor-widget-container\">\n\t\t\t\t\t<h3 class=\"elementor-heading-title elementor-size-default\">AYUDAS T\u00c9CNICAS.<\/h3>\t\t\t\t<\/div>\n\t\t\t\t<\/div>\n\t\t\t\t<div class=\"elementor-element elementor-element-47672d6 elementor-widget elementor-widget-text-editor\" data-id=\"47672d6\" data-element_type=\"widget\" data-widget_type=\"text-editor.default\">\n\t\t\t\t<div class=\"elementor-widget-container\">\n\t\t\t\t\t\t\t\t\t<p>RECIBE AYUDA T\u00c9CNICA O TECNOL\u00d3GICA INMEDIATAMENTE. ATENDEMOS LOS PROBLEMAS 24\/7.<\/p>\t\t\t\t\t\t\t\t<\/div>\n\t\t\t\t<\/div>\n\t\t\t\t<\/div>\n\t\t\t\t\t<\/div>\n\t\t\t\t<\/div>\n\t\t\t\t\t<\/div>\n\t\t\t\t<\/div>\n\t\t<div class=\"elementor-element elementor-element-760cb7f e-flex e-con-boxed e-con e-parent\" data-id=\"760cb7f\" data-element_type=\"container\" data-settings=\"{&quot;background_background&quot;:&quot;classic&quot;}\">\n\t\t\t\t\t<div class=\"e-con-inner\">\n\t\t<div class=\"elementor-element elementor-element-8afb336 e-con-full e-flex e-con e-child\" data-id=\"8afb336\" data-element_type=\"container\">\n\t\t\t\t<div class=\"elementor-element elementor-element-a995ab2 elementor-widget elementor-widget-image\" data-id=\"a995ab2\" data-element_type=\"widget\" data-widget_type=\"image.default\">\n\t\t\t\t<div class=\"elementor-widget-container\">\n\t\t\t\t\t\t\t\t\t\t\t\t\t\t\t<img fetchpriority=\"high\" fetchpriority=\"high\" decoding=\"async\" width=\"560\" height=\"560\" src=\"https:\/\/atlantisuniversity.edu\/wp-content\/uploads\/2021\/11\/MariaCamila_Studentsupport.png\" class=\"attachment-large size-large wp-image-234558\" alt=\"\" title=\"\">\t\t\t\t\t\t\t\t\t\t\t\t\t\t\t<\/div>\n\t\t\t\t<\/div>\n\t\t\t\t<\/div>\n\t\t<div class=\"elementor-element elementor-element-e7d81d8 e-con-full e-flex e-con e-child\" data-id=\"e7d81d8\" data-element_type=\"container\">\n\t\t\t\t<div class=\"elementor-element elementor-element-3a9c38e elementor-widget elementor-widget-heading\" data-id=\"3a9c38e\" data-element_type=\"widget\" data-widget_type=\"heading.default\">\n\t\t\t\t<div class=\"elementor-widget-container\">\n\t\t\t\t\t<h2 class=\"elementor-heading-title elementor-size-default\">Maria Camila Rodriguez, MA, LMFT<\/h2>\t\t\t\t<\/div>\n\t\t\t\t<\/div>\n\t\t\t\t<div class=\"elementor-element elementor-element-b9e242c elementor-widget elementor-widget-text-editor\" data-id=\"b9e242c\" data-element_type=\"widget\" data-widget_type=\"text-editor.default\">\n\t\t\t\t<div class=\"elementor-widget-container\">\n\t\t\t\t\t\t\t\t\t<p>Telf:<span style=\"color: #ff0000;\">\u00a0<\/span><a role=\"link\" href=\"tel:6503831986\"><span style=\"color: #ff0000;\">(<\/span><span style=\"text-decoration: underline; color: #ff0000;\">650) 383-1986<\/span><\/a><br \/>Email: maria@camilarodriguez.com<br \/>Website:\u00a0<span style=\"text-decoration: underline; color: #ff0000;\"><a style=\"color: #ff0000; text-decoration: underline;\" role=\"link\" href=\"https:\/\/www.psychologytoday.com\/\" target=\"_blank\" rel=\"noopener\">https:\/\/www.psychologytoday.com<\/a><\/span><\/p>\t\t\t\t\t\t\t\t<\/div>\n\t\t\t\t<\/div>\n\t\t\t\t<\/div>\n\t\t\t\t\t<\/div>\n\t\t\t\t<\/div>\n\t\t\t\t<\/div>\n\t\t","protected":false},"excerpt":{"rendered":"<p>Servicios de apoyo al estudiante \u00bfSab\u00edas que Atlantis University cuenta con un sin n\u00famero de recursos y servicios que te podr\u00edan ayudar? Si est\u00e1s manejando una situaci\u00f3n dif\u00edcil que afecta tu educaci\u00f3n, estamos aqu\u00ed para servirte. Perm\u00edtenos apoyarte paso a paso, para que cumplas todos tus logros. SUPPORT@ATLANTISUNIVERSITY.EDU Nuestros Servicios Estudiantiles Incluyen ASESOR\u00cdA ACAD\u00c9MICA COORDINA [&hellip;]<\/p>\n","protected":false},"author":23,"featured_media":0,"parent":0,"menu_order":0,"comment_status":"closed","ping_status":"closed","template":"","meta":{"_acf_changed":false,"_et_pb_use_builder":"on","_et_pb_old_content":"","_et_gb_content_width":"","footnotes":""},"class_list":["post-235731","page","type-page","status-publish","hentry"],"acf":[],"_links":{"self":[{"href":"https:\/\/atlantisuniversity.edu\/es\/wp-json\/wp\/v2\/pages\/235731"}],"collection":[{"href":"https:\/\/atlantisuniversity.edu\/es\/wp-json\/wp\/v2\/pages"}],"about":[{"href":"https:\/\/atlantisuniversity.edu\/es\/wp-json\/wp\/v2\/types\/page"}],"author":[{"embeddable":true,"href":"https:\/\/atlantisuniversity.edu\/es\/wp-json\/wp\/v2\/users\/23"}],"replies":[{"embeddable":true,"href":"https:\/\/atlantisuniversity.edu\/es\/wp-json\/wp\/v2\/comments?post=235731"}],"version-history":[{"count":0,"href":"https:\/\/atlantisuniversity.edu\/es\/wp-json\/wp\/v2\/pages\/235731\/revisions"}],"wp:attachment":[{"href":"https:\/\/atlantisuniversity.edu\/es\/wp-json\/wp\/v2\/media?parent=235731"}],"curies":[{"name":"wp","href":"https:\/\/api.w.org\/{rel}","templated":true}]}}