{"id":235747,"date":"2021-08-05T12:32:46","date_gmt":"2021-08-05T12:32:46","guid":{"rendered":"https:\/\/atlantisuniversity.edu\/transfer-to-atlantis-university\/"},"modified":"2024-05-06T15:57:30","modified_gmt":"2024-05-06T19:57:30","slug":"transferencias-a-atlantis-university","status":"publish","type":"page","link":"https:\/\/atlantisuniversity.edu\/es\/transferencias-a-atlantis-university\/","title":{"rendered":"Transferencias a Atlantis University"},"content":{"rendered":"\t\t<div data-elementor-type=\"wp-page\" data-elementor-id=\"235747\" class=\"elementor elementor-235747 elementor-225608\" data-elementor-post-type=\"page\">\n\t\t\t\t<div class=\"elementor-element elementor-element-33581fa e-flex e-con-boxed e-con e-parent\" data-id=\"33581fa\" data-element_type=\"container\" data-settings=\"{&quot;background_background&quot;:&quot;classic&quot;}\">\n\t\t\t\t\t<div class=\"e-con-inner\">\n\t\t<div class=\"elementor-element elementor-element-f981149 e-con-full e-flex e-con e-child\" data-id=\"f981149\" data-element_type=\"container\">\n\t\t\t\t<div class=\"elementor-element elementor-element-760e3f7 elementor-widget elementor-widget-heading\" data-id=\"760e3f7\" data-element_type=\"widget\" data-widget_type=\"heading.default\">\n\t\t\t\t<div class=\"elementor-widget-container\">\n\t\t\t\t\t<h1 class=\"elementor-heading-title elementor-size-default\">Transferencias a Atlantis University<\/h1>\t\t\t\t<\/div>\n\t\t\t\t<\/div>\n\t\t\t\t<div class=\"elementor-element elementor-element-d7b610b elementor-widget elementor-widget-text-editor\" data-id=\"d7b610b\" data-element_type=\"widget\" data-widget_type=\"text-editor.default\">\n\t\t\t\t<div class=\"elementor-widget-container\">\n\t\t\t\t\t\t\t\t\t<h3><strong><span style=\"color: #ffffff;\">No dejes atr\u00e1s tus cr\u00e9ditos. \u00a1Tr\u00e1elos!<\/span><\/strong><\/h3><p>La transferencia de cr\u00e9ditos te puede parecer una tarea complicada y confusa, pero aqu\u00ed estamos para ayudarte, vale la pena el esfuerzo y el tiempo. Al intercambiar cr\u00e9ditos, los transfieres directamente a tu curso.<\/p><p>Esto significa que ya no tendr\u00e1s que asistir a la clase ni realizar el examen de ese curso en particular. Esas horas de cr\u00e9dito tambi\u00e9n est\u00e1n exentas de su tasa general.<\/p><p>\u00a1Prep\u00e1rate para ahorrar dinero y emprender un camino m\u00e1s corto hacia la graduaci\u00f3n!<\/p>\t\t\t\t\t\t\t\t<\/div>\n\t\t\t\t<\/div>\n\t\t\t\t<div class=\"elementor-element elementor-element-f793d8a elementor-widget elementor-widget-button\" data-id=\"f793d8a\" data-element_type=\"widget\" data-widget_type=\"button.default\">\n\t\t\t\t<div class=\"elementor-widget-container\">\n\t\t\t\t\t\t\t\t\t<div class=\"elementor-button-wrapper\">\n\t\t\t\t\t<a class=\"elementor-button elementor-button-link elementor-size-sm\" href=\"https:\/\/atlantisuniversity.edu\/es\/contactanos\/\" target=\"_blank\">\n\t\t\t\t\t\t<span class=\"elementor-button-content-wrapper\">\n\t\t\t\t\t\t<span class=\"elementor-button-icon\">\n\t\t\t\t<svg aria-hidden=\"true\" class=\"e-font-icon-svg e-fas-chevron-circle-right\" viewBox=\"0 0 512 512\" xmlns=\"http:\/\/www.w3.org\/2000\/svg\"><path d=\"M256 8c137 0 248 111 248 248S393 504 256 504 8 393 8 256 119 8 256 8zm113.9 231L234.4 103.5c-9.4-9.4-24.6-9.4-33.9 0l-17 17c-9.4 9.4-9.4 24.6 0 33.9L285.1 256 183.5 357.6c-9.4 9.4-9.4 24.6 0 33.9l17 17c9.4 9.4 24.6 9.4 33.9 0L369.9 273c9.4-9.4 9.4-24.6 0-34z\"><\/path><\/svg>\t\t\t<\/span>\n\t\t\t\t\t\t\t\t\t<span class=\"elementor-button-text\">SOLICITA INFORMACI\u00d3N<\/span>\n\t\t\t\t\t<\/span>\n\t\t\t\t\t<\/a>\n\t\t\t\t<\/div>\n\t\t\t\t\t\t\t\t<\/div>\n\t\t\t\t<\/div>\n\t\t\t\t<\/div>\n\t\t<div class=\"elementor-element elementor-element-521874e e-con-full e-flex e-con e-child\" data-id=\"521874e\" data-element_type=\"container\">\n\t\t\t\t<\/div>\n\t\t\t\t\t<\/div>\n\t\t\t\t<\/div>\n\t\t<div class=\"elementor-element elementor-element-8563cc4 e-flex e-con-boxed e-con e-parent\" data-id=\"8563cc4\" data-element_type=\"container\" data-settings=\"{&quot;background_background&quot;:&quot;classic&quot;}\">\n\t\t\t\t\t<div class=\"e-con-inner\">\n\t\t<div class=\"elementor-element elementor-element-e73a95c e-con-full elementor-hidden-mobile e-flex e-con e-child\" data-id=\"e73a95c\" data-element_type=\"container\">\n\t\t\t\t<div class=\"elementor-element elementor-element-2afb069 elementor-widget elementor-widget-image\" data-id=\"2afb069\" data-element_type=\"widget\" data-widget_type=\"image.default\">\n\t\t\t\t<div class=\"elementor-widget-container\">\n\t\t\t\t\t\t\t\t\t\t\t\t\t\t\t<img fetchpriority=\"high\" fetchpriority=\"high\" decoding=\"async\" width=\"295\" height=\"533\" src=\"https:\/\/atlantisuniversity.edu\/wp-content\/uploads\/2021\/08\/002_b_david.png\" class=\"attachment-large size-large wp-image-225369\" alt=\"\" srcset=\"https:\/\/atlantisuniversity.edu\/wp-content\/uploads\/2021\/08\/002_b_david.png 295w, https:\/\/atlantisuniversity.edu\/wp-content\/uploads\/2021\/08\/002_b_david-166x300.png 166w\" sizes=\"(max-width: 295px) 100vw, 295px\" title=\"\">\t\t\t\t\t\t\t\t\t\t\t\t\t\t\t<\/div>\n\t\t\t\t<\/div>\n\t\t\t\t<\/div>\n\t\t<div class=\"elementor-element elementor-element-f553d07 e-con-full e-flex e-con e-child\" data-id=\"f553d07\" data-element_type=\"container\">\n\t\t\t\t<div class=\"elementor-element elementor-element-942e4a9 elementor-widget elementor-widget-heading\" data-id=\"942e4a9\" data-element_type=\"widget\" data-widget_type=\"heading.default\">\n\t\t\t\t<div class=\"elementor-widget-container\">\n\t\t\t\t\t<h2 class=\"elementor-heading-title elementor-size-default\">\u00bfC\u00f3mo Funciona La Transferencia De Cr\u00e9ditos?\n<\/h2>\t\t\t\t<\/div>\n\t\t\t\t<\/div>\n\t\t\t\t<div class=\"elementor-element elementor-element-67742a0 elementor-widget elementor-widget-text-editor\" data-id=\"67742a0\" data-element_type=\"widget\" data-widget_type=\"text-editor.default\">\n\t\t\t\t<div class=\"elementor-widget-container\">\n\t\t\t\t\t\t\t\t\tNos complace aceptar transferencias de cr\u00e9ditos de otras instituciones. Simplemente sigue los pasos a continuaci\u00f3n para solicitarla:\n<ul>\n \t<li><strong>1.<\/strong>\u00a0Verifica si tus estudios anteriores son elegibles para transferencia de cr\u00e9ditos.<\/li>\n \t<li><strong>2.<\/strong>\u00a0Ve cu\u00e1nto cr\u00e9dito se puede transferir al programa de Atlantis University que elegiste.<\/li>\n \t<li><strong>3.<\/strong>\u00a0Env\u00eda una copia oficial de tu expediente acad\u00e9mico a nuestro Departamento Acad\u00e9mico para su revisi\u00f3n.<\/li>\n \t<li><strong>4.<\/strong>\u00a0Completa la documentaci\u00f3n correspondiente para cada transferencia de curso.<\/li>\n \t<li><strong>5.<\/strong>\u00a0Espera nuestra notificaci\u00f3n sobre cu\u00e1ntos cr\u00e9ditos se han otorgado para tu t\u00edtulo.<\/li>\n<\/ul>\nSe pueden otorgar cr\u00e9ditos para nuestros estudiantes de pregrado cuando completen un m\u00ednimo del 25% de un programa de pregrado en Atlantis University. Y para t\u00edtulos de posgrado, cuando completen al menos el 50% de un programa de posgrado con nosotros.\t\t\t\t\t\t\t\t<\/div>\n\t\t\t\t<\/div>\n\t\t\t\t<\/div>\n\t\t\t\t\t<\/div>\n\t\t\t\t<\/div>\n\t\t<div class=\"elementor-element elementor-element-f0bffeb e-flex e-con-boxed e-con e-parent\" data-id=\"f0bffeb\" data-element_type=\"container\" data-settings=\"{&quot;background_background&quot;:&quot;classic&quot;}\">\n\t\t\t\t\t<div class=\"e-con-inner\">\n\t\t<div class=\"elementor-element elementor-element-e5e383b e-con-full e-flex e-con e-child\" data-id=\"e5e383b\" data-element_type=\"container\">\n\t\t\t\t<div class=\"elementor-element elementor-element-86aa812 elementor-widget elementor-widget-heading\" data-id=\"86aa812\" data-element_type=\"widget\" data-widget_type=\"heading.default\">\n\t\t\t\t<div class=\"elementor-widget-container\">\n\t\t\t\t\t<h2 class=\"elementor-heading-title elementor-size-default\">Transferencia De Cr\u00e9ditos Para Certificados De TI Y Negocios\n<\/h2>\t\t\t\t<\/div>\n\t\t\t\t<\/div>\n\t\t\t\t<div class=\"elementor-element elementor-element-2326d68 elementor-widget elementor-widget-text-editor\" data-id=\"2326d68\" data-element_type=\"widget\" data-widget_type=\"text-editor.default\">\n\t\t\t\t<div class=\"elementor-widget-container\">\n\t\t\t\t\t\t\t\t\t<p>Puedes recibir cr\u00e9ditos por certificaciones de Negocios o de TI ya obtenidas equivalentes a cursos en Atlantis University. Ten en cuenta que el cr\u00e9dito por certificaciones solo se aplicar\u00e1 a programas de pregrado y solo se pueden otorgar para certificaciones obtenidas en los \u00faltimos seis a\u00f1os.<\/p><p>Para solicitar este tipo de transferencia de cr\u00e9dito, sigue los mismos pasos anteriores.<\/p>\t\t\t\t\t\t\t\t<\/div>\n\t\t\t\t<\/div>\n\t\t\t\t<\/div>\n\t\t\t\t\t<\/div>\n\t\t\t\t<\/div>\n\t\t<div class=\"elementor-element elementor-element-99f27cd e-flex e-con-boxed e-con e-parent\" data-id=\"99f27cd\" data-element_type=\"container\" data-settings=\"{&quot;background_background&quot;:&quot;classic&quot;}\">\n\t\t\t\t\t<div class=\"e-con-inner\">\n\t\t<div class=\"elementor-element elementor-element-ece8bd4 e-con-full e-flex e-con e-child\" data-id=\"ece8bd4\" data-element_type=\"container\">\n\t\t\t\t<div class=\"elementor-element elementor-element-55ce904 elementor-widget elementor-widget-heading\" data-id=\"55ce904\" data-element_type=\"widget\" data-widget_type=\"heading.default\">\n\t\t\t\t<div class=\"elementor-widget-container\">\n\t\t\t\t\t<h2 class=\"elementor-heading-title elementor-size-default\">Transferencia De Cr\u00e9ditos De Veteranos Por Educaci\u00f3n Previa<\/h2>\t\t\t\t<\/div>\n\t\t\t\t<\/div>\n\t\t\t\t<div class=\"elementor-element elementor-element-a0cb983 elementor-widget elementor-widget-text-editor\" data-id=\"a0cb983\" data-element_type=\"widget\" data-widget_type=\"text-editor.default\">\n\t\t\t\t<div class=\"elementor-widget-container\">\n\t\t\t\t\t\t\t\t\t<p>Como sujeto de beneficios estudiantiles de la Administraci\u00f3n de Veteranos, eres responsable de informar toda la educaci\u00f3n y capacitaci\u00f3n que recibas. Luego, evaluamos y podemos otorgar cr\u00e9ditos con tiempos de capacitaci\u00f3n reducidos, matr\u00edcula reducidas proporcionalmente y notificaci\u00f3n tanto al estudiante veterano como a la Administraci\u00f3n de Veteranos.<\/p><p>Para evaluar tus cr\u00e9ditos, utilizamos la gu\u00eda del American Council of Education (ACE) para la evaluaci\u00f3n de experiencias educativas en las Fuerzas Armadas.<\/p>\t\t\t\t\t\t\t\t<\/div>\n\t\t\t\t<\/div>\n\t\t\t\t<\/div>\n\t\t\t\t\t<\/div>\n\t\t\t\t<\/div>\n\t\t<div class=\"elementor-element elementor-element-211af3d e-flex e-con-boxed e-con e-parent\" data-id=\"211af3d\" data-element_type=\"container\" data-settings=\"{&quot;background_background&quot;:&quot;classic&quot;}\">\n\t\t\t\t\t<div class=\"e-con-inner\">\n\t\t<div class=\"elementor-element elementor-element-b247310 e-con-full e-flex e-con e-child\" data-id=\"b247310\" data-element_type=\"container\">\n\t\t\t\t<div class=\"elementor-element elementor-element-d235ddd elementor-widget elementor-widget-heading\" data-id=\"d235ddd\" data-element_type=\"widget\" data-widget_type=\"heading.default\">\n\t\t\t\t<div class=\"elementor-widget-container\">\n\t\t\t\t\t<h2 class=\"elementor-heading-title elementor-size-default\">Transferencia De Cr\u00e9ditos De AU A Otras Instituciones<\/h2>\t\t\t\t<\/div>\n\t\t\t\t<\/div>\n\t\t\t\t<div class=\"elementor-element elementor-element-80ae67c elementor-widget elementor-widget-text-editor\" data-id=\"80ae67c\" data-element_type=\"widget\" data-widget_type=\"text-editor.default\">\n\t\t\t\t<div class=\"elementor-widget-container\">\n\t\t\t\t\t\t\t\t\tSi est\u00e1s interesado en continuar tu educaci\u00f3n en una instituci\u00f3n que no sea la nuestra, debes averiguar qu\u00e9 cr\u00e9ditos y requisitos se necesitan para ingresar a esa instituci\u00f3n e informarnos.\t\t\t\t\t\t\t\t<\/div>\n\t\t\t\t<\/div>\n\t\t\t\t<\/div>\n\t\t\t\t\t<\/div>\n\t\t\t\t<\/div>\n\t\t<div class=\"elementor-element elementor-element-0b7b87f e-flex e-con-boxed e-con e-parent\" data-id=\"0b7b87f\" data-element_type=\"container\" data-settings=\"{&quot;background_background&quot;:&quot;classic&quot;}\">\n\t\t\t\t\t<div class=\"e-con-inner\">\n\t\t<div class=\"elementor-element elementor-element-08f003b e-con-full e-flex e-con e-child\" data-id=\"08f003b\" data-element_type=\"container\">\n\t\t\t\t<div class=\"elementor-element elementor-element-674146c elementor-widget elementor-widget-image\" data-id=\"674146c\" data-element_type=\"widget\" data-widget_type=\"image.default\">\n\t\t\t\t<div class=\"elementor-widget-container\">\n\t\t\t\t\t\t\t\t\t\t\t\t\t\t\t<img decoding=\"async\" width=\"581\" height=\"580\" src=\"https:\/\/atlantisuniversity.edu\/wp-content\/uploads\/2021\/07\/005_b_werehereforyou.png\" class=\"attachment-large size-large wp-image-225053\" alt=\"\" srcset=\"https:\/\/atlantisuniversity.edu\/wp-content\/uploads\/2021\/07\/005_b_werehereforyou.png 581w, https:\/\/atlantisuniversity.edu\/wp-content\/uploads\/2021\/07\/005_b_werehereforyou-480x479.png 480w\" sizes=\"(min-width: 0px) and (max-width: 480px) 480px, (min-width: 481px) 581px, 100vw\" title=\"\">\t\t\t\t\t\t\t\t\t\t\t\t\t\t\t<\/div>\n\t\t\t\t<\/div>\n\t\t\t\t<\/div>\n\t\t<div class=\"elementor-element elementor-element-f84ce12 e-con-full e-flex e-con e-child\" data-id=\"f84ce12\" data-element_type=\"container\">\n\t\t\t\t<div class=\"elementor-element elementor-element-1db5f30 elementor-widget elementor-widget-heading\" data-id=\"1db5f30\" data-element_type=\"widget\" data-widget_type=\"heading.default\">\n\t\t\t\t<div class=\"elementor-widget-container\">\n\t\t\t\t\t<h2 class=\"elementor-heading-title elementor-size-default\">\u00bfTodav\u00eda Un Poco Confundido? S\u00ed, Bueno, No Te Culpamos.<\/h2>\t\t\t\t<\/div>\n\t\t\t\t<\/div>\n\t\t\t\t<div class=\"elementor-element elementor-element-f11b622 elementor-widget elementor-widget-text-editor\" data-id=\"f11b622\" data-element_type=\"widget\" data-widget_type=\"text-editor.default\">\n\t\t\t\t<div class=\"elementor-widget-container\">\n\t\t\t\t\t\t\t\t\tPero no te preocupes, nos pasa hasta a los mejores. Despu\u00e9s de todo, transferir cr\u00e9ditos a veces puede parecer un poco complicado, pero como ya te hemos dicho \u00a1vale la pena!\t\t\t\t\t\t\t\t<\/div>\n\t\t\t\t<\/div>\n\t\t\t\t<div class=\"elementor-element elementor-element-4c6ec34 elementor-widget elementor-widget-button\" data-id=\"4c6ec34\" data-element_type=\"widget\" data-widget_type=\"button.default\">\n\t\t\t\t<div class=\"elementor-widget-container\">\n\t\t\t\t\t\t\t\t\t<div class=\"elementor-button-wrapper\">\n\t\t\t\t\t<a class=\"elementor-button elementor-button-link elementor-size-sm\" href=\"https:\/\/atlantisuniversity.edu\/es\/contactanos\/\">\n\t\t\t\t\t\t<span class=\"elementor-button-content-wrapper\">\n\t\t\t\t\t\t<span class=\"elementor-button-icon\">\n\t\t\t\t<svg aria-hidden=\"true\" class=\"e-font-icon-svg e-fas-chevron-circle-right\" viewBox=\"0 0 512 512\" xmlns=\"http:\/\/www.w3.org\/2000\/svg\"><path d=\"M256 8c137 0 248 111 248 248S393 504 256 504 8 393 8 256 119 8 256 8zm113.9 231L234.4 103.5c-9.4-9.4-24.6-9.4-33.9 0l-17 17c-9.4 9.4-9.4 24.6 0 33.9L285.1 256 183.5 357.6c-9.4 9.4-9.4 24.6 0 33.9l17 17c9.4 9.4 24.6 9.4 33.9 0L369.9 273c9.4-9.4 9.4-24.6 0-34z\"><\/path><\/svg>\t\t\t<\/span>\n\t\t\t\t\t\t\t\t\t<span class=\"elementor-button-text\">CONT\u00c1CTANOS<\/span>\n\t\t\t\t\t<\/span>\n\t\t\t\t\t<\/a>\n\t\t\t\t<\/div>\n\t\t\t\t\t\t\t\t<\/div>\n\t\t\t\t<\/div>\n\t\t\t\t<\/div>\n\t\t\t\t\t<\/div>\n\t\t\t\t<\/div>\n\t\t\t\t<\/div>\n\t\t","protected":false},"excerpt":{"rendered":"<p>Transferencias a Atlantis University No dejes atr\u00e1s tus cr\u00e9ditos. \u00a1Tr\u00e1elos!La transferencia de cr\u00e9ditos te puede parecer una tarea complicada y confusa, pero aqu\u00ed estamos para ayudarte, vale la pena el esfuerzo y el tiempo. Al intercambiar cr\u00e9ditos, los transfieres directamente a tu curso.Esto significa que ya no tendr\u00e1s que asistir a la clase ni realizar [&hellip;]<\/p>\n","protected":false},"author":2,"featured_media":0,"parent":0,"menu_order":0,"comment_status":"closed","ping_status":"closed","template":"","meta":{"_acf_changed":false,"_et_pb_use_builder":"on","_et_pb_old_content":"","_et_gb_content_width":"","footnotes":""},"class_list":["post-235747","page","type-page","status-publish","hentry"],"acf":[],"_links":{"self":[{"href":"https:\/\/atlantisuniversity.edu\/es\/wp-json\/wp\/v2\/pages\/235747"}],"collection":[{"href":"https:\/\/atlantisuniversity.edu\/es\/wp-json\/wp\/v2\/pages"}],"about":[{"href":"https:\/\/atlantisuniversity.edu\/es\/wp-json\/wp\/v2\/types\/page"}],"author":[{"embeddable":true,"href":"https:\/\/atlantisuniversity.edu\/es\/wp-json\/wp\/v2\/users\/2"}],"replies":[{"embeddable":true,"href":"https:\/\/atlantisuniversity.edu\/es\/wp-json\/wp\/v2\/comments?post=235747"}],"version-history":[{"count":0,"href":"https:\/\/atlantisuniversity.edu\/es\/wp-json\/wp\/v2\/pages\/235747\/revisions"}],"wp:attachment":[{"href":"https:\/\/atlantisuniversity.edu\/es\/wp-json\/wp\/v2\/media?parent=235747"}],"curies":[{"name":"wp","href":"https:\/\/api.w.org\/{rel}","templated":true}]}}