{"id":272351,"date":"2025-12-28T21:26:00","date_gmt":"2025-12-29T02:26:00","guid":{"rendered":"https:\/\/atlantisuniversity.edu\/?page_id=272351"},"modified":"2025-12-28T21:28:54","modified_gmt":"2025-12-29T02:28:54","slug":"estatus-de-candidatura-cahme-gestion-de-servicios-de-salud-ms-healthcare-management","status":"publish","type":"page","link":"https:\/\/atlantisuniversity.edu\/es\/estatus-de-candidatura-cahme-gestion-de-servicios-de-salud-ms-healthcare-management\/","title":{"rendered":"Estatus de Candidatura CAHME \u2013 Gesti\u00f3n de Servicios de Salud (MS Healthcare Management)"},"content":{"rendered":"\t\t<div data-elementor-type=\"wp-page\" data-elementor-id=\"272351\" class=\"elementor elementor-272351\" data-elementor-post-type=\"page\">\n\t\t\t\t<div class=\"elementor-element elementor-element-851236d e-flex e-con-boxed e-con e-parent\" data-id=\"851236d\" data-element_type=\"container\" data-settings=\"{&quot;background_background&quot;:&quot;classic&quot;}\">\n\t\t\t\t\t<div class=\"e-con-inner\">\n\t\t<div class=\"elementor-element elementor-element-b757a98 e-flex e-con-boxed e-con e-child\" data-id=\"b757a98\" data-element_type=\"container\" data-settings=\"{&quot;background_background&quot;:&quot;classic&quot;}\">\n\t\t\t\t\t<div class=\"e-con-inner\">\n\t\t\t\t<div class=\"elementor-element elementor-element-bac98f1 elementor-widget elementor-widget-heading\" data-id=\"bac98f1\" data-element_type=\"widget\" data-widget_type=\"heading.default\">\n\t\t\t\t<div class=\"elementor-widget-container\">\n\t\t\t\t\t<h2 class=\"elementor-heading-title elementor-size-default\">Estatus de Candidatura CAHME \u2013 Gesti\u00f3n de Servicios de Salud (MS Healthcare Management)<\/h2>\t\t\t\t<\/div>\n\t\t\t\t<\/div>\n\t\t\t\t<div class=\"elementor-element elementor-element-2e51544 elementor-widget elementor-widget-text-editor\" data-id=\"2e51544\" data-element_type=\"widget\" data-widget_type=\"text-editor.default\">\n\t\t\t\t<div class=\"elementor-widget-container\">\n\t\t\t\t\t\t\t\t\t<p><span style=\"font-weight: 400;\">Atlantis University se complace en informar que el programa <\/span><b>Master of Science in Healthcare Management (MSHM)<\/b><span style=\"font-weight: 400;\"> ha sido aprobado como <\/span><b>programa <\/b><b><i>Candidate<\/i><\/b><b> por la Commission on Accreditation of Healthcare Management Education (CAHME)<\/b><span style=\"font-weight: 400;\">, con efectividad a partir del <\/span><b>18 de diciembre de 2025<\/b><span style=\"font-weight: 400;\">.<\/span><\/p><p><span style=\"font-weight: 400;\">El estatus de <\/span><b>Candidatura CAHME<\/b><span style=\"font-weight: 400;\"> es un reconocimiento formal otorgado a programas de gesti\u00f3n de servicios de salud que han cumplido con los requisitos iniciales de elegibilidad y han sido aceptados en el proceso oficial de acreditaci\u00f3n. Este estatus confirma que el programa se encuentra avanzando activamente a trav\u00e9s de las etapas de evaluaci\u00f3n establecidas por CAHME y que est\u00e1 alineado con sus est\u00e1ndares acad\u00e9micos y de calidad.<\/span><\/p><p><span style=\"font-weight: 400;\">Para los estudiantes \u2014incluyendo aquellos en <\/span><b>Puerto Rico<\/b><span style=\"font-weight: 400;\">, donde la acreditaci\u00f3n CAHME es altamente valorada\u2014 este estatus significa que el programa se imparte bajo los <\/span><b>rigores, la estructura y las exigencias acad\u00e9micas del marco de acreditaci\u00f3n CAHME<\/b><span style=\"font-weight: 400;\">, con un fuerte \u00e9nfasis en competencias, liderazgo y mejora continua en el sector de la gesti\u00f3n de servicios de salud.<\/span><\/p><h3><span style=\"font-weight: 400;\">Aviso de CAHME<\/span><\/h3><p><i><span style=\"font-weight: 400;\">El estatus de Candidatura es una indicaci\u00f3n de que un programa de gesti\u00f3n de servicios de salud ha asumido voluntariamente el compromiso de participar en un plan de autoevaluaci\u00f3n y mejora continua, y que se encuentra progresando activamente hacia la acreditaci\u00f3n. El estatus de Candidatura no constituye acreditaci\u00f3n y no garantiza que el programa obtendr\u00e1 la acreditaci\u00f3n final.<\/span><\/i><\/p><p><span style=\"font-weight: 400;\">Atlantis University reafirma su compromiso con la excelencia acad\u00e9mica y con la formaci\u00f3n de l\u00edderes altamente preparados para el sector de la salud, en Puerto Rico y a nivel internacional.<\/span><\/p>\t\t\t\t\t\t\t\t<\/div>\n\t\t\t\t<\/div>\n\t\t\t\t<div class=\"elementor-element elementor-element-c8a6c2b elementor-widget elementor-widget-text-editor\" data-id=\"c8a6c2b\" data-element_type=\"widget\" data-widget_type=\"text-editor.default\">\n\t\t\t\t<div class=\"elementor-widget-container\">\n\t\t\t\t\t\t\t\t\t<p><span style=\"font-weight: 400;\">Para m\u00e1s informaci\u00f3n sobre el estatus del programa, puede comunicarse con nuestra <strong>Oficina de Admisiones<\/strong>.<\/span><\/p>\t\t\t\t\t\t\t\t<\/div>\n\t\t\t\t<\/div>\n\t\t\t\t\t<\/div>\n\t\t\t\t<\/div>\n\t\t\t\t\t<\/div>\n\t\t\t\t<\/div>\n\t\t\t\t<\/div>\n\t\t","protected":false},"excerpt":{"rendered":"<p>Estatus de Candidatura CAHME \u2013 Gesti\u00f3n de Servicios de Salud (MS Healthcare Management) Atlantis University se complace en informar que el programa Master of Science in Healthcare Management (MSHM) ha sido aprobado como programa Candidate por la Commission on Accreditation of Healthcare Management Education (CAHME), con efectividad a partir del 18 de diciembre de 2025. [&hellip;]<\/p>\n","protected":false},"author":13,"featured_media":0,"parent":0,"menu_order":0,"comment_status":"closed","ping_status":"closed","template":"elementor_header_footer","meta":{"_acf_changed":false,"_et_pb_use_builder":"","_et_pb_old_content":"","_et_gb_content_width":"","footnotes":""},"class_list":["post-272351","page","type-page","status-publish","hentry"],"acf":[],"_links":{"self":[{"href":"https:\/\/atlantisuniversity.edu\/es\/wp-json\/wp\/v2\/pages\/272351"}],"collection":[{"href":"https:\/\/atlantisuniversity.edu\/es\/wp-json\/wp\/v2\/pages"}],"about":[{"href":"https:\/\/atlantisuniversity.edu\/es\/wp-json\/wp\/v2\/types\/page"}],"author":[{"embeddable":true,"href":"https:\/\/atlantisuniversity.edu\/es\/wp-json\/wp\/v2\/users\/13"}],"replies":[{"embeddable":true,"href":"https:\/\/atlantisuniversity.edu\/es\/wp-json\/wp\/v2\/comments?post=272351"}],"version-history":[{"count":4,"href":"https:\/\/atlantisuniversity.edu\/es\/wp-json\/wp\/v2\/pages\/272351\/revisions"}],"predecessor-version":[{"id":272355,"href":"https:\/\/atlantisuniversity.edu\/es\/wp-json\/wp\/v2\/pages\/272351\/revisions\/272355"}],"wp:attachment":[{"href":"https:\/\/atlantisuniversity.edu\/es\/wp-json\/wp\/v2\/media?parent=272351"}],"curies":[{"name":"wp","href":"https:\/\/api.w.org\/{rel}","templated":true}]}}